
{"id":8879,"date":"2022-07-20T11:16:44","date_gmt":"2022-07-20T10:16:44","guid":{"rendered":"https:\/\/originltd.in-beta.dev\/?post_type=product&#038;p=8879"},"modified":"2025-10-16T10:02:05","modified_gmt":"2025-10-16T09:02:05","slug":"10ml-black-glass-dropper-bottle","status":"publish","type":"product","link":"https:\/\/originltd.com\/de\/product\/10ml-black-glass-dropper-bottle\/","title":{"rendered":"10ml Hampton Tropfflasche aus schwarzem Glas"},"content":{"rendered":"<p><span style=\"font-weight: 400;\">Unsere 10-ml-Tropfflasche aus schwarzem Glas gibt es in einer Reihe von weiteren, gr\u00f6\u00dferen Gr\u00f6\u00dfen, <\/span><span style=\"font-weight: 400;\">einschlie\u00dflich unserer <\/span><a href=\"https:\/\/originltd.com\/de\/produkt\/15ml-black-glass-dropper-bottle\/\"><span style=\"font-weight: 400;\">15-ml-Tropfflaschen aus schwarzem Glas<\/span><\/a><span style=\"font-weight: 400;\"> und <\/span><a href=\"https:\/\/originltd.com\/de\/produkt\/30ml-black-glass-dropper-bottle\/\"><span style=\"font-weight: 400;\">30ml schwarze Glas-Tropfflaschen<\/span><\/a><span style=\"font-weight: 400;\">und ist kompatibel mit vielen <\/span><a href=\"https:\/\/originltd.com\/de\/packaging\/child-resistant-packaging\/atomisers-pipette-droppers\/\"><span style=\"font-weight: 400;\">kindersicherer Tropfer<\/span><\/a><span style=\"font-weight: 400;\"> M\u00fctzen.<\/span><\/p>","protected":false},"excerpt":{"rendered":"<p><span style=\"font-weight: 400;\">Dieses 10ml schwarze Glas <\/span><span style=\"font-weight: 400;\">Hampton<\/span><span style=\"font-weight: 400;\"> Tropfflasche ist mit einer Vielzahl von Verschlussoptionen erh\u00e4ltlich, darunter <\/span><a href=\"https:\/\/originltd.com\/de\/packaging\/tamper-proof\/\"><span style=\"font-weight: 400;\">f\u00e4lschungssichere Verpackung<\/span><\/a><span style=\"font-weight: 400;\"> und <\/span><a href=\"https:\/\/originltd.com\/de\/packaging\/child-resistant-packaging\/\"><span style=\"font-weight: 400;\">kindersichere Verpackung<\/span><\/a><span style=\"font-weight: 400;\"> Varianten. Das schwarze Glasdesign bietet einen ausgezeichneten Schutz vor UV-Strahlung, ist inert und hat ein hochwertiges Aussehen. Daher ist diese <\/span><a href=\"https:\/\/originltd.com\/de\/packaging\/plastic\/dropper-bottles\/\"><span style=\"font-weight: 400;\">Tropfflasche<\/span><\/a><span style=\"font-weight: 400;\"> ist eine ideale Wahl f\u00fcr <\/span><a href=\"https:\/\/originltd.com\/de\/packaging\/cosmetic-containers\/\"><span style=\"font-weight: 400;\">Kosmetik-Verpackung<\/span><\/a><span style=\"font-weight: 400;\">.<\/span><\/p>\n<h3><span style=\"font-weight: 400;\">Wesentliche Merkmale:<\/span><\/h3>\n<ul>\n<li style=\"font-weight: 400;\" aria-level=\"1\"><span style=\"font-weight: 400;\">Die aus schwarzem Glas hergestellte Farbe ist im Gegensatz zu gespritzten Glasflaschen nicht kratzempfindlich.<\/span><\/li>\n<li style=\"font-weight: 400;\" aria-level=\"1\"><span style=\"font-weight: 400;\">Der 18-mm-Hals ist kompatibel mit allen GL18-Verschl\u00fcssen und anderen Formen von <\/span><a href=\"https:\/\/originltd.com\/de\/packaging\/closures-dispensers\/\"><span style=\"font-weight: 400;\">pharmazeutische Verschl\u00fcsse<\/span><\/a><\/li>\n<li style=\"font-weight: 400;\" aria-level=\"1\"><span style=\"font-weight: 400;\">Schwarzes Glasdesign reduziert die Anf\u00e4lligkeit des Inhalts f\u00fcr UV-Sch\u00e4den<\/span><\/li>\n<li style=\"font-weight: 400;\" aria-level=\"1\"><span style=\"font-weight: 400;\">Inert und nicht reaktiv mit Chemikalien<\/span><\/li>\n<li style=\"font-weight: 400;\" aria-level=\"1\"><span style=\"font-weight: 400;\">Stilvolle Pr\u00e4sentation<\/span><\/li>\n<\/ul>\n<h3><span style=\"font-weight: 400;\">Geeignete Verwendungszwecke:<\/span><\/h3>\n<ul>\n<li style=\"font-weight: 400;\" aria-level=\"1\"><span style=\"font-weight: 400;\">Geeignet f\u00fcr die Verwendung als <\/span><a href=\"https:\/\/originltd.com\/de\/packaging\/cosmetic-containers\/\"><span style=\"font-weight: 400;\">Kosmetik-Verpackung<\/span><\/a><span style=\"font-weight: 400;\"> und <\/span><a href=\"https:\/\/originltd.com\/de\/packaging\/health-wellbeing-packaging\/\"><span style=\"font-weight: 400;\">Produktverpackung zum Wohlbefinden<\/span><\/a><\/li>\n<li style=\"font-weight: 400;\" aria-level=\"1\"><span style=\"font-weight: 400;\">Kann f\u00fcr Duftspr\u00fchflaschen, Hautpflegeverpackungen, CBD-Verpackungen, \u00e4therische \u00d6le, Bart\u00f6le, Haarserum und pflanzliche Heilmittel verwendet werden.<\/span><\/li>\n<\/ul>","protected":false},"featured_media":8871,"comment_status":"closed","ping_status":"closed","template":"","meta":{"_acf_changed":false},"product_brand":[],"product_cat":[2224,2185,102,119,2225,2227,2228,2226,2223,103,95],"product_tag":[],"class_list":{"0":"post-8879","1":"product","2":"type-product","3":"status-publish","4":"has-post-thumbnail","6":"product_cat-cbd","7":"product_cat-cosmetic-containers","8":"product_cat-glass-bottles","9":"product_cat-cosmetic-bottles","10":"product_cat-home-fragrance","11":"product_cat-lifestyle","12":"product_cat-perfume","13":"product_cat-personal-fragrance","14":"product_cat-skincare-bodycare","15":"product_cat-glass-dropper-bottles","16":"product_cat-glass","18":"first","19":"instock","20":"sold-individually","21":"shipping-taxable","22":"product-type-simple"},"acf":[],"yoast_head":"<!-- This site is optimized with the Yoast SEO plugin v27.3 - https:\/\/yoast.com\/product\/yoast-seo-wordpress\/ -->\n<title>10ml Black Glass Hampton Dropper Bottle | Origin Packaging<\/title>\n<meta name=\"description\" content=\"Order 10ml black glass Hampton dropper bottles from Origin. Ideal for cosmetic products, these bottles offer UV resistance, inert storage and stylish presentation.\" \/>\n<meta name=\"robots\" content=\"index, follow, max-snippet:-1, max-image-preview:large, max-video-preview:-1\" \/>\n<link rel=\"canonical\" href=\"https:\/\/originltd.com\/de\/produkt\/10ml-black-glass-dropper-bottle\/\" \/>\n<meta property=\"og:locale\" content=\"de_DE\" \/>\n<meta property=\"og:type\" content=\"article\" \/>\n<meta property=\"og:title\" content=\"10ml Black Glass Hampton Dropper Bottle | Origin Packaging\" \/>\n<meta property=\"og:description\" content=\"Order 10ml black glass Hampton dropper bottles from Origin. Ideal for cosmetic products, these bottles offer UV resistance, inert storage and stylish presentation.\" \/>\n<meta property=\"og:url\" content=\"https:\/\/originltd.com\/de\/produkt\/10ml-black-glass-dropper-bottle\/\" \/>\n<meta property=\"og:site_name\" content=\"Origin Pharma Packaging\" \/>\n<meta property=\"article:publisher\" content=\"https:\/\/www.facebook.com\/originpharmapackaging\" \/>\n<meta property=\"article:modified_time\" content=\"2025-10-16T09:02:05+00:00\" \/>\n<meta property=\"og:image\" content=\"https:\/\/originltd.com\/wp-content\/uploads\/2022\/07\/hgl180010bk-scaled.jpg\" \/>\n\t<meta property=\"og:image:width\" content=\"1707\" \/>\n\t<meta property=\"og:image:height\" content=\"2560\" \/>\n\t<meta property=\"og:image:type\" content=\"image\/jpeg\" \/>\n<meta name=\"twitter:card\" content=\"summary_large_image\" \/>\n<meta name=\"twitter:site\" content=\"@originpharma\" \/>\n<meta name=\"twitter:label1\" content=\"Gesch\u00e4tzte Lesezeit\" \/>\n\t<meta name=\"twitter:data1\" content=\"1\u00a0Minute\" \/>\n<script type=\"application\/ld+json\" class=\"yoast-schema-graph\">{\"@context\":\"https:\\\/\\\/schema.org\",\"@graph\":[{\"@type\":\"WebPage\",\"@id\":\"https:\\\/\\\/originltd.com\\\/product\\\/10ml-black-glass-dropper-bottle\\\/\",\"url\":\"https:\\\/\\\/originltd.com\\\/product\\\/10ml-black-glass-dropper-bottle\\\/\",\"name\":\"10ml Black Glass Hampton Dropper Bottle | Origin Packaging\",\"isPartOf\":{\"@id\":\"https:\\\/\\\/originltd.com\\\/#website\"},\"primaryImageOfPage\":{\"@id\":\"https:\\\/\\\/originltd.com\\\/product\\\/10ml-black-glass-dropper-bottle\\\/#primaryimage\"},\"image\":{\"@id\":\"https:\\\/\\\/originltd.com\\\/product\\\/10ml-black-glass-dropper-bottle\\\/#primaryimage\"},\"thumbnailUrl\":\"https:\\\/\\\/originltd.com\\\/wp-content\\\/uploads\\\/2022\\\/07\\\/hgl180010bk-scaled.jpg\",\"datePublished\":\"2022-07-20T10:16:44+00:00\",\"dateModified\":\"2025-10-16T09:02:05+00:00\",\"description\":\"Order 10ml black glass Hampton dropper bottles from Origin. Ideal for cosmetic products, these bottles offer UV resistance, inert storage and stylish presentation.\",\"breadcrumb\":{\"@id\":\"https:\\\/\\\/originltd.com\\\/product\\\/10ml-black-glass-dropper-bottle\\\/#breadcrumb\"},\"inLanguage\":\"de\",\"potentialAction\":[{\"@type\":\"ReadAction\",\"target\":[\"https:\\\/\\\/originltd.com\\\/product\\\/10ml-black-glass-dropper-bottle\\\/\"]}]},{\"@type\":\"ImageObject\",\"inLanguage\":\"de\",\"@id\":\"https:\\\/\\\/originltd.com\\\/product\\\/10ml-black-glass-dropper-bottle\\\/#primaryimage\",\"url\":\"https:\\\/\\\/originltd.com\\\/wp-content\\\/uploads\\\/2022\\\/07\\\/hgl180010bk-scaled.jpg\",\"contentUrl\":\"https:\\\/\\\/originltd.com\\\/wp-content\\\/uploads\\\/2022\\\/07\\\/hgl180010bk-scaled.jpg\",\"width\":1707,\"height\":2560,\"caption\":\"10ml black glass bottle\"},{\"@type\":\"BreadcrumbList\",\"@id\":\"https:\\\/\\\/originltd.com\\\/product\\\/10ml-black-glass-dropper-bottle\\\/#breadcrumb\",\"itemListElement\":[{\"@type\":\"ListItem\",\"position\":1,\"name\":\"Home\",\"item\":\"https:\\\/\\\/originltd.com\\\/\"},{\"@type\":\"ListItem\",\"position\":2,\"name\":\"Pharmaceutical Packaging Products\",\"item\":\"https:\\\/\\\/originltd.com\\\/pharmaceutical-packaging\\\/\"},{\"@type\":\"ListItem\",\"position\":3,\"name\":\"Wholesale Glass Packaging\",\"item\":\"https:\\\/\\\/originltd.com\\\/packaging\\\/glass\\\/\"},{\"@type\":\"ListItem\",\"position\":4,\"name\":\"10ml Black Glass Hampton Dropper Bottle\"}]},{\"@type\":\"WebSite\",\"@id\":\"https:\\\/\\\/originltd.com\\\/#website\",\"url\":\"https:\\\/\\\/originltd.com\\\/\",\"name\":\"Origin Pharma Packaging\",\"description\":\"\",\"publisher\":{\"@id\":\"https:\\\/\\\/originltd.com\\\/#organization\"},\"alternateName\":\"Origin Ltd.\",\"potentialAction\":[{\"@type\":\"SearchAction\",\"target\":{\"@type\":\"EntryPoint\",\"urlTemplate\":\"https:\\\/\\\/originltd.com\\\/?s={search_term_string}\"},\"query-input\":{\"@type\":\"PropertyValueSpecification\",\"valueRequired\":true,\"valueName\":\"search_term_string\"}}],\"inLanguage\":\"de\"},{\"@type\":\"Organization\",\"@id\":\"https:\\\/\\\/originltd.com\\\/#organization\",\"name\":\"Origin Pharma Packaging\",\"url\":\"https:\\\/\\\/originltd.com\\\/\",\"logo\":{\"@type\":\"ImageObject\",\"inLanguage\":\"de\",\"@id\":\"https:\\\/\\\/originltd.com\\\/#\\\/schema\\\/logo\\\/image\\\/\",\"url\":\"https:\\\/\\\/originltd.com\\\/wp-content\\\/uploads\\\/2024\\\/06\\\/cropped-Origin-logo-For-Health-For-Life-RGB@10x.png\",\"contentUrl\":\"https:\\\/\\\/originltd.com\\\/wp-content\\\/uploads\\\/2024\\\/06\\\/cropped-Origin-logo-For-Health-For-Life-RGB@10x.png\",\"width\":227,\"height\":65,\"caption\":\"Origin Pharma Packaging\"},\"image\":{\"@id\":\"https:\\\/\\\/originltd.com\\\/#\\\/schema\\\/logo\\\/image\\\/\"},\"sameAs\":[\"https:\\\/\\\/www.facebook.com\\\/originpharmapackaging\",\"https:\\\/\\\/x.com\\\/originpharma\",\"https:\\\/\\\/www.linkedin.com\\\/company\\\/origin-packaging-ltd\\\/\",\"https:\\\/\\\/www.youtube.com\\\/channel\\\/UCOOJl3eFOiO7lJT6f5qHygA\"]}]}<\/script>\n<!-- \/ Yoast SEO plugin. -->","yoast_head_json":{"title":"10ml Schwarzes Glas Hampton Tropfflasche | Herkunft Verpackung","description":"Bestellen Sie 10ml Hampton Tropfflaschen aus schwarzem Glas bei Origin. Ideal f\u00fcr kosmetische Produkte, bieten diese Flaschen UV-Best\u00e4ndigkeit, inerte Lagerung und stilvolle Pr\u00e4sentation.","robots":{"index":"index","follow":"follow","max-snippet":"max-snippet:-1","max-image-preview":"max-image-preview:large","max-video-preview":"max-video-preview:-1"},"canonical":"https:\/\/originltd.com\/de\/produkt\/10ml-black-glass-dropper-bottle\/","og_locale":"de_DE","og_type":"article","og_title":"10ml Black Glass Hampton Dropper Bottle | Origin Packaging","og_description":"Order 10ml black glass Hampton dropper bottles from Origin. Ideal for cosmetic products, these bottles offer UV resistance, inert storage and stylish presentation.","og_url":"https:\/\/originltd.com\/de\/produkt\/10ml-black-glass-dropper-bottle\/","og_site_name":"Origin Pharma Packaging","article_publisher":"https:\/\/www.facebook.com\/originpharmapackaging","article_modified_time":"2025-10-16T09:02:05+00:00","og_image":[{"width":1707,"height":2560,"url":"https:\/\/originltd.com\/wp-content\/uploads\/2022\/07\/hgl180010bk-scaled.jpg","type":"image\/jpeg"}],"twitter_card":"summary_large_image","twitter_site":"@originpharma","twitter_misc":{"Gesch\u00e4tzte Lesezeit":"1\u00a0Minute"},"schema":{"@context":"https:\/\/schema.org","@graph":[{"@type":"WebPage","@id":"https:\/\/originltd.com\/product\/10ml-black-glass-dropper-bottle\/","url":"https:\/\/originltd.com\/product\/10ml-black-glass-dropper-bottle\/","name":"10ml Schwarzes Glas Hampton Tropfflasche | Herkunft Verpackung","isPartOf":{"@id":"https:\/\/originltd.com\/#website"},"primaryImageOfPage":{"@id":"https:\/\/originltd.com\/product\/10ml-black-glass-dropper-bottle\/#primaryimage"},"image":{"@id":"https:\/\/originltd.com\/product\/10ml-black-glass-dropper-bottle\/#primaryimage"},"thumbnailUrl":"https:\/\/originltd.com\/wp-content\/uploads\/2022\/07\/hgl180010bk-scaled.jpg","datePublished":"2022-07-20T10:16:44+00:00","dateModified":"2025-10-16T09:02:05+00:00","description":"Bestellen Sie 10ml Hampton Tropfflaschen aus schwarzem Glas bei Origin. Ideal f\u00fcr kosmetische Produkte, bieten diese Flaschen UV-Best\u00e4ndigkeit, inerte Lagerung und stilvolle Pr\u00e4sentation.","breadcrumb":{"@id":"https:\/\/originltd.com\/product\/10ml-black-glass-dropper-bottle\/#breadcrumb"},"inLanguage":"de","potentialAction":[{"@type":"ReadAction","target":["https:\/\/originltd.com\/product\/10ml-black-glass-dropper-bottle\/"]}]},{"@type":"ImageObject","inLanguage":"de","@id":"https:\/\/originltd.com\/product\/10ml-black-glass-dropper-bottle\/#primaryimage","url":"https:\/\/originltd.com\/wp-content\/uploads\/2022\/07\/hgl180010bk-scaled.jpg","contentUrl":"https:\/\/originltd.com\/wp-content\/uploads\/2022\/07\/hgl180010bk-scaled.jpg","width":1707,"height":2560,"caption":"10ml black glass bottle"},{"@type":"BreadcrumbList","@id":"https:\/\/originltd.com\/product\/10ml-black-glass-dropper-bottle\/#breadcrumb","itemListElement":[{"@type":"ListItem","position":1,"name":"Home","item":"https:\/\/originltd.com\/"},{"@type":"ListItem","position":2,"name":"Pharmaceutical Packaging Products","item":"https:\/\/originltd.com\/pharmaceutical-packaging\/"},{"@type":"ListItem","position":3,"name":"Wholesale Glass Packaging","item":"https:\/\/originltd.com\/packaging\/glass\/"},{"@type":"ListItem","position":4,"name":"10ml Black Glass Hampton Dropper Bottle"}]},{"@type":"WebSite","@id":"https:\/\/originltd.com\/#website","url":"https:\/\/originltd.com\/","name":"Origin Pharma Packaging","description":"","publisher":{"@id":"https:\/\/originltd.com\/#organization"},"alternateName":"Origin Ltd.","potentialAction":[{"@type":"SearchAction","target":{"@type":"EntryPoint","urlTemplate":"https:\/\/originltd.com\/?s={search_term_string}"},"query-input":{"@type":"PropertyValueSpecification","valueRequired":true,"valueName":"search_term_string"}}],"inLanguage":"de"},{"@type":"Organization","@id":"https:\/\/originltd.com\/#organization","name":"Origin Pharma Packaging","url":"https:\/\/originltd.com\/","logo":{"@type":"ImageObject","inLanguage":"de","@id":"https:\/\/originltd.com\/#\/schema\/logo\/image\/","url":"https:\/\/originltd.com\/wp-content\/uploads\/2024\/06\/cropped-Origin-logo-For-Health-For-Life-RGB@10x.png","contentUrl":"https:\/\/originltd.com\/wp-content\/uploads\/2024\/06\/cropped-Origin-logo-For-Health-For-Life-RGB@10x.png","width":227,"height":65,"caption":"Origin Pharma Packaging"},"image":{"@id":"https:\/\/originltd.com\/#\/schema\/logo\/image\/"},"sameAs":["https:\/\/www.facebook.com\/originpharmapackaging","https:\/\/x.com\/originpharma","https:\/\/www.linkedin.com\/company\/origin-packaging-ltd\/","https:\/\/www.youtube.com\/channel\/UCOOJl3eFOiO7lJT6f5qHygA"]}]}},"_links":{"self":[{"href":"https:\/\/originltd.com\/de\/wp-json\/wp\/v2\/product\/8879","targetHints":{"allow":["GET"]}}],"collection":[{"href":"https:\/\/originltd.com\/de\/wp-json\/wp\/v2\/product"}],"about":[{"href":"https:\/\/originltd.com\/de\/wp-json\/wp\/v2\/types\/product"}],"replies":[{"embeddable":true,"href":"https:\/\/originltd.com\/de\/wp-json\/wp\/v2\/comments?post=8879"}],"wp:featuredmedia":[{"embeddable":true,"href":"https:\/\/originltd.com\/de\/wp-json\/wp\/v2\/media\/8871"}],"wp:attachment":[{"href":"https:\/\/originltd.com\/de\/wp-json\/wp\/v2\/media?parent=8879"}],"wp:term":[{"taxonomy":"product_brand","embeddable":true,"href":"https:\/\/originltd.com\/de\/wp-json\/wp\/v2\/product_brand?post=8879"},{"taxonomy":"product_cat","embeddable":true,"href":"https:\/\/originltd.com\/de\/wp-json\/wp\/v2\/product_cat?post=8879"},{"taxonomy":"product_tag","embeddable":true,"href":"https:\/\/originltd.com\/de\/wp-json\/wp\/v2\/product_tag?post=8879"}],"curies":[{"name":"wp","href":"https:\/\/api.w.org\/{rel}","templated":true}]}}