
{"id":8626,"date":"2022-06-27T11:44:09","date_gmt":"2022-06-27T10:44:09","guid":{"rendered":"https:\/\/originltd.in-beta.dev\/?post_type=product&#038;p=8626"},"modified":"2025-06-09T12:06:57","modified_gmt":"2025-06-09T11:06:57","slug":"120ml-unopac-amber-round-pet-tablet-bottles","status":"publish","type":"product","link":"https:\/\/originltd.com\/de\/product\/120ml-unopac-amber-round-pet-tablet-bottles\/","title":{"rendered":"120ml UnoPac\u00ae Bernsteinfarbene runde PET-Tablettenflasche"},"content":{"rendered":"<p><span style=\"font-weight: 400;\">Unsere 120ml UnoPac Amber Tablettenflasche ist in vielen Gr\u00f6\u00dfen erh\u00e4ltlich, von 25ml bis 200ml Inhalt.<\/span><\/p>","protected":false},"excerpt":{"rendered":"<p><span style=\"font-weight: 400;\">Unser<\/span><span style=\"font-weight: 400;\"> 120ml UnoPac bernsteinfarbene Tablettenflasche wird verwendet<\/span><span style=\"font-weight: 400;\"> f\u00fcr Arzneimittel in fester Dosierung <\/span><span style=\"font-weight: 400;\">und ist ideal<\/span><span style=\"font-weight: 400;\"> f\u00fcr <\/span><a href=\"https:\/\/originltd.com\/de\/packaging\/pharmaceutical-packaging\/\"><span style=\"font-weight: 400;\">Gro\u00dfhandel mit pharmazeutischen Verpackungen<\/span><\/a><span style=\"font-weight: 400;\"> und <\/span><a href=\"https:\/\/originltd.com\/de\/packaging\/pharmacy-packaging\/\"><span style=\"font-weight: 400;\">Apothekenverpackung<\/span><\/a><span style=\"font-weight: 400;\">-basierten Organisationen<\/span><span style=\"font-weight: 400;\">. Die perfekte vorgekappte <\/span><a href=\"https:\/\/originltd.com\/de\/packaging\/child-resistant-packaging\/bottles\/\"><span style=\"font-weight: 400;\">kindersichere Flasche<\/span><\/a><span style=\"font-weight: 400;\"> gew\u00e4hrleistet die Sicherheit und f\u00f6rdert die Integrit\u00e4t Ihres Produkts und die Werte der Kindersicherheit.<\/span><\/p>\n<h3><span style=\"font-weight: 400;\">Wesentliche Merkmale:<\/span><\/h3>\n<ul>\n<li style=\"font-weight: 400;\" aria-level=\"1\"><span style=\"font-weight: 400;\">Vorgekappt mit Clic-Loc-Verschluss<\/span><\/li>\n<li style=\"font-weight: 400;\" aria-level=\"1\"><span style=\"font-weight: 400;\">Unsichtbare UV-Codierung f\u00fcr vollst\u00e4ndige R\u00fcckverfolgbarkeit der Verpackung<\/span><\/li>\n<li style=\"font-weight: 400;\" aria-level=\"1\"><span style=\"font-weight: 400;\">Entspricht vollst\u00e4ndig <\/span><span style=\"font-weight: 400;\">mit kindersicherer Verpackung Festdosis-Medikamentenflasche Vorschriften<\/span><\/li>\n<li style=\"font-weight: 400;\" aria-level=\"1\"><span style=\"font-weight: 400;\">Kontaminationsfrei<\/span><span style=\"font-weight: 400;\">\u00a0<\/span><\/li>\n<li style=\"font-weight: 400;\" aria-level=\"1\"><span style=\"font-weight: 400;\">Umweltfreundlich! Enth\u00e4lt bis zu 20% recyceltes PET<\/span><\/li>\n<\/ul>\n<h3><span style=\"font-weight: 400;\">Geeignete Verwendungszwecke:<\/span><\/h3>\n<ul>\n<li style=\"font-weight: 400;\" aria-level=\"1\"><span style=\"font-weight: 400;\">Aufbewahrung von Tabletten und Kapseln<\/span><\/li>\n<li style=\"font-weight: 400;\" aria-level=\"1\"><span style=\"font-weight: 400;\">Aufbewahrung von lichtempfindlichen Medikamenten<\/span><\/li>\n<\/ul>","protected":false},"featured_media":8602,"comment_status":"closed","ping_status":"closed","template":"","meta":{"_acf_changed":false},"product_brand":[],"product_cat":[107,2169,2184,96,2188],"product_tag":[],"class_list":{"0":"post-8626","1":"product","2":"type-product","3":"status-publish","4":"has-post-thumbnail","6":"product_cat-pet-bottles","7":"product_cat-pharmacy-packaging","8":"product_cat-bottles","9":"product_cat-plastic","10":"product_cat-round-bottles","12":"first","13":"instock","14":"sold-individually","15":"shipping-taxable","16":"product-type-simple"},"acf":[],"yoast_head":"<!-- This site is optimized with the Yoast SEO plugin v27.4 - https:\/\/yoast.com\/product\/yoast-seo-wordpress\/ -->\n<title>120ml UnoPac Amber Tablet Bottle | Origin Pharma Packaging<\/title>\n<meta name=\"description\" content=\"Order the highest quality 120ml UnoPac amber tablet bottle from Origin. These bottles are ideal for carrying doses of medicine with child-safe caps for security.\" \/>\n<meta name=\"robots\" content=\"index, follow, max-snippet:-1, max-image-preview:large, max-video-preview:-1\" \/>\n<link rel=\"canonical\" href=\"https:\/\/originltd.com\/de\/produkt\/120ml-unopac-amber-round-pet-tablet-bottles\/\" \/>\n<meta property=\"og:locale\" content=\"de_DE\" \/>\n<meta property=\"og:type\" content=\"article\" \/>\n<meta property=\"og:title\" content=\"120ml UnoPac Amber Tablet Bottle | Origin Pharma Packaging\" \/>\n<meta property=\"og:description\" content=\"Order the highest quality 120ml UnoPac amber tablet bottle from Origin. These bottles are ideal for carrying doses of medicine with child-safe caps for security.\" \/>\n<meta property=\"og:url\" content=\"https:\/\/originltd.com\/de\/produkt\/120ml-unopac-amber-round-pet-tablet-bottles\/\" \/>\n<meta property=\"og:site_name\" content=\"Origin Pharma Packaging\" \/>\n<meta property=\"article:publisher\" content=\"https:\/\/www.facebook.com\/originpharmapackaging\" \/>\n<meta property=\"article:modified_time\" content=\"2025-06-09T11:06:57+00:00\" \/>\n<meta property=\"og:image\" content=\"https:\/\/originltd.com\/wp-content\/uploads\/2022\/06\/UP120AC-1-scaled.jpg\" \/>\n\t<meta property=\"og:image:width\" content=\"1707\" \/>\n\t<meta property=\"og:image:height\" content=\"2560\" \/>\n\t<meta property=\"og:image:type\" content=\"image\/jpeg\" \/>\n<meta name=\"twitter:card\" content=\"summary_large_image\" \/>\n<meta name=\"twitter:site\" content=\"@originpharma\" \/>\n<meta name=\"twitter:label1\" content=\"Gesch\u00e4tzte Lesezeit\" \/>\n\t<meta name=\"twitter:data1\" content=\"1\u00a0Minute\" \/>\n<script type=\"application\/ld+json\" class=\"yoast-schema-graph\">{\"@context\":\"https:\\\/\\\/schema.org\",\"@graph\":[{\"@type\":\"WebPage\",\"@id\":\"https:\\\/\\\/originltd.com\\\/product\\\/120ml-unopac-amber-round-pet-tablet-bottles\\\/\",\"url\":\"https:\\\/\\\/originltd.com\\\/product\\\/120ml-unopac-amber-round-pet-tablet-bottles\\\/\",\"name\":\"120ml UnoPac Amber Tablet Bottle | Origin Pharma Packaging\",\"isPartOf\":{\"@id\":\"https:\\\/\\\/originltd.com\\\/#website\"},\"primaryImageOfPage\":{\"@id\":\"https:\\\/\\\/originltd.com\\\/product\\\/120ml-unopac-amber-round-pet-tablet-bottles\\\/#primaryimage\"},\"image\":{\"@id\":\"https:\\\/\\\/originltd.com\\\/product\\\/120ml-unopac-amber-round-pet-tablet-bottles\\\/#primaryimage\"},\"thumbnailUrl\":\"https:\\\/\\\/originltd.com\\\/wp-content\\\/uploads\\\/2022\\\/06\\\/UP120AC-1-scaled.jpg\",\"datePublished\":\"2022-06-27T10:44:09+00:00\",\"dateModified\":\"2025-06-09T11:06:57+00:00\",\"description\":\"Order the highest quality 120ml UnoPac amber tablet bottle from Origin. These bottles are ideal for carrying doses of medicine with child-safe caps for security.\",\"breadcrumb\":{\"@id\":\"https:\\\/\\\/originltd.com\\\/product\\\/120ml-unopac-amber-round-pet-tablet-bottles\\\/#breadcrumb\"},\"inLanguage\":\"de\",\"potentialAction\":[{\"@type\":\"ReadAction\",\"target\":[\"https:\\\/\\\/originltd.com\\\/product\\\/120ml-unopac-amber-round-pet-tablet-bottles\\\/\"]}]},{\"@type\":\"ImageObject\",\"inLanguage\":\"de\",\"@id\":\"https:\\\/\\\/originltd.com\\\/product\\\/120ml-unopac-amber-round-pet-tablet-bottles\\\/#primaryimage\",\"url\":\"https:\\\/\\\/originltd.com\\\/wp-content\\\/uploads\\\/2022\\\/06\\\/UP120AC-1-scaled.jpg\",\"contentUrl\":\"https:\\\/\\\/originltd.com\\\/wp-content\\\/uploads\\\/2022\\\/06\\\/UP120AC-1-scaled.jpg\",\"width\":1707,\"height\":2560,\"caption\":\"UP120AC\"},{\"@type\":\"BreadcrumbList\",\"@id\":\"https:\\\/\\\/originltd.com\\\/product\\\/120ml-unopac-amber-round-pet-tablet-bottles\\\/#breadcrumb\",\"itemListElement\":[{\"@type\":\"ListItem\",\"position\":1,\"name\":\"Home\",\"item\":\"https:\\\/\\\/originltd.com\\\/\"},{\"@type\":\"ListItem\",\"position\":2,\"name\":\"Pharmaceutical Packaging Products\",\"item\":\"https:\\\/\\\/originltd.com\\\/pharmaceutical-packaging\\\/\"},{\"@type\":\"ListItem\",\"position\":3,\"name\":\"Plastic Packaging\",\"item\":\"https:\\\/\\\/originltd.com\\\/packaging\\\/plastic\\\/\"},{\"@type\":\"ListItem\",\"position\":4,\"name\":\"120ml UnoPac\u00ae Amber Round PET Tablet Bottle\"}]},{\"@type\":\"WebSite\",\"@id\":\"https:\\\/\\\/originltd.com\\\/#website\",\"url\":\"https:\\\/\\\/originltd.com\\\/\",\"name\":\"Origin Pharma Packaging\",\"description\":\"\",\"publisher\":{\"@id\":\"https:\\\/\\\/originltd.com\\\/#organization\"},\"alternateName\":\"Origin Ltd.\",\"potentialAction\":[{\"@type\":\"SearchAction\",\"target\":{\"@type\":\"EntryPoint\",\"urlTemplate\":\"https:\\\/\\\/originltd.com\\\/?s={search_term_string}\"},\"query-input\":{\"@type\":\"PropertyValueSpecification\",\"valueRequired\":true,\"valueName\":\"search_term_string\"}}],\"inLanguage\":\"de\"},{\"@type\":\"Organization\",\"@id\":\"https:\\\/\\\/originltd.com\\\/#organization\",\"name\":\"Origin Pharma Packaging\",\"url\":\"https:\\\/\\\/originltd.com\\\/\",\"logo\":{\"@type\":\"ImageObject\",\"inLanguage\":\"de\",\"@id\":\"https:\\\/\\\/originltd.com\\\/#\\\/schema\\\/logo\\\/image\\\/\",\"url\":\"https:\\\/\\\/originltd.com\\\/wp-content\\\/uploads\\\/2024\\\/06\\\/cropped-Origin-logo-For-Health-For-Life-RGB@10x.png\",\"contentUrl\":\"https:\\\/\\\/originltd.com\\\/wp-content\\\/uploads\\\/2024\\\/06\\\/cropped-Origin-logo-For-Health-For-Life-RGB@10x.png\",\"width\":227,\"height\":65,\"caption\":\"Origin Pharma Packaging\"},\"image\":{\"@id\":\"https:\\\/\\\/originltd.com\\\/#\\\/schema\\\/logo\\\/image\\\/\"},\"sameAs\":[\"https:\\\/\\\/www.facebook.com\\\/originpharmapackaging\",\"https:\\\/\\\/x.com\\\/originpharma\",\"https:\\\/\\\/www.linkedin.com\\\/company\\\/origin-packaging-ltd\\\/\",\"https:\\\/\\\/www.youtube.com\\\/channel\\\/UCOOJl3eFOiO7lJT6f5qHygA\"]}]}<\/script>\n<!-- \/ Yoast SEO plugin. -->","yoast_head_json":{"title":"120ml UnoPac Bernstein Tablettenflasche | Origin Pharma Packaging","description":"Bestellen Sie die bernsteinfarbene 120-ml-Tablettenflasche UnoPac in h\u00f6chster Qualit\u00e4t bei Origin. Diese Flaschen sind ideal f\u00fcr den Transport von Medikamenten mit kindersicheren Verschl\u00fcssen f\u00fcr Sicherheit.","robots":{"index":"index","follow":"follow","max-snippet":"max-snippet:-1","max-image-preview":"max-image-preview:large","max-video-preview":"max-video-preview:-1"},"canonical":"https:\/\/originltd.com\/de\/produkt\/120ml-unopac-amber-round-pet-tablet-bottles\/","og_locale":"de_DE","og_type":"article","og_title":"120ml UnoPac Amber Tablet Bottle | Origin Pharma Packaging","og_description":"Order the highest quality 120ml UnoPac amber tablet bottle from Origin. These bottles are ideal for carrying doses of medicine with child-safe caps for security.","og_url":"https:\/\/originltd.com\/de\/produkt\/120ml-unopac-amber-round-pet-tablet-bottles\/","og_site_name":"Origin Pharma Packaging","article_publisher":"https:\/\/www.facebook.com\/originpharmapackaging","article_modified_time":"2025-06-09T11:06:57+00:00","og_image":[{"width":1707,"height":2560,"url":"https:\/\/originltd.com\/wp-content\/uploads\/2022\/06\/UP120AC-1-scaled.jpg","type":"image\/jpeg"}],"twitter_card":"summary_large_image","twitter_site":"@originpharma","twitter_misc":{"Gesch\u00e4tzte Lesezeit":"1\u00a0Minute"},"schema":{"@context":"https:\/\/schema.org","@graph":[{"@type":"WebPage","@id":"https:\/\/originltd.com\/product\/120ml-unopac-amber-round-pet-tablet-bottles\/","url":"https:\/\/originltd.com\/product\/120ml-unopac-amber-round-pet-tablet-bottles\/","name":"120ml UnoPac Bernstein Tablettenflasche | Origin Pharma Packaging","isPartOf":{"@id":"https:\/\/originltd.com\/#website"},"primaryImageOfPage":{"@id":"https:\/\/originltd.com\/product\/120ml-unopac-amber-round-pet-tablet-bottles\/#primaryimage"},"image":{"@id":"https:\/\/originltd.com\/product\/120ml-unopac-amber-round-pet-tablet-bottles\/#primaryimage"},"thumbnailUrl":"https:\/\/originltd.com\/wp-content\/uploads\/2022\/06\/UP120AC-1-scaled.jpg","datePublished":"2022-06-27T10:44:09+00:00","dateModified":"2025-06-09T11:06:57+00:00","description":"Bestellen Sie die bernsteinfarbene 120-ml-Tablettenflasche UnoPac in h\u00f6chster Qualit\u00e4t bei Origin. Diese Flaschen sind ideal f\u00fcr den Transport von Medikamenten mit kindersicheren Verschl\u00fcssen f\u00fcr Sicherheit.","breadcrumb":{"@id":"https:\/\/originltd.com\/product\/120ml-unopac-amber-round-pet-tablet-bottles\/#breadcrumb"},"inLanguage":"de","potentialAction":[{"@type":"ReadAction","target":["https:\/\/originltd.com\/product\/120ml-unopac-amber-round-pet-tablet-bottles\/"]}]},{"@type":"ImageObject","inLanguage":"de","@id":"https:\/\/originltd.com\/product\/120ml-unopac-amber-round-pet-tablet-bottles\/#primaryimage","url":"https:\/\/originltd.com\/wp-content\/uploads\/2022\/06\/UP120AC-1-scaled.jpg","contentUrl":"https:\/\/originltd.com\/wp-content\/uploads\/2022\/06\/UP120AC-1-scaled.jpg","width":1707,"height":2560,"caption":"UP120AC"},{"@type":"BreadcrumbList","@id":"https:\/\/originltd.com\/product\/120ml-unopac-amber-round-pet-tablet-bottles\/#breadcrumb","itemListElement":[{"@type":"ListItem","position":1,"name":"Home","item":"https:\/\/originltd.com\/"},{"@type":"ListItem","position":2,"name":"Pharmaceutical Packaging Products","item":"https:\/\/originltd.com\/pharmaceutical-packaging\/"},{"@type":"ListItem","position":3,"name":"Plastic Packaging","item":"https:\/\/originltd.com\/packaging\/plastic\/"},{"@type":"ListItem","position":4,"name":"120ml UnoPac\u00ae Amber Round PET Tablet Bottle"}]},{"@type":"WebSite","@id":"https:\/\/originltd.com\/#website","url":"https:\/\/originltd.com\/","name":"Origin Pharma Packaging","description":"","publisher":{"@id":"https:\/\/originltd.com\/#organization"},"alternateName":"Origin Ltd.","potentialAction":[{"@type":"SearchAction","target":{"@type":"EntryPoint","urlTemplate":"https:\/\/originltd.com\/?s={search_term_string}"},"query-input":{"@type":"PropertyValueSpecification","valueRequired":true,"valueName":"search_term_string"}}],"inLanguage":"de"},{"@type":"Organization","@id":"https:\/\/originltd.com\/#organization","name":"Origin Pharma Packaging","url":"https:\/\/originltd.com\/","logo":{"@type":"ImageObject","inLanguage":"de","@id":"https:\/\/originltd.com\/#\/schema\/logo\/image\/","url":"https:\/\/originltd.com\/wp-content\/uploads\/2024\/06\/cropped-Origin-logo-For-Health-For-Life-RGB@10x.png","contentUrl":"https:\/\/originltd.com\/wp-content\/uploads\/2024\/06\/cropped-Origin-logo-For-Health-For-Life-RGB@10x.png","width":227,"height":65,"caption":"Origin Pharma Packaging"},"image":{"@id":"https:\/\/originltd.com\/#\/schema\/logo\/image\/"},"sameAs":["https:\/\/www.facebook.com\/originpharmapackaging","https:\/\/x.com\/originpharma","https:\/\/www.linkedin.com\/company\/origin-packaging-ltd\/","https:\/\/www.youtube.com\/channel\/UCOOJl3eFOiO7lJT6f5qHygA"]}]}},"_links":{"self":[{"href":"https:\/\/originltd.com\/de\/wp-json\/wp\/v2\/product\/8626","targetHints":{"allow":["GET"]}}],"collection":[{"href":"https:\/\/originltd.com\/de\/wp-json\/wp\/v2\/product"}],"about":[{"href":"https:\/\/originltd.com\/de\/wp-json\/wp\/v2\/types\/product"}],"replies":[{"embeddable":true,"href":"https:\/\/originltd.com\/de\/wp-json\/wp\/v2\/comments?post=8626"}],"wp:featuredmedia":[{"embeddable":true,"href":"https:\/\/originltd.com\/de\/wp-json\/wp\/v2\/media\/8602"}],"wp:attachment":[{"href":"https:\/\/originltd.com\/de\/wp-json\/wp\/v2\/media?parent=8626"}],"wp:term":[{"taxonomy":"product_brand","embeddable":true,"href":"https:\/\/originltd.com\/de\/wp-json\/wp\/v2\/product_brand?post=8626"},{"taxonomy":"product_cat","embeddable":true,"href":"https:\/\/originltd.com\/de\/wp-json\/wp\/v2\/product_cat?post=8626"},{"taxonomy":"product_tag","embeddable":true,"href":"https:\/\/originltd.com\/de\/wp-json\/wp\/v2\/product_tag?post=8626"}],"curies":[{"name":"wp","href":"https:\/\/api.w.org\/{rel}","templated":true}]}}