
{"id":8613,"date":"2022-06-27T11:00:04","date_gmt":"2022-06-27T10:00:04","guid":{"rendered":"https:\/\/originltd.in-beta.dev\/?post_type=product&#038;p=8613"},"modified":"2025-05-21T08:53:29","modified_gmt":"2025-05-21T07:53:29","slug":"50ml-unopac-amber-round-pet-tablet-bottles","status":"publish","type":"product","link":"https:\/\/originltd.com\/de\/product\/50ml-unopac-amber-round-pet-tablet-bottles\/","title":{"rendered":"50ml UnoPac\u00ae Bernsteinfarbene runde PET-Tablettenflasche"},"content":{"rendered":"","protected":false},"excerpt":{"rendered":"<p>Braune PET-Flaschen werden f\u00fcr feste Medikamente verwendet und sind ideal f\u00fcr pharmazeutische und apothekenbasierte Einrichtungen. Diese hervorragende vorverschlossene (kindersichere) Tablettenflasche sorgt f\u00fcr die Sicherheit und die Integrit\u00e4t Ihres Produkts und gew\u00e4hrleistet erh\u00f6hte Kindersicherheit.<\/p>\n<ul>\n<li>Bernsteinfarbene runde PET-Tablettenflasche mit Clic-Loc-Verschluss vorverschlossen<\/li>\n<li>Unsichtbar UV-kodiert f\u00fcr vollst\u00e4ndige R\u00fcckverfolgbarkeit der Verpackung<\/li>\n<li>Entspricht vollst\u00e4ndig BS EN ISO 8317:2004 (Kindersichere Verpackungen) und BS1679:8 - Flaschen f\u00fcr feste Medikamente<\/li>\n<li>Kontaminationsfrei - automatisch verschlo\u00dfen<\/li>\n<li>F\u00fchrende Marke Clic-Loc CRCs<\/li>\n<li>Umweltfreundlich! Enth\u00e4lt bis zu 20% recyceltes PET<\/li>\n<\/ul>","protected":false},"featured_media":8609,"comment_status":"closed","ping_status":"closed","template":"","meta":{"_acf_changed":false},"product_brand":[],"product_cat":[107,2169,2184,96,2188],"product_tag":[],"class_list":{"0":"post-8613","1":"product","2":"type-product","3":"status-publish","4":"has-post-thumbnail","6":"product_cat-pet-bottles","7":"product_cat-pharmacy-packaging","8":"product_cat-bottles","9":"product_cat-plastic","10":"product_cat-round-bottles","12":"first","13":"instock","14":"sold-individually","15":"shipping-taxable","16":"product-type-simple"},"acf":[],"yoast_head":"<!-- This site is optimized with the Yoast SEO plugin v27.4 - https:\/\/yoast.com\/product\/yoast-seo-wordpress\/ -->\n<title>50ml UnoPac\u00ae Amber Round PET Tablet Bottles | Origin Pharma Packaging<\/title>\n<meta name=\"description\" content=\"Find out about our 50ml UnoPac\u00ae amber round PET tablet bottles available from Origin, bulk supplier of packaging for use in the pharmaceutical industry. Order a sample or get in touch for more details.\" \/>\n<meta name=\"robots\" content=\"index, follow, max-snippet:-1, max-image-preview:large, max-video-preview:-1\" \/>\n<link rel=\"canonical\" href=\"https:\/\/originltd.com\/de\/produkt\/50ml-unopac-amber-round-pet-tablet-bottles\/\" \/>\n<meta property=\"og:locale\" content=\"de_DE\" \/>\n<meta property=\"og:type\" content=\"article\" \/>\n<meta property=\"og:title\" content=\"50ml UnoPac\u00ae Amber Round PET Tablet Bottles | Origin Pharma Packaging\" \/>\n<meta property=\"og:description\" content=\"Find out about our 50ml UnoPac\u00ae amber round PET tablet bottles available from Origin, bulk supplier of packaging for use in the pharmaceutical industry. Order a sample or get in touch for more details.\" \/>\n<meta property=\"og:url\" content=\"https:\/\/originltd.com\/de\/produkt\/50ml-unopac-amber-round-pet-tablet-bottles\/\" \/>\n<meta property=\"og:site_name\" content=\"Origin Pharma Packaging\" \/>\n<meta property=\"article:publisher\" content=\"https:\/\/www.facebook.com\/originpharmapackaging\" \/>\n<meta property=\"article:modified_time\" content=\"2025-05-21T07:53:29+00:00\" \/>\n<meta property=\"og:image\" content=\"https:\/\/originltd.com\/wp-content\/uploads\/2022\/06\/UP50AC-scaled.jpg\" \/>\n\t<meta property=\"og:image:width\" content=\"1707\" \/>\n\t<meta property=\"og:image:height\" content=\"2560\" \/>\n\t<meta property=\"og:image:type\" content=\"image\/jpeg\" \/>\n<meta name=\"twitter:card\" content=\"summary_large_image\" \/>\n<meta name=\"twitter:site\" content=\"@originpharma\" \/>\n<meta name=\"twitter:label1\" content=\"Gesch\u00e4tzte Lesezeit\" \/>\n\t<meta name=\"twitter:data1\" content=\"1\u00a0Minute\" \/>\n<script type=\"application\/ld+json\" class=\"yoast-schema-graph\">{\"@context\":\"https:\\\/\\\/schema.org\",\"@graph\":[{\"@type\":\"WebPage\",\"@id\":\"https:\\\/\\\/originltd.com\\\/product\\\/50ml-unopac-amber-round-pet-tablet-bottles\\\/\",\"url\":\"https:\\\/\\\/originltd.com\\\/product\\\/50ml-unopac-amber-round-pet-tablet-bottles\\\/\",\"name\":\"50ml UnoPac\u00ae Amber Round PET Tablet Bottles | Origin Pharma Packaging\",\"isPartOf\":{\"@id\":\"https:\\\/\\\/originltd.com\\\/#website\"},\"primaryImageOfPage\":{\"@id\":\"https:\\\/\\\/originltd.com\\\/product\\\/50ml-unopac-amber-round-pet-tablet-bottles\\\/#primaryimage\"},\"image\":{\"@id\":\"https:\\\/\\\/originltd.com\\\/product\\\/50ml-unopac-amber-round-pet-tablet-bottles\\\/#primaryimage\"},\"thumbnailUrl\":\"https:\\\/\\\/originltd.com\\\/wp-content\\\/uploads\\\/2022\\\/06\\\/UP50AC-scaled.jpg\",\"datePublished\":\"2022-06-27T10:00:04+00:00\",\"dateModified\":\"2025-05-21T07:53:29+00:00\",\"description\":\"Find out about our 50ml UnoPac\u00ae amber round PET tablet bottles available from Origin, bulk supplier of packaging for use in the pharmaceutical industry. Order a sample or get in touch for more details.\",\"breadcrumb\":{\"@id\":\"https:\\\/\\\/originltd.com\\\/product\\\/50ml-unopac-amber-round-pet-tablet-bottles\\\/#breadcrumb\"},\"inLanguage\":\"de\",\"potentialAction\":[{\"@type\":\"ReadAction\",\"target\":[\"https:\\\/\\\/originltd.com\\\/product\\\/50ml-unopac-amber-round-pet-tablet-bottles\\\/\"]}]},{\"@type\":\"ImageObject\",\"inLanguage\":\"de\",\"@id\":\"https:\\\/\\\/originltd.com\\\/product\\\/50ml-unopac-amber-round-pet-tablet-bottles\\\/#primaryimage\",\"url\":\"https:\\\/\\\/originltd.com\\\/wp-content\\\/uploads\\\/2022\\\/06\\\/UP50AC-scaled.jpg\",\"contentUrl\":\"https:\\\/\\\/originltd.com\\\/wp-content\\\/uploads\\\/2022\\\/06\\\/UP50AC-scaled.jpg\",\"width\":1707,\"height\":2560,\"caption\":\"UP50AC\"},{\"@type\":\"BreadcrumbList\",\"@id\":\"https:\\\/\\\/originltd.com\\\/product\\\/50ml-unopac-amber-round-pet-tablet-bottles\\\/#breadcrumb\",\"itemListElement\":[{\"@type\":\"ListItem\",\"position\":1,\"name\":\"Home\",\"item\":\"https:\\\/\\\/originltd.com\\\/\"},{\"@type\":\"ListItem\",\"position\":2,\"name\":\"Pharmaceutical Packaging Products\",\"item\":\"https:\\\/\\\/originltd.com\\\/pharmaceutical-packaging\\\/\"},{\"@type\":\"ListItem\",\"position\":3,\"name\":\"Plastic Packaging\",\"item\":\"https:\\\/\\\/originltd.com\\\/packaging\\\/plastic\\\/\"},{\"@type\":\"ListItem\",\"position\":4,\"name\":\"50ml UnoPac\u00ae Amber Round PET Tablet Bottle\"}]},{\"@type\":\"WebSite\",\"@id\":\"https:\\\/\\\/originltd.com\\\/#website\",\"url\":\"https:\\\/\\\/originltd.com\\\/\",\"name\":\"Origin Pharma Packaging\",\"description\":\"\",\"publisher\":{\"@id\":\"https:\\\/\\\/originltd.com\\\/#organization\"},\"alternateName\":\"Origin Ltd.\",\"potentialAction\":[{\"@type\":\"SearchAction\",\"target\":{\"@type\":\"EntryPoint\",\"urlTemplate\":\"https:\\\/\\\/originltd.com\\\/?s={search_term_string}\"},\"query-input\":{\"@type\":\"PropertyValueSpecification\",\"valueRequired\":true,\"valueName\":\"search_term_string\"}}],\"inLanguage\":\"de\"},{\"@type\":\"Organization\",\"@id\":\"https:\\\/\\\/originltd.com\\\/#organization\",\"name\":\"Origin Pharma Packaging\",\"url\":\"https:\\\/\\\/originltd.com\\\/\",\"logo\":{\"@type\":\"ImageObject\",\"inLanguage\":\"de\",\"@id\":\"https:\\\/\\\/originltd.com\\\/#\\\/schema\\\/logo\\\/image\\\/\",\"url\":\"https:\\\/\\\/originltd.com\\\/wp-content\\\/uploads\\\/2024\\\/06\\\/cropped-Origin-logo-For-Health-For-Life-RGB@10x.png\",\"contentUrl\":\"https:\\\/\\\/originltd.com\\\/wp-content\\\/uploads\\\/2024\\\/06\\\/cropped-Origin-logo-For-Health-For-Life-RGB@10x.png\",\"width\":227,\"height\":65,\"caption\":\"Origin Pharma Packaging\"},\"image\":{\"@id\":\"https:\\\/\\\/originltd.com\\\/#\\\/schema\\\/logo\\\/image\\\/\"},\"sameAs\":[\"https:\\\/\\\/www.facebook.com\\\/originpharmapackaging\",\"https:\\\/\\\/x.com\\\/originpharma\",\"https:\\\/\\\/www.linkedin.com\\\/company\\\/origin-packaging-ltd\\\/\",\"https:\\\/\\\/www.youtube.com\\\/channel\\\/UCOOJl3eFOiO7lJT6f5qHygA\"]}]}<\/script>\n<!-- \/ Yoast SEO plugin. -->","yoast_head_json":{"title":"50ml UnoPac\u00ae Bernsteinfarbene runde PET-Tablettenflaschen | Origin Pharma Packaging","description":"Informieren Sie sich \u00fcber unsere 50ml UnoPac\u00ae bernsteinfarbenen runden PET-Tablettenflaschen, die bei Origin, dem Gro\u00dfh\u00e4ndler f\u00fcr Verpackungen zur Verwendung in der pharmazeutischen Industrie, erh\u00e4ltlich sind. Bestellen Sie ein Muster oder kontaktieren Sie uns f\u00fcr weitere Informationen.","robots":{"index":"index","follow":"follow","max-snippet":"max-snippet:-1","max-image-preview":"max-image-preview:large","max-video-preview":"max-video-preview:-1"},"canonical":"https:\/\/originltd.com\/de\/produkt\/50ml-unopac-amber-round-pet-tablet-bottles\/","og_locale":"de_DE","og_type":"article","og_title":"50ml UnoPac\u00ae Amber Round PET Tablet Bottles | Origin Pharma Packaging","og_description":"Find out about our 50ml UnoPac\u00ae amber round PET tablet bottles available from Origin, bulk supplier of packaging for use in the pharmaceutical industry. Order a sample or get in touch for more details.","og_url":"https:\/\/originltd.com\/de\/produkt\/50ml-unopac-amber-round-pet-tablet-bottles\/","og_site_name":"Origin Pharma Packaging","article_publisher":"https:\/\/www.facebook.com\/originpharmapackaging","article_modified_time":"2025-05-21T07:53:29+00:00","og_image":[{"width":1707,"height":2560,"url":"https:\/\/originltd.com\/wp-content\/uploads\/2022\/06\/UP50AC-scaled.jpg","type":"image\/jpeg"}],"twitter_card":"summary_large_image","twitter_site":"@originpharma","twitter_misc":{"Gesch\u00e4tzte Lesezeit":"1\u00a0Minute"},"schema":{"@context":"https:\/\/schema.org","@graph":[{"@type":"WebPage","@id":"https:\/\/originltd.com\/product\/50ml-unopac-amber-round-pet-tablet-bottles\/","url":"https:\/\/originltd.com\/product\/50ml-unopac-amber-round-pet-tablet-bottles\/","name":"50ml UnoPac\u00ae Bernsteinfarbene runde PET-Tablettenflaschen | Origin Pharma Packaging","isPartOf":{"@id":"https:\/\/originltd.com\/#website"},"primaryImageOfPage":{"@id":"https:\/\/originltd.com\/product\/50ml-unopac-amber-round-pet-tablet-bottles\/#primaryimage"},"image":{"@id":"https:\/\/originltd.com\/product\/50ml-unopac-amber-round-pet-tablet-bottles\/#primaryimage"},"thumbnailUrl":"https:\/\/originltd.com\/wp-content\/uploads\/2022\/06\/UP50AC-scaled.jpg","datePublished":"2022-06-27T10:00:04+00:00","dateModified":"2025-05-21T07:53:29+00:00","description":"Informieren Sie sich \u00fcber unsere 50ml UnoPac\u00ae bernsteinfarbenen runden PET-Tablettenflaschen, die bei Origin, dem Gro\u00dfh\u00e4ndler f\u00fcr Verpackungen zur Verwendung in der pharmazeutischen Industrie, erh\u00e4ltlich sind. Bestellen Sie ein Muster oder kontaktieren Sie uns f\u00fcr weitere Informationen.","breadcrumb":{"@id":"https:\/\/originltd.com\/product\/50ml-unopac-amber-round-pet-tablet-bottles\/#breadcrumb"},"inLanguage":"de","potentialAction":[{"@type":"ReadAction","target":["https:\/\/originltd.com\/product\/50ml-unopac-amber-round-pet-tablet-bottles\/"]}]},{"@type":"ImageObject","inLanguage":"de","@id":"https:\/\/originltd.com\/product\/50ml-unopac-amber-round-pet-tablet-bottles\/#primaryimage","url":"https:\/\/originltd.com\/wp-content\/uploads\/2022\/06\/UP50AC-scaled.jpg","contentUrl":"https:\/\/originltd.com\/wp-content\/uploads\/2022\/06\/UP50AC-scaled.jpg","width":1707,"height":2560,"caption":"UP50AC"},{"@type":"BreadcrumbList","@id":"https:\/\/originltd.com\/product\/50ml-unopac-amber-round-pet-tablet-bottles\/#breadcrumb","itemListElement":[{"@type":"ListItem","position":1,"name":"Home","item":"https:\/\/originltd.com\/"},{"@type":"ListItem","position":2,"name":"Pharmaceutical Packaging Products","item":"https:\/\/originltd.com\/pharmaceutical-packaging\/"},{"@type":"ListItem","position":3,"name":"Plastic Packaging","item":"https:\/\/originltd.com\/packaging\/plastic\/"},{"@type":"ListItem","position":4,"name":"50ml UnoPac\u00ae Amber Round PET Tablet Bottle"}]},{"@type":"WebSite","@id":"https:\/\/originltd.com\/#website","url":"https:\/\/originltd.com\/","name":"Origin Pharma Packaging","description":"","publisher":{"@id":"https:\/\/originltd.com\/#organization"},"alternateName":"Origin Ltd.","potentialAction":[{"@type":"SearchAction","target":{"@type":"EntryPoint","urlTemplate":"https:\/\/originltd.com\/?s={search_term_string}"},"query-input":{"@type":"PropertyValueSpecification","valueRequired":true,"valueName":"search_term_string"}}],"inLanguage":"de"},{"@type":"Organization","@id":"https:\/\/originltd.com\/#organization","name":"Origin Pharma Packaging","url":"https:\/\/originltd.com\/","logo":{"@type":"ImageObject","inLanguage":"de","@id":"https:\/\/originltd.com\/#\/schema\/logo\/image\/","url":"https:\/\/originltd.com\/wp-content\/uploads\/2024\/06\/cropped-Origin-logo-For-Health-For-Life-RGB@10x.png","contentUrl":"https:\/\/originltd.com\/wp-content\/uploads\/2024\/06\/cropped-Origin-logo-For-Health-For-Life-RGB@10x.png","width":227,"height":65,"caption":"Origin Pharma Packaging"},"image":{"@id":"https:\/\/originltd.com\/#\/schema\/logo\/image\/"},"sameAs":["https:\/\/www.facebook.com\/originpharmapackaging","https:\/\/x.com\/originpharma","https:\/\/www.linkedin.com\/company\/origin-packaging-ltd\/","https:\/\/www.youtube.com\/channel\/UCOOJl3eFOiO7lJT6f5qHygA"]}]}},"_links":{"self":[{"href":"https:\/\/originltd.com\/de\/wp-json\/wp\/v2\/product\/8613","targetHints":{"allow":["GET"]}}],"collection":[{"href":"https:\/\/originltd.com\/de\/wp-json\/wp\/v2\/product"}],"about":[{"href":"https:\/\/originltd.com\/de\/wp-json\/wp\/v2\/types\/product"}],"replies":[{"embeddable":true,"href":"https:\/\/originltd.com\/de\/wp-json\/wp\/v2\/comments?post=8613"}],"wp:featuredmedia":[{"embeddable":true,"href":"https:\/\/originltd.com\/de\/wp-json\/wp\/v2\/media\/8609"}],"wp:attachment":[{"href":"https:\/\/originltd.com\/de\/wp-json\/wp\/v2\/media?parent=8613"}],"wp:term":[{"taxonomy":"product_brand","embeddable":true,"href":"https:\/\/originltd.com\/de\/wp-json\/wp\/v2\/product_brand?post=8613"},{"taxonomy":"product_cat","embeddable":true,"href":"https:\/\/originltd.com\/de\/wp-json\/wp\/v2\/product_cat?post=8613"},{"taxonomy":"product_tag","embeddable":true,"href":"https:\/\/originltd.com\/de\/wp-json\/wp\/v2\/product_tag?post=8613"}],"curies":[{"name":"wp","href":"https:\/\/api.w.org\/{rel}","templated":true}]}}