
{"id":8591,"date":"2022-06-22T10:59:14","date_gmt":"2022-06-22T09:59:14","guid":{"rendered":"https:\/\/originltd.in-beta.dev\/?post_type=product&#038;p=8591"},"modified":"2025-05-21T09:00:44","modified_gmt":"2025-05-21T08:00:44","slug":"66ml-cubopac-amber-rectangular-tablet-bottles","status":"publish","type":"product","link":"https:\/\/originltd.com\/de\/product\/66ml-cubopac-amber-rectangular-tablet-bottles\/","title":{"rendered":"66ml CuboPac\u2122 Bernstein Rechteckige Tablettenflasche"},"content":{"rendered":"","protected":false},"excerpt":{"rendered":"<p>Diese Flasche vereint die traditionelle Form der rechteckigen Tablettenflasche mit der modernen Polymertechnologie von heute. Das Sortiment besteht aus 10 verschiedenen Gr\u00f6\u00dfen. Im Gegensatz zu den Vorg\u00e4ngern und anderen im Umlauf befindlichen Produkten hat das Verj\u00fcngungsprogramm ein kosteng\u00fcnstiges und vollst\u00e4ndig konformes Produkt ergeben (ISO8317: 20014).<\/p>\n<ul>\n<li>Bernsteinfarbene, rechteckige Tablettenflasche mit Clic-Loc-Verschluss<\/li>\n<li>Traditionelle Tablettenflaschenform<\/li>\n<li>Spritzgegossene M\u00fcndung und nahtloser (daher auslaufsicherer) Boden<\/li>\n<li>Clic-Loc-Verschluss - korrekte Menge an kindersicherem Verschluss enthalten<\/li>\n<li>Ausgezeichnete Durchsichtigkeit dank des Hochglanz-Polymers<\/li>\n<li>100% recyclingf\u00e4hig<\/li>\n<\/ul>","protected":false},"featured_media":8575,"comment_status":"closed","ping_status":"closed","template":"","meta":{"_acf_changed":false},"product_brand":[],"product_cat":[2169,2184,96,2189],"product_tag":[],"class_list":{"0":"post-8591","1":"product","2":"type-product","3":"status-publish","4":"has-post-thumbnail","6":"product_cat-pharmacy-packaging","7":"product_cat-bottles","8":"product_cat-plastic","9":"product_cat-square-bottles","11":"first","12":"instock","13":"sold-individually","14":"shipping-taxable","15":"product-type-simple"},"acf":[],"yoast_head":"<!-- This site is optimized with the Yoast SEO plugin v27.3 - https:\/\/yoast.com\/product\/yoast-seo-wordpress\/ -->\n<title>66ml CuboPac\u2122 Amber Rectangular Tablet Bottles | Origin Pharma Packaging<\/title>\n<meta name=\"description\" content=\"66ml CuboPac\u2122 amber rectangular tablet bottles are available from Origin, bulk supplier of packaging for use in the pharmaceutical industry. Order a sample or get in touch for more details.\" \/>\n<meta name=\"robots\" content=\"index, follow, max-snippet:-1, max-image-preview:large, max-video-preview:-1\" \/>\n<link rel=\"canonical\" href=\"https:\/\/originltd.com\/de\/produkt\/66ml-cubopac-amber-rectangular-tablet-bottles\/\" \/>\n<meta property=\"og:locale\" content=\"de_DE\" \/>\n<meta property=\"og:type\" content=\"article\" \/>\n<meta property=\"og:title\" content=\"66ml CuboPac\u2122 Amber Rectangular Tablet Bottles | Origin Pharma Packaging\" \/>\n<meta property=\"og:description\" content=\"66ml CuboPac\u2122 amber rectangular tablet bottles are available from Origin, bulk supplier of packaging for use in the pharmaceutical industry. Order a sample or get in touch for more details.\" \/>\n<meta property=\"og:url\" content=\"https:\/\/originltd.com\/de\/produkt\/66ml-cubopac-amber-rectangular-tablet-bottles\/\" \/>\n<meta property=\"og:site_name\" content=\"Origin Pharma Packaging\" \/>\n<meta property=\"article:publisher\" content=\"https:\/\/www.facebook.com\/originpharmapackaging\" \/>\n<meta property=\"article:modified_time\" content=\"2025-05-21T08:00:44+00:00\" \/>\n<meta property=\"og:image\" content=\"https:\/\/originltd.com\/wp-content\/uploads\/2022\/06\/CP66A-scaled.jpg\" \/>\n\t<meta property=\"og:image:width\" content=\"1707\" \/>\n\t<meta property=\"og:image:height\" content=\"2560\" \/>\n\t<meta property=\"og:image:type\" content=\"image\/jpeg\" \/>\n<meta name=\"twitter:card\" content=\"summary_large_image\" \/>\n<meta name=\"twitter:site\" content=\"@originpharma\" \/>\n<meta name=\"twitter:label1\" content=\"Gesch\u00e4tzte Lesezeit\" \/>\n\t<meta name=\"twitter:data1\" content=\"1\u00a0Minute\" \/>\n<script type=\"application\/ld+json\" class=\"yoast-schema-graph\">{\"@context\":\"https:\\\/\\\/schema.org\",\"@graph\":[{\"@type\":\"WebPage\",\"@id\":\"https:\\\/\\\/originltd.com\\\/product\\\/66ml-cubopac-amber-rectangular-tablet-bottles\\\/\",\"url\":\"https:\\\/\\\/originltd.com\\\/product\\\/66ml-cubopac-amber-rectangular-tablet-bottles\\\/\",\"name\":\"66ml CuboPac\u2122 Amber Rectangular Tablet Bottles | Origin Pharma Packaging\",\"isPartOf\":{\"@id\":\"https:\\\/\\\/originltd.com\\\/#website\"},\"primaryImageOfPage\":{\"@id\":\"https:\\\/\\\/originltd.com\\\/product\\\/66ml-cubopac-amber-rectangular-tablet-bottles\\\/#primaryimage\"},\"image\":{\"@id\":\"https:\\\/\\\/originltd.com\\\/product\\\/66ml-cubopac-amber-rectangular-tablet-bottles\\\/#primaryimage\"},\"thumbnailUrl\":\"https:\\\/\\\/originltd.com\\\/wp-content\\\/uploads\\\/2022\\\/06\\\/CP66A-scaled.jpg\",\"datePublished\":\"2022-06-22T09:59:14+00:00\",\"dateModified\":\"2025-05-21T08:00:44+00:00\",\"description\":\"66ml CuboPac\u2122 amber rectangular tablet bottles are available from Origin, bulk supplier of packaging for use in the pharmaceutical industry. Order a sample or get in touch for more details.\",\"breadcrumb\":{\"@id\":\"https:\\\/\\\/originltd.com\\\/product\\\/66ml-cubopac-amber-rectangular-tablet-bottles\\\/#breadcrumb\"},\"inLanguage\":\"de\",\"potentialAction\":[{\"@type\":\"ReadAction\",\"target\":[\"https:\\\/\\\/originltd.com\\\/product\\\/66ml-cubopac-amber-rectangular-tablet-bottles\\\/\"]}]},{\"@type\":\"ImageObject\",\"inLanguage\":\"de\",\"@id\":\"https:\\\/\\\/originltd.com\\\/product\\\/66ml-cubopac-amber-rectangular-tablet-bottles\\\/#primaryimage\",\"url\":\"https:\\\/\\\/originltd.com\\\/wp-content\\\/uploads\\\/2022\\\/06\\\/CP66A-scaled.jpg\",\"contentUrl\":\"https:\\\/\\\/originltd.com\\\/wp-content\\\/uploads\\\/2022\\\/06\\\/CP66A-scaled.jpg\",\"width\":1707,\"height\":2560,\"caption\":\"CP66A\"},{\"@type\":\"BreadcrumbList\",\"@id\":\"https:\\\/\\\/originltd.com\\\/product\\\/66ml-cubopac-amber-rectangular-tablet-bottles\\\/#breadcrumb\",\"itemListElement\":[{\"@type\":\"ListItem\",\"position\":1,\"name\":\"Home\",\"item\":\"https:\\\/\\\/originltd.com\\\/\"},{\"@type\":\"ListItem\",\"position\":2,\"name\":\"Pharmaceutical Packaging Products\",\"item\":\"https:\\\/\\\/originltd.com\\\/pharmaceutical-packaging\\\/\"},{\"@type\":\"ListItem\",\"position\":3,\"name\":\"Plastic Packaging\",\"item\":\"https:\\\/\\\/originltd.com\\\/packaging\\\/plastic\\\/\"},{\"@type\":\"ListItem\",\"position\":4,\"name\":\"66ml CuboPac\u2122 Amber Rectangular Tablet Bottle\"}]},{\"@type\":\"WebSite\",\"@id\":\"https:\\\/\\\/originltd.com\\\/#website\",\"url\":\"https:\\\/\\\/originltd.com\\\/\",\"name\":\"Origin Pharma Packaging\",\"description\":\"\",\"publisher\":{\"@id\":\"https:\\\/\\\/originltd.com\\\/#organization\"},\"alternateName\":\"Origin Ltd.\",\"potentialAction\":[{\"@type\":\"SearchAction\",\"target\":{\"@type\":\"EntryPoint\",\"urlTemplate\":\"https:\\\/\\\/originltd.com\\\/?s={search_term_string}\"},\"query-input\":{\"@type\":\"PropertyValueSpecification\",\"valueRequired\":true,\"valueName\":\"search_term_string\"}}],\"inLanguage\":\"de\"},{\"@type\":\"Organization\",\"@id\":\"https:\\\/\\\/originltd.com\\\/#organization\",\"name\":\"Origin Pharma Packaging\",\"url\":\"https:\\\/\\\/originltd.com\\\/\",\"logo\":{\"@type\":\"ImageObject\",\"inLanguage\":\"de\",\"@id\":\"https:\\\/\\\/originltd.com\\\/#\\\/schema\\\/logo\\\/image\\\/\",\"url\":\"https:\\\/\\\/originltd.com\\\/wp-content\\\/uploads\\\/2024\\\/06\\\/cropped-Origin-logo-For-Health-For-Life-RGB@10x.png\",\"contentUrl\":\"https:\\\/\\\/originltd.com\\\/wp-content\\\/uploads\\\/2024\\\/06\\\/cropped-Origin-logo-For-Health-For-Life-RGB@10x.png\",\"width\":227,\"height\":65,\"caption\":\"Origin Pharma Packaging\"},\"image\":{\"@id\":\"https:\\\/\\\/originltd.com\\\/#\\\/schema\\\/logo\\\/image\\\/\"},\"sameAs\":[\"https:\\\/\\\/www.facebook.com\\\/originpharmapackaging\",\"https:\\\/\\\/x.com\\\/originpharma\",\"https:\\\/\\\/www.linkedin.com\\\/company\\\/origin-packaging-ltd\\\/\",\"https:\\\/\\\/www.youtube.com\\\/channel\\\/UCOOJl3eFOiO7lJT6f5qHygA\"]}]}<\/script>\n<!-- \/ Yoast SEO plugin. -->","yoast_head_json":{"title":"66ml CuboPac\u2122 Bernstein Rechteckige Tablettenflaschen | Origin Pharma Packaging","description":"66ml CuboPac\u2122 bernsteinfarbene rechteckige Tablettenflaschen sind bei Origin, dem Gro\u00dflieferanten von Verpackungen f\u00fcr die Pharmaindustrie, erh\u00e4ltlich. Bestellen Sie ein Muster oder kontaktieren Sie uns f\u00fcr weitere Informationen.","robots":{"index":"index","follow":"follow","max-snippet":"max-snippet:-1","max-image-preview":"max-image-preview:large","max-video-preview":"max-video-preview:-1"},"canonical":"https:\/\/originltd.com\/de\/produkt\/66ml-cubopac-amber-rectangular-tablet-bottles\/","og_locale":"de_DE","og_type":"article","og_title":"66ml CuboPac\u2122 Amber Rectangular Tablet Bottles | Origin Pharma Packaging","og_description":"66ml CuboPac\u2122 amber rectangular tablet bottles are available from Origin, bulk supplier of packaging for use in the pharmaceutical industry. Order a sample or get in touch for more details.","og_url":"https:\/\/originltd.com\/de\/produkt\/66ml-cubopac-amber-rectangular-tablet-bottles\/","og_site_name":"Origin Pharma Packaging","article_publisher":"https:\/\/www.facebook.com\/originpharmapackaging","article_modified_time":"2025-05-21T08:00:44+00:00","og_image":[{"width":1707,"height":2560,"url":"https:\/\/originltd.com\/wp-content\/uploads\/2022\/06\/CP66A-scaled.jpg","type":"image\/jpeg"}],"twitter_card":"summary_large_image","twitter_site":"@originpharma","twitter_misc":{"Gesch\u00e4tzte Lesezeit":"1\u00a0Minute"},"schema":{"@context":"https:\/\/schema.org","@graph":[{"@type":"WebPage","@id":"https:\/\/originltd.com\/product\/66ml-cubopac-amber-rectangular-tablet-bottles\/","url":"https:\/\/originltd.com\/product\/66ml-cubopac-amber-rectangular-tablet-bottles\/","name":"66ml CuboPac\u2122 Bernstein Rechteckige Tablettenflaschen | Origin Pharma Packaging","isPartOf":{"@id":"https:\/\/originltd.com\/#website"},"primaryImageOfPage":{"@id":"https:\/\/originltd.com\/product\/66ml-cubopac-amber-rectangular-tablet-bottles\/#primaryimage"},"image":{"@id":"https:\/\/originltd.com\/product\/66ml-cubopac-amber-rectangular-tablet-bottles\/#primaryimage"},"thumbnailUrl":"https:\/\/originltd.com\/wp-content\/uploads\/2022\/06\/CP66A-scaled.jpg","datePublished":"2022-06-22T09:59:14+00:00","dateModified":"2025-05-21T08:00:44+00:00","description":"66ml CuboPac\u2122 bernsteinfarbene rechteckige Tablettenflaschen sind bei Origin, dem Gro\u00dflieferanten von Verpackungen f\u00fcr die Pharmaindustrie, erh\u00e4ltlich. Bestellen Sie ein Muster oder kontaktieren Sie uns f\u00fcr weitere Informationen.","breadcrumb":{"@id":"https:\/\/originltd.com\/product\/66ml-cubopac-amber-rectangular-tablet-bottles\/#breadcrumb"},"inLanguage":"de","potentialAction":[{"@type":"ReadAction","target":["https:\/\/originltd.com\/product\/66ml-cubopac-amber-rectangular-tablet-bottles\/"]}]},{"@type":"ImageObject","inLanguage":"de","@id":"https:\/\/originltd.com\/product\/66ml-cubopac-amber-rectangular-tablet-bottles\/#primaryimage","url":"https:\/\/originltd.com\/wp-content\/uploads\/2022\/06\/CP66A-scaled.jpg","contentUrl":"https:\/\/originltd.com\/wp-content\/uploads\/2022\/06\/CP66A-scaled.jpg","width":1707,"height":2560,"caption":"CP66A"},{"@type":"BreadcrumbList","@id":"https:\/\/originltd.com\/product\/66ml-cubopac-amber-rectangular-tablet-bottles\/#breadcrumb","itemListElement":[{"@type":"ListItem","position":1,"name":"Home","item":"https:\/\/originltd.com\/"},{"@type":"ListItem","position":2,"name":"Pharmaceutical Packaging Products","item":"https:\/\/originltd.com\/pharmaceutical-packaging\/"},{"@type":"ListItem","position":3,"name":"Plastic Packaging","item":"https:\/\/originltd.com\/packaging\/plastic\/"},{"@type":"ListItem","position":4,"name":"66ml CuboPac\u2122 Amber Rectangular Tablet Bottle"}]},{"@type":"WebSite","@id":"https:\/\/originltd.com\/#website","url":"https:\/\/originltd.com\/","name":"Origin Pharma Packaging","description":"","publisher":{"@id":"https:\/\/originltd.com\/#organization"},"alternateName":"Origin Ltd.","potentialAction":[{"@type":"SearchAction","target":{"@type":"EntryPoint","urlTemplate":"https:\/\/originltd.com\/?s={search_term_string}"},"query-input":{"@type":"PropertyValueSpecification","valueRequired":true,"valueName":"search_term_string"}}],"inLanguage":"de"},{"@type":"Organization","@id":"https:\/\/originltd.com\/#organization","name":"Origin Pharma Packaging","url":"https:\/\/originltd.com\/","logo":{"@type":"ImageObject","inLanguage":"de","@id":"https:\/\/originltd.com\/#\/schema\/logo\/image\/","url":"https:\/\/originltd.com\/wp-content\/uploads\/2024\/06\/cropped-Origin-logo-For-Health-For-Life-RGB@10x.png","contentUrl":"https:\/\/originltd.com\/wp-content\/uploads\/2024\/06\/cropped-Origin-logo-For-Health-For-Life-RGB@10x.png","width":227,"height":65,"caption":"Origin Pharma Packaging"},"image":{"@id":"https:\/\/originltd.com\/#\/schema\/logo\/image\/"},"sameAs":["https:\/\/www.facebook.com\/originpharmapackaging","https:\/\/x.com\/originpharma","https:\/\/www.linkedin.com\/company\/origin-packaging-ltd\/","https:\/\/www.youtube.com\/channel\/UCOOJl3eFOiO7lJT6f5qHygA"]}]}},"_links":{"self":[{"href":"https:\/\/originltd.com\/de\/wp-json\/wp\/v2\/product\/8591","targetHints":{"allow":["GET"]}}],"collection":[{"href":"https:\/\/originltd.com\/de\/wp-json\/wp\/v2\/product"}],"about":[{"href":"https:\/\/originltd.com\/de\/wp-json\/wp\/v2\/types\/product"}],"replies":[{"embeddable":true,"href":"https:\/\/originltd.com\/de\/wp-json\/wp\/v2\/comments?post=8591"}],"wp:featuredmedia":[{"embeddable":true,"href":"https:\/\/originltd.com\/de\/wp-json\/wp\/v2\/media\/8575"}],"wp:attachment":[{"href":"https:\/\/originltd.com\/de\/wp-json\/wp\/v2\/media?parent=8591"}],"wp:term":[{"taxonomy":"product_brand","embeddable":true,"href":"https:\/\/originltd.com\/de\/wp-json\/wp\/v2\/product_brand?post=8591"},{"taxonomy":"product_cat","embeddable":true,"href":"https:\/\/originltd.com\/de\/wp-json\/wp\/v2\/product_cat?post=8591"},{"taxonomy":"product_tag","embeddable":true,"href":"https:\/\/originltd.com\/de\/wp-json\/wp\/v2\/product_tag?post=8591"}],"curies":[{"name":"wp","href":"https:\/\/api.w.org\/{rel}","templated":true}]}}