
{"id":8287,"date":"2022-05-03T14:16:51","date_gmt":"2022-05-03T13:16:51","guid":{"rendered":"https:\/\/originltd.in-beta.dev\/?post_type=product&#038;p=8287"},"modified":"2025-08-07T12:57:10","modified_gmt":"2025-08-07T11:57:10","slug":"compostable-bag","status":"publish","type":"product","link":"https:\/\/originltd.com\/de\/product\/compostable-bag\/","title":{"rendered":"Kompostierbare Tasche"},"content":{"rendered":"","protected":false},"excerpt":{"rendered":"<p><span style=\"font-weight: 400;\">Unsere Apothekentaschen sind<\/span><span style=\"font-weight: 400;\"> speziell <\/span><span style=\"font-weight: 400;\">konzipiert f\u00fcr<\/span><span style=\"font-weight: 400;\"> Medikamente, Tabletten und Pillen f\u00fcr die Abgabe in der Apotheke. Diese <\/span><a href=\"https:\/\/originltd.com\/de\/sustainability\/\"><span style=\"font-weight: 400;\">nachhaltige pharmazeutische Verpackungen<\/span><\/a><span style=\"font-weight: 400;\"> wird aus 95% auf Biobasis hergestellt <\/span><span style=\"font-weight: 400;\">Inhalt und liefert<\/span><span style=\"font-weight: 400;\"> eine vollst\u00e4ndig nutzbare <\/span><span style=\"font-weight: 400;\">kompostierbarer Pharma-Beutel<\/span><span style=\"font-weight: 400;\"> die 90% weniger Kunststoff verbraucht und damit eine der umweltfreundlichsten Taschen f\u00fcr den Apothekenbereich ist.<\/span><\/p>\n<h3><span style=\"font-weight: 400;\">Wesentliche Merkmale:<\/span><\/h3>\n<ul>\n<li style=\"font-weight: 400;\" aria-level=\"1\"><span style=\"font-weight: 400;\">Ein Zip-Lock-Mechanismus sorgt daf\u00fcr, dass das Produkt sorgf\u00e4ltig gelagert und transportiert wird\u00a0<\/span><\/li>\n<li style=\"font-weight: 400;\" aria-level=\"1\"><span style=\"font-weight: 400;\">Hergestellt aus einem nachhaltigen, kompostierbaren Material<\/span><\/li>\n<li style=\"font-weight: 400;\" aria-level=\"1\"><span style=\"font-weight: 400;\">95% biobasierter Inhalt<\/span><\/li>\n<li style=\"font-weight: 400;\" aria-level=\"1\"><span style=\"font-weight: 400;\">90% ohne Kunststoff<\/span><\/li>\n<\/ul>\n<h3><span style=\"font-weight: 400;\">Geeignete Verwendungszwecke:<\/span><\/h3>\n<ul>\n<li style=\"font-weight: 400;\" aria-level=\"1\"><span style=\"font-weight: 400;\">Sichere Abgabe von Medikamenten, Tabletten und Pillen<\/span><\/li>\n<\/ul>","protected":false},"featured_media":8119,"comment_status":"closed","ping_status":"closed","template":"","meta":{"_acf_changed":false},"product_brand":[],"product_cat":[2169,99],"product_tag":[],"class_list":{"0":"post-8287","1":"product","2":"type-product","3":"status-publish","4":"has-post-thumbnail","6":"product_cat-pharmacy-packaging","7":"product_cat-cartons-bags","9":"first","10":"instock","11":"sold-individually","12":"shipping-taxable","13":"product-type-simple"},"acf":[],"yoast_head":"<!-- This site is optimized with the Yoast SEO plugin v27.3 - https:\/\/yoast.com\/product\/yoast-seo-wordpress\/ -->\n<title>Compostable Pharmaceutical Bag | Origin Pharma Packagin<\/title>\n<meta name=\"description\" content=\"We have developed in conjunction with our partner a compostable bag with a durable zip-lock. 90% less plastic, this could be the pharmacy bag for your.\" \/>\n<meta name=\"robots\" content=\"index, follow, max-snippet:-1, max-image-preview:large, max-video-preview:-1\" \/>\n<link rel=\"canonical\" href=\"https:\/\/originltd.com\/de\/produkt\/compostable-bag\/\" \/>\n<meta property=\"og:locale\" content=\"de_DE\" \/>\n<meta property=\"og:type\" content=\"article\" \/>\n<meta property=\"og:title\" content=\"Compostable Pharmaceutical Bag | Origin Pharma Packagin\" \/>\n<meta property=\"og:description\" content=\"We have developed in conjunction with our partner a compostable bag with a durable zip-lock. 90% less plastic, this could be the pharmacy bag for your.\" \/>\n<meta property=\"og:url\" content=\"https:\/\/originltd.com\/de\/produkt\/compostable-bag\/\" \/>\n<meta property=\"og:site_name\" content=\"Origin Pharma Packaging\" \/>\n<meta property=\"article:publisher\" content=\"https:\/\/www.facebook.com\/originpharmapackaging\" \/>\n<meta property=\"article:modified_time\" content=\"2025-08-07T11:57:10+00:00\" \/>\n<meta property=\"og:image\" content=\"https:\/\/originltd.com\/wp-content\/uploads\/2022\/04\/Pharmacy-bags-all-sizes-compostable-seal-6x10-1-scaled.jpg\" \/>\n\t<meta property=\"og:image:width\" content=\"1728\" \/>\n\t<meta property=\"og:image:height\" content=\"2560\" \/>\n\t<meta property=\"og:image:type\" content=\"image\/jpeg\" \/>\n<meta name=\"twitter:card\" content=\"summary_large_image\" \/>\n<meta name=\"twitter:site\" content=\"@originpharma\" \/>\n<meta name=\"twitter:label1\" content=\"Gesch\u00e4tzte Lesezeit\" \/>\n\t<meta name=\"twitter:data1\" content=\"1\u00a0Minute\" \/>\n<script type=\"application\/ld+json\" class=\"yoast-schema-graph\">{\"@context\":\"https:\\\/\\\/schema.org\",\"@graph\":[{\"@type\":\"WebPage\",\"@id\":\"https:\\\/\\\/originltd.com\\\/product\\\/compostable-bag\\\/\",\"url\":\"https:\\\/\\\/originltd.com\\\/product\\\/compostable-bag\\\/\",\"name\":\"Compostable Pharmaceutical Bag | Origin Pharma Packagin\",\"isPartOf\":{\"@id\":\"https:\\\/\\\/originltd.com\\\/#website\"},\"primaryImageOfPage\":{\"@id\":\"https:\\\/\\\/originltd.com\\\/product\\\/compostable-bag\\\/#primaryimage\"},\"image\":{\"@id\":\"https:\\\/\\\/originltd.com\\\/product\\\/compostable-bag\\\/#primaryimage\"},\"thumbnailUrl\":\"https:\\\/\\\/originltd.com\\\/wp-content\\\/uploads\\\/2022\\\/04\\\/Pharmacy-bags-all-sizes-compostable-seal-6x10-1-scaled.jpg\",\"datePublished\":\"2022-05-03T13:16:51+00:00\",\"dateModified\":\"2025-08-07T11:57:10+00:00\",\"description\":\"We have developed in conjunction with our partner a compostable bag with a durable zip-lock. 90% less plastic, this could be the pharmacy bag for your.\",\"breadcrumb\":{\"@id\":\"https:\\\/\\\/originltd.com\\\/product\\\/compostable-bag\\\/#breadcrumb\"},\"inLanguage\":\"de\",\"potentialAction\":[{\"@type\":\"ReadAction\",\"target\":[\"https:\\\/\\\/originltd.com\\\/product\\\/compostable-bag\\\/\"]}]},{\"@type\":\"ImageObject\",\"inLanguage\":\"de\",\"@id\":\"https:\\\/\\\/originltd.com\\\/product\\\/compostable-bag\\\/#primaryimage\",\"url\":\"https:\\\/\\\/originltd.com\\\/wp-content\\\/uploads\\\/2022\\\/04\\\/Pharmacy-bags-all-sizes-compostable-seal-6x10-1-scaled.jpg\",\"contentUrl\":\"https:\\\/\\\/originltd.com\\\/wp-content\\\/uploads\\\/2022\\\/04\\\/Pharmacy-bags-all-sizes-compostable-seal-6x10-1-scaled.jpg\",\"width\":1728,\"height\":2560,\"caption\":\"Pharmacy bags all sizes compostable seal\"},{\"@type\":\"BreadcrumbList\",\"@id\":\"https:\\\/\\\/originltd.com\\\/product\\\/compostable-bag\\\/#breadcrumb\",\"itemListElement\":[{\"@type\":\"ListItem\",\"position\":1,\"name\":\"Home\",\"item\":\"https:\\\/\\\/originltd.com\\\/\"},{\"@type\":\"ListItem\",\"position\":2,\"name\":\"Pharmaceutical Packaging Products\",\"item\":\"https:\\\/\\\/originltd.com\\\/pharmaceutical-packaging\\\/\"},{\"@type\":\"ListItem\",\"position\":3,\"name\":\"Pharmacy Packaging\",\"item\":\"https:\\\/\\\/originltd.com\\\/packaging\\\/pharmacy-packaging\\\/\"},{\"@type\":\"ListItem\",\"position\":4,\"name\":\"Compostable Bag\"}]},{\"@type\":\"WebSite\",\"@id\":\"https:\\\/\\\/originltd.com\\\/#website\",\"url\":\"https:\\\/\\\/originltd.com\\\/\",\"name\":\"Origin Pharma Packaging\",\"description\":\"\",\"publisher\":{\"@id\":\"https:\\\/\\\/originltd.com\\\/#organization\"},\"alternateName\":\"Origin Ltd.\",\"potentialAction\":[{\"@type\":\"SearchAction\",\"target\":{\"@type\":\"EntryPoint\",\"urlTemplate\":\"https:\\\/\\\/originltd.com\\\/?s={search_term_string}\"},\"query-input\":{\"@type\":\"PropertyValueSpecification\",\"valueRequired\":true,\"valueName\":\"search_term_string\"}}],\"inLanguage\":\"de\"},{\"@type\":\"Organization\",\"@id\":\"https:\\\/\\\/originltd.com\\\/#organization\",\"name\":\"Origin Pharma Packaging\",\"url\":\"https:\\\/\\\/originltd.com\\\/\",\"logo\":{\"@type\":\"ImageObject\",\"inLanguage\":\"de\",\"@id\":\"https:\\\/\\\/originltd.com\\\/#\\\/schema\\\/logo\\\/image\\\/\",\"url\":\"https:\\\/\\\/originltd.com\\\/wp-content\\\/uploads\\\/2024\\\/06\\\/cropped-Origin-logo-For-Health-For-Life-RGB@10x.png\",\"contentUrl\":\"https:\\\/\\\/originltd.com\\\/wp-content\\\/uploads\\\/2024\\\/06\\\/cropped-Origin-logo-For-Health-For-Life-RGB@10x.png\",\"width\":227,\"height\":65,\"caption\":\"Origin Pharma Packaging\"},\"image\":{\"@id\":\"https:\\\/\\\/originltd.com\\\/#\\\/schema\\\/logo\\\/image\\\/\"},\"sameAs\":[\"https:\\\/\\\/www.facebook.com\\\/originpharmapackaging\",\"https:\\\/\\\/x.com\\\/originpharma\",\"https:\\\/\\\/www.linkedin.com\\\/company\\\/origin-packaging-ltd\\\/\",\"https:\\\/\\\/www.youtube.com\\\/channel\\\/UCOOJl3eFOiO7lJT6f5qHygA\"]}]}<\/script>\n<!-- \/ Yoast SEO plugin. -->","yoast_head_json":{"title":"Kompostierbare Pharmazeutische Beutel | Origin Pharma Packagin","description":"Wir haben in Zusammenarbeit mit unserem Partner einen kompostierbaren Beutel mit einem haltbaren Rei\u00dfverschluss entwickelt. 90% weniger Kunststoff, k\u00f6nnte dies die Apotheke Tasche f\u00fcr Ihre sein.","robots":{"index":"index","follow":"follow","max-snippet":"max-snippet:-1","max-image-preview":"max-image-preview:large","max-video-preview":"max-video-preview:-1"},"canonical":"https:\/\/originltd.com\/de\/produkt\/compostable-bag\/","og_locale":"de_DE","og_type":"article","og_title":"Compostable Pharmaceutical Bag | Origin Pharma Packagin","og_description":"We have developed in conjunction with our partner a compostable bag with a durable zip-lock. 90% less plastic, this could be the pharmacy bag for your.","og_url":"https:\/\/originltd.com\/de\/produkt\/compostable-bag\/","og_site_name":"Origin Pharma Packaging","article_publisher":"https:\/\/www.facebook.com\/originpharmapackaging","article_modified_time":"2025-08-07T11:57:10+00:00","og_image":[{"width":1728,"height":2560,"url":"https:\/\/originltd.com\/wp-content\/uploads\/2022\/04\/Pharmacy-bags-all-sizes-compostable-seal-6x10-1-scaled.jpg","type":"image\/jpeg"}],"twitter_card":"summary_large_image","twitter_site":"@originpharma","twitter_misc":{"Gesch\u00e4tzte Lesezeit":"1\u00a0Minute"},"schema":{"@context":"https:\/\/schema.org","@graph":[{"@type":"WebPage","@id":"https:\/\/originltd.com\/product\/compostable-bag\/","url":"https:\/\/originltd.com\/product\/compostable-bag\/","name":"Kompostierbare Pharmazeutische Beutel | Origin Pharma Packagin","isPartOf":{"@id":"https:\/\/originltd.com\/#website"},"primaryImageOfPage":{"@id":"https:\/\/originltd.com\/product\/compostable-bag\/#primaryimage"},"image":{"@id":"https:\/\/originltd.com\/product\/compostable-bag\/#primaryimage"},"thumbnailUrl":"https:\/\/originltd.com\/wp-content\/uploads\/2022\/04\/Pharmacy-bags-all-sizes-compostable-seal-6x10-1-scaled.jpg","datePublished":"2022-05-03T13:16:51+00:00","dateModified":"2025-08-07T11:57:10+00:00","description":"Wir haben in Zusammenarbeit mit unserem Partner einen kompostierbaren Beutel mit einem haltbaren Rei\u00dfverschluss entwickelt. 90% weniger Kunststoff, k\u00f6nnte dies die Apotheke Tasche f\u00fcr Ihre sein.","breadcrumb":{"@id":"https:\/\/originltd.com\/product\/compostable-bag\/#breadcrumb"},"inLanguage":"de","potentialAction":[{"@type":"ReadAction","target":["https:\/\/originltd.com\/product\/compostable-bag\/"]}]},{"@type":"ImageObject","inLanguage":"de","@id":"https:\/\/originltd.com\/product\/compostable-bag\/#primaryimage","url":"https:\/\/originltd.com\/wp-content\/uploads\/2022\/04\/Pharmacy-bags-all-sizes-compostable-seal-6x10-1-scaled.jpg","contentUrl":"https:\/\/originltd.com\/wp-content\/uploads\/2022\/04\/Pharmacy-bags-all-sizes-compostable-seal-6x10-1-scaled.jpg","width":1728,"height":2560,"caption":"Pharmacy bags all sizes compostable seal"},{"@type":"BreadcrumbList","@id":"https:\/\/originltd.com\/product\/compostable-bag\/#breadcrumb","itemListElement":[{"@type":"ListItem","position":1,"name":"Home","item":"https:\/\/originltd.com\/"},{"@type":"ListItem","position":2,"name":"Pharmaceutical Packaging Products","item":"https:\/\/originltd.com\/pharmaceutical-packaging\/"},{"@type":"ListItem","position":3,"name":"Pharmacy Packaging","item":"https:\/\/originltd.com\/packaging\/pharmacy-packaging\/"},{"@type":"ListItem","position":4,"name":"Compostable Bag"}]},{"@type":"WebSite","@id":"https:\/\/originltd.com\/#website","url":"https:\/\/originltd.com\/","name":"Origin Pharma Packaging","description":"","publisher":{"@id":"https:\/\/originltd.com\/#organization"},"alternateName":"Origin Ltd.","potentialAction":[{"@type":"SearchAction","target":{"@type":"EntryPoint","urlTemplate":"https:\/\/originltd.com\/?s={search_term_string}"},"query-input":{"@type":"PropertyValueSpecification","valueRequired":true,"valueName":"search_term_string"}}],"inLanguage":"de"},{"@type":"Organization","@id":"https:\/\/originltd.com\/#organization","name":"Origin Pharma Packaging","url":"https:\/\/originltd.com\/","logo":{"@type":"ImageObject","inLanguage":"de","@id":"https:\/\/originltd.com\/#\/schema\/logo\/image\/","url":"https:\/\/originltd.com\/wp-content\/uploads\/2024\/06\/cropped-Origin-logo-For-Health-For-Life-RGB@10x.png","contentUrl":"https:\/\/originltd.com\/wp-content\/uploads\/2024\/06\/cropped-Origin-logo-For-Health-For-Life-RGB@10x.png","width":227,"height":65,"caption":"Origin Pharma Packaging"},"image":{"@id":"https:\/\/originltd.com\/#\/schema\/logo\/image\/"},"sameAs":["https:\/\/www.facebook.com\/originpharmapackaging","https:\/\/x.com\/originpharma","https:\/\/www.linkedin.com\/company\/origin-packaging-ltd\/","https:\/\/www.youtube.com\/channel\/UCOOJl3eFOiO7lJT6f5qHygA"]}]}},"_links":{"self":[{"href":"https:\/\/originltd.com\/de\/wp-json\/wp\/v2\/product\/8287","targetHints":{"allow":["GET"]}}],"collection":[{"href":"https:\/\/originltd.com\/de\/wp-json\/wp\/v2\/product"}],"about":[{"href":"https:\/\/originltd.com\/de\/wp-json\/wp\/v2\/types\/product"}],"replies":[{"embeddable":true,"href":"https:\/\/originltd.com\/de\/wp-json\/wp\/v2\/comments?post=8287"}],"wp:featuredmedia":[{"embeddable":true,"href":"https:\/\/originltd.com\/de\/wp-json\/wp\/v2\/media\/8119"}],"wp:attachment":[{"href":"https:\/\/originltd.com\/de\/wp-json\/wp\/v2\/media?parent=8287"}],"wp:term":[{"taxonomy":"product_brand","embeddable":true,"href":"https:\/\/originltd.com\/de\/wp-json\/wp\/v2\/product_brand?post=8287"},{"taxonomy":"product_cat","embeddable":true,"href":"https:\/\/originltd.com\/de\/wp-json\/wp\/v2\/product_cat?post=8287"},{"taxonomy":"product_tag","embeddable":true,"href":"https:\/\/originltd.com\/de\/wp-json\/wp\/v2\/product_tag?post=8287"}],"curies":[{"name":"wp","href":"https:\/\/api.w.org\/{rel}","templated":true}]}}