
{"id":7202,"date":"2021-06-14T14:26:17","date_gmt":"2021-06-14T13:26:17","guid":{"rendered":"https:\/\/originltd.in-beta.dev\/?post_type=product&#038;p=7202"},"modified":"2024-04-24T14:40:48","modified_gmt":"2024-04-24T13:40:48","slug":"250-2000ml-drug-denaturing-kits","status":"publish","type":"product","link":"https:\/\/originltd.com\/de\/product\/250-2000ml-drug-denaturing-kits\/","title":{"rendered":"250ml-2000ml Kits zur Denaturierung von Arzneimitteln"},"content":{"rendered":"","protected":false},"excerpt":{"rendered":"<p>Entspricht den Verordnungen \u00fcber Drogenmi\u00dfbrauch 1985 (ge\u00e4nderte Fassung).<\/p>\n<p>Dieses Einweg-Set ist ab Lager in Gro\u00dfbritannien in den folgenden Gr\u00f6\u00dfen erh\u00e4ltlich:<\/p>\n<ul>\n<li>250 ml<\/li>\n<li>1000 ml<\/li>\n<li>2000 ml<\/li>\n<\/ul>","protected":false},"featured_media":7204,"comment_status":"closed","ping_status":"closed","template":"","meta":{"_acf_changed":false},"product_brand":[],"product_cat":[2169],"product_tag":[],"class_list":{"0":"post-7202","1":"product","2":"type-product","3":"status-publish","4":"has-post-thumbnail","6":"product_cat-pharmacy-packaging","8":"first","9":"instock","10":"sold-individually","11":"shipping-taxable","12":"product-type-simple"},"acf":[],"yoast_head":"<!-- This site is optimized with the Yoast SEO plugin v27.3 - https:\/\/yoast.com\/product\/yoast-seo-wordpress\/ -->\n<title>250ml-2000ml Drug Denaturing Kits | Origin Pharma Packaging<\/title>\n<meta name=\"description\" content=\"Drug denaturing kits from UK stock in compliance with Misuse of Drugs Regulations (1985). Origin supply wholesale pharmaceutical packaging.\" \/>\n<meta name=\"robots\" content=\"index, follow, max-snippet:-1, max-image-preview:large, max-video-preview:-1\" \/>\n<link rel=\"canonical\" href=\"https:\/\/originltd.com\/de\/produkt\/250-2000ml-drug-denaturing-kits\/\" \/>\n<meta property=\"og:locale\" content=\"de_DE\" \/>\n<meta property=\"og:type\" content=\"article\" \/>\n<meta property=\"og:title\" content=\"250ml-2000ml Drug Denaturing Kits | Origin Pharma Packaging\" \/>\n<meta property=\"og:description\" content=\"Drug denaturing kits from UK stock in compliance with Misuse of Drugs Regulations (1985). Origin supply wholesale pharmaceutical packaging.\" \/>\n<meta property=\"og:url\" content=\"https:\/\/originltd.com\/de\/produkt\/250-2000ml-drug-denaturing-kits\/\" \/>\n<meta property=\"og:site_name\" content=\"Origin Pharma Packaging\" \/>\n<meta property=\"article:publisher\" content=\"https:\/\/www.facebook.com\/originpharmapackaging\" \/>\n<meta property=\"article:modified_time\" content=\"2024-04-24T13:40:48+00:00\" \/>\n<meta property=\"og:image\" content=\"https:\/\/originltd.com\/wp-content\/uploads\/2021\/06\/controlled-drug-denaturing-kit-1000ml-scaled.jpg\" \/>\n\t<meta property=\"og:image:width\" content=\"1706\" \/>\n\t<meta property=\"og:image:height\" content=\"2560\" \/>\n\t<meta property=\"og:image:type\" content=\"image\/jpeg\" \/>\n<meta name=\"twitter:card\" content=\"summary_large_image\" \/>\n<meta name=\"twitter:site\" content=\"@originpharma\" \/>\n<meta name=\"twitter:label1\" content=\"Gesch\u00e4tzte Lesezeit\" \/>\n\t<meta name=\"twitter:data1\" content=\"1\u00a0Minute\" \/>\n<script type=\"application\/ld+json\" class=\"yoast-schema-graph\">{\"@context\":\"https:\\\/\\\/schema.org\",\"@graph\":[{\"@type\":\"WebPage\",\"@id\":\"https:\\\/\\\/originltd.com\\\/product\\\/250-2000ml-drug-denaturing-kits\\\/\",\"url\":\"https:\\\/\\\/originltd.com\\\/product\\\/250-2000ml-drug-denaturing-kits\\\/\",\"name\":\"250ml-2000ml Drug Denaturing Kits | Origin Pharma Packaging\",\"isPartOf\":{\"@id\":\"https:\\\/\\\/originltd.com\\\/#website\"},\"primaryImageOfPage\":{\"@id\":\"https:\\\/\\\/originltd.com\\\/product\\\/250-2000ml-drug-denaturing-kits\\\/#primaryimage\"},\"image\":{\"@id\":\"https:\\\/\\\/originltd.com\\\/product\\\/250-2000ml-drug-denaturing-kits\\\/#primaryimage\"},\"thumbnailUrl\":\"https:\\\/\\\/originltd.com\\\/wp-content\\\/uploads\\\/2021\\\/06\\\/controlled-drug-denaturing-kit-1000ml-scaled.jpg\",\"datePublished\":\"2021-06-14T13:26:17+00:00\",\"dateModified\":\"2024-04-24T13:40:48+00:00\",\"description\":\"Drug denaturing kits from UK stock in compliance with Misuse of Drugs Regulations (1985). Origin supply wholesale pharmaceutical packaging.\",\"breadcrumb\":{\"@id\":\"https:\\\/\\\/originltd.com\\\/product\\\/250-2000ml-drug-denaturing-kits\\\/#breadcrumb\"},\"inLanguage\":\"de\",\"potentialAction\":[{\"@type\":\"ReadAction\",\"target\":[\"https:\\\/\\\/originltd.com\\\/product\\\/250-2000ml-drug-denaturing-kits\\\/\"]}]},{\"@type\":\"ImageObject\",\"inLanguage\":\"de\",\"@id\":\"https:\\\/\\\/originltd.com\\\/product\\\/250-2000ml-drug-denaturing-kits\\\/#primaryimage\",\"url\":\"https:\\\/\\\/originltd.com\\\/wp-content\\\/uploads\\\/2021\\\/06\\\/controlled-drug-denaturing-kit-1000ml-scaled.jpg\",\"contentUrl\":\"https:\\\/\\\/originltd.com\\\/wp-content\\\/uploads\\\/2021\\\/06\\\/controlled-drug-denaturing-kit-1000ml-scaled.jpg\",\"width\":1706,\"height\":2560,\"caption\":\"controlled-drug-denaturing-kit-1000ml\"},{\"@type\":\"BreadcrumbList\",\"@id\":\"https:\\\/\\\/originltd.com\\\/product\\\/250-2000ml-drug-denaturing-kits\\\/#breadcrumb\",\"itemListElement\":[{\"@type\":\"ListItem\",\"position\":1,\"name\":\"Home\",\"item\":\"https:\\\/\\\/originltd.com\\\/\"},{\"@type\":\"ListItem\",\"position\":2,\"name\":\"Pharmaceutical Packaging Products\",\"item\":\"https:\\\/\\\/originltd.com\\\/pharmaceutical-packaging\\\/\"},{\"@type\":\"ListItem\",\"position\":3,\"name\":\"Pharmacy Packaging\",\"item\":\"https:\\\/\\\/originltd.com\\\/packaging\\\/pharmacy-packaging\\\/\"},{\"@type\":\"ListItem\",\"position\":4,\"name\":\"250ml-2000ml Drug Denaturing Kits\"}]},{\"@type\":\"WebSite\",\"@id\":\"https:\\\/\\\/originltd.com\\\/#website\",\"url\":\"https:\\\/\\\/originltd.com\\\/\",\"name\":\"Origin Pharma Packaging\",\"description\":\"\",\"publisher\":{\"@id\":\"https:\\\/\\\/originltd.com\\\/#organization\"},\"alternateName\":\"Origin Ltd.\",\"potentialAction\":[{\"@type\":\"SearchAction\",\"target\":{\"@type\":\"EntryPoint\",\"urlTemplate\":\"https:\\\/\\\/originltd.com\\\/?s={search_term_string}\"},\"query-input\":{\"@type\":\"PropertyValueSpecification\",\"valueRequired\":true,\"valueName\":\"search_term_string\"}}],\"inLanguage\":\"de\"},{\"@type\":\"Organization\",\"@id\":\"https:\\\/\\\/originltd.com\\\/#organization\",\"name\":\"Origin Pharma Packaging\",\"url\":\"https:\\\/\\\/originltd.com\\\/\",\"logo\":{\"@type\":\"ImageObject\",\"inLanguage\":\"de\",\"@id\":\"https:\\\/\\\/originltd.com\\\/#\\\/schema\\\/logo\\\/image\\\/\",\"url\":\"https:\\\/\\\/originltd.com\\\/wp-content\\\/uploads\\\/2024\\\/06\\\/cropped-Origin-logo-For-Health-For-Life-RGB@10x.png\",\"contentUrl\":\"https:\\\/\\\/originltd.com\\\/wp-content\\\/uploads\\\/2024\\\/06\\\/cropped-Origin-logo-For-Health-For-Life-RGB@10x.png\",\"width\":227,\"height\":65,\"caption\":\"Origin Pharma Packaging\"},\"image\":{\"@id\":\"https:\\\/\\\/originltd.com\\\/#\\\/schema\\\/logo\\\/image\\\/\"},\"sameAs\":[\"https:\\\/\\\/www.facebook.com\\\/originpharmapackaging\",\"https:\\\/\\\/x.com\\\/originpharma\",\"https:\\\/\\\/www.linkedin.com\\\/company\\\/origin-packaging-ltd\\\/\",\"https:\\\/\\\/www.youtube.com\\\/channel\\\/UCOOJl3eFOiO7lJT6f5qHygA\"]}]}<\/script>\n<!-- \/ Yoast SEO plugin. -->","yoast_head_json":{"title":"250ml-2000ml Medikamentenverg\u00e4llungs-Kits | Origin Pharma Packaging","description":"Denaturierungskits f\u00fcr Arzneimittel aus dem Vereinigten K\u00f6nigreich gem\u00e4\u00df den Vorschriften \u00fcber den Missbrauch von Arzneimitteln (1985). Origin liefern Gro\u00dfhandel pharmazeutische Verpackungen.","robots":{"index":"index","follow":"follow","max-snippet":"max-snippet:-1","max-image-preview":"max-image-preview:large","max-video-preview":"max-video-preview:-1"},"canonical":"https:\/\/originltd.com\/de\/produkt\/250-2000ml-drug-denaturing-kits\/","og_locale":"de_DE","og_type":"article","og_title":"250ml-2000ml Drug Denaturing Kits | Origin Pharma Packaging","og_description":"Drug denaturing kits from UK stock in compliance with Misuse of Drugs Regulations (1985). Origin supply wholesale pharmaceutical packaging.","og_url":"https:\/\/originltd.com\/de\/produkt\/250-2000ml-drug-denaturing-kits\/","og_site_name":"Origin Pharma Packaging","article_publisher":"https:\/\/www.facebook.com\/originpharmapackaging","article_modified_time":"2024-04-24T13:40:48+00:00","og_image":[{"width":1706,"height":2560,"url":"https:\/\/originltd.com\/wp-content\/uploads\/2021\/06\/controlled-drug-denaturing-kit-1000ml-scaled.jpg","type":"image\/jpeg"}],"twitter_card":"summary_large_image","twitter_site":"@originpharma","twitter_misc":{"Gesch\u00e4tzte Lesezeit":"1\u00a0Minute"},"schema":{"@context":"https:\/\/schema.org","@graph":[{"@type":"WebPage","@id":"https:\/\/originltd.com\/product\/250-2000ml-drug-denaturing-kits\/","url":"https:\/\/originltd.com\/product\/250-2000ml-drug-denaturing-kits\/","name":"250ml-2000ml Medikamentenverg\u00e4llungs-Kits | Origin Pharma Packaging","isPartOf":{"@id":"https:\/\/originltd.com\/#website"},"primaryImageOfPage":{"@id":"https:\/\/originltd.com\/product\/250-2000ml-drug-denaturing-kits\/#primaryimage"},"image":{"@id":"https:\/\/originltd.com\/product\/250-2000ml-drug-denaturing-kits\/#primaryimage"},"thumbnailUrl":"https:\/\/originltd.com\/wp-content\/uploads\/2021\/06\/controlled-drug-denaturing-kit-1000ml-scaled.jpg","datePublished":"2021-06-14T13:26:17+00:00","dateModified":"2024-04-24T13:40:48+00:00","description":"Denaturierungskits f\u00fcr Arzneimittel aus dem Vereinigten K\u00f6nigreich gem\u00e4\u00df den Vorschriften \u00fcber den Missbrauch von Arzneimitteln (1985). Origin liefern Gro\u00dfhandel pharmazeutische Verpackungen.","breadcrumb":{"@id":"https:\/\/originltd.com\/product\/250-2000ml-drug-denaturing-kits\/#breadcrumb"},"inLanguage":"de","potentialAction":[{"@type":"ReadAction","target":["https:\/\/originltd.com\/product\/250-2000ml-drug-denaturing-kits\/"]}]},{"@type":"ImageObject","inLanguage":"de","@id":"https:\/\/originltd.com\/product\/250-2000ml-drug-denaturing-kits\/#primaryimage","url":"https:\/\/originltd.com\/wp-content\/uploads\/2021\/06\/controlled-drug-denaturing-kit-1000ml-scaled.jpg","contentUrl":"https:\/\/originltd.com\/wp-content\/uploads\/2021\/06\/controlled-drug-denaturing-kit-1000ml-scaled.jpg","width":1706,"height":2560,"caption":"controlled-drug-denaturing-kit-1000ml"},{"@type":"BreadcrumbList","@id":"https:\/\/originltd.com\/product\/250-2000ml-drug-denaturing-kits\/#breadcrumb","itemListElement":[{"@type":"ListItem","position":1,"name":"Home","item":"https:\/\/originltd.com\/"},{"@type":"ListItem","position":2,"name":"Pharmaceutical Packaging Products","item":"https:\/\/originltd.com\/pharmaceutical-packaging\/"},{"@type":"ListItem","position":3,"name":"Pharmacy Packaging","item":"https:\/\/originltd.com\/packaging\/pharmacy-packaging\/"},{"@type":"ListItem","position":4,"name":"250ml-2000ml Drug Denaturing Kits"}]},{"@type":"WebSite","@id":"https:\/\/originltd.com\/#website","url":"https:\/\/originltd.com\/","name":"Origin Pharma Packaging","description":"","publisher":{"@id":"https:\/\/originltd.com\/#organization"},"alternateName":"Origin Ltd.","potentialAction":[{"@type":"SearchAction","target":{"@type":"EntryPoint","urlTemplate":"https:\/\/originltd.com\/?s={search_term_string}"},"query-input":{"@type":"PropertyValueSpecification","valueRequired":true,"valueName":"search_term_string"}}],"inLanguage":"de"},{"@type":"Organization","@id":"https:\/\/originltd.com\/#organization","name":"Origin Pharma Packaging","url":"https:\/\/originltd.com\/","logo":{"@type":"ImageObject","inLanguage":"de","@id":"https:\/\/originltd.com\/#\/schema\/logo\/image\/","url":"https:\/\/originltd.com\/wp-content\/uploads\/2024\/06\/cropped-Origin-logo-For-Health-For-Life-RGB@10x.png","contentUrl":"https:\/\/originltd.com\/wp-content\/uploads\/2024\/06\/cropped-Origin-logo-For-Health-For-Life-RGB@10x.png","width":227,"height":65,"caption":"Origin Pharma Packaging"},"image":{"@id":"https:\/\/originltd.com\/#\/schema\/logo\/image\/"},"sameAs":["https:\/\/www.facebook.com\/originpharmapackaging","https:\/\/x.com\/originpharma","https:\/\/www.linkedin.com\/company\/origin-packaging-ltd\/","https:\/\/www.youtube.com\/channel\/UCOOJl3eFOiO7lJT6f5qHygA"]}]}},"_links":{"self":[{"href":"https:\/\/originltd.com\/de\/wp-json\/wp\/v2\/product\/7202","targetHints":{"allow":["GET"]}}],"collection":[{"href":"https:\/\/originltd.com\/de\/wp-json\/wp\/v2\/product"}],"about":[{"href":"https:\/\/originltd.com\/de\/wp-json\/wp\/v2\/types\/product"}],"replies":[{"embeddable":true,"href":"https:\/\/originltd.com\/de\/wp-json\/wp\/v2\/comments?post=7202"}],"wp:featuredmedia":[{"embeddable":true,"href":"https:\/\/originltd.com\/de\/wp-json\/wp\/v2\/media\/7204"}],"wp:attachment":[{"href":"https:\/\/originltd.com\/de\/wp-json\/wp\/v2\/media?parent=7202"}],"wp:term":[{"taxonomy":"product_brand","embeddable":true,"href":"https:\/\/originltd.com\/de\/wp-json\/wp\/v2\/product_brand?post=7202"},{"taxonomy":"product_cat","embeddable":true,"href":"https:\/\/originltd.com\/de\/wp-json\/wp\/v2\/product_cat?post=7202"},{"taxonomy":"product_tag","embeddable":true,"href":"https:\/\/originltd.com\/de\/wp-json\/wp\/v2\/product_tag?post=7202"}],"curies":[{"name":"wp","href":"https:\/\/api.w.org\/{rel}","templated":true}]}}