{"id":6712,"date":"2021-03-12T11:51:24","date_gmt":"2021-03-12T11:51:24","guid":{"rendered":"https:\/\/originltd.in-beta.dev\/?post_type=product&#038;p=6712"},"modified":"2024-01-29T11:03:06","modified_gmt":"2024-01-29T11:03:06","slug":"recycled-paper-prescription-bags","status":"publish","type":"product","link":"https:\/\/originltd.com\/de\/product\/recycled-paper-prescription-bags\/","title":{"rendered":"Rezepttasche aus recyceltem Papier"},"content":{"rendered":"","protected":false},"excerpt":{"rendered":"<p>Unsere Verpackungsdesigner haben eine braune T\u00fcte entworfen, die vollst\u00e4ndig aus recyceltem Material besteht und kein neues wei\u00dfes Kraftpapier ben\u00f6tigt. Sie ist stabil, professionell, vollst\u00e4ndig recycelbar und biologisch abbaubar sowie erfahrungsgem\u00e4\u00df f\u00fcr Apotheken kosteng\u00fcnstig. Leisten Sie ganz einfach Ihren Beitrag zum globalen Streben nach \u00f6kologischer Nachhaltigkeit und nach einer besseren Welt f\u00fcr unsere Kinder.<\/p>\n<p>Durch den Umstieg auf unsere umweltfreundlichen Apothekent\u00fcten k\u00f6nnen Sie Ihre gr\u00fcne Strategie mit einem Schritt erheblich verbessern. Die T\u00fcten bestehen zu 100 % aus recyceltem Material und sind nach Verwendung zu 100 % recycelbar. Wir hoffen, dass Sie sich uns anschlie\u00dfen und auf braun umsteigen.<\/p>\n<p>Papiert\u00fcten f\u00fcr verschreibungspflichtige Medikamente sind in kleineren Mengen verpackt und lassen sich leicht verteilen. Patientenwarnungen sind auf der R\u00fcckseite aufgedruckt.<\/p>","protected":false},"featured_media":7245,"comment_status":"closed","ping_status":"closed","template":"","meta":{"_acf_changed":false},"product_brand":[],"product_cat":[2169,99],"product_tag":[2165,2166,2164],"class_list":{"0":"post-6712","1":"product","2":"type-product","3":"status-publish","4":"has-post-thumbnail","6":"product_cat-pharmacy-packaging","7":"product_cat-cartons-bags","8":"product_tag-paper","9":"product_tag-prescription","10":"product_tag-recycled","12":"first","13":"instock","14":"sold-individually","15":"shipping-taxable","16":"product-type-simple"},"acf":[],"yoast_head":"<!-- This site is optimized with the Yoast SEO plugin v27.5 - https:\/\/yoast.com\/product\/yoast-seo-wordpress\/ -->\n<title>Recycled Paper Prescription Bag | Origin Pharma Packaging<\/title>\n<meta name=\"description\" content=\"Origin supply wholesale prescription bags made from 100% recycled content supporting sustainability for the environment.\" \/>\n<meta name=\"robots\" content=\"index, follow, max-snippet:-1, max-image-preview:large, max-video-preview:-1\" \/>\n<link rel=\"canonical\" href=\"https:\/\/originltd.com\/de\/produkt\/recycled-paper-prescription-bags\/\" \/>\n<meta property=\"og:locale\" content=\"de_DE\" \/>\n<meta property=\"og:type\" content=\"article\" \/>\n<meta property=\"og:title\" content=\"Recycled Paper Prescription Bag | Origin Pharma Packaging\" \/>\n<meta property=\"og:description\" content=\"Origin supply wholesale prescription bags made from 100% recycled content supporting sustainability for the environment.\" \/>\n<meta property=\"og:url\" content=\"https:\/\/originltd.com\/de\/produkt\/recycled-paper-prescription-bags\/\" \/>\n<meta property=\"og:site_name\" content=\"Origin Pharma Packaging\" \/>\n<meta property=\"article:publisher\" content=\"https:\/\/www.facebook.com\/originpharmapackaging\" \/>\n<meta property=\"article:modified_time\" content=\"2024-01-29T11:03:06+00:00\" \/>\n<meta property=\"og:image\" content=\"https:\/\/originltd.com\/wp-content\/uploads\/2021\/03\/prescription-bags.jpg\" \/>\n\t<meta property=\"og:image:width\" content=\"1707\" \/>\n\t<meta property=\"og:image:height\" content=\"2560\" \/>\n\t<meta property=\"og:image:type\" content=\"image\/jpeg\" \/>\n<meta name=\"twitter:card\" content=\"summary_large_image\" \/>\n<meta name=\"twitter:site\" content=\"@originpharma\" \/>\n<meta name=\"twitter:label1\" content=\"Gesch\u00e4tzte Lesezeit\" \/>\n\t<meta name=\"twitter:data1\" content=\"1\u00a0Minute\" \/>\n<script type=\"application\/ld+json\" class=\"yoast-schema-graph\">{\"@context\":\"https:\\\/\\\/schema.org\",\"@graph\":[{\"@type\":\"WebPage\",\"@id\":\"https:\\\/\\\/originltd.com\\\/product\\\/recycled-paper-prescription-bags\\\/\",\"url\":\"https:\\\/\\\/originltd.com\\\/product\\\/recycled-paper-prescription-bags\\\/\",\"name\":\"Recycled Paper Prescription Bag | Origin Pharma Packaging\",\"isPartOf\":{\"@id\":\"https:\\\/\\\/originltd.com\\\/#website\"},\"primaryImageOfPage\":{\"@id\":\"https:\\\/\\\/originltd.com\\\/product\\\/recycled-paper-prescription-bags\\\/#primaryimage\"},\"image\":{\"@id\":\"https:\\\/\\\/originltd.com\\\/product\\\/recycled-paper-prescription-bags\\\/#primaryimage\"},\"thumbnailUrl\":\"https:\\\/\\\/originltd.com\\\/wp-content\\\/uploads\\\/2021\\\/03\\\/prescription-bags.jpg\",\"datePublished\":\"2021-03-12T11:51:24+00:00\",\"dateModified\":\"2024-01-29T11:03:06+00:00\",\"description\":\"Origin supply wholesale prescription bags made from 100% recycled content supporting sustainability for the environment.\",\"breadcrumb\":{\"@id\":\"https:\\\/\\\/originltd.com\\\/product\\\/recycled-paper-prescription-bags\\\/#breadcrumb\"},\"inLanguage\":\"de\",\"potentialAction\":[{\"@type\":\"ReadAction\",\"target\":[\"https:\\\/\\\/originltd.com\\\/product\\\/recycled-paper-prescription-bags\\\/\"]}]},{\"@type\":\"ImageObject\",\"inLanguage\":\"de\",\"@id\":\"https:\\\/\\\/originltd.com\\\/product\\\/recycled-paper-prescription-bags\\\/#primaryimage\",\"url\":\"https:\\\/\\\/originltd.com\\\/wp-content\\\/uploads\\\/2021\\\/03\\\/prescription-bags.jpg\",\"contentUrl\":\"https:\\\/\\\/originltd.com\\\/wp-content\\\/uploads\\\/2021\\\/03\\\/prescription-bags.jpg\",\"width\":1707,\"height\":2560,\"caption\":\"Recycled Paper Prescription Bag\"},{\"@type\":\"BreadcrumbList\",\"@id\":\"https:\\\/\\\/originltd.com\\\/product\\\/recycled-paper-prescription-bags\\\/#breadcrumb\",\"itemListElement\":[{\"@type\":\"ListItem\",\"position\":1,\"name\":\"Home\",\"item\":\"https:\\\/\\\/originltd.com\\\/\"},{\"@type\":\"ListItem\",\"position\":2,\"name\":\"Pharmaceutical Packaging Products\",\"item\":\"https:\\\/\\\/originltd.com\\\/pharmaceutical-packaging\\\/\"},{\"@type\":\"ListItem\",\"position\":3,\"name\":\"Pharmacy Packaging\",\"item\":\"https:\\\/\\\/originltd.com\\\/packaging\\\/pharmacy-packaging\\\/\"},{\"@type\":\"ListItem\",\"position\":4,\"name\":\"Recycled Paper Prescription Bag\"}]},{\"@type\":\"WebSite\",\"@id\":\"https:\\\/\\\/originltd.com\\\/#website\",\"url\":\"https:\\\/\\\/originltd.com\\\/\",\"name\":\"Origin Pharma Packaging\",\"description\":\"\",\"publisher\":{\"@id\":\"https:\\\/\\\/originltd.com\\\/#organization\"},\"alternateName\":\"Origin Ltd.\",\"potentialAction\":[{\"@type\":\"SearchAction\",\"target\":{\"@type\":\"EntryPoint\",\"urlTemplate\":\"https:\\\/\\\/originltd.com\\\/?s={search_term_string}\"},\"query-input\":{\"@type\":\"PropertyValueSpecification\",\"valueRequired\":true,\"valueName\":\"search_term_string\"}}],\"inLanguage\":\"de\"},{\"@type\":\"Organization\",\"@id\":\"https:\\\/\\\/originltd.com\\\/#organization\",\"name\":\"Origin Pharma Packaging\",\"url\":\"https:\\\/\\\/originltd.com\\\/\",\"logo\":{\"@type\":\"ImageObject\",\"inLanguage\":\"de\",\"@id\":\"https:\\\/\\\/originltd.com\\\/#\\\/schema\\\/logo\\\/image\\\/\",\"url\":\"https:\\\/\\\/originltd.com\\\/wp-content\\\/uploads\\\/2024\\\/06\\\/cropped-Origin-logo-For-Health-For-Life-RGB@10x.png\",\"contentUrl\":\"https:\\\/\\\/originltd.com\\\/wp-content\\\/uploads\\\/2024\\\/06\\\/cropped-Origin-logo-For-Health-For-Life-RGB@10x.png\",\"width\":227,\"height\":65,\"caption\":\"Origin Pharma Packaging\"},\"image\":{\"@id\":\"https:\\\/\\\/originltd.com\\\/#\\\/schema\\\/logo\\\/image\\\/\"},\"sameAs\":[\"https:\\\/\\\/www.facebook.com\\\/originpharmapackaging\",\"https:\\\/\\\/x.com\\\/originpharma\",\"https:\\\/\\\/www.linkedin.com\\\/company\\\/origin-packaging-ltd\\\/\",\"https:\\\/\\\/www.youtube.com\\\/channel\\\/UCOOJl3eFOiO7lJT6f5qHygA\"]}]}<\/script>\n<!-- \/ Yoast SEO plugin. -->","yoast_head_json":{"title":"Rezepttasche aus recyceltem Papier | Origin Pharma Packaging","description":"Origin liefert verschreibungspflichtige Gro\u00dfhandelstaschen, die aus 100% recyceltem Material hergestellt sind und so die Nachhaltigkeit f\u00fcr die Umwelt unterst\u00fctzen.","robots":{"index":"index","follow":"follow","max-snippet":"max-snippet:-1","max-image-preview":"max-image-preview:large","max-video-preview":"max-video-preview:-1"},"canonical":"https:\/\/originltd.com\/de\/produkt\/recycled-paper-prescription-bags\/","og_locale":"de_DE","og_type":"article","og_title":"Recycled Paper Prescription Bag | Origin Pharma Packaging","og_description":"Origin supply wholesale prescription bags made from 100% recycled content supporting sustainability for the environment.","og_url":"https:\/\/originltd.com\/de\/produkt\/recycled-paper-prescription-bags\/","og_site_name":"Origin Pharma Packaging","article_publisher":"https:\/\/www.facebook.com\/originpharmapackaging","article_modified_time":"2024-01-29T11:03:06+00:00","og_image":[{"width":1707,"height":2560,"url":"https:\/\/originltd.com\/wp-content\/uploads\/2021\/03\/prescription-bags.jpg","type":"image\/jpeg"}],"twitter_card":"summary_large_image","twitter_site":"@originpharma","twitter_misc":{"Gesch\u00e4tzte Lesezeit":"1\u00a0Minute"},"schema":{"@context":"https:\/\/schema.org","@graph":[{"@type":"WebPage","@id":"https:\/\/originltd.com\/product\/recycled-paper-prescription-bags\/","url":"https:\/\/originltd.com\/product\/recycled-paper-prescription-bags\/","name":"Rezepttasche aus recyceltem Papier | Origin Pharma Packaging","isPartOf":{"@id":"https:\/\/originltd.com\/#website"},"primaryImageOfPage":{"@id":"https:\/\/originltd.com\/product\/recycled-paper-prescription-bags\/#primaryimage"},"image":{"@id":"https:\/\/originltd.com\/product\/recycled-paper-prescription-bags\/#primaryimage"},"thumbnailUrl":"https:\/\/originltd.com\/wp-content\/uploads\/2021\/03\/prescription-bags.jpg","datePublished":"2021-03-12T11:51:24+00:00","dateModified":"2024-01-29T11:03:06+00:00","description":"Origin liefert verschreibungspflichtige Gro\u00dfhandelstaschen, die aus 100% recyceltem Material hergestellt sind und so die Nachhaltigkeit f\u00fcr die Umwelt unterst\u00fctzen.","breadcrumb":{"@id":"https:\/\/originltd.com\/product\/recycled-paper-prescription-bags\/#breadcrumb"},"inLanguage":"de","potentialAction":[{"@type":"ReadAction","target":["https:\/\/originltd.com\/product\/recycled-paper-prescription-bags\/"]}]},{"@type":"ImageObject","inLanguage":"de","@id":"https:\/\/originltd.com\/product\/recycled-paper-prescription-bags\/#primaryimage","url":"https:\/\/originltd.com\/wp-content\/uploads\/2021\/03\/prescription-bags.jpg","contentUrl":"https:\/\/originltd.com\/wp-content\/uploads\/2021\/03\/prescription-bags.jpg","width":1707,"height":2560,"caption":"Recycled Paper Prescription Bag"},{"@type":"BreadcrumbList","@id":"https:\/\/originltd.com\/product\/recycled-paper-prescription-bags\/#breadcrumb","itemListElement":[{"@type":"ListItem","position":1,"name":"Home","item":"https:\/\/originltd.com\/"},{"@type":"ListItem","position":2,"name":"Pharmaceutical Packaging Products","item":"https:\/\/originltd.com\/pharmaceutical-packaging\/"},{"@type":"ListItem","position":3,"name":"Pharmacy Packaging","item":"https:\/\/originltd.com\/packaging\/pharmacy-packaging\/"},{"@type":"ListItem","position":4,"name":"Recycled Paper Prescription Bag"}]},{"@type":"WebSite","@id":"https:\/\/originltd.com\/#website","url":"https:\/\/originltd.com\/","name":"Origin Pharma Packaging","description":"","publisher":{"@id":"https:\/\/originltd.com\/#organization"},"alternateName":"Origin Ltd.","potentialAction":[{"@type":"SearchAction","target":{"@type":"EntryPoint","urlTemplate":"https:\/\/originltd.com\/?s={search_term_string}"},"query-input":{"@type":"PropertyValueSpecification","valueRequired":true,"valueName":"search_term_string"}}],"inLanguage":"de"},{"@type":"Organization","@id":"https:\/\/originltd.com\/#organization","name":"Origin Pharma Packaging","url":"https:\/\/originltd.com\/","logo":{"@type":"ImageObject","inLanguage":"de","@id":"https:\/\/originltd.com\/#\/schema\/logo\/image\/","url":"https:\/\/originltd.com\/wp-content\/uploads\/2024\/06\/cropped-Origin-logo-For-Health-For-Life-RGB@10x.png","contentUrl":"https:\/\/originltd.com\/wp-content\/uploads\/2024\/06\/cropped-Origin-logo-For-Health-For-Life-RGB@10x.png","width":227,"height":65,"caption":"Origin Pharma Packaging"},"image":{"@id":"https:\/\/originltd.com\/#\/schema\/logo\/image\/"},"sameAs":["https:\/\/www.facebook.com\/originpharmapackaging","https:\/\/x.com\/originpharma","https:\/\/www.linkedin.com\/company\/origin-packaging-ltd\/","https:\/\/www.youtube.com\/channel\/UCOOJl3eFOiO7lJT6f5qHygA"]}]}},"_links":{"self":[{"href":"https:\/\/originltd.com\/de\/wp-json\/wp\/v2\/product\/6712","targetHints":{"allow":["GET"]}}],"collection":[{"href":"https:\/\/originltd.com\/de\/wp-json\/wp\/v2\/product"}],"about":[{"href":"https:\/\/originltd.com\/de\/wp-json\/wp\/v2\/types\/product"}],"replies":[{"embeddable":true,"href":"https:\/\/originltd.com\/de\/wp-json\/wp\/v2\/comments?post=6712"}],"wp:featuredmedia":[{"embeddable":true,"href":"https:\/\/originltd.com\/de\/wp-json\/wp\/v2\/media\/7245"}],"wp:attachment":[{"href":"https:\/\/originltd.com\/de\/wp-json\/wp\/v2\/media?parent=6712"}],"wp:term":[{"taxonomy":"product_brand","embeddable":true,"href":"https:\/\/originltd.com\/de\/wp-json\/wp\/v2\/product_brand?post=6712"},{"taxonomy":"product_cat","embeddable":true,"href":"https:\/\/originltd.com\/de\/wp-json\/wp\/v2\/product_cat?post=6712"},{"taxonomy":"product_tag","embeddable":true,"href":"https:\/\/originltd.com\/de\/wp-json\/wp\/v2\/product_tag?post=6712"}],"curies":[{"name":"wp","href":"https:\/\/api.w.org\/{rel}","templated":true}]}}