
{"id":5563,"date":"2020-03-24T10:14:50","date_gmt":"2020-03-24T10:14:50","guid":{"rendered":"https:\/\/originltd.in-beta.dev\/?post_type=product&#038;p=5563"},"modified":"2025-09-25T14:59:02","modified_gmt":"2025-09-25T13:59:02","slug":"pet-hand-sanitiser-bottles","status":"publish","type":"product","link":"https:\/\/originltd.com\/de\/product\/pet-hand-sanitiser-bottles\/","title":{"rendered":"30ml PET-Flasche f\u00fcr Handdesinfektionsmittel"},"content":{"rendered":"","protected":false},"excerpt":{"rendered":"<p class=\"translation-block\">Unsere PET-Flaschen f\u00fcr Handdesinfektionsmittel werden in Gro\u00dfbritannien entwickelt und hergestellt und sind in <strong>Gro\u00dfbestell-\/Gro\u00dfhandelsmengen<\/strong> erh\u00e4ltlich. Dank der perfekter Gr\u00f6\u00dfe k\u00f6nnen die Flaschen bequem unterwegs, in einer Tasche, auf die Arbeit oder ins Auto mitgenommen werden! Ideal f\u00fcr alle Desinfektionsmittelhersteller (Gel und Fl\u00fcssigkeit).<\/p>\n<ul>\n<li>PET-Material<\/li>\n<li>Hergestellt in UK - Gro\u00dfhandelsmengen<\/li>\n<li>Zuverl\u00e4ssige Lieferkette und \nLagerhaltungseinrichtungen<\/li>\n<li>Passende Verschl\u00fcsse und Deckel erh\u00e4ltlich<\/li>\n<\/ul>","protected":false},"featured_media":5535,"comment_status":"closed","ping_status":"closed","template":"","meta":{"_acf_changed":false},"product_brand":[],"product_cat":[96,2223],"product_tag":[],"class_list":{"0":"post-5563","1":"product","2":"type-product","3":"status-publish","4":"has-post-thumbnail","6":"product_cat-plastic","7":"product_cat-skincare-bodycare","9":"first","10":"instock","11":"sold-individually","12":"shipping-taxable","13":"product-type-simple"},"acf":[],"yoast_head":"<!-- This site is optimized with the Yoast SEO plugin v27.3 - https:\/\/yoast.com\/product\/yoast-seo-wordpress\/ -->\n<title>PET Hand Sanitiser Bottles | Origin Pharma Packaging<\/title>\n<meta name=\"description\" content=\"Origin manufacturer PET hand sanitiser bottles at wholesale quantities. Working in the pharmacy and healthcare industries. Request a quote today.\" \/>\n<meta name=\"robots\" content=\"index, follow, max-snippet:-1, max-image-preview:large, max-video-preview:-1\" \/>\n<link rel=\"canonical\" href=\"https:\/\/originltd.com\/de\/produkt\/pet-hand-sanitiser-bottles\/\" \/>\n<meta property=\"og:locale\" content=\"de_DE\" \/>\n<meta property=\"og:type\" content=\"article\" \/>\n<meta property=\"og:title\" content=\"PET Hand Sanitiser Bottles | Origin Pharma Packaging\" \/>\n<meta property=\"og:description\" content=\"Origin manufacturer PET hand sanitiser bottles at wholesale quantities. Working in the pharmacy and healthcare industries. Request a quote today.\" \/>\n<meta property=\"og:url\" content=\"https:\/\/originltd.com\/de\/produkt\/pet-hand-sanitiser-bottles\/\" \/>\n<meta property=\"og:site_name\" content=\"Origin Pharma Packaging\" \/>\n<meta property=\"article:publisher\" content=\"https:\/\/www.facebook.com\/originpharmapackaging\" \/>\n<meta property=\"article:modified_time\" content=\"2025-09-25T13:59:02+00:00\" \/>\n<meta property=\"og:image\" content=\"https:\/\/originltd.com\/wp-content\/uploads\/2020\/03\/lifestyle-products-002-scaled.jpg\" \/>\n\t<meta property=\"og:image:width\" content=\"1707\" \/>\n\t<meta property=\"og:image:height\" content=\"2560\" \/>\n\t<meta property=\"og:image:type\" content=\"image\/jpeg\" \/>\n<meta name=\"twitter:card\" content=\"summary_large_image\" \/>\n<meta name=\"twitter:site\" content=\"@originpharma\" \/>\n<meta name=\"twitter:label1\" content=\"Gesch\u00e4tzte Lesezeit\" \/>\n\t<meta name=\"twitter:data1\" content=\"1\u00a0Minute\" \/>\n<script type=\"application\/ld+json\" class=\"yoast-schema-graph\">{\"@context\":\"https:\\\/\\\/schema.org\",\"@graph\":[{\"@type\":\"WebPage\",\"@id\":\"https:\\\/\\\/originltd.com\\\/product\\\/pet-hand-sanitiser-bottles\\\/\",\"url\":\"https:\\\/\\\/originltd.com\\\/product\\\/pet-hand-sanitiser-bottles\\\/\",\"name\":\"PET Hand Sanitiser Bottles | Origin Pharma Packaging\",\"isPartOf\":{\"@id\":\"https:\\\/\\\/originltd.com\\\/#website\"},\"primaryImageOfPage\":{\"@id\":\"https:\\\/\\\/originltd.com\\\/product\\\/pet-hand-sanitiser-bottles\\\/#primaryimage\"},\"image\":{\"@id\":\"https:\\\/\\\/originltd.com\\\/product\\\/pet-hand-sanitiser-bottles\\\/#primaryimage\"},\"thumbnailUrl\":\"https:\\\/\\\/originltd.com\\\/wp-content\\\/uploads\\\/2020\\\/03\\\/lifestyle-products-002-scaled.jpg\",\"datePublished\":\"2020-03-24T10:14:50+00:00\",\"dateModified\":\"2025-09-25T13:59:02+00:00\",\"description\":\"Origin manufacturer PET hand sanitiser bottles at wholesale quantities. Working in the pharmacy and healthcare industries. Request a quote today.\",\"breadcrumb\":{\"@id\":\"https:\\\/\\\/originltd.com\\\/product\\\/pet-hand-sanitiser-bottles\\\/#breadcrumb\"},\"inLanguage\":\"de\",\"potentialAction\":[{\"@type\":\"ReadAction\",\"target\":[\"https:\\\/\\\/originltd.com\\\/product\\\/pet-hand-sanitiser-bottles\\\/\"]}]},{\"@type\":\"ImageObject\",\"inLanguage\":\"de\",\"@id\":\"https:\\\/\\\/originltd.com\\\/product\\\/pet-hand-sanitiser-bottles\\\/#primaryimage\",\"url\":\"https:\\\/\\\/originltd.com\\\/wp-content\\\/uploads\\\/2020\\\/03\\\/lifestyle-products-002-scaled.jpg\",\"contentUrl\":\"https:\\\/\\\/originltd.com\\\/wp-content\\\/uploads\\\/2020\\\/03\\\/lifestyle-products-002-scaled.jpg\",\"width\":1707,\"height\":2560,\"caption\":\"PET hand sanitiser bottle\"},{\"@type\":\"BreadcrumbList\",\"@id\":\"https:\\\/\\\/originltd.com\\\/product\\\/pet-hand-sanitiser-bottles\\\/#breadcrumb\",\"itemListElement\":[{\"@type\":\"ListItem\",\"position\":1,\"name\":\"Home\",\"item\":\"https:\\\/\\\/originltd.com\\\/\"},{\"@type\":\"ListItem\",\"position\":2,\"name\":\"Pharmaceutical Packaging Products\",\"item\":\"https:\\\/\\\/originltd.com\\\/pharmaceutical-packaging\\\/\"},{\"@type\":\"ListItem\",\"position\":3,\"name\":\"Plastic Packaging\",\"item\":\"https:\\\/\\\/originltd.com\\\/packaging\\\/plastic\\\/\"},{\"@type\":\"ListItem\",\"position\":4,\"name\":\"30ml PET Hand Sanitiser Bottle\"}]},{\"@type\":\"WebSite\",\"@id\":\"https:\\\/\\\/originltd.com\\\/#website\",\"url\":\"https:\\\/\\\/originltd.com\\\/\",\"name\":\"Origin Pharma Packaging\",\"description\":\"\",\"publisher\":{\"@id\":\"https:\\\/\\\/originltd.com\\\/#organization\"},\"alternateName\":\"Origin Ltd.\",\"potentialAction\":[{\"@type\":\"SearchAction\",\"target\":{\"@type\":\"EntryPoint\",\"urlTemplate\":\"https:\\\/\\\/originltd.com\\\/?s={search_term_string}\"},\"query-input\":{\"@type\":\"PropertyValueSpecification\",\"valueRequired\":true,\"valueName\":\"search_term_string\"}}],\"inLanguage\":\"de\"},{\"@type\":\"Organization\",\"@id\":\"https:\\\/\\\/originltd.com\\\/#organization\",\"name\":\"Origin Pharma Packaging\",\"url\":\"https:\\\/\\\/originltd.com\\\/\",\"logo\":{\"@type\":\"ImageObject\",\"inLanguage\":\"de\",\"@id\":\"https:\\\/\\\/originltd.com\\\/#\\\/schema\\\/logo\\\/image\\\/\",\"url\":\"https:\\\/\\\/originltd.com\\\/wp-content\\\/uploads\\\/2024\\\/06\\\/cropped-Origin-logo-For-Health-For-Life-RGB@10x.png\",\"contentUrl\":\"https:\\\/\\\/originltd.com\\\/wp-content\\\/uploads\\\/2024\\\/06\\\/cropped-Origin-logo-For-Health-For-Life-RGB@10x.png\",\"width\":227,\"height\":65,\"caption\":\"Origin Pharma Packaging\"},\"image\":{\"@id\":\"https:\\\/\\\/originltd.com\\\/#\\\/schema\\\/logo\\\/image\\\/\"},\"sameAs\":[\"https:\\\/\\\/www.facebook.com\\\/originpharmapackaging\",\"https:\\\/\\\/x.com\\\/originpharma\",\"https:\\\/\\\/www.linkedin.com\\\/company\\\/origin-packaging-ltd\\\/\",\"https:\\\/\\\/www.youtube.com\\\/channel\\\/UCOOJl3eFOiO7lJT6f5qHygA\"]}]}<\/script>\n<!-- \/ Yoast SEO plugin. -->","yoast_head_json":{"title":"PET-Flaschen f\u00fcr Handdesinfektionsmittel | Origin Pharma Packaging","description":"Origin stellt PET-Flaschen f\u00fcr Handdesinfektionsmittel in Gro\u00dfhandelsmegen her. T\u00e4tig in Pharmazie- und Gesundheitsbranche. Fordern Sie noch heute ein Angebot an.","robots":{"index":"index","follow":"follow","max-snippet":"max-snippet:-1","max-image-preview":"max-image-preview:large","max-video-preview":"max-video-preview:-1"},"canonical":"https:\/\/originltd.com\/de\/produkt\/pet-hand-sanitiser-bottles\/","og_locale":"de_DE","og_type":"article","og_title":"PET Hand Sanitiser Bottles | Origin Pharma Packaging","og_description":"Origin manufacturer PET hand sanitiser bottles at wholesale quantities. Working in the pharmacy and healthcare industries. Request a quote today.","og_url":"https:\/\/originltd.com\/de\/produkt\/pet-hand-sanitiser-bottles\/","og_site_name":"Origin Pharma Packaging","article_publisher":"https:\/\/www.facebook.com\/originpharmapackaging","article_modified_time":"2025-09-25T13:59:02+00:00","og_image":[{"width":1707,"height":2560,"url":"https:\/\/originltd.com\/wp-content\/uploads\/2020\/03\/lifestyle-products-002-scaled.jpg","type":"image\/jpeg"}],"twitter_card":"summary_large_image","twitter_site":"@originpharma","twitter_misc":{"Gesch\u00e4tzte Lesezeit":"1\u00a0Minute"},"schema":{"@context":"https:\/\/schema.org","@graph":[{"@type":"WebPage","@id":"https:\/\/originltd.com\/product\/pet-hand-sanitiser-bottles\/","url":"https:\/\/originltd.com\/product\/pet-hand-sanitiser-bottles\/","name":"PET-Flaschen f\u00fcr Handdesinfektionsmittel | Origin Pharma Packaging","isPartOf":{"@id":"https:\/\/originltd.com\/#website"},"primaryImageOfPage":{"@id":"https:\/\/originltd.com\/product\/pet-hand-sanitiser-bottles\/#primaryimage"},"image":{"@id":"https:\/\/originltd.com\/product\/pet-hand-sanitiser-bottles\/#primaryimage"},"thumbnailUrl":"https:\/\/originltd.com\/wp-content\/uploads\/2020\/03\/lifestyle-products-002-scaled.jpg","datePublished":"2020-03-24T10:14:50+00:00","dateModified":"2025-09-25T13:59:02+00:00","description":"Origin stellt PET-Flaschen f\u00fcr Handdesinfektionsmittel in Gro\u00dfhandelsmegen her. T\u00e4tig in Pharmazie- und Gesundheitsbranche. Fordern Sie noch heute ein Angebot an.","breadcrumb":{"@id":"https:\/\/originltd.com\/product\/pet-hand-sanitiser-bottles\/#breadcrumb"},"inLanguage":"de","potentialAction":[{"@type":"ReadAction","target":["https:\/\/originltd.com\/product\/pet-hand-sanitiser-bottles\/"]}]},{"@type":"ImageObject","inLanguage":"de","@id":"https:\/\/originltd.com\/product\/pet-hand-sanitiser-bottles\/#primaryimage","url":"https:\/\/originltd.com\/wp-content\/uploads\/2020\/03\/lifestyle-products-002-scaled.jpg","contentUrl":"https:\/\/originltd.com\/wp-content\/uploads\/2020\/03\/lifestyle-products-002-scaled.jpg","width":1707,"height":2560,"caption":"PET hand sanitiser bottle"},{"@type":"BreadcrumbList","@id":"https:\/\/originltd.com\/product\/pet-hand-sanitiser-bottles\/#breadcrumb","itemListElement":[{"@type":"ListItem","position":1,"name":"Home","item":"https:\/\/originltd.com\/"},{"@type":"ListItem","position":2,"name":"Pharmaceutical Packaging Products","item":"https:\/\/originltd.com\/pharmaceutical-packaging\/"},{"@type":"ListItem","position":3,"name":"Plastic Packaging","item":"https:\/\/originltd.com\/packaging\/plastic\/"},{"@type":"ListItem","position":4,"name":"30ml PET Hand Sanitiser Bottle"}]},{"@type":"WebSite","@id":"https:\/\/originltd.com\/#website","url":"https:\/\/originltd.com\/","name":"Origin Pharma Packaging","description":"","publisher":{"@id":"https:\/\/originltd.com\/#organization"},"alternateName":"Origin Ltd.","potentialAction":[{"@type":"SearchAction","target":{"@type":"EntryPoint","urlTemplate":"https:\/\/originltd.com\/?s={search_term_string}"},"query-input":{"@type":"PropertyValueSpecification","valueRequired":true,"valueName":"search_term_string"}}],"inLanguage":"de"},{"@type":"Organization","@id":"https:\/\/originltd.com\/#organization","name":"Origin Pharma Packaging","url":"https:\/\/originltd.com\/","logo":{"@type":"ImageObject","inLanguage":"de","@id":"https:\/\/originltd.com\/#\/schema\/logo\/image\/","url":"https:\/\/originltd.com\/wp-content\/uploads\/2024\/06\/cropped-Origin-logo-For-Health-For-Life-RGB@10x.png","contentUrl":"https:\/\/originltd.com\/wp-content\/uploads\/2024\/06\/cropped-Origin-logo-For-Health-For-Life-RGB@10x.png","width":227,"height":65,"caption":"Origin Pharma Packaging"},"image":{"@id":"https:\/\/originltd.com\/#\/schema\/logo\/image\/"},"sameAs":["https:\/\/www.facebook.com\/originpharmapackaging","https:\/\/x.com\/originpharma","https:\/\/www.linkedin.com\/company\/origin-packaging-ltd\/","https:\/\/www.youtube.com\/channel\/UCOOJl3eFOiO7lJT6f5qHygA"]}]}},"_links":{"self":[{"href":"https:\/\/originltd.com\/de\/wp-json\/wp\/v2\/product\/5563","targetHints":{"allow":["GET"]}}],"collection":[{"href":"https:\/\/originltd.com\/de\/wp-json\/wp\/v2\/product"}],"about":[{"href":"https:\/\/originltd.com\/de\/wp-json\/wp\/v2\/types\/product"}],"replies":[{"embeddable":true,"href":"https:\/\/originltd.com\/de\/wp-json\/wp\/v2\/comments?post=5563"}],"wp:featuredmedia":[{"embeddable":true,"href":"https:\/\/originltd.com\/de\/wp-json\/wp\/v2\/media\/5535"}],"wp:attachment":[{"href":"https:\/\/originltd.com\/de\/wp-json\/wp\/v2\/media?parent=5563"}],"wp:term":[{"taxonomy":"product_brand","embeddable":true,"href":"https:\/\/originltd.com\/de\/wp-json\/wp\/v2\/product_brand?post=5563"},{"taxonomy":"product_cat","embeddable":true,"href":"https:\/\/originltd.com\/de\/wp-json\/wp\/v2\/product_cat?post=5563"},{"taxonomy":"product_tag","embeddable":true,"href":"https:\/\/originltd.com\/de\/wp-json\/wp\/v2\/product_tag?post=5563"}],"curies":[{"name":"wp","href":"https:\/\/api.w.org\/{rel}","templated":true}]}}