
{"id":5543,"date":"2020-03-16T09:44:38","date_gmt":"2020-03-16T09:44:38","guid":{"rendered":"https:\/\/originltd.in-beta.dev\/?post_type=product&#038;p=5543"},"modified":"2025-09-25T14:59:37","modified_gmt":"2025-09-25T13:59:37","slug":"handwash-bottle","status":"publish","type":"product","link":"https:\/\/originltd.com\/de\/product\/handwash-bottle\/","title":{"rendered":"250 ml - 500 ml Handwaschflaschen"},"content":{"rendered":"","protected":false},"excerpt":{"rendered":"<p>Origin hat eine Reihe von PET-Handwaschflaschen auf den Markt gebracht, die speziell f\u00fcr die antibakteriellen Zwecke entwickelt und hergestellt werden. Diese Flasche ist mit einer Reihe von Verschl\u00fcssen und Spendern kompatibel, die Sie je nach Anwendungsbereich ausw\u00e4hlen k\u00f6nnen.<\/p>\n<ul>\n<li>Klarglas-Qualit\u00e4t<\/li>\n<li>Vollst\u00e4ndig von der FDA zugelassen<\/li>\n<li>Neuware<\/li>\n<li>100% recyclingf\u00e4hig<\/li>\n<li>Industriestandard-Halsgr\u00f6\u00dfen<\/li>\n<li>Fliptop-Kappe erh\u00e4ltlich<\/li>\n<\/ul>","protected":false},"featured_media":5542,"comment_status":"closed","ping_status":"closed","template":"","meta":{"_acf_changed":false},"product_brand":[],"product_cat":[96,2223],"product_tag":[],"class_list":{"0":"post-5543","1":"product","2":"type-product","3":"status-publish","4":"has-post-thumbnail","6":"product_cat-plastic","7":"product_cat-skincare-bodycare","9":"first","10":"instock","11":"sold-individually","12":"shipping-taxable","13":"product-type-simple"},"acf":[],"yoast_head":"<!-- This site is optimized with the Yoast SEO plugin v27.3 - https:\/\/yoast.com\/product\/yoast-seo-wordpress\/ -->\n<title>PET handwash bottles | Origin Pharma Packaging<\/title>\n<meta name=\"description\" content=\"PET handwash bottles available in wholesale quantities. Origin are manufacturers of a range of hand wash bottles. Order a sample today.\" \/>\n<meta name=\"robots\" content=\"index, follow, max-snippet:-1, max-image-preview:large, max-video-preview:-1\" \/>\n<link rel=\"canonical\" href=\"https:\/\/originltd.com\/de\/produkt\/handwash-bottle\/\" \/>\n<meta property=\"og:locale\" content=\"de_DE\" \/>\n<meta property=\"og:type\" content=\"article\" \/>\n<meta property=\"og:title\" content=\"PET handwash bottles | Origin Pharma Packaging\" \/>\n<meta property=\"og:description\" content=\"PET handwash bottles available in wholesale quantities. Origin are manufacturers of a range of hand wash bottles. Order a sample today.\" \/>\n<meta property=\"og:url\" content=\"https:\/\/originltd.com\/de\/produkt\/handwash-bottle\/\" \/>\n<meta property=\"og:site_name\" content=\"Origin Pharma Packaging\" \/>\n<meta property=\"article:publisher\" content=\"https:\/\/www.facebook.com\/originpharmapackaging\" \/>\n<meta property=\"article:modified_time\" content=\"2025-09-25T13:59:37+00:00\" \/>\n<meta property=\"og:image\" content=\"https:\/\/originltd.com\/wp-content\/uploads\/2020\/03\/500mm-scaled.jpg\" \/>\n\t<meta property=\"og:image:width\" content=\"1707\" \/>\n\t<meta property=\"og:image:height\" content=\"2560\" \/>\n\t<meta property=\"og:image:type\" content=\"image\/jpeg\" \/>\n<meta name=\"twitter:card\" content=\"summary_large_image\" \/>\n<meta name=\"twitter:site\" content=\"@originpharma\" \/>\n<meta name=\"twitter:label1\" content=\"Gesch\u00e4tzte Lesezeit\" \/>\n\t<meta name=\"twitter:data1\" content=\"1\u00a0Minute\" \/>\n<script type=\"application\/ld+json\" class=\"yoast-schema-graph\">{\"@context\":\"https:\\\/\\\/schema.org\",\"@graph\":[{\"@type\":\"WebPage\",\"@id\":\"https:\\\/\\\/originltd.com\\\/product\\\/handwash-bottle\\\/\",\"url\":\"https:\\\/\\\/originltd.com\\\/product\\\/handwash-bottle\\\/\",\"name\":\"PET handwash bottles | Origin Pharma Packaging\",\"isPartOf\":{\"@id\":\"https:\\\/\\\/originltd.com\\\/#website\"},\"primaryImageOfPage\":{\"@id\":\"https:\\\/\\\/originltd.com\\\/product\\\/handwash-bottle\\\/#primaryimage\"},\"image\":{\"@id\":\"https:\\\/\\\/originltd.com\\\/product\\\/handwash-bottle\\\/#primaryimage\"},\"thumbnailUrl\":\"https:\\\/\\\/originltd.com\\\/wp-content\\\/uploads\\\/2020\\\/03\\\/500mm-scaled.jpg\",\"datePublished\":\"2020-03-16T09:44:38+00:00\",\"dateModified\":\"2025-09-25T13:59:37+00:00\",\"description\":\"PET handwash bottles available in wholesale quantities. Origin are manufacturers of a range of hand wash bottles. Order a sample today.\",\"breadcrumb\":{\"@id\":\"https:\\\/\\\/originltd.com\\\/product\\\/handwash-bottle\\\/#breadcrumb\"},\"inLanguage\":\"de\",\"potentialAction\":[{\"@type\":\"ReadAction\",\"target\":[\"https:\\\/\\\/originltd.com\\\/product\\\/handwash-bottle\\\/\"]}]},{\"@type\":\"ImageObject\",\"inLanguage\":\"de\",\"@id\":\"https:\\\/\\\/originltd.com\\\/product\\\/handwash-bottle\\\/#primaryimage\",\"url\":\"https:\\\/\\\/originltd.com\\\/wp-content\\\/uploads\\\/2020\\\/03\\\/500mm-scaled.jpg\",\"contentUrl\":\"https:\\\/\\\/originltd.com\\\/wp-content\\\/uploads\\\/2020\\\/03\\\/500mm-scaled.jpg\",\"width\":1707,\"height\":2560,\"caption\":\"500mm\"},{\"@type\":\"BreadcrumbList\",\"@id\":\"https:\\\/\\\/originltd.com\\\/product\\\/handwash-bottle\\\/#breadcrumb\",\"itemListElement\":[{\"@type\":\"ListItem\",\"position\":1,\"name\":\"Home\",\"item\":\"https:\\\/\\\/originltd.com\\\/\"},{\"@type\":\"ListItem\",\"position\":2,\"name\":\"Pharmaceutical Packaging Products\",\"item\":\"https:\\\/\\\/originltd.com\\\/pharmaceutical-packaging\\\/\"},{\"@type\":\"ListItem\",\"position\":3,\"name\":\"Plastic Packaging\",\"item\":\"https:\\\/\\\/originltd.com\\\/packaging\\\/plastic\\\/\"},{\"@type\":\"ListItem\",\"position\":4,\"name\":\"250ml-500ml Handwash Bottles\"}]},{\"@type\":\"WebSite\",\"@id\":\"https:\\\/\\\/originltd.com\\\/#website\",\"url\":\"https:\\\/\\\/originltd.com\\\/\",\"name\":\"Origin Pharma Packaging\",\"description\":\"\",\"publisher\":{\"@id\":\"https:\\\/\\\/originltd.com\\\/#organization\"},\"alternateName\":\"Origin Ltd.\",\"potentialAction\":[{\"@type\":\"SearchAction\",\"target\":{\"@type\":\"EntryPoint\",\"urlTemplate\":\"https:\\\/\\\/originltd.com\\\/?s={search_term_string}\"},\"query-input\":{\"@type\":\"PropertyValueSpecification\",\"valueRequired\":true,\"valueName\":\"search_term_string\"}}],\"inLanguage\":\"de\"},{\"@type\":\"Organization\",\"@id\":\"https:\\\/\\\/originltd.com\\\/#organization\",\"name\":\"Origin Pharma Packaging\",\"url\":\"https:\\\/\\\/originltd.com\\\/\",\"logo\":{\"@type\":\"ImageObject\",\"inLanguage\":\"de\",\"@id\":\"https:\\\/\\\/originltd.com\\\/#\\\/schema\\\/logo\\\/image\\\/\",\"url\":\"https:\\\/\\\/originltd.com\\\/wp-content\\\/uploads\\\/2024\\\/06\\\/cropped-Origin-logo-For-Health-For-Life-RGB@10x.png\",\"contentUrl\":\"https:\\\/\\\/originltd.com\\\/wp-content\\\/uploads\\\/2024\\\/06\\\/cropped-Origin-logo-For-Health-For-Life-RGB@10x.png\",\"width\":227,\"height\":65,\"caption\":\"Origin Pharma Packaging\"},\"image\":{\"@id\":\"https:\\\/\\\/originltd.com\\\/#\\\/schema\\\/logo\\\/image\\\/\"},\"sameAs\":[\"https:\\\/\\\/www.facebook.com\\\/originpharmapackaging\",\"https:\\\/\\\/x.com\\\/originpharma\",\"https:\\\/\\\/www.linkedin.com\\\/company\\\/origin-packaging-ltd\\\/\",\"https:\\\/\\\/www.youtube.com\\\/channel\\\/UCOOJl3eFOiO7lJT6f5qHygA\"]}]}<\/script>\n<!-- \/ Yoast SEO plugin. -->","yoast_head_json":{"title":"PET-Handwashflaschen | Origin Pharma Packaging","description":"PET-Handwaschflaschen sind in Gro\u00dfhandelsmengen erh\u00e4ltlich. Origin ist Hersteller einer Reihe von Handwaschflaschen. Fordern Sie noch heute ein Muster an.","robots":{"index":"index","follow":"follow","max-snippet":"max-snippet:-1","max-image-preview":"max-image-preview:large","max-video-preview":"max-video-preview:-1"},"canonical":"https:\/\/originltd.com\/de\/produkt\/handwash-bottle\/","og_locale":"de_DE","og_type":"article","og_title":"PET handwash bottles | Origin Pharma Packaging","og_description":"PET handwash bottles available in wholesale quantities. Origin are manufacturers of a range of hand wash bottles. Order a sample today.","og_url":"https:\/\/originltd.com\/de\/produkt\/handwash-bottle\/","og_site_name":"Origin Pharma Packaging","article_publisher":"https:\/\/www.facebook.com\/originpharmapackaging","article_modified_time":"2025-09-25T13:59:37+00:00","og_image":[{"width":1707,"height":2560,"url":"https:\/\/originltd.com\/wp-content\/uploads\/2020\/03\/500mm-scaled.jpg","type":"image\/jpeg"}],"twitter_card":"summary_large_image","twitter_site":"@originpharma","twitter_misc":{"Gesch\u00e4tzte Lesezeit":"1\u00a0Minute"},"schema":{"@context":"https:\/\/schema.org","@graph":[{"@type":"WebPage","@id":"https:\/\/originltd.com\/product\/handwash-bottle\/","url":"https:\/\/originltd.com\/product\/handwash-bottle\/","name":"PET-Handwashflaschen | Origin Pharma Packaging","isPartOf":{"@id":"https:\/\/originltd.com\/#website"},"primaryImageOfPage":{"@id":"https:\/\/originltd.com\/product\/handwash-bottle\/#primaryimage"},"image":{"@id":"https:\/\/originltd.com\/product\/handwash-bottle\/#primaryimage"},"thumbnailUrl":"https:\/\/originltd.com\/wp-content\/uploads\/2020\/03\/500mm-scaled.jpg","datePublished":"2020-03-16T09:44:38+00:00","dateModified":"2025-09-25T13:59:37+00:00","description":"PET-Handwaschflaschen sind in Gro\u00dfhandelsmengen erh\u00e4ltlich. Origin ist Hersteller einer Reihe von Handwaschflaschen. Fordern Sie noch heute ein Muster an.","breadcrumb":{"@id":"https:\/\/originltd.com\/product\/handwash-bottle\/#breadcrumb"},"inLanguage":"de","potentialAction":[{"@type":"ReadAction","target":["https:\/\/originltd.com\/product\/handwash-bottle\/"]}]},{"@type":"ImageObject","inLanguage":"de","@id":"https:\/\/originltd.com\/product\/handwash-bottle\/#primaryimage","url":"https:\/\/originltd.com\/wp-content\/uploads\/2020\/03\/500mm-scaled.jpg","contentUrl":"https:\/\/originltd.com\/wp-content\/uploads\/2020\/03\/500mm-scaled.jpg","width":1707,"height":2560,"caption":"500mm"},{"@type":"BreadcrumbList","@id":"https:\/\/originltd.com\/product\/handwash-bottle\/#breadcrumb","itemListElement":[{"@type":"ListItem","position":1,"name":"Home","item":"https:\/\/originltd.com\/"},{"@type":"ListItem","position":2,"name":"Pharmaceutical Packaging Products","item":"https:\/\/originltd.com\/pharmaceutical-packaging\/"},{"@type":"ListItem","position":3,"name":"Plastic Packaging","item":"https:\/\/originltd.com\/packaging\/plastic\/"},{"@type":"ListItem","position":4,"name":"250ml-500ml Handwash Bottles"}]},{"@type":"WebSite","@id":"https:\/\/originltd.com\/#website","url":"https:\/\/originltd.com\/","name":"Origin Pharma Packaging","description":"","publisher":{"@id":"https:\/\/originltd.com\/#organization"},"alternateName":"Origin Ltd.","potentialAction":[{"@type":"SearchAction","target":{"@type":"EntryPoint","urlTemplate":"https:\/\/originltd.com\/?s={search_term_string}"},"query-input":{"@type":"PropertyValueSpecification","valueRequired":true,"valueName":"search_term_string"}}],"inLanguage":"de"},{"@type":"Organization","@id":"https:\/\/originltd.com\/#organization","name":"Origin Pharma Packaging","url":"https:\/\/originltd.com\/","logo":{"@type":"ImageObject","inLanguage":"de","@id":"https:\/\/originltd.com\/#\/schema\/logo\/image\/","url":"https:\/\/originltd.com\/wp-content\/uploads\/2024\/06\/cropped-Origin-logo-For-Health-For-Life-RGB@10x.png","contentUrl":"https:\/\/originltd.com\/wp-content\/uploads\/2024\/06\/cropped-Origin-logo-For-Health-For-Life-RGB@10x.png","width":227,"height":65,"caption":"Origin Pharma Packaging"},"image":{"@id":"https:\/\/originltd.com\/#\/schema\/logo\/image\/"},"sameAs":["https:\/\/www.facebook.com\/originpharmapackaging","https:\/\/x.com\/originpharma","https:\/\/www.linkedin.com\/company\/origin-packaging-ltd\/","https:\/\/www.youtube.com\/channel\/UCOOJl3eFOiO7lJT6f5qHygA"]}]}},"_links":{"self":[{"href":"https:\/\/originltd.com\/de\/wp-json\/wp\/v2\/product\/5543","targetHints":{"allow":["GET"]}}],"collection":[{"href":"https:\/\/originltd.com\/de\/wp-json\/wp\/v2\/product"}],"about":[{"href":"https:\/\/originltd.com\/de\/wp-json\/wp\/v2\/types\/product"}],"replies":[{"embeddable":true,"href":"https:\/\/originltd.com\/de\/wp-json\/wp\/v2\/comments?post=5543"}],"wp:featuredmedia":[{"embeddable":true,"href":"https:\/\/originltd.com\/de\/wp-json\/wp\/v2\/media\/5542"}],"wp:attachment":[{"href":"https:\/\/originltd.com\/de\/wp-json\/wp\/v2\/media?parent=5543"}],"wp:term":[{"taxonomy":"product_brand","embeddable":true,"href":"https:\/\/originltd.com\/de\/wp-json\/wp\/v2\/product_brand?post=5543"},{"taxonomy":"product_cat","embeddable":true,"href":"https:\/\/originltd.com\/de\/wp-json\/wp\/v2\/product_cat?post=5543"},{"taxonomy":"product_tag","embeddable":true,"href":"https:\/\/originltd.com\/de\/wp-json\/wp\/v2\/product_tag?post=5543"}],"curies":[{"name":"wp","href":"https:\/\/api.w.org\/{rel}","templated":true}]}}