{"id":5109,"date":"2019-10-11T07:49:38","date_gmt":"2019-10-11T06:49:38","guid":{"rendered":"https:\/\/originltd.in-beta.dev\/?post_type=product&#038;p=5109"},"modified":"2025-07-07T11:48:36","modified_gmt":"2025-07-07T10:48:36","slug":"the-origin-jar-125ml-250ml-child-resistant-jars","status":"publish","type":"product","link":"https:\/\/originltd.com\/de\/product\/the-origin-jar-125ml-250ml-child-resistant-jars\/","title":{"rendered":"125ml-600ml Kindersichere Gl\u00e4ser"},"content":{"rendered":"<p><span style=\"font-weight: 400;\">Unsere 125ml-600ml kindersichere Dose ist in einer Reihe von Farben, darunter schwarz, bernsteinfarben oder wei\u00df, und in zwei verschiedenen Materialien, HDPE und Glas, erh\u00e4ltlich.<\/span><\/p>","protected":false},"excerpt":{"rendered":"<p><span style=\"font-weight: 400;\">Unser 125ml-600ml kindersicheres Glas, das weltweit beliebteste Glas f\u00fcr getrocknete Blumen, ist ein HDPE-Geh\u00e4use in pharmazeutischer Qualit\u00e4t. <\/span><a href=\"https:\/\/originltd.com\/de\/packaging\/medicinal-cannabis-packaging\/\"><span style=\"font-weight: 400;\">medizinische Cannabis-Verpackung<\/span><\/a><span style=\"font-weight: 400;\"> mit einem kompatiblen <\/span><a href=\"https:\/\/originltd.com\/de\/packaging\/child-resistant-packaging\/closures\/\"><span style=\"font-weight: 400;\">kindersicherer Verschluss<\/span><\/a><span style=\"font-weight: 400;\">. Es ist die perfekte L\u00f6sung f\u00fcr die Verpackung und Lagerung von getrockneten <\/span><span style=\"font-weight: 400;\">Blume<\/span><span style=\"font-weight: 400;\">. <\/span><span style=\"font-weight: 400;\">Die kindersicheren Gl\u00e4ser sind in zwei Materialien, HDPE und Glas, sowie in einer Reihe von Farben erh\u00e4ltlich, darunter opakwei\u00df, bernsteinfarben und schwarz<\/span><span style=\"font-weight: 400;\"> kann aber auf Bestellung in jeder beliebigen Farbe hergestellt werden.<\/span><\/p>\n<p><span style=\"font-weight: 400;\">Der Origin Jar hat einen Halsdurchmesser von 70 mm, wodurch das Produkt beim \u00d6ffnen leicht zug\u00e4nglich ist.  Dieser Durchmesser ist auch optimal f\u00fcr die Verwendung durch Erwachsene und erh\u00f6ht gleichzeitig die Kindersicherheit der Packung.<\/span><\/p>\n<h3><span style=\"font-weight: 400;\">Wesentliche Merkmale:<\/span><\/h3>\n<ul>\n<li style=\"font-weight: 400;\" aria-level=\"1\"><span style=\"font-weight: 400;\">Nach ISO8317 und 16CFR zertifiziert<\/span><\/li>\n<li style=\"font-weight: 400;\" aria-level=\"1\"><span style=\"font-weight: 400;\">Hergestellt in unserer speziellen Reinraumanlage<\/span><\/li>\n<li style=\"font-weight: 400;\" aria-level=\"1\"><span style=\"font-weight: 400;\">Kann bis zu 30 Gramm getrocknete Cannabisbl\u00fcten aufnehmen<\/span><\/li>\n<li style=\"font-weight: 400;\" aria-level=\"1\"><span style=\"font-weight: 400;\">Hat einen weiten Hals f\u00fcr einfache Dosierung<\/span><\/li>\n<li style=\"font-weight: 400;\" aria-level=\"1\"><span style=\"font-weight: 400;\">Kindersicherer Verschluss<\/span><\/li>\n<\/ul>\n<h3><span style=\"font-weight: 400;\">Geeignete Merkmale:<\/span><\/h3>\n<ul>\n<li style=\"font-weight: 400;\" aria-level=\"1\"><span style=\"font-weight: 400;\">Lagerung von getrockneten Cannabisbl\u00fcten<\/span><\/li>\n<\/ul>","protected":false},"featured_media":5164,"comment_status":"closed","ping_status":"closed","template":"","meta":{"_acf_changed":false},"product_brand":[],"product_cat":[2162,2158,665,96],"product_tag":[],"class_list":{"0":"post-5109","1":"product","2":"type-product","3":"status-publish","4":"has-post-thumbnail","6":"product_cat-containers","7":"product_cat-child-resistant-packaging","8":"product_cat-medicinal-cannabis-packaging","9":"product_cat-plastic","11":"first","12":"instock","13":"sold-individually","14":"shipping-taxable","15":"product-type-simple"},"acf":[],"yoast_head":"<!-- This site is optimized with the Yoast SEO plugin v27.5 - https:\/\/yoast.com\/product\/yoast-seo-wordpress\/ -->\n<title>125ml-600ml Child Resistant Jars | Origin Pharma Packaging<\/title>\n<meta name=\"description\" content=\"Order a 125ml-600ml child resistant jar from Origin. We provide the perfect jar to serve as packaging for medicinal cannabis companies. Order your free sample.\" \/>\n<meta name=\"robots\" content=\"index, follow, max-snippet:-1, max-image-preview:large, max-video-preview:-1\" \/>\n<link rel=\"canonical\" href=\"https:\/\/originltd.com\/de\/produkt\/the-origin-jar-125ml-250ml-child-resistant-jars\/\" \/>\n<meta property=\"og:locale\" content=\"de_DE\" \/>\n<meta property=\"og:type\" content=\"article\" \/>\n<meta property=\"og:title\" content=\"125ml-600ml Child Resistant Jars | Origin Pharma Packaging\" \/>\n<meta property=\"og:description\" content=\"Order a 125ml-600ml child resistant jar from Origin. We provide the perfect jar to serve as packaging for medicinal cannabis companies. Order your free sample.\" \/>\n<meta property=\"og:url\" content=\"https:\/\/originltd.com\/de\/produkt\/the-origin-jar-125ml-250ml-child-resistant-jars\/\" \/>\n<meta property=\"og:site_name\" content=\"Origin Pharma Packaging\" \/>\n<meta property=\"article:publisher\" content=\"https:\/\/www.facebook.com\/originpharmapackaging\" \/>\n<meta property=\"article:modified_time\" content=\"2025-07-07T10:48:36+00:00\" \/>\n<meta property=\"og:image\" content=\"https:\/\/originltd.com\/wp-content\/uploads\/2019\/10\/Capped-Jar-2-scaled.jpg\" \/>\n\t<meta property=\"og:image:width\" content=\"1707\" \/>\n\t<meta property=\"og:image:height\" content=\"2560\" \/>\n\t<meta property=\"og:image:type\" content=\"image\/jpeg\" \/>\n<meta name=\"twitter:card\" content=\"summary_large_image\" \/>\n<meta name=\"twitter:site\" content=\"@originpharma\" \/>\n<meta name=\"twitter:label1\" content=\"Gesch\u00e4tzte Lesezeit\" \/>\n\t<meta name=\"twitter:data1\" content=\"1\u00a0Minute\" \/>\n<script type=\"application\/ld+json\" class=\"yoast-schema-graph\">{\"@context\":\"https:\\\/\\\/schema.org\",\"@graph\":[{\"@type\":\"WebPage\",\"@id\":\"https:\\\/\\\/originltd.com\\\/product\\\/the-origin-jar-125ml-250ml-child-resistant-jars\\\/\",\"url\":\"https:\\\/\\\/originltd.com\\\/product\\\/the-origin-jar-125ml-250ml-child-resistant-jars\\\/\",\"name\":\"125ml-600ml Child Resistant Jars | Origin Pharma Packaging\",\"isPartOf\":{\"@id\":\"https:\\\/\\\/originltd.com\\\/#website\"},\"primaryImageOfPage\":{\"@id\":\"https:\\\/\\\/originltd.com\\\/product\\\/the-origin-jar-125ml-250ml-child-resistant-jars\\\/#primaryimage\"},\"image\":{\"@id\":\"https:\\\/\\\/originltd.com\\\/product\\\/the-origin-jar-125ml-250ml-child-resistant-jars\\\/#primaryimage\"},\"thumbnailUrl\":\"https:\\\/\\\/originltd.com\\\/wp-content\\\/uploads\\\/2019\\\/10\\\/Capped-Jar-2-scaled.jpg\",\"datePublished\":\"2019-10-11T06:49:38+00:00\",\"dateModified\":\"2025-07-07T10:48:36+00:00\",\"description\":\"Order a 125ml-600ml child resistant jar from Origin. We provide the perfect jar to serve as packaging for medicinal cannabis companies. Order your free sample.\",\"breadcrumb\":{\"@id\":\"https:\\\/\\\/originltd.com\\\/product\\\/the-origin-jar-125ml-250ml-child-resistant-jars\\\/#breadcrumb\"},\"inLanguage\":\"de\",\"potentialAction\":[{\"@type\":\"ReadAction\",\"target\":[\"https:\\\/\\\/originltd.com\\\/product\\\/the-origin-jar-125ml-250ml-child-resistant-jars\\\/\"]}]},{\"@type\":\"ImageObject\",\"inLanguage\":\"de\",\"@id\":\"https:\\\/\\\/originltd.com\\\/product\\\/the-origin-jar-125ml-250ml-child-resistant-jars\\\/#primaryimage\",\"url\":\"https:\\\/\\\/originltd.com\\\/wp-content\\\/uploads\\\/2019\\\/10\\\/Capped-Jar-2-scaled.jpg\",\"contentUrl\":\"https:\\\/\\\/originltd.com\\\/wp-content\\\/uploads\\\/2019\\\/10\\\/Capped-Jar-2-scaled.jpg\",\"width\":1707,\"height\":2560,\"caption\":\"Child Resistant Jars\"},{\"@type\":\"BreadcrumbList\",\"@id\":\"https:\\\/\\\/originltd.com\\\/product\\\/the-origin-jar-125ml-250ml-child-resistant-jars\\\/#breadcrumb\",\"itemListElement\":[{\"@type\":\"ListItem\",\"position\":1,\"name\":\"Home\",\"item\":\"https:\\\/\\\/originltd.com\\\/\"},{\"@type\":\"ListItem\",\"position\":2,\"name\":\"Pharmaceutical Packaging Products\",\"item\":\"https:\\\/\\\/originltd.com\\\/pharmaceutical-packaging\\\/\"},{\"@type\":\"ListItem\",\"position\":3,\"name\":\"Medicinal Cannabis Packaging\",\"item\":\"https:\\\/\\\/originltd.com\\\/packaging\\\/medicinal-cannabis-packaging\\\/\"},{\"@type\":\"ListItem\",\"position\":4,\"name\":\"125ml-600ml Child Resistant Jars\"}]},{\"@type\":\"WebSite\",\"@id\":\"https:\\\/\\\/originltd.com\\\/#website\",\"url\":\"https:\\\/\\\/originltd.com\\\/\",\"name\":\"Origin Pharma Packaging\",\"description\":\"\",\"publisher\":{\"@id\":\"https:\\\/\\\/originltd.com\\\/#organization\"},\"alternateName\":\"Origin Ltd.\",\"potentialAction\":[{\"@type\":\"SearchAction\",\"target\":{\"@type\":\"EntryPoint\",\"urlTemplate\":\"https:\\\/\\\/originltd.com\\\/?s={search_term_string}\"},\"query-input\":{\"@type\":\"PropertyValueSpecification\",\"valueRequired\":true,\"valueName\":\"search_term_string\"}}],\"inLanguage\":\"de\"},{\"@type\":\"Organization\",\"@id\":\"https:\\\/\\\/originltd.com\\\/#organization\",\"name\":\"Origin Pharma Packaging\",\"url\":\"https:\\\/\\\/originltd.com\\\/\",\"logo\":{\"@type\":\"ImageObject\",\"inLanguage\":\"de\",\"@id\":\"https:\\\/\\\/originltd.com\\\/#\\\/schema\\\/logo\\\/image\\\/\",\"url\":\"https:\\\/\\\/originltd.com\\\/wp-content\\\/uploads\\\/2024\\\/06\\\/cropped-Origin-logo-For-Health-For-Life-RGB@10x.png\",\"contentUrl\":\"https:\\\/\\\/originltd.com\\\/wp-content\\\/uploads\\\/2024\\\/06\\\/cropped-Origin-logo-For-Health-For-Life-RGB@10x.png\",\"width\":227,\"height\":65,\"caption\":\"Origin Pharma Packaging\"},\"image\":{\"@id\":\"https:\\\/\\\/originltd.com\\\/#\\\/schema\\\/logo\\\/image\\\/\"},\"sameAs\":[\"https:\\\/\\\/www.facebook.com\\\/originpharmapackaging\",\"https:\\\/\\\/x.com\\\/originpharma\",\"https:\\\/\\\/www.linkedin.com\\\/company\\\/origin-packaging-ltd\\\/\",\"https:\\\/\\\/www.youtube.com\\\/channel\\\/UCOOJl3eFOiO7lJT6f5qHygA\"]}]}<\/script>\n<!-- \/ Yoast SEO plugin. -->","yoast_head_json":{"title":"125ml-600ml Kindersichere Gl\u00e4ser | Origin Pharma Packaging","description":"Bestellen Sie ein 125ml-600ml kindersicheres Glas bei Origin. Wir bieten das perfekte Gef\u00e4\u00df als Verpackung f\u00fcr medizinische Cannabisunternehmen. Bestellen Sie Ihr kostenloses Muster.","robots":{"index":"index","follow":"follow","max-snippet":"max-snippet:-1","max-image-preview":"max-image-preview:large","max-video-preview":"max-video-preview:-1"},"canonical":"https:\/\/originltd.com\/de\/produkt\/the-origin-jar-125ml-250ml-child-resistant-jars\/","og_locale":"de_DE","og_type":"article","og_title":"125ml-600ml Child Resistant Jars | Origin Pharma Packaging","og_description":"Order a 125ml-600ml child resistant jar from Origin. We provide the perfect jar to serve as packaging for medicinal cannabis companies. Order your free sample.","og_url":"https:\/\/originltd.com\/de\/produkt\/the-origin-jar-125ml-250ml-child-resistant-jars\/","og_site_name":"Origin Pharma Packaging","article_publisher":"https:\/\/www.facebook.com\/originpharmapackaging","article_modified_time":"2025-07-07T10:48:36+00:00","og_image":[{"width":1707,"height":2560,"url":"https:\/\/originltd.com\/wp-content\/uploads\/2019\/10\/Capped-Jar-2-scaled.jpg","type":"image\/jpeg"}],"twitter_card":"summary_large_image","twitter_site":"@originpharma","twitter_misc":{"Gesch\u00e4tzte Lesezeit":"1\u00a0Minute"},"schema":{"@context":"https:\/\/schema.org","@graph":[{"@type":"WebPage","@id":"https:\/\/originltd.com\/product\/the-origin-jar-125ml-250ml-child-resistant-jars\/","url":"https:\/\/originltd.com\/product\/the-origin-jar-125ml-250ml-child-resistant-jars\/","name":"125ml-600ml Kindersichere Gl\u00e4ser | Origin Pharma Packaging","isPartOf":{"@id":"https:\/\/originltd.com\/#website"},"primaryImageOfPage":{"@id":"https:\/\/originltd.com\/product\/the-origin-jar-125ml-250ml-child-resistant-jars\/#primaryimage"},"image":{"@id":"https:\/\/originltd.com\/product\/the-origin-jar-125ml-250ml-child-resistant-jars\/#primaryimage"},"thumbnailUrl":"https:\/\/originltd.com\/wp-content\/uploads\/2019\/10\/Capped-Jar-2-scaled.jpg","datePublished":"2019-10-11T06:49:38+00:00","dateModified":"2025-07-07T10:48:36+00:00","description":"Bestellen Sie ein 125ml-600ml kindersicheres Glas bei Origin. Wir bieten das perfekte Gef\u00e4\u00df als Verpackung f\u00fcr medizinische Cannabisunternehmen. Bestellen Sie Ihr kostenloses Muster.","breadcrumb":{"@id":"https:\/\/originltd.com\/product\/the-origin-jar-125ml-250ml-child-resistant-jars\/#breadcrumb"},"inLanguage":"de","potentialAction":[{"@type":"ReadAction","target":["https:\/\/originltd.com\/product\/the-origin-jar-125ml-250ml-child-resistant-jars\/"]}]},{"@type":"ImageObject","inLanguage":"de","@id":"https:\/\/originltd.com\/product\/the-origin-jar-125ml-250ml-child-resistant-jars\/#primaryimage","url":"https:\/\/originltd.com\/wp-content\/uploads\/2019\/10\/Capped-Jar-2-scaled.jpg","contentUrl":"https:\/\/originltd.com\/wp-content\/uploads\/2019\/10\/Capped-Jar-2-scaled.jpg","width":1707,"height":2560,"caption":"Child Resistant Jars"},{"@type":"BreadcrumbList","@id":"https:\/\/originltd.com\/product\/the-origin-jar-125ml-250ml-child-resistant-jars\/#breadcrumb","itemListElement":[{"@type":"ListItem","position":1,"name":"Home","item":"https:\/\/originltd.com\/"},{"@type":"ListItem","position":2,"name":"Pharmaceutical Packaging Products","item":"https:\/\/originltd.com\/pharmaceutical-packaging\/"},{"@type":"ListItem","position":3,"name":"Medicinal Cannabis Packaging","item":"https:\/\/originltd.com\/packaging\/medicinal-cannabis-packaging\/"},{"@type":"ListItem","position":4,"name":"125ml-600ml Child Resistant Jars"}]},{"@type":"WebSite","@id":"https:\/\/originltd.com\/#website","url":"https:\/\/originltd.com\/","name":"Origin Pharma Packaging","description":"","publisher":{"@id":"https:\/\/originltd.com\/#organization"},"alternateName":"Origin Ltd.","potentialAction":[{"@type":"SearchAction","target":{"@type":"EntryPoint","urlTemplate":"https:\/\/originltd.com\/?s={search_term_string}"},"query-input":{"@type":"PropertyValueSpecification","valueRequired":true,"valueName":"search_term_string"}}],"inLanguage":"de"},{"@type":"Organization","@id":"https:\/\/originltd.com\/#organization","name":"Origin Pharma Packaging","url":"https:\/\/originltd.com\/","logo":{"@type":"ImageObject","inLanguage":"de","@id":"https:\/\/originltd.com\/#\/schema\/logo\/image\/","url":"https:\/\/originltd.com\/wp-content\/uploads\/2024\/06\/cropped-Origin-logo-For-Health-For-Life-RGB@10x.png","contentUrl":"https:\/\/originltd.com\/wp-content\/uploads\/2024\/06\/cropped-Origin-logo-For-Health-For-Life-RGB@10x.png","width":227,"height":65,"caption":"Origin Pharma Packaging"},"image":{"@id":"https:\/\/originltd.com\/#\/schema\/logo\/image\/"},"sameAs":["https:\/\/www.facebook.com\/originpharmapackaging","https:\/\/x.com\/originpharma","https:\/\/www.linkedin.com\/company\/origin-packaging-ltd\/","https:\/\/www.youtube.com\/channel\/UCOOJl3eFOiO7lJT6f5qHygA"]}]}},"_links":{"self":[{"href":"https:\/\/originltd.com\/de\/wp-json\/wp\/v2\/product\/5109","targetHints":{"allow":["GET"]}}],"collection":[{"href":"https:\/\/originltd.com\/de\/wp-json\/wp\/v2\/product"}],"about":[{"href":"https:\/\/originltd.com\/de\/wp-json\/wp\/v2\/types\/product"}],"replies":[{"embeddable":true,"href":"https:\/\/originltd.com\/de\/wp-json\/wp\/v2\/comments?post=5109"}],"wp:featuredmedia":[{"embeddable":true,"href":"https:\/\/originltd.com\/de\/wp-json\/wp\/v2\/media\/5164"}],"wp:attachment":[{"href":"https:\/\/originltd.com\/de\/wp-json\/wp\/v2\/media?parent=5109"}],"wp:term":[{"taxonomy":"product_brand","embeddable":true,"href":"https:\/\/originltd.com\/de\/wp-json\/wp\/v2\/product_brand?post=5109"},{"taxonomy":"product_cat","embeddable":true,"href":"https:\/\/originltd.com\/de\/wp-json\/wp\/v2\/product_cat?post=5109"},{"taxonomy":"product_tag","embeddable":true,"href":"https:\/\/originltd.com\/de\/wp-json\/wp\/v2\/product_tag?post=5109"}],"curies":[{"name":"wp","href":"https:\/\/api.w.org\/{rel}","templated":true}]}}