
{"id":1294,"date":"2018-02-07T16:48:55","date_gmt":"2018-02-07T16:48:55","guid":{"rendered":"https:\/\/dev.originltd.com\/product\/serum-vial-clear-amber\/"},"modified":"2025-09-25T15:04:57","modified_gmt":"2025-09-25T14:04:57","slug":"serum-vial-clear-amber","status":"publish","type":"product","link":"https:\/\/originltd.com\/de\/product\/serum-vial-clear-amber\/","title":{"rendered":"2 ml - 10 ml Impfstoff-Fl\u00e4schchen aus Borosilikatglas"},"content":{"rendered":"<p><span style=\"font-weight: 400;\">Unsere Serumfl\u00e4schchen aus Borosilikatglas sind in Gr\u00f6\u00dfen von 2 ml bis 10 ml erh\u00e4ltlich. Sie sind erh\u00e4ltlich als <\/span><a href=\"https:\/\/originltd.com\/de\/packaging\/clear-glass-bottles\/\"><span style=\"font-weight: 400;\">Klarglasflaschen<\/span><\/a><span style=\"font-weight: 400;\"> oder <\/span><a href=\"https:\/\/originltd.com\/de\/packaging\/amber-glass-bottles\/\"><span style=\"font-weight: 400;\">Braunglasflaschen<\/span><\/a><span style=\"font-weight: 400;\"> um Ihre bevorzugte Option auszuw\u00e4hlen.<\/span><\/p>","protected":false},"excerpt":{"rendered":"<p><span style=\"font-weight: 400;\">Unser<\/span><span style=\"font-weight: 400;\"> Borosilikatglas-Fl\u00e4schchen sind intuitiv hergestellt, um bruchfest zu sein und <\/span><span style=\"font-weight: 400;\">werden als verl\u00e4ssliche <\/span><a href=\"https:\/\/originltd.com\/de\/packaging\/pharmaceutical-packaging\/\"><span style=\"font-weight: 400;\">pharmazeutische Verpackungen<\/span><\/a><span style=\"font-weight: 400;\">. Diese <\/span><a href=\"https:\/\/originltd.com\/de\/packaging\/glass\/glass-vials\/\"><span style=\"font-weight: 400;\">Glasfl\u00e4schchen<\/span><\/a> <span style=\"font-weight: 400;\">haben einen B\u00f6rdelaufsatz <\/span><span style=\"font-weight: 400;\">Design, das insgesamt ein geringeres Gewicht f\u00fcr den Transport aufweist.<\/span><\/p>\n<p><span style=\"font-weight: 400;\">Wir bieten sowohl klare als auch bernsteinfarbene Serumfl\u00e4schchen aus Borosilikatglas an; jedes dieser Fl\u00e4schchen <\/span><a href=\"https:\/\/originltd.com\/de\/packaging\/glass\/\"><span style=\"font-weight: 400;\">Glasverpackungen<\/span><\/a><span style=\"font-weight: 400;\"> Produkte hat ihre eigenen Vorteile. Klare Serumfl\u00e4schchen aus Borosilikatglas erm\u00f6glichen die Sichtbarkeit ihres Inhalts, w\u00e4hrend ihre bernsteinfarbenen Gegenst\u00fccke Schutz vor UV-Abbau bieten.<\/span><\/p>\n<h3><span style=\"font-weight: 400;\">Wesentliche Merkmale:<\/span><\/h3>\n<ul>\n<li style=\"font-weight: 400;\" aria-level=\"1\"><span style=\"font-weight: 400;\">Bruchfest<\/span><\/li>\n<li style=\"font-weight: 400;\" aria-level=\"1\"><span style=\"font-weight: 400;\">Crimp-Top-Design<\/span><\/li>\n<li style=\"font-weight: 400;\" aria-level=\"1\"><span style=\"font-weight: 400;\">Hergestellt aus gering extrahierbarem Borosilikatglas Typ 1 in klar und braun<\/span><\/li>\n<li style=\"font-weight: 400;\" aria-level=\"1\"><span style=\"font-weight: 400;\">Schrumpfverpackte Module reduzieren die Partikelkontamination<\/span><\/li>\n<li style=\"font-weight: 400;\" aria-level=\"1\"><span style=\"font-weight: 400;\">Leicht<\/span><span style=\"font-weight: 400;\"> im Vergleich zu anderen Glasprodukten<\/span><\/li>\n<\/ul>\n<h3><span style=\"font-weight: 400;\">Geeignete Verwendungszwecke:<\/span><\/h3>\n<ul>\n<li style=\"font-weight: 400;\" aria-level=\"1\"><span style=\"font-weight: 400;\">Transport und Lagerung von Arzneimitteln und Seren<\/span><\/li>\n<li style=\"font-weight: 400;\" aria-level=\"1\"><span style=\"font-weight: 400;\">Medizinische Verpackung und Lagerung von Blutplasma, Medien, Reagenzien und Impfstoffen<\/span><\/li>\n<\/ul>","protected":false},"featured_media":3398,"comment_status":"open","ping_status":"closed","template":"","meta":{"_acf_changed":false},"product_brand":[],"product_cat":[2223,95],"product_tag":[],"class_list":{"0":"post-1294","1":"product","2":"type-product","3":"status-publish","4":"has-post-thumbnail","6":"product_cat-skincare-bodycare","7":"product_cat-glass","9":"first","10":"instock","11":"sold-individually","12":"shipping-taxable","13":"purchasable","14":"product-type-simple"},"acf":[],"yoast_head":"<!-- This site is optimized with the Yoast SEO plugin v27.3 - https:\/\/yoast.com\/product\/yoast-seo-wordpress\/ -->\n<title>2ml-10ml Borosilicate Glass Serum Vials | Origin<\/title>\n<meta name=\"description\" content=\"Order 2ml-10ml borosilicate glass serum vials from Origin. Our lightweight, break-resistant bottles are suited for pharmaceuticals, serums and more.\" \/>\n<meta name=\"robots\" content=\"index, follow, max-snippet:-1, max-image-preview:large, max-video-preview:-1\" \/>\n<link rel=\"canonical\" href=\"https:\/\/originltd.com\/de\/produkt\/serum-vial-clear-amber\/\" \/>\n<meta property=\"og:locale\" content=\"de_DE\" \/>\n<meta property=\"og:type\" content=\"article\" \/>\n<meta property=\"og:title\" content=\"2ml-10ml Borosilicate Glass Serum Vials | Origin\" \/>\n<meta property=\"og:description\" content=\"Order 2ml-10ml borosilicate glass serum vials from Origin. Our lightweight, break-resistant bottles are suited for pharmaceuticals, serums and more.\" \/>\n<meta property=\"og:url\" content=\"https:\/\/originltd.com\/de\/produkt\/serum-vial-clear-amber\/\" \/>\n<meta property=\"og:site_name\" content=\"Origin Pharma Packaging\" \/>\n<meta property=\"article:publisher\" content=\"https:\/\/www.facebook.com\/originpharmapackaging\" \/>\n<meta property=\"article:modified_time\" content=\"2025-09-25T14:04:57+00:00\" \/>\n<meta property=\"og:image\" content=\"https:\/\/originltd.com\/wp-content\/uploads\/2018\/03\/borosilicate-glass-serum-vial-amber-scaled.jpg\" \/>\n\t<meta property=\"og:image:width\" content=\"1707\" \/>\n\t<meta property=\"og:image:height\" content=\"2560\" \/>\n\t<meta property=\"og:image:type\" content=\"image\/jpeg\" \/>\n<meta name=\"twitter:card\" content=\"summary_large_image\" \/>\n<meta name=\"twitter:site\" content=\"@originpharma\" \/>\n<meta name=\"twitter:label1\" content=\"Gesch\u00e4tzte Lesezeit\" \/>\n\t<meta name=\"twitter:data1\" content=\"1\u00a0Minute\" \/>\n<script type=\"application\/ld+json\" class=\"yoast-schema-graph\">{\"@context\":\"https:\\\/\\\/schema.org\",\"@graph\":[{\"@type\":\"WebPage\",\"@id\":\"https:\\\/\\\/originltd.com\\\/product\\\/serum-vial-clear-amber\\\/\",\"url\":\"https:\\\/\\\/originltd.com\\\/product\\\/serum-vial-clear-amber\\\/\",\"name\":\"2ml-10ml Borosilicate Glass Serum Vials | Origin\",\"isPartOf\":{\"@id\":\"https:\\\/\\\/originltd.com\\\/#website\"},\"primaryImageOfPage\":{\"@id\":\"https:\\\/\\\/originltd.com\\\/product\\\/serum-vial-clear-amber\\\/#primaryimage\"},\"image\":{\"@id\":\"https:\\\/\\\/originltd.com\\\/product\\\/serum-vial-clear-amber\\\/#primaryimage\"},\"thumbnailUrl\":\"https:\\\/\\\/originltd.com\\\/wp-content\\\/uploads\\\/2018\\\/03\\\/borosilicate-glass-serum-vial-amber-scaled.jpg\",\"datePublished\":\"2018-02-07T16:48:55+00:00\",\"dateModified\":\"2025-09-25T14:04:57+00:00\",\"description\":\"Order 2ml-10ml borosilicate glass serum vials from Origin. Our lightweight, break-resistant bottles are suited for pharmaceuticals, serums and more.\",\"breadcrumb\":{\"@id\":\"https:\\\/\\\/originltd.com\\\/product\\\/serum-vial-clear-amber\\\/#breadcrumb\"},\"inLanguage\":\"de\",\"potentialAction\":[{\"@type\":\"ReadAction\",\"target\":[\"https:\\\/\\\/originltd.com\\\/product\\\/serum-vial-clear-amber\\\/\"]}]},{\"@type\":\"ImageObject\",\"inLanguage\":\"de\",\"@id\":\"https:\\\/\\\/originltd.com\\\/product\\\/serum-vial-clear-amber\\\/#primaryimage\",\"url\":\"https:\\\/\\\/originltd.com\\\/wp-content\\\/uploads\\\/2018\\\/03\\\/borosilicate-glass-serum-vial-amber-scaled.jpg\",\"contentUrl\":\"https:\\\/\\\/originltd.com\\\/wp-content\\\/uploads\\\/2018\\\/03\\\/borosilicate-glass-serum-vial-amber-scaled.jpg\",\"width\":1707,\"height\":2560,\"caption\":\"borosilicate-glass-serum-vial-amber\"},{\"@type\":\"BreadcrumbList\",\"@id\":\"https:\\\/\\\/originltd.com\\\/product\\\/serum-vial-clear-amber\\\/#breadcrumb\",\"itemListElement\":[{\"@type\":\"ListItem\",\"position\":1,\"name\":\"Home\",\"item\":\"https:\\\/\\\/originltd.com\\\/\"},{\"@type\":\"ListItem\",\"position\":2,\"name\":\"Pharmaceutical Packaging Products\",\"item\":\"https:\\\/\\\/originltd.com\\\/pharmaceutical-packaging\\\/\"},{\"@type\":\"ListItem\",\"position\":3,\"name\":\"Wholesale Glass Packaging\",\"item\":\"https:\\\/\\\/originltd.com\\\/packaging\\\/glass\\\/\"},{\"@type\":\"ListItem\",\"position\":4,\"name\":\"2ml-10ml Borosilicate Glass Serum Vials\"}]},{\"@type\":\"WebSite\",\"@id\":\"https:\\\/\\\/originltd.com\\\/#website\",\"url\":\"https:\\\/\\\/originltd.com\\\/\",\"name\":\"Origin Pharma Packaging\",\"description\":\"\",\"publisher\":{\"@id\":\"https:\\\/\\\/originltd.com\\\/#organization\"},\"alternateName\":\"Origin Ltd.\",\"potentialAction\":[{\"@type\":\"SearchAction\",\"target\":{\"@type\":\"EntryPoint\",\"urlTemplate\":\"https:\\\/\\\/originltd.com\\\/?s={search_term_string}\"},\"query-input\":{\"@type\":\"PropertyValueSpecification\",\"valueRequired\":true,\"valueName\":\"search_term_string\"}}],\"inLanguage\":\"de\"},{\"@type\":\"Organization\",\"@id\":\"https:\\\/\\\/originltd.com\\\/#organization\",\"name\":\"Origin Pharma Packaging\",\"url\":\"https:\\\/\\\/originltd.com\\\/\",\"logo\":{\"@type\":\"ImageObject\",\"inLanguage\":\"de\",\"@id\":\"https:\\\/\\\/originltd.com\\\/#\\\/schema\\\/logo\\\/image\\\/\",\"url\":\"https:\\\/\\\/originltd.com\\\/wp-content\\\/uploads\\\/2024\\\/06\\\/cropped-Origin-logo-For-Health-For-Life-RGB@10x.png\",\"contentUrl\":\"https:\\\/\\\/originltd.com\\\/wp-content\\\/uploads\\\/2024\\\/06\\\/cropped-Origin-logo-For-Health-For-Life-RGB@10x.png\",\"width\":227,\"height\":65,\"caption\":\"Origin Pharma Packaging\"},\"image\":{\"@id\":\"https:\\\/\\\/originltd.com\\\/#\\\/schema\\\/logo\\\/image\\\/\"},\"sameAs\":[\"https:\\\/\\\/www.facebook.com\\\/originpharmapackaging\",\"https:\\\/\\\/x.com\\\/originpharma\",\"https:\\\/\\\/www.linkedin.com\\\/company\\\/origin-packaging-ltd\\\/\",\"https:\\\/\\\/www.youtube.com\\\/channel\\\/UCOOJl3eFOiO7lJT6f5qHygA\"]}]}<\/script>\n<!-- \/ Yoast SEO plugin. -->","yoast_head_json":{"title":"2ml-10ml Serumfl\u00e4schchen aus Borosilikatglas | Herkunft","description":"Bestellen Sie 2ml-10ml Serumfl\u00e4schchen aus Borosilikatglas bei Origin. Unsere leichten, bruchfesten Flaschen sind f\u00fcr Arzneimittel, Seren und mehr geeignet.","robots":{"index":"index","follow":"follow","max-snippet":"max-snippet:-1","max-image-preview":"max-image-preview:large","max-video-preview":"max-video-preview:-1"},"canonical":"https:\/\/originltd.com\/de\/produkt\/serum-vial-clear-amber\/","og_locale":"de_DE","og_type":"article","og_title":"2ml-10ml Borosilicate Glass Serum Vials | Origin","og_description":"Order 2ml-10ml borosilicate glass serum vials from Origin. Our lightweight, break-resistant bottles are suited for pharmaceuticals, serums and more.","og_url":"https:\/\/originltd.com\/de\/produkt\/serum-vial-clear-amber\/","og_site_name":"Origin Pharma Packaging","article_publisher":"https:\/\/www.facebook.com\/originpharmapackaging","article_modified_time":"2025-09-25T14:04:57+00:00","og_image":[{"width":1707,"height":2560,"url":"https:\/\/originltd.com\/wp-content\/uploads\/2018\/03\/borosilicate-glass-serum-vial-amber-scaled.jpg","type":"image\/jpeg"}],"twitter_card":"summary_large_image","twitter_site":"@originpharma","twitter_misc":{"Gesch\u00e4tzte Lesezeit":"1\u00a0Minute"},"schema":{"@context":"https:\/\/schema.org","@graph":[{"@type":"WebPage","@id":"https:\/\/originltd.com\/product\/serum-vial-clear-amber\/","url":"https:\/\/originltd.com\/product\/serum-vial-clear-amber\/","name":"2ml-10ml Serumfl\u00e4schchen aus Borosilikatglas | Herkunft","isPartOf":{"@id":"https:\/\/originltd.com\/#website"},"primaryImageOfPage":{"@id":"https:\/\/originltd.com\/product\/serum-vial-clear-amber\/#primaryimage"},"image":{"@id":"https:\/\/originltd.com\/product\/serum-vial-clear-amber\/#primaryimage"},"thumbnailUrl":"https:\/\/originltd.com\/wp-content\/uploads\/2018\/03\/borosilicate-glass-serum-vial-amber-scaled.jpg","datePublished":"2018-02-07T16:48:55+00:00","dateModified":"2025-09-25T14:04:57+00:00","description":"Bestellen Sie 2ml-10ml Serumfl\u00e4schchen aus Borosilikatglas bei Origin. Unsere leichten, bruchfesten Flaschen sind f\u00fcr Arzneimittel, Seren und mehr geeignet.","breadcrumb":{"@id":"https:\/\/originltd.com\/product\/serum-vial-clear-amber\/#breadcrumb"},"inLanguage":"de","potentialAction":[{"@type":"ReadAction","target":["https:\/\/originltd.com\/product\/serum-vial-clear-amber\/"]}]},{"@type":"ImageObject","inLanguage":"de","@id":"https:\/\/originltd.com\/product\/serum-vial-clear-amber\/#primaryimage","url":"https:\/\/originltd.com\/wp-content\/uploads\/2018\/03\/borosilicate-glass-serum-vial-amber-scaled.jpg","contentUrl":"https:\/\/originltd.com\/wp-content\/uploads\/2018\/03\/borosilicate-glass-serum-vial-amber-scaled.jpg","width":1707,"height":2560,"caption":"borosilicate-glass-serum-vial-amber"},{"@type":"BreadcrumbList","@id":"https:\/\/originltd.com\/product\/serum-vial-clear-amber\/#breadcrumb","itemListElement":[{"@type":"ListItem","position":1,"name":"Home","item":"https:\/\/originltd.com\/"},{"@type":"ListItem","position":2,"name":"Pharmaceutical Packaging Products","item":"https:\/\/originltd.com\/pharmaceutical-packaging\/"},{"@type":"ListItem","position":3,"name":"Wholesale Glass Packaging","item":"https:\/\/originltd.com\/packaging\/glass\/"},{"@type":"ListItem","position":4,"name":"2ml-10ml Borosilicate Glass Serum Vials"}]},{"@type":"WebSite","@id":"https:\/\/originltd.com\/#website","url":"https:\/\/originltd.com\/","name":"Origin Pharma Packaging","description":"","publisher":{"@id":"https:\/\/originltd.com\/#organization"},"alternateName":"Origin Ltd.","potentialAction":[{"@type":"SearchAction","target":{"@type":"EntryPoint","urlTemplate":"https:\/\/originltd.com\/?s={search_term_string}"},"query-input":{"@type":"PropertyValueSpecification","valueRequired":true,"valueName":"search_term_string"}}],"inLanguage":"de"},{"@type":"Organization","@id":"https:\/\/originltd.com\/#organization","name":"Origin Pharma Packaging","url":"https:\/\/originltd.com\/","logo":{"@type":"ImageObject","inLanguage":"de","@id":"https:\/\/originltd.com\/#\/schema\/logo\/image\/","url":"https:\/\/originltd.com\/wp-content\/uploads\/2024\/06\/cropped-Origin-logo-For-Health-For-Life-RGB@10x.png","contentUrl":"https:\/\/originltd.com\/wp-content\/uploads\/2024\/06\/cropped-Origin-logo-For-Health-For-Life-RGB@10x.png","width":227,"height":65,"caption":"Origin Pharma Packaging"},"image":{"@id":"https:\/\/originltd.com\/#\/schema\/logo\/image\/"},"sameAs":["https:\/\/www.facebook.com\/originpharmapackaging","https:\/\/x.com\/originpharma","https:\/\/www.linkedin.com\/company\/origin-packaging-ltd\/","https:\/\/www.youtube.com\/channel\/UCOOJl3eFOiO7lJT6f5qHygA"]}]}},"_links":{"self":[{"href":"https:\/\/originltd.com\/de\/wp-json\/wp\/v2\/product\/1294","targetHints":{"allow":["GET"]}}],"collection":[{"href":"https:\/\/originltd.com\/de\/wp-json\/wp\/v2\/product"}],"about":[{"href":"https:\/\/originltd.com\/de\/wp-json\/wp\/v2\/types\/product"}],"replies":[{"embeddable":true,"href":"https:\/\/originltd.com\/de\/wp-json\/wp\/v2\/comments?post=1294"}],"wp:featuredmedia":[{"embeddable":true,"href":"https:\/\/originltd.com\/de\/wp-json\/wp\/v2\/media\/3398"}],"wp:attachment":[{"href":"https:\/\/originltd.com\/de\/wp-json\/wp\/v2\/media?parent=1294"}],"wp:term":[{"taxonomy":"product_brand","embeddable":true,"href":"https:\/\/originltd.com\/de\/wp-json\/wp\/v2\/product_brand?post=1294"},{"taxonomy":"product_cat","embeddable":true,"href":"https:\/\/originltd.com\/de\/wp-json\/wp\/v2\/product_cat?post=1294"},{"taxonomy":"product_tag","embeddable":true,"href":"https:\/\/originltd.com\/de\/wp-json\/wp\/v2\/product_tag?post=1294"}],"curies":[{"name":"wp","href":"https:\/\/api.w.org\/{rel}","templated":true}]}}