{"id":1290,"date":"2018-02-07T16:48:54","date_gmt":"2018-02-07T16:48:54","guid":{"rendered":"https:\/\/dev.originltd.com\/product\/injection-bottles\/"},"modified":"2025-10-07T16:04:55","modified_gmt":"2025-10-07T15:04:55","slug":"injection-bottles","status":"publish","type":"product","link":"https:\/\/originltd.com\/de\/product\/injection-bottles\/","title":{"rendered":"7 ml - 100 ml Injektionsflaschen"},"content":{"rendered":"<p><span style=\"font-weight: 400;\">Unsere Injektionsflaschen von 7 ml bis 100 ml gibt es in vielen Gr\u00f6\u00dfenvarianten, damit Sie Ihre bevorzugte Option finden. Sie sind in Glastypen von Typ I bis Typ III erh\u00e4ltlich, sowie in folgenden Ausf\u00fchrungen <\/span><a href=\"https:\/\/originltd.com\/de\/packaging\/clear-glass-bottles\/\"><span style=\"font-weight: 400;\">Klarglasflaschen<\/span><\/a><span style=\"font-weight: 400;\"> oder <\/span><a href=\"https:\/\/originltd.com\/de\/packaging\/amber-glass-bottles\/\"><span style=\"font-weight: 400;\">Braunglasflaschen<\/span><\/a><span style=\"font-weight: 400;\">.<\/span><\/p>","protected":false},"excerpt":{"rendered":"<p><span style=\"font-weight: 400;\">Wir f\u00fchren eine Vielzahl von Injektionsflaschen,<\/span><span style=\"font-weight: 400;\"> mit einem Fassungsverm\u00f6gen von 7 ml bis 100 ml und den Glastypen Typ I bis Typ III. <\/span><span style=\"font-weight: 400;\">Diese <\/span><a href=\"https:\/\/originltd.com\/de\/packaging\/pharmaceutical-packaging\/\"><span style=\"font-weight: 400;\">pharmazeutische Verpackungen<\/span><\/a><span style=\"font-weight: 400;\"> kommt Ihren W\u00fcnschen entgegen, mit 10ml-Injektionsflaschen als g\u00fcnstigem Medium und 100ml-Injektionsflaschen f\u00fcr gr\u00f6\u00dfere Volumenanforderungen.<\/span><\/p>\n<p><span style=\"font-weight: 400;\">Diese <\/span><a href=\"\/de\/packaging\/glass\/glass-bottles\/\"><span style=\"font-weight: 400;\">Medizinflaschen<\/span><\/a><span style=\"font-weight: 400;\"> sind im Allgemeinen<\/span><span style=\"font-weight: 400;\"> als Mehrfachdosisoption f\u00fcr fl\u00fcssige Medikamente, die zur parenteralen Verabreichung (Injektion oder Infusion) bestimmt sind und mehr als eine Medikamentendosis enthalten. Sie k\u00f6nnen medizinische Reagenzien oder Antibiotika aufbewahren, <\/span><span style=\"font-weight: 400;\">obwohl unser <\/span><a href=\"https:\/\/originltd.com\/de\/produkt\/injection-vials\/\"><span style=\"font-weight: 400;\">Injektionsfl\u00e4schchen<\/span><\/a><span style=\"font-weight: 400;\"> sind ein geeignetes \u00c4quivalent.<\/span><\/p>\n<h3><span style=\"font-weight: 400;\">Wesentliche Merkmale:<\/span><\/h3>\n<ul>\n<li style=\"font-weight: 400;\" aria-level=\"1\"><span style=\"font-weight: 400;\">Klare flint- und bernsteinfarbene USP Typ III Injektionsfl\u00e4schchen<\/span><\/li>\n<li style=\"font-weight: 400;\" aria-level=\"1\"><span style=\"font-weight: 400;\">Erh\u00e4ltlich in Klar- und Braunglas<\/span><\/li>\n<li style=\"font-weight: 400;\" aria-level=\"1\"><span style=\"font-weight: 400;\">Bernsteinfarbene Flaschen sch\u00fctzen vor UV-Sch\u00e4den<\/span><\/li>\n<li style=\"font-weight: 400;\" aria-level=\"1\"><span style=\"font-weight: 400;\">Klare Flaschen erm\u00f6glichen die Sichtbarkeit des Inhalts<\/span><\/li>\n<li style=\"font-weight: 400;\" aria-level=\"1\"><span style=\"font-weight: 400;\">Erh\u00e4ltlich in Glastypen von Typ I bis Typ III<\/span><\/li>\n<li style=\"font-weight: 400;\" aria-level=\"1\"><span style=\"font-weight: 400;\">Mit gekrimptem Hals ausgestattet<\/span><\/li>\n<\/ul>\n<h3><span style=\"font-weight: 400;\">Geeignete Verwendungszwecke:<\/span><\/h3>\n<ul>\n<li style=\"font-weight: 400;\" aria-level=\"1\"><span style=\"font-weight: 400;\">Aufbewahrung mehrerer Dosen von fl\u00fcssigen Medikamenten<\/span><\/li>\n<li style=\"font-weight: 400;\" aria-level=\"1\"><span style=\"font-weight: 400;\">Aufbewahrung von medizinischen Reagenzien oder Antibiotika<\/span><\/li>\n<\/ul>","protected":false},"featured_media":3432,"comment_status":"open","ping_status":"closed","template":"","meta":{"_acf_changed":false},"product_brand":[],"product_cat":[2185,119,2225,2227,95],"product_tag":[],"class_list":{"0":"post-1290","1":"product","2":"type-product","3":"status-publish","4":"has-post-thumbnail","6":"product_cat-cosmetic-containers","7":"product_cat-cosmetic-bottles","8":"product_cat-home-fragrance","9":"product_cat-lifestyle","10":"product_cat-glass","12":"first","13":"instock","14":"sold-individually","15":"shipping-taxable","16":"purchasable","17":"product-type-simple"},"acf":[],"yoast_head":"<!-- This site is optimized with the Yoast SEO plugin v27.5 - https:\/\/yoast.com\/product\/yoast-seo-wordpress\/ -->\n<title>7ml-100ml Injection Bottles | Origin Pharma Packaging<\/title>\n<meta name=\"description\" content=\"Order high-quality 7ml-100ml injection bottles from Origin. Our bottles are available in glass types from Type I to Type III and in clear or amber glass designs.\" \/>\n<meta name=\"robots\" content=\"index, follow, max-snippet:-1, max-image-preview:large, max-video-preview:-1\" \/>\n<link rel=\"canonical\" href=\"https:\/\/originltd.com\/de\/produkt\/injection-bottles\/\" \/>\n<meta property=\"og:locale\" content=\"de_DE\" \/>\n<meta property=\"og:type\" content=\"article\" \/>\n<meta property=\"og:title\" content=\"7ml-100ml Injection Bottles | Origin Pharma Packaging\" \/>\n<meta property=\"og:description\" content=\"Order high-quality 7ml-100ml injection bottles from Origin. Our bottles are available in glass types from Type I to Type III and in clear or amber glass designs.\" \/>\n<meta property=\"og:url\" content=\"https:\/\/originltd.com\/de\/produkt\/injection-bottles\/\" \/>\n<meta property=\"og:site_name\" content=\"Origin Pharma Packaging\" \/>\n<meta property=\"article:publisher\" content=\"https:\/\/www.facebook.com\/originpharmapackaging\" \/>\n<meta property=\"article:modified_time\" content=\"2025-10-07T15:04:55+00:00\" \/>\n<meta property=\"og:image\" content=\"https:\/\/originltd.com\/wp-content\/uploads\/2018\/03\/injection-vial-amber-scaled.jpg\" \/>\n\t<meta property=\"og:image:width\" content=\"1707\" \/>\n\t<meta property=\"og:image:height\" content=\"2560\" \/>\n\t<meta property=\"og:image:type\" content=\"image\/jpeg\" \/>\n<meta name=\"twitter:card\" content=\"summary_large_image\" \/>\n<meta name=\"twitter:site\" content=\"@originpharma\" \/>\n<meta name=\"twitter:label1\" content=\"Gesch\u00e4tzte Lesezeit\" \/>\n\t<meta name=\"twitter:data1\" content=\"1\u00a0Minute\" \/>\n<script type=\"application\/ld+json\" class=\"yoast-schema-graph\">{\"@context\":\"https:\\\/\\\/schema.org\",\"@graph\":[{\"@type\":\"WebPage\",\"@id\":\"https:\\\/\\\/originltd.com\\\/product\\\/injection-bottles\\\/\",\"url\":\"https:\\\/\\\/originltd.com\\\/product\\\/injection-bottles\\\/\",\"name\":\"7ml-100ml Injection Bottles | Origin Pharma Packaging\",\"isPartOf\":{\"@id\":\"https:\\\/\\\/originltd.com\\\/#website\"},\"primaryImageOfPage\":{\"@id\":\"https:\\\/\\\/originltd.com\\\/product\\\/injection-bottles\\\/#primaryimage\"},\"image\":{\"@id\":\"https:\\\/\\\/originltd.com\\\/product\\\/injection-bottles\\\/#primaryimage\"},\"thumbnailUrl\":\"https:\\\/\\\/originltd.com\\\/wp-content\\\/uploads\\\/2018\\\/03\\\/injection-vial-amber-scaled.jpg\",\"datePublished\":\"2018-02-07T16:48:54+00:00\",\"dateModified\":\"2025-10-07T15:04:55+00:00\",\"description\":\"Order high-quality 7ml-100ml injection bottles from Origin. Our bottles are available in glass types from Type I to Type III and in clear or amber glass designs.\",\"breadcrumb\":{\"@id\":\"https:\\\/\\\/originltd.com\\\/product\\\/injection-bottles\\\/#breadcrumb\"},\"inLanguage\":\"de\",\"potentialAction\":[{\"@type\":\"ReadAction\",\"target\":[\"https:\\\/\\\/originltd.com\\\/product\\\/injection-bottles\\\/\"]}]},{\"@type\":\"ImageObject\",\"inLanguage\":\"de\",\"@id\":\"https:\\\/\\\/originltd.com\\\/product\\\/injection-bottles\\\/#primaryimage\",\"url\":\"https:\\\/\\\/originltd.com\\\/wp-content\\\/uploads\\\/2018\\\/03\\\/injection-vial-amber-scaled.jpg\",\"contentUrl\":\"https:\\\/\\\/originltd.com\\\/wp-content\\\/uploads\\\/2018\\\/03\\\/injection-vial-amber-scaled.jpg\",\"width\":1707,\"height\":2560,\"caption\":\"Glass injection vials\"},{\"@type\":\"BreadcrumbList\",\"@id\":\"https:\\\/\\\/originltd.com\\\/product\\\/injection-bottles\\\/#breadcrumb\",\"itemListElement\":[{\"@type\":\"ListItem\",\"position\":1,\"name\":\"Home\",\"item\":\"https:\\\/\\\/originltd.com\\\/\"},{\"@type\":\"ListItem\",\"position\":2,\"name\":\"Pharmaceutical Packaging Products\",\"item\":\"https:\\\/\\\/originltd.com\\\/pharmaceutical-packaging\\\/\"},{\"@type\":\"ListItem\",\"position\":3,\"name\":\"Cosmetic Packaging\",\"item\":\"https:\\\/\\\/originltd.com\\\/packaging\\\/cosmetic-containers\\\/\"},{\"@type\":\"ListItem\",\"position\":4,\"name\":\"7ml-100ml Injection Bottles\"}]},{\"@type\":\"WebSite\",\"@id\":\"https:\\\/\\\/originltd.com\\\/#website\",\"url\":\"https:\\\/\\\/originltd.com\\\/\",\"name\":\"Origin Pharma Packaging\",\"description\":\"\",\"publisher\":{\"@id\":\"https:\\\/\\\/originltd.com\\\/#organization\"},\"alternateName\":\"Origin Ltd.\",\"potentialAction\":[{\"@type\":\"SearchAction\",\"target\":{\"@type\":\"EntryPoint\",\"urlTemplate\":\"https:\\\/\\\/originltd.com\\\/?s={search_term_string}\"},\"query-input\":{\"@type\":\"PropertyValueSpecification\",\"valueRequired\":true,\"valueName\":\"search_term_string\"}}],\"inLanguage\":\"de\"},{\"@type\":\"Organization\",\"@id\":\"https:\\\/\\\/originltd.com\\\/#organization\",\"name\":\"Origin Pharma Packaging\",\"url\":\"https:\\\/\\\/originltd.com\\\/\",\"logo\":{\"@type\":\"ImageObject\",\"inLanguage\":\"de\",\"@id\":\"https:\\\/\\\/originltd.com\\\/#\\\/schema\\\/logo\\\/image\\\/\",\"url\":\"https:\\\/\\\/originltd.com\\\/wp-content\\\/uploads\\\/2024\\\/06\\\/cropped-Origin-logo-For-Health-For-Life-RGB@10x.png\",\"contentUrl\":\"https:\\\/\\\/originltd.com\\\/wp-content\\\/uploads\\\/2024\\\/06\\\/cropped-Origin-logo-For-Health-For-Life-RGB@10x.png\",\"width\":227,\"height\":65,\"caption\":\"Origin Pharma Packaging\"},\"image\":{\"@id\":\"https:\\\/\\\/originltd.com\\\/#\\\/schema\\\/logo\\\/image\\\/\"},\"sameAs\":[\"https:\\\/\\\/www.facebook.com\\\/originpharmapackaging\",\"https:\\\/\\\/x.com\\\/originpharma\",\"https:\\\/\\\/www.linkedin.com\\\/company\\\/origin-packaging-ltd\\\/\",\"https:\\\/\\\/www.youtube.com\\\/channel\\\/UCOOJl3eFOiO7lJT6f5qHygA\"]}]}<\/script>\n<!-- \/ Yoast SEO plugin. -->","yoast_head_json":{"title":"7ml-100ml Injektionsflaschen | Origin Pharma Packaging","description":"Bestellen Sie hochwertige 7ml-100ml Injektionsflaschen bei Origin. Unsere Flaschen sind in Glastypen von Typ I bis Typ III und in Klar- oder Braunglasausf\u00fchrung erh\u00e4ltlich.","robots":{"index":"index","follow":"follow","max-snippet":"max-snippet:-1","max-image-preview":"max-image-preview:large","max-video-preview":"max-video-preview:-1"},"canonical":"https:\/\/originltd.com\/de\/produkt\/injection-bottles\/","og_locale":"de_DE","og_type":"article","og_title":"7ml-100ml Injection Bottles | Origin Pharma Packaging","og_description":"Order high-quality 7ml-100ml injection bottles from Origin. Our bottles are available in glass types from Type I to Type III and in clear or amber glass designs.","og_url":"https:\/\/originltd.com\/de\/produkt\/injection-bottles\/","og_site_name":"Origin Pharma Packaging","article_publisher":"https:\/\/www.facebook.com\/originpharmapackaging","article_modified_time":"2025-10-07T15:04:55+00:00","og_image":[{"width":1707,"height":2560,"url":"https:\/\/originltd.com\/wp-content\/uploads\/2018\/03\/injection-vial-amber-scaled.jpg","type":"image\/jpeg"}],"twitter_card":"summary_large_image","twitter_site":"@originpharma","twitter_misc":{"Gesch\u00e4tzte Lesezeit":"1\u00a0Minute"},"schema":{"@context":"https:\/\/schema.org","@graph":[{"@type":"WebPage","@id":"https:\/\/originltd.com\/product\/injection-bottles\/","url":"https:\/\/originltd.com\/product\/injection-bottles\/","name":"7ml-100ml Injektionsflaschen | Origin Pharma Packaging","isPartOf":{"@id":"https:\/\/originltd.com\/#website"},"primaryImageOfPage":{"@id":"https:\/\/originltd.com\/product\/injection-bottles\/#primaryimage"},"image":{"@id":"https:\/\/originltd.com\/product\/injection-bottles\/#primaryimage"},"thumbnailUrl":"https:\/\/originltd.com\/wp-content\/uploads\/2018\/03\/injection-vial-amber-scaled.jpg","datePublished":"2018-02-07T16:48:54+00:00","dateModified":"2025-10-07T15:04:55+00:00","description":"Bestellen Sie hochwertige 7ml-100ml Injektionsflaschen bei Origin. Unsere Flaschen sind in Glastypen von Typ I bis Typ III und in Klar- oder Braunglasausf\u00fchrung erh\u00e4ltlich.","breadcrumb":{"@id":"https:\/\/originltd.com\/product\/injection-bottles\/#breadcrumb"},"inLanguage":"de","potentialAction":[{"@type":"ReadAction","target":["https:\/\/originltd.com\/product\/injection-bottles\/"]}]},{"@type":"ImageObject","inLanguage":"de","@id":"https:\/\/originltd.com\/product\/injection-bottles\/#primaryimage","url":"https:\/\/originltd.com\/wp-content\/uploads\/2018\/03\/injection-vial-amber-scaled.jpg","contentUrl":"https:\/\/originltd.com\/wp-content\/uploads\/2018\/03\/injection-vial-amber-scaled.jpg","width":1707,"height":2560,"caption":"Glass injection vials"},{"@type":"BreadcrumbList","@id":"https:\/\/originltd.com\/product\/injection-bottles\/#breadcrumb","itemListElement":[{"@type":"ListItem","position":1,"name":"Home","item":"https:\/\/originltd.com\/"},{"@type":"ListItem","position":2,"name":"Pharmaceutical Packaging Products","item":"https:\/\/originltd.com\/pharmaceutical-packaging\/"},{"@type":"ListItem","position":3,"name":"Cosmetic Packaging","item":"https:\/\/originltd.com\/packaging\/cosmetic-containers\/"},{"@type":"ListItem","position":4,"name":"7ml-100ml Injection Bottles"}]},{"@type":"WebSite","@id":"https:\/\/originltd.com\/#website","url":"https:\/\/originltd.com\/","name":"Origin Pharma Packaging","description":"","publisher":{"@id":"https:\/\/originltd.com\/#organization"},"alternateName":"Origin Ltd.","potentialAction":[{"@type":"SearchAction","target":{"@type":"EntryPoint","urlTemplate":"https:\/\/originltd.com\/?s={search_term_string}"},"query-input":{"@type":"PropertyValueSpecification","valueRequired":true,"valueName":"search_term_string"}}],"inLanguage":"de"},{"@type":"Organization","@id":"https:\/\/originltd.com\/#organization","name":"Origin Pharma Packaging","url":"https:\/\/originltd.com\/","logo":{"@type":"ImageObject","inLanguage":"de","@id":"https:\/\/originltd.com\/#\/schema\/logo\/image\/","url":"https:\/\/originltd.com\/wp-content\/uploads\/2024\/06\/cropped-Origin-logo-For-Health-For-Life-RGB@10x.png","contentUrl":"https:\/\/originltd.com\/wp-content\/uploads\/2024\/06\/cropped-Origin-logo-For-Health-For-Life-RGB@10x.png","width":227,"height":65,"caption":"Origin Pharma Packaging"},"image":{"@id":"https:\/\/originltd.com\/#\/schema\/logo\/image\/"},"sameAs":["https:\/\/www.facebook.com\/originpharmapackaging","https:\/\/x.com\/originpharma","https:\/\/www.linkedin.com\/company\/origin-packaging-ltd\/","https:\/\/www.youtube.com\/channel\/UCOOJl3eFOiO7lJT6f5qHygA"]}]}},"_links":{"self":[{"href":"https:\/\/originltd.com\/de\/wp-json\/wp\/v2\/product\/1290","targetHints":{"allow":["GET"]}}],"collection":[{"href":"https:\/\/originltd.com\/de\/wp-json\/wp\/v2\/product"}],"about":[{"href":"https:\/\/originltd.com\/de\/wp-json\/wp\/v2\/types\/product"}],"replies":[{"embeddable":true,"href":"https:\/\/originltd.com\/de\/wp-json\/wp\/v2\/comments?post=1290"}],"wp:featuredmedia":[{"embeddable":true,"href":"https:\/\/originltd.com\/de\/wp-json\/wp\/v2\/media\/3432"}],"wp:attachment":[{"href":"https:\/\/originltd.com\/de\/wp-json\/wp\/v2\/media?parent=1290"}],"wp:term":[{"taxonomy":"product_brand","embeddable":true,"href":"https:\/\/originltd.com\/de\/wp-json\/wp\/v2\/product_brand?post=1290"},{"taxonomy":"product_cat","embeddable":true,"href":"https:\/\/originltd.com\/de\/wp-json\/wp\/v2\/product_cat?post=1290"},{"taxonomy":"product_tag","embeddable":true,"href":"https:\/\/originltd.com\/de\/wp-json\/wp\/v2\/product_tag?post=1290"}],"curies":[{"name":"wp","href":"https:\/\/api.w.org\/{rel}","templated":true}]}}