
{"id":1286,"date":"2018-02-07T16:48:53","date_gmt":"2018-02-07T16:48:53","guid":{"rendered":"https:\/\/dev.originltd.com\/product\/graduated-measures-conical-and-cylindrical\/"},"modified":"2025-09-25T15:06:16","modified_gmt":"2025-09-25T14:06:16","slug":"graduated-measures-conical-and-cylindrical","status":"publish","type":"product","link":"https:\/\/originltd.com\/de\/product\/graduated-measures-conical-and-cylindrical\/","title":{"rendered":"Messbecher - Konische und zylindrische K\u00fcvetten"},"content":{"rendered":"<p><span style=\"font-weight: 400;\">Die Messger\u00e4te von Origin sind in verschiedenen Gr\u00f6\u00dfen erh\u00e4ltlich. Unsere zylindrischen Messger\u00e4te sind mit einem Fassungsverm\u00f6gen von 10 ml bis 1000 ml erh\u00e4ltlich, w\u00e4hrend unsere konischen Messger\u00e4te mit einem Fassungsverm\u00f6gen von 5 ml bis 500 ml erh\u00e4ltlich sind.<\/span><\/p>","protected":false},"excerpt":{"rendered":"<p><span style=\"font-weight: 400;\">Unsere konischen und zylindrischen Messkolben sind f\u00fcr die genaue Messung von Fl\u00fcssigkeitsvolumina konzipiert.<\/span><\/p>\n<p><span style=\"font-weight: 400;\">Diese <\/span><a href=\"https:\/\/originltd.com\/de\/packaging\/dispensing-aid\/\"><span style=\"font-weight: 400;\">Messger\u00e4te f\u00fcr fl\u00fcssige Arzneimittel<\/span><\/a><span style=\"font-weight: 400;\"> werden hergestellt aus Typ<\/span><span style=\"font-weight: 400;\"> 1 <\/span><span style=\"font-weight: 400;\">Borosilikat<\/span><span style=\"font-weight: 400;\"> Glas. Es enth\u00e4lt Bortrioxid, das einen sehr niedrigen W\u00e4rmeausdehnungskoeffizienten hat und somit sehr hohen Temperaturen standh\u00e4lt. <\/span><span style=\"font-weight: 400;\">Diese konischen und zylindrischen Messger\u00e4te werden auch nach einem<\/span><span style=\"font-weight: 400;\"> DIN ISO 4788-A Genauigkeitsstandard.<\/span><\/p>\n<h3><span style=\"font-weight: 400;\">Wesentliche Merkmale:<\/span><\/h3>\n<ul>\n<li style=\"font-weight: 400;\" aria-level=\"1\"><span style=\"font-weight: 400;\">Typ 1 <\/span><span style=\"font-weight: 400;\">Borosilikat<\/span><span style=\"font-weight: 400;\"> Glas<\/span><\/li>\n<li style=\"font-weight: 400;\" aria-level=\"1\"><span style=\"font-weight: 400;\">Genauigkeitsnorm DIN ISO 4788-A<\/span><\/li>\n<li style=\"font-weight: 400;\" aria-level=\"1\"><span style=\"font-weight: 400;\">Regierung <\/span><span style=\"font-weight: 400;\">gestempelt<\/span><span style=\"font-weight: 400;\"> zum Nachweis von Echtheit und Qualit\u00e4t<\/span><\/li>\n<li style=\"font-weight: 400;\" aria-level=\"1\"><span style=\"font-weight: 400;\">Zylindirsch mit sechseckigem Boden zur Stabilit\u00e4t<\/span><\/li>\n<li style=\"font-weight: 400;\" aria-level=\"1\"><span style=\"font-weight: 400;\">Konisch - ge\u00e4tzte Graduierungen<\/span><\/li>\n<\/ul>\n<h3><span style=\"font-weight: 400;\">Geeignete Verwendungszwecke:<\/span><\/h3>\n<ul>\n<li style=\"font-weight: 400;\" aria-level=\"1\"><span style=\"font-weight: 400;\">Fl\u00fcssigkeitsvolumen mit hoher Genauigkeit messen, auch bei hohen Temperaturen<\/span><\/li>\n<\/ul>","protected":false},"featured_media":3471,"comment_status":"open","ping_status":"closed","template":"","meta":{"_acf_changed":false},"product_brand":[],"product_cat":[100,95],"product_tag":[],"class_list":{"0":"post-1286","1":"product","2":"type-product","3":"status-publish","4":"has-post-thumbnail","6":"product_cat-dispensing-aid","7":"product_cat-glass","9":"first","10":"instock","11":"sold-individually","12":"shipping-taxable","13":"purchasable","14":"product-type-simple"},"acf":[],"yoast_head":"<!-- This site is optimized with the Yoast SEO plugin v27.3 - https:\/\/yoast.com\/product\/yoast-seo-wordpress\/ -->\n<title>Graduated Measures \u2013 Conical &amp; Cylindrical Flasks | Origin<\/title>\n<meta name=\"description\" content=\"Order graduated measures conical and cylindrical flasks at Origin, made from Type 1 borosilicate glass designed to withstand high temperatures.\" \/>\n<meta name=\"robots\" content=\"index, follow, max-snippet:-1, max-image-preview:large, max-video-preview:-1\" \/>\n<link rel=\"canonical\" href=\"https:\/\/originltd.com\/de\/produkt\/graduated-measures-conical-and-cylindrical\/\" \/>\n<meta property=\"og:locale\" content=\"de_DE\" \/>\n<meta property=\"og:type\" content=\"article\" \/>\n<meta property=\"og:title\" content=\"Graduated Measures \u2013 Conical &amp; Cylindrical Flasks | Origin\" \/>\n<meta property=\"og:description\" content=\"Order graduated measures conical and cylindrical flasks at Origin, made from Type 1 borosilicate glass designed to withstand high temperatures.\" \/>\n<meta property=\"og:url\" content=\"https:\/\/originltd.com\/de\/produkt\/graduated-measures-conical-and-cylindrical\/\" \/>\n<meta property=\"og:site_name\" content=\"Origin Pharma Packaging\" \/>\n<meta property=\"article:publisher\" content=\"https:\/\/www.facebook.com\/originpharmapackaging\" \/>\n<meta property=\"article:modified_time\" content=\"2025-09-25T14:06:16+00:00\" \/>\n<meta property=\"og:image\" content=\"https:\/\/originltd.com\/wp-content\/uploads\/2018\/03\/grad-measures-scaled.jpg\" \/>\n\t<meta property=\"og:image:width\" content=\"1707\" \/>\n\t<meta property=\"og:image:height\" content=\"2560\" \/>\n\t<meta property=\"og:image:type\" content=\"image\/jpeg\" \/>\n<meta name=\"twitter:card\" content=\"summary_large_image\" \/>\n<meta name=\"twitter:site\" content=\"@originpharma\" \/>\n<meta name=\"twitter:label1\" content=\"Gesch\u00e4tzte Lesezeit\" \/>\n\t<meta name=\"twitter:data1\" content=\"1\u00a0Minute\" \/>\n<script type=\"application\/ld+json\" class=\"yoast-schema-graph\">{\"@context\":\"https:\\\/\\\/schema.org\",\"@graph\":[{\"@type\":\"WebPage\",\"@id\":\"https:\\\/\\\/originltd.com\\\/product\\\/graduated-measures-conical-and-cylindrical\\\/\",\"url\":\"https:\\\/\\\/originltd.com\\\/product\\\/graduated-measures-conical-and-cylindrical\\\/\",\"name\":\"Graduated Measures \u2013 Conical & Cylindrical Flasks | Origin\",\"isPartOf\":{\"@id\":\"https:\\\/\\\/originltd.com\\\/#website\"},\"primaryImageOfPage\":{\"@id\":\"https:\\\/\\\/originltd.com\\\/product\\\/graduated-measures-conical-and-cylindrical\\\/#primaryimage\"},\"image\":{\"@id\":\"https:\\\/\\\/originltd.com\\\/product\\\/graduated-measures-conical-and-cylindrical\\\/#primaryimage\"},\"thumbnailUrl\":\"https:\\\/\\\/originltd.com\\\/wp-content\\\/uploads\\\/2018\\\/03\\\/grad-measures-scaled.jpg\",\"datePublished\":\"2018-02-07T16:48:53+00:00\",\"dateModified\":\"2025-09-25T14:06:16+00:00\",\"description\":\"Order graduated measures conical and cylindrical flasks at Origin, made from Type 1 borosilicate glass designed to withstand high temperatures.\",\"breadcrumb\":{\"@id\":\"https:\\\/\\\/originltd.com\\\/product\\\/graduated-measures-conical-and-cylindrical\\\/#breadcrumb\"},\"inLanguage\":\"de\",\"potentialAction\":[{\"@type\":\"ReadAction\",\"target\":[\"https:\\\/\\\/originltd.com\\\/product\\\/graduated-measures-conical-and-cylindrical\\\/\"]}]},{\"@type\":\"ImageObject\",\"inLanguage\":\"de\",\"@id\":\"https:\\\/\\\/originltd.com\\\/product\\\/graduated-measures-conical-and-cylindrical\\\/#primaryimage\",\"url\":\"https:\\\/\\\/originltd.com\\\/wp-content\\\/uploads\\\/2018\\\/03\\\/grad-measures-scaled.jpg\",\"contentUrl\":\"https:\\\/\\\/originltd.com\\\/wp-content\\\/uploads\\\/2018\\\/03\\\/grad-measures-scaled.jpg\",\"width\":1707,\"height\":2560,\"caption\":\"grad-measures\"},{\"@type\":\"BreadcrumbList\",\"@id\":\"https:\\\/\\\/originltd.com\\\/product\\\/graduated-measures-conical-and-cylindrical\\\/#breadcrumb\",\"itemListElement\":[{\"@type\":\"ListItem\",\"position\":1,\"name\":\"Home\",\"item\":\"https:\\\/\\\/originltd.com\\\/\"},{\"@type\":\"ListItem\",\"position\":2,\"name\":\"Pharmaceutical Packaging Products\",\"item\":\"https:\\\/\\\/originltd.com\\\/pharmaceutical-packaging\\\/\"},{\"@type\":\"ListItem\",\"position\":3,\"name\":\"Liquid Medicine Measuring Devices\",\"item\":\"https:\\\/\\\/originltd.com\\\/packaging\\\/dispensing-aid\\\/\"},{\"@type\":\"ListItem\",\"position\":4,\"name\":\"Graduated Measures \u2013 Conical &#038; Cylindrical Flasks\"}]},{\"@type\":\"WebSite\",\"@id\":\"https:\\\/\\\/originltd.com\\\/#website\",\"url\":\"https:\\\/\\\/originltd.com\\\/\",\"name\":\"Origin Pharma Packaging\",\"description\":\"\",\"publisher\":{\"@id\":\"https:\\\/\\\/originltd.com\\\/#organization\"},\"alternateName\":\"Origin Ltd.\",\"potentialAction\":[{\"@type\":\"SearchAction\",\"target\":{\"@type\":\"EntryPoint\",\"urlTemplate\":\"https:\\\/\\\/originltd.com\\\/?s={search_term_string}\"},\"query-input\":{\"@type\":\"PropertyValueSpecification\",\"valueRequired\":true,\"valueName\":\"search_term_string\"}}],\"inLanguage\":\"de\"},{\"@type\":\"Organization\",\"@id\":\"https:\\\/\\\/originltd.com\\\/#organization\",\"name\":\"Origin Pharma Packaging\",\"url\":\"https:\\\/\\\/originltd.com\\\/\",\"logo\":{\"@type\":\"ImageObject\",\"inLanguage\":\"de\",\"@id\":\"https:\\\/\\\/originltd.com\\\/#\\\/schema\\\/logo\\\/image\\\/\",\"url\":\"https:\\\/\\\/originltd.com\\\/wp-content\\\/uploads\\\/2024\\\/06\\\/cropped-Origin-logo-For-Health-For-Life-RGB@10x.png\",\"contentUrl\":\"https:\\\/\\\/originltd.com\\\/wp-content\\\/uploads\\\/2024\\\/06\\\/cropped-Origin-logo-For-Health-For-Life-RGB@10x.png\",\"width\":227,\"height\":65,\"caption\":\"Origin Pharma Packaging\"},\"image\":{\"@id\":\"https:\\\/\\\/originltd.com\\\/#\\\/schema\\\/logo\\\/image\\\/\"},\"sameAs\":[\"https:\\\/\\\/www.facebook.com\\\/originpharmapackaging\",\"https:\\\/\\\/x.com\\\/originpharma\",\"https:\\\/\\\/www.linkedin.com\\\/company\\\/origin-packaging-ltd\\\/\",\"https:\\\/\\\/www.youtube.com\\\/channel\\\/UCOOJl3eFOiO7lJT6f5qHygA\"]}]}<\/script>\n<!-- \/ Yoast SEO plugin. -->","yoast_head_json":{"title":"Messbecher - Kegel- und Zylinderkolben | Ursprung","description":"Bestellen Sie bei Origin konische und zylindrische Messkolben aus hochtemperaturbest\u00e4ndigem Borosilikatglas des Typs 1 mit Ma\u00dfeinteilung.","robots":{"index":"index","follow":"follow","max-snippet":"max-snippet:-1","max-image-preview":"max-image-preview:large","max-video-preview":"max-video-preview:-1"},"canonical":"https:\/\/originltd.com\/de\/produkt\/graduated-measures-conical-and-cylindrical\/","og_locale":"de_DE","og_type":"article","og_title":"Graduated Measures \u2013 Conical & Cylindrical Flasks | Origin","og_description":"Order graduated measures conical and cylindrical flasks at Origin, made from Type 1 borosilicate glass designed to withstand high temperatures.","og_url":"https:\/\/originltd.com\/de\/produkt\/graduated-measures-conical-and-cylindrical\/","og_site_name":"Origin Pharma Packaging","article_publisher":"https:\/\/www.facebook.com\/originpharmapackaging","article_modified_time":"2025-09-25T14:06:16+00:00","og_image":[{"width":1707,"height":2560,"url":"https:\/\/originltd.com\/wp-content\/uploads\/2018\/03\/grad-measures-scaled.jpg","type":"image\/jpeg"}],"twitter_card":"summary_large_image","twitter_site":"@originpharma","twitter_misc":{"Gesch\u00e4tzte Lesezeit":"1\u00a0Minute"},"schema":{"@context":"https:\/\/schema.org","@graph":[{"@type":"WebPage","@id":"https:\/\/originltd.com\/product\/graduated-measures-conical-and-cylindrical\/","url":"https:\/\/originltd.com\/product\/graduated-measures-conical-and-cylindrical\/","name":"Messbecher - Kegel- und Zylinderkolben | Ursprung","isPartOf":{"@id":"https:\/\/originltd.com\/#website"},"primaryImageOfPage":{"@id":"https:\/\/originltd.com\/product\/graduated-measures-conical-and-cylindrical\/#primaryimage"},"image":{"@id":"https:\/\/originltd.com\/product\/graduated-measures-conical-and-cylindrical\/#primaryimage"},"thumbnailUrl":"https:\/\/originltd.com\/wp-content\/uploads\/2018\/03\/grad-measures-scaled.jpg","datePublished":"2018-02-07T16:48:53+00:00","dateModified":"2025-09-25T14:06:16+00:00","description":"Bestellen Sie bei Origin konische und zylindrische Messkolben aus hochtemperaturbest\u00e4ndigem Borosilikatglas des Typs 1 mit Ma\u00dfeinteilung.","breadcrumb":{"@id":"https:\/\/originltd.com\/product\/graduated-measures-conical-and-cylindrical\/#breadcrumb"},"inLanguage":"de","potentialAction":[{"@type":"ReadAction","target":["https:\/\/originltd.com\/product\/graduated-measures-conical-and-cylindrical\/"]}]},{"@type":"ImageObject","inLanguage":"de","@id":"https:\/\/originltd.com\/product\/graduated-measures-conical-and-cylindrical\/#primaryimage","url":"https:\/\/originltd.com\/wp-content\/uploads\/2018\/03\/grad-measures-scaled.jpg","contentUrl":"https:\/\/originltd.com\/wp-content\/uploads\/2018\/03\/grad-measures-scaled.jpg","width":1707,"height":2560,"caption":"grad-measures"},{"@type":"BreadcrumbList","@id":"https:\/\/originltd.com\/product\/graduated-measures-conical-and-cylindrical\/#breadcrumb","itemListElement":[{"@type":"ListItem","position":1,"name":"Home","item":"https:\/\/originltd.com\/"},{"@type":"ListItem","position":2,"name":"Pharmaceutical Packaging Products","item":"https:\/\/originltd.com\/pharmaceutical-packaging\/"},{"@type":"ListItem","position":3,"name":"Liquid Medicine Measuring Devices","item":"https:\/\/originltd.com\/packaging\/dispensing-aid\/"},{"@type":"ListItem","position":4,"name":"Graduated Measures \u2013 Conical &#038; Cylindrical Flasks"}]},{"@type":"WebSite","@id":"https:\/\/originltd.com\/#website","url":"https:\/\/originltd.com\/","name":"Origin Pharma Packaging","description":"","publisher":{"@id":"https:\/\/originltd.com\/#organization"},"alternateName":"Origin Ltd.","potentialAction":[{"@type":"SearchAction","target":{"@type":"EntryPoint","urlTemplate":"https:\/\/originltd.com\/?s={search_term_string}"},"query-input":{"@type":"PropertyValueSpecification","valueRequired":true,"valueName":"search_term_string"}}],"inLanguage":"de"},{"@type":"Organization","@id":"https:\/\/originltd.com\/#organization","name":"Origin Pharma Packaging","url":"https:\/\/originltd.com\/","logo":{"@type":"ImageObject","inLanguage":"de","@id":"https:\/\/originltd.com\/#\/schema\/logo\/image\/","url":"https:\/\/originltd.com\/wp-content\/uploads\/2024\/06\/cropped-Origin-logo-For-Health-For-Life-RGB@10x.png","contentUrl":"https:\/\/originltd.com\/wp-content\/uploads\/2024\/06\/cropped-Origin-logo-For-Health-For-Life-RGB@10x.png","width":227,"height":65,"caption":"Origin Pharma Packaging"},"image":{"@id":"https:\/\/originltd.com\/#\/schema\/logo\/image\/"},"sameAs":["https:\/\/www.facebook.com\/originpharmapackaging","https:\/\/x.com\/originpharma","https:\/\/www.linkedin.com\/company\/origin-packaging-ltd\/","https:\/\/www.youtube.com\/channel\/UCOOJl3eFOiO7lJT6f5qHygA"]}]}},"_links":{"self":[{"href":"https:\/\/originltd.com\/de\/wp-json\/wp\/v2\/product\/1286","targetHints":{"allow":["GET"]}}],"collection":[{"href":"https:\/\/originltd.com\/de\/wp-json\/wp\/v2\/product"}],"about":[{"href":"https:\/\/originltd.com\/de\/wp-json\/wp\/v2\/types\/product"}],"replies":[{"embeddable":true,"href":"https:\/\/originltd.com\/de\/wp-json\/wp\/v2\/comments?post=1286"}],"wp:featuredmedia":[{"embeddable":true,"href":"https:\/\/originltd.com\/de\/wp-json\/wp\/v2\/media\/3471"}],"wp:attachment":[{"href":"https:\/\/originltd.com\/de\/wp-json\/wp\/v2\/media?parent=1286"}],"wp:term":[{"taxonomy":"product_brand","embeddable":true,"href":"https:\/\/originltd.com\/de\/wp-json\/wp\/v2\/product_brand?post=1286"},{"taxonomy":"product_cat","embeddable":true,"href":"https:\/\/originltd.com\/de\/wp-json\/wp\/v2\/product_cat?post=1286"},{"taxonomy":"product_tag","embeddable":true,"href":"https:\/\/originltd.com\/de\/wp-json\/wp\/v2\/product_tag?post=1286"}],"curies":[{"name":"wp","href":"https:\/\/api.w.org\/{rel}","templated":true}]}}