
{"id":1282,"date":"2018-02-07T16:48:52","date_gmt":"2018-02-07T16:48:52","guid":{"rendered":"https:\/\/dev.originltd.com\/product\/sealsafe\/"},"modified":"2025-09-25T15:06:42","modified_gmt":"2025-09-25T14:06:42","slug":"sealsafe","status":"publish","type":"product","link":"https:\/\/originltd.com\/de\/product\/sealsafe\/","title":{"rendered":"SealSafe\u00ae Medizinflaschen-Spritzenadapter"},"content":{"rendered":"<p><span style=\"font-weight: 400;\">Dieser SealSafe\u00ae Spritzenadapter f\u00fcr Medikamentenflaschen ist mit den meisten Flaschen mit einem 28-mm-Standardhals kompatibel und erm\u00f6glicht das Aufsetzen von Kappen auf den Verschluss.<\/span><\/p>","protected":false},"excerpt":{"rendered":"<p><span style=\"font-weight: 400;\">Dieser SealSafe\u00ae Medizinflaschen-Spritzenadapter wird f\u00fcr die Abgabe von oralen Fl\u00fcssigmedikamenten mit Spritzen f\u00fcr <\/span><a href=\"https:\/\/originltd.com\/de\/packaging\/pharmacy-packaging\/\"><span style=\"font-weight: 400;\">Apothekenverpackung<\/span><\/a><span style=\"font-weight: 400;\">. Damit k\u00f6nnen Sie fl\u00fcssige Medikamente ohne das Risiko des Versch\u00fcttens genau dosieren und sind kompatibel mit den Spritzen von Origin unter unserem <\/span><a href=\"https:\/\/originltd.com\/de\/packaging\/dispensing-aid\/\"><span style=\"font-weight: 400;\">Messger\u00e4t f\u00fcr fl\u00fcssige Arzneimittel<\/span><\/a><span style=\"font-weight: 400;\"> Optionen.<\/span><\/p>\n<p><span style=\"font-weight: 400;\">Der Spritzenadapter f\u00fcr Medikamentenflaschen wird durch eine Spritzenspitze \"ge\u00f6ffnet\" und verschlie\u00dft sich sofort wieder, wenn er abgenommen wird, um eine einfache und zuverl\u00e4ssige Dosierung zu gew\u00e4hrleisten.<\/span><\/p>\n<h3><span style=\"font-weight: 400;\">Wesentliche Merkmale:<\/span><\/h3>\n<ul>\n<li style=\"font-weight: 400;\" aria-level=\"1\"><span style=\"font-weight: 400;\">Passt perfekt zu Origin-Spritzen<\/span><\/li>\n<li style=\"font-weight: 400;\" aria-level=\"1\"><span style=\"font-weight: 400;\">Bis auf 0,5% genaues Abmessen der Spritze, so dass Sie die exakte Menge an Medikamenten aufziehen k\u00f6nnen, ohne etwas zu versch\u00fctten<\/span><\/li>\n<li style=\"font-weight: 400;\" aria-level=\"1\"><span style=\"font-weight: 400;\">Die Dosierungsmarkierungen der Spritze werden durch das Eindringen der Spritze in die Flasche nicht besch\u00e4digt, so dass die Lesbarkeit erhalten bleibt<\/span><\/li>\n<li style=\"font-weight: 400;\" aria-level=\"1\"><span style=\"font-weight: 400;\">Passt f\u00fcr die meisten <\/span><a href=\"https:\/\/originltd.com\/de\/packaging\/child-resistant-packaging\/bottles\/\"><span style=\"font-weight: 400;\">kindersichere Flaschen<\/span><\/a><span style=\"font-weight: 400;\"> mit einem 28 mm Standard-Halsumfang und erm\u00f6glicht es, dass die Original-CR-Kappe \u00fcber den Verschluss passt<\/span><\/li>\n<li style=\"font-weight: 400;\" aria-level=\"1\"><span style=\"font-weight: 400;\">Wiederverschlie\u00dfbar ohne Auslaufen des fl\u00fcssigen Medikaments, was die M\u00f6glichkeit des Verzehrs durch Nicht-Patienten ausschlie\u00dft und als sekund\u00e4re Barriere zus\u00e4tzlich zu einer CR-Kappe wirkt<\/span><\/li>\n<\/ul>\n<h3><span style=\"font-weight: 400;\">Geeignete Verwendungszwecke:<\/span><\/h3>\n<ul>\n<li style=\"font-weight: 400;\" aria-level=\"1\"><span style=\"font-weight: 400;\">Besonders wertvoll ist dies, wenn das Medikament gegen Symptome eingesetzt wird, die die kognitiven F\u00e4higkeiten oder die Koordination beeintr\u00e4chtigen, aber eine sofortige Selbstmedikation des Patienten erfordern.<\/span><\/li>\n<\/ul>","protected":false},"featured_media":3537,"comment_status":"open","ping_status":"closed","template":"","meta":{"_acf_changed":false},"product_brand":[],"product_cat":[2161,2158,100,96],"product_tag":[],"class_list":{"0":"post-1282","1":"product","2":"type-product","3":"status-publish","4":"has-post-thumbnail","6":"product_cat-atomisers-pipette-droppers","7":"product_cat-child-resistant-packaging","8":"product_cat-dispensing-aid","9":"product_cat-plastic","11":"first","12":"instock","13":"sold-individually","14":"shipping-taxable","15":"purchasable","16":"product-type-simple"},"acf":[],"yoast_head":"<!-- This site is optimized with the Yoast SEO plugin v27.3 - https:\/\/yoast.com\/product\/yoast-seo-wordpress\/ -->\n<title>SealSafe\u00ae Medicine Bottle Syringe Adapters | Origin<\/title>\n<meta name=\"description\" content=\"Order SealSafe\u00ae Medicine Bottle Syringe Adapters from Origin, designed for safe, easy &amp; accurate dispensing of oral liquid medication with no risk of spilling.\" \/>\n<meta name=\"robots\" content=\"index, follow, max-snippet:-1, max-image-preview:large, max-video-preview:-1\" \/>\n<link rel=\"canonical\" href=\"https:\/\/originltd.com\/de\/produkt\/sealsafe\/\" \/>\n<meta property=\"og:locale\" content=\"de_DE\" \/>\n<meta property=\"og:type\" content=\"article\" \/>\n<meta property=\"og:title\" content=\"SealSafe\u00ae Medicine Bottle Syringe Adapters | Origin\" \/>\n<meta property=\"og:description\" content=\"Order SealSafe\u00ae Medicine Bottle Syringe Adapters from Origin, designed for safe, easy &amp; accurate dispensing of oral liquid medication with no risk of spilling.\" \/>\n<meta property=\"og:url\" content=\"https:\/\/originltd.com\/de\/produkt\/sealsafe\/\" \/>\n<meta property=\"og:site_name\" content=\"Origin Pharma Packaging\" \/>\n<meta property=\"article:publisher\" content=\"https:\/\/www.facebook.com\/originpharmapackaging\" \/>\n<meta property=\"article:modified_time\" content=\"2025-09-25T14:06:42+00:00\" \/>\n<meta property=\"og:image\" content=\"https:\/\/originltd.com\/wp-content\/uploads\/2018\/03\/sealsafe-scaled.jpg\" \/>\n\t<meta property=\"og:image:width\" content=\"1707\" \/>\n\t<meta property=\"og:image:height\" content=\"2560\" \/>\n\t<meta property=\"og:image:type\" content=\"image\/jpeg\" \/>\n<meta name=\"twitter:card\" content=\"summary_large_image\" \/>\n<meta name=\"twitter:site\" content=\"@originpharma\" \/>\n<meta name=\"twitter:label1\" content=\"Gesch\u00e4tzte Lesezeit\" \/>\n\t<meta name=\"twitter:data1\" content=\"1\u00a0Minute\" \/>\n<script type=\"application\/ld+json\" class=\"yoast-schema-graph\">{\"@context\":\"https:\\\/\\\/schema.org\",\"@graph\":[{\"@type\":\"WebPage\",\"@id\":\"https:\\\/\\\/originltd.com\\\/product\\\/sealsafe\\\/\",\"url\":\"https:\\\/\\\/originltd.com\\\/product\\\/sealsafe\\\/\",\"name\":\"SealSafe\u00ae Medicine Bottle Syringe Adapters | Origin\",\"isPartOf\":{\"@id\":\"https:\\\/\\\/originltd.com\\\/#website\"},\"primaryImageOfPage\":{\"@id\":\"https:\\\/\\\/originltd.com\\\/product\\\/sealsafe\\\/#primaryimage\"},\"image\":{\"@id\":\"https:\\\/\\\/originltd.com\\\/product\\\/sealsafe\\\/#primaryimage\"},\"thumbnailUrl\":\"https:\\\/\\\/originltd.com\\\/wp-content\\\/uploads\\\/2018\\\/03\\\/sealsafe-scaled.jpg\",\"datePublished\":\"2018-02-07T16:48:52+00:00\",\"dateModified\":\"2025-09-25T14:06:42+00:00\",\"description\":\"Order SealSafe\u00ae Medicine Bottle Syringe Adapters from Origin, designed for safe, easy & accurate dispensing of oral liquid medication with no risk of spilling.\",\"breadcrumb\":{\"@id\":\"https:\\\/\\\/originltd.com\\\/product\\\/sealsafe\\\/#breadcrumb\"},\"inLanguage\":\"de\",\"potentialAction\":[{\"@type\":\"ReadAction\",\"target\":[\"https:\\\/\\\/originltd.com\\\/product\\\/sealsafe\\\/\"]}]},{\"@type\":\"ImageObject\",\"inLanguage\":\"de\",\"@id\":\"https:\\\/\\\/originltd.com\\\/product\\\/sealsafe\\\/#primaryimage\",\"url\":\"https:\\\/\\\/originltd.com\\\/wp-content\\\/uploads\\\/2018\\\/03\\\/sealsafe-scaled.jpg\",\"contentUrl\":\"https:\\\/\\\/originltd.com\\\/wp-content\\\/uploads\\\/2018\\\/03\\\/sealsafe-scaled.jpg\",\"width\":1707,\"height\":2560,\"caption\":\"Medicine bottle syringe adaptor\"},{\"@type\":\"BreadcrumbList\",\"@id\":\"https:\\\/\\\/originltd.com\\\/product\\\/sealsafe\\\/#breadcrumb\",\"itemListElement\":[{\"@type\":\"ListItem\",\"position\":1,\"name\":\"Home\",\"item\":\"https:\\\/\\\/originltd.com\\\/\"},{\"@type\":\"ListItem\",\"position\":2,\"name\":\"Pharmaceutical Packaging Products\",\"item\":\"https:\\\/\\\/originltd.com\\\/pharmaceutical-packaging\\\/\"},{\"@type\":\"ListItem\",\"position\":3,\"name\":\"Child-Resistant Packaging\",\"item\":\"https:\\\/\\\/originltd.com\\\/packaging\\\/child-resistant-packaging\\\/\"},{\"@type\":\"ListItem\",\"position\":4,\"name\":\"SealSafe\u00ae Medicine Bottle Syringe Adapter\"}]},{\"@type\":\"WebSite\",\"@id\":\"https:\\\/\\\/originltd.com\\\/#website\",\"url\":\"https:\\\/\\\/originltd.com\\\/\",\"name\":\"Origin Pharma Packaging\",\"description\":\"\",\"publisher\":{\"@id\":\"https:\\\/\\\/originltd.com\\\/#organization\"},\"alternateName\":\"Origin Ltd.\",\"potentialAction\":[{\"@type\":\"SearchAction\",\"target\":{\"@type\":\"EntryPoint\",\"urlTemplate\":\"https:\\\/\\\/originltd.com\\\/?s={search_term_string}\"},\"query-input\":{\"@type\":\"PropertyValueSpecification\",\"valueRequired\":true,\"valueName\":\"search_term_string\"}}],\"inLanguage\":\"de\"},{\"@type\":\"Organization\",\"@id\":\"https:\\\/\\\/originltd.com\\\/#organization\",\"name\":\"Origin Pharma Packaging\",\"url\":\"https:\\\/\\\/originltd.com\\\/\",\"logo\":{\"@type\":\"ImageObject\",\"inLanguage\":\"de\",\"@id\":\"https:\\\/\\\/originltd.com\\\/#\\\/schema\\\/logo\\\/image\\\/\",\"url\":\"https:\\\/\\\/originltd.com\\\/wp-content\\\/uploads\\\/2024\\\/06\\\/cropped-Origin-logo-For-Health-For-Life-RGB@10x.png\",\"contentUrl\":\"https:\\\/\\\/originltd.com\\\/wp-content\\\/uploads\\\/2024\\\/06\\\/cropped-Origin-logo-For-Health-For-Life-RGB@10x.png\",\"width\":227,\"height\":65,\"caption\":\"Origin Pharma Packaging\"},\"image\":{\"@id\":\"https:\\\/\\\/originltd.com\\\/#\\\/schema\\\/logo\\\/image\\\/\"},\"sameAs\":[\"https:\\\/\\\/www.facebook.com\\\/originpharmapackaging\",\"https:\\\/\\\/x.com\\\/originpharma\",\"https:\\\/\\\/www.linkedin.com\\\/company\\\/origin-packaging-ltd\\\/\",\"https:\\\/\\\/www.youtube.com\\\/channel\\\/UCOOJl3eFOiO7lJT6f5qHygA\"]}]}<\/script>\n<!-- \/ Yoast SEO plugin. -->","yoast_head_json":{"title":"SealSafe\u00ae Medizinflaschen-Spritzenadapter | Herkunft","description":"Bestellen Sie SealSafe\u00ae Spritzenadapter f\u00fcr Medizinflaschen bei Origin, die f\u00fcr die sichere, einfache und genaue Abgabe von fl\u00fcssigen Medikamenten zum Einnehmen ohne das Risiko des Versch\u00fcttens entwickelt wurden.","robots":{"index":"index","follow":"follow","max-snippet":"max-snippet:-1","max-image-preview":"max-image-preview:large","max-video-preview":"max-video-preview:-1"},"canonical":"https:\/\/originltd.com\/de\/produkt\/sealsafe\/","og_locale":"de_DE","og_type":"article","og_title":"SealSafe\u00ae Medicine Bottle Syringe Adapters | Origin","og_description":"Order SealSafe\u00ae Medicine Bottle Syringe Adapters from Origin, designed for safe, easy & accurate dispensing of oral liquid medication with no risk of spilling.","og_url":"https:\/\/originltd.com\/de\/produkt\/sealsafe\/","og_site_name":"Origin Pharma Packaging","article_publisher":"https:\/\/www.facebook.com\/originpharmapackaging","article_modified_time":"2025-09-25T14:06:42+00:00","og_image":[{"width":1707,"height":2560,"url":"https:\/\/originltd.com\/wp-content\/uploads\/2018\/03\/sealsafe-scaled.jpg","type":"image\/jpeg"}],"twitter_card":"summary_large_image","twitter_site":"@originpharma","twitter_misc":{"Gesch\u00e4tzte Lesezeit":"1\u00a0Minute"},"schema":{"@context":"https:\/\/schema.org","@graph":[{"@type":"WebPage","@id":"https:\/\/originltd.com\/product\/sealsafe\/","url":"https:\/\/originltd.com\/product\/sealsafe\/","name":"SealSafe\u00ae Medizinflaschen-Spritzenadapter | Herkunft","isPartOf":{"@id":"https:\/\/originltd.com\/#website"},"primaryImageOfPage":{"@id":"https:\/\/originltd.com\/product\/sealsafe\/#primaryimage"},"image":{"@id":"https:\/\/originltd.com\/product\/sealsafe\/#primaryimage"},"thumbnailUrl":"https:\/\/originltd.com\/wp-content\/uploads\/2018\/03\/sealsafe-scaled.jpg","datePublished":"2018-02-07T16:48:52+00:00","dateModified":"2025-09-25T14:06:42+00:00","description":"Bestellen Sie SealSafe\u00ae Spritzenadapter f\u00fcr Medizinflaschen bei Origin, die f\u00fcr die sichere, einfache und genaue Abgabe von fl\u00fcssigen Medikamenten zum Einnehmen ohne das Risiko des Versch\u00fcttens entwickelt wurden.","breadcrumb":{"@id":"https:\/\/originltd.com\/product\/sealsafe\/#breadcrumb"},"inLanguage":"de","potentialAction":[{"@type":"ReadAction","target":["https:\/\/originltd.com\/product\/sealsafe\/"]}]},{"@type":"ImageObject","inLanguage":"de","@id":"https:\/\/originltd.com\/product\/sealsafe\/#primaryimage","url":"https:\/\/originltd.com\/wp-content\/uploads\/2018\/03\/sealsafe-scaled.jpg","contentUrl":"https:\/\/originltd.com\/wp-content\/uploads\/2018\/03\/sealsafe-scaled.jpg","width":1707,"height":2560,"caption":"Medicine bottle syringe adaptor"},{"@type":"BreadcrumbList","@id":"https:\/\/originltd.com\/product\/sealsafe\/#breadcrumb","itemListElement":[{"@type":"ListItem","position":1,"name":"Home","item":"https:\/\/originltd.com\/"},{"@type":"ListItem","position":2,"name":"Pharmaceutical Packaging Products","item":"https:\/\/originltd.com\/pharmaceutical-packaging\/"},{"@type":"ListItem","position":3,"name":"Child-Resistant Packaging","item":"https:\/\/originltd.com\/packaging\/child-resistant-packaging\/"},{"@type":"ListItem","position":4,"name":"SealSafe\u00ae Medicine Bottle Syringe Adapter"}]},{"@type":"WebSite","@id":"https:\/\/originltd.com\/#website","url":"https:\/\/originltd.com\/","name":"Origin Pharma Packaging","description":"","publisher":{"@id":"https:\/\/originltd.com\/#organization"},"alternateName":"Origin Ltd.","potentialAction":[{"@type":"SearchAction","target":{"@type":"EntryPoint","urlTemplate":"https:\/\/originltd.com\/?s={search_term_string}"},"query-input":{"@type":"PropertyValueSpecification","valueRequired":true,"valueName":"search_term_string"}}],"inLanguage":"de"},{"@type":"Organization","@id":"https:\/\/originltd.com\/#organization","name":"Origin Pharma Packaging","url":"https:\/\/originltd.com\/","logo":{"@type":"ImageObject","inLanguage":"de","@id":"https:\/\/originltd.com\/#\/schema\/logo\/image\/","url":"https:\/\/originltd.com\/wp-content\/uploads\/2024\/06\/cropped-Origin-logo-For-Health-For-Life-RGB@10x.png","contentUrl":"https:\/\/originltd.com\/wp-content\/uploads\/2024\/06\/cropped-Origin-logo-For-Health-For-Life-RGB@10x.png","width":227,"height":65,"caption":"Origin Pharma Packaging"},"image":{"@id":"https:\/\/originltd.com\/#\/schema\/logo\/image\/"},"sameAs":["https:\/\/www.facebook.com\/originpharmapackaging","https:\/\/x.com\/originpharma","https:\/\/www.linkedin.com\/company\/origin-packaging-ltd\/","https:\/\/www.youtube.com\/channel\/UCOOJl3eFOiO7lJT6f5qHygA"]}]}},"_links":{"self":[{"href":"https:\/\/originltd.com\/de\/wp-json\/wp\/v2\/product\/1282","targetHints":{"allow":["GET"]}}],"collection":[{"href":"https:\/\/originltd.com\/de\/wp-json\/wp\/v2\/product"}],"about":[{"href":"https:\/\/originltd.com\/de\/wp-json\/wp\/v2\/types\/product"}],"replies":[{"embeddable":true,"href":"https:\/\/originltd.com\/de\/wp-json\/wp\/v2\/comments?post=1282"}],"wp:featuredmedia":[{"embeddable":true,"href":"https:\/\/originltd.com\/de\/wp-json\/wp\/v2\/media\/3537"}],"wp:attachment":[{"href":"https:\/\/originltd.com\/de\/wp-json\/wp\/v2\/media?parent=1282"}],"wp:term":[{"taxonomy":"product_brand","embeddable":true,"href":"https:\/\/originltd.com\/de\/wp-json\/wp\/v2\/product_brand?post=1282"},{"taxonomy":"product_cat","embeddable":true,"href":"https:\/\/originltd.com\/de\/wp-json\/wp\/v2\/product_cat?post=1282"},{"taxonomy":"product_tag","embeddable":true,"href":"https:\/\/originltd.com\/de\/wp-json\/wp\/v2\/product_tag?post=1282"}],"curies":[{"name":"wp","href":"https:\/\/api.w.org\/{rel}","templated":true}]}}