
{"id":1268,"date":"2018-02-07T16:48:50","date_gmt":"2018-02-07T16:48:50","guid":{"rendered":"https:\/\/dev.originltd.com\/product\/spoons\/"},"modified":"2025-09-25T15:07:17","modified_gmt":"2025-09-25T14:07:17","slug":"spoons","status":"publish","type":"product","link":"https:\/\/originltd.com\/de\/product\/spoons\/","title":{"rendered":"Plastik-Medikamentenl\u00f6ffel"},"content":{"rendered":"<p><span style=\"font-weight: 400;\">Unsere Medikamentenl\u00f6ffel aus Kunststoff sind sowohl in einseitiger als auch in doppelseitiger Ausf\u00fchrung erh\u00e4ltlich. Die Ausf\u00fchrung mit einem Ende hat eine 5-ml-Schale, w\u00e4hrend die Ausf\u00fchrung mit zwei Enden sowohl eine 5-ml- als auch eine 2,5-ml-Schale hat.<\/span><\/p>","protected":false},"excerpt":{"rendered":"<p><span style=\"font-weight: 400;\">Wir bieten Kunststoff<\/span><span style=\"font-weight: 400;\"> Medizinl\u00f6ffel, die <\/span><span style=\"font-weight: 400;\">single-ended<\/span><span style=\"font-weight: 400;\"> und doppelendig, <\/span><span style=\"font-weight: 400;\">bestimmt zur Verwendung als<\/span><span style=\"font-weight: 400;\"> Dosierl\u00f6ffel zum Abmessen von Medikamenten.<\/span><\/p>\n<p><span style=\"font-weight: 400;\">Origin ist Gro\u00dflieferant von sterilen Medikamentendosierl\u00f6ffeln, die in Kliniken, Krankenh\u00e4usern und bei der Verpackung von pharmazeutischen Produkten zur effektiven Messung von fl\u00fcssigen Medikamenten verwendet werden. <\/span><span style=\"font-weight: 400;\">Diese <\/span><a href=\"https:\/\/originltd.com\/de\/packaging\/dispensing-aid\/\"><span style=\"font-weight: 400;\">Messger\u00e4te f\u00fcr fl\u00fcssige Arzneimittel<\/span><\/a><span style=\"font-weight: 400;\"> sind oft<\/span><span style=\"font-weight: 400;\"> f\u00fcr die Messung und Verabreichung (bei S\u00e4uglingen und Kindern) von oralen <\/span><span style=\"font-weight: 400;\">Medikamente, wie Hustenmittel<\/span><span style=\"font-weight: 400;\"> Sirupe.<\/span><\/p>\n<h3><span style=\"font-weight: 400;\">Wesentliche Merkmale:<\/span><\/h3>\n<ul>\n<li style=\"font-weight: 400;\" aria-level=\"1\"><span style=\"font-weight: 400;\">BS3221:6 konform, soweit anwendbar<\/span><\/li>\n<li style=\"font-weight: 400;\" aria-level=\"1\"><span style=\"font-weight: 400;\">CE-Kennzeichnung weist auf die Authentizit\u00e4t der Quelle hin<\/span><\/li>\n<li style=\"font-weight: 400;\" aria-level=\"1\"><span style=\"font-weight: 400;\">Einzel-<\/span><span style=\"font-weight: 400;\"> und <\/span><span style=\"font-weight: 400;\">doppelt<\/span><span style=\"font-weight: 400;\">-endliche Optionen f\u00fcr unterschiedliche Dosierungsmengen<\/span><\/li>\n<\/ul>\n<h3><span style=\"font-weight: 400;\">Geeignete Verwendungszwecke:<\/span><\/h3>\n<ul>\n<li style=\"font-weight: 400;\" aria-level=\"1\"><span style=\"font-weight: 400;\">Verabreichung von oralen Medikamenten f\u00fcr S\u00e4uglinge und Kinder<\/span><\/li>\n<\/ul>","protected":false},"featured_media":4091,"comment_status":"open","ping_status":"closed","template":"","meta":{"_acf_changed":false},"product_brand":[],"product_cat":[100,96],"product_tag":[],"class_list":{"0":"post-1268","1":"product","2":"type-product","3":"status-publish","4":"has-post-thumbnail","6":"product_cat-dispensing-aid","7":"product_cat-plastic","9":"first","10":"instock","11":"sold-individually","12":"shipping-taxable","13":"purchasable","14":"product-type-simple"},"acf":[],"yoast_head":"<!-- This site is optimized with the Yoast SEO plugin v27.4 - https:\/\/yoast.com\/product\/yoast-seo-wordpress\/ -->\n<title>Plastic Medicine Spoons | Origin Pharma Packaging<\/title>\n<meta name=\"description\" content=\"Find out about plastic medical spoons available from Origin, bulk supplier of packaging for use in the pharmaceutical industry. Order a sample or get in touch for more details.\" \/>\n<meta name=\"robots\" content=\"index, follow, max-snippet:-1, max-image-preview:large, max-video-preview:-1\" \/>\n<link rel=\"canonical\" href=\"https:\/\/originltd.com\/de\/produkt\/spoons\/\" \/>\n<meta property=\"og:locale\" content=\"de_DE\" \/>\n<meta property=\"og:type\" content=\"article\" \/>\n<meta property=\"og:title\" content=\"Plastic Medicine Spoons | Origin Pharma Packaging\" \/>\n<meta property=\"og:description\" content=\"Find out about plastic medical spoons available from Origin, bulk supplier of packaging for use in the pharmaceutical industry. Order a sample or get in touch for more details.\" \/>\n<meta property=\"og:url\" content=\"https:\/\/originltd.com\/de\/produkt\/spoons\/\" \/>\n<meta property=\"og:site_name\" content=\"Origin Pharma Packaging\" \/>\n<meta property=\"article:publisher\" content=\"https:\/\/www.facebook.com\/originpharmapackaging\" \/>\n<meta property=\"article:modified_time\" content=\"2025-09-25T14:07:17+00:00\" \/>\n<meta property=\"og:image\" content=\"https:\/\/originltd.com\/wp-content\/uploads\/2018\/02\/2I6J67Sk-scaled.jpeg\" \/>\n\t<meta property=\"og:image:width\" content=\"1707\" \/>\n\t<meta property=\"og:image:height\" content=\"2560\" \/>\n\t<meta property=\"og:image:type\" content=\"image\/jpeg\" \/>\n<meta name=\"twitter:card\" content=\"summary_large_image\" \/>\n<meta name=\"twitter:site\" content=\"@originpharma\" \/>\n<meta name=\"twitter:label1\" content=\"Gesch\u00e4tzte Lesezeit\" \/>\n\t<meta name=\"twitter:data1\" content=\"1\u00a0Minute\" \/>\n<script type=\"application\/ld+json\" class=\"yoast-schema-graph\">{\"@context\":\"https:\\\/\\\/schema.org\",\"@graph\":[{\"@type\":\"WebPage\",\"@id\":\"https:\\\/\\\/originltd.com\\\/product\\\/spoons\\\/\",\"url\":\"https:\\\/\\\/originltd.com\\\/product\\\/spoons\\\/\",\"name\":\"Plastic Medicine Spoons | Origin Pharma Packaging\",\"isPartOf\":{\"@id\":\"https:\\\/\\\/originltd.com\\\/#website\"},\"primaryImageOfPage\":{\"@id\":\"https:\\\/\\\/originltd.com\\\/product\\\/spoons\\\/#primaryimage\"},\"image\":{\"@id\":\"https:\\\/\\\/originltd.com\\\/product\\\/spoons\\\/#primaryimage\"},\"thumbnailUrl\":\"https:\\\/\\\/originltd.com\\\/wp-content\\\/uploads\\\/2018\\\/02\\\/2I6J67Sk-scaled.jpeg\",\"datePublished\":\"2018-02-07T16:48:50+00:00\",\"dateModified\":\"2025-09-25T14:07:17+00:00\",\"description\":\"Find out about plastic medical spoons available from Origin, bulk supplier of packaging for use in the pharmaceutical industry. Order a sample or get in touch for more details.\",\"breadcrumb\":{\"@id\":\"https:\\\/\\\/originltd.com\\\/product\\\/spoons\\\/#breadcrumb\"},\"inLanguage\":\"de\",\"potentialAction\":[{\"@type\":\"ReadAction\",\"target\":[\"https:\\\/\\\/originltd.com\\\/product\\\/spoons\\\/\"]}]},{\"@type\":\"ImageObject\",\"inLanguage\":\"de\",\"@id\":\"https:\\\/\\\/originltd.com\\\/product\\\/spoons\\\/#primaryimage\",\"url\":\"https:\\\/\\\/originltd.com\\\/wp-content\\\/uploads\\\/2018\\\/02\\\/2I6J67Sk-scaled.jpeg\",\"contentUrl\":\"https:\\\/\\\/originltd.com\\\/wp-content\\\/uploads\\\/2018\\\/02\\\/2I6J67Sk-scaled.jpeg\",\"width\":1707,\"height\":2560,\"caption\":\"Medicine spoons\"},{\"@type\":\"BreadcrumbList\",\"@id\":\"https:\\\/\\\/originltd.com\\\/product\\\/spoons\\\/#breadcrumb\",\"itemListElement\":[{\"@type\":\"ListItem\",\"position\":1,\"name\":\"Home\",\"item\":\"https:\\\/\\\/originltd.com\\\/\"},{\"@type\":\"ListItem\",\"position\":2,\"name\":\"Pharmaceutical Packaging Products\",\"item\":\"https:\\\/\\\/originltd.com\\\/pharmaceutical-packaging\\\/\"},{\"@type\":\"ListItem\",\"position\":3,\"name\":\"Plastic Packaging\",\"item\":\"https:\\\/\\\/originltd.com\\\/packaging\\\/plastic\\\/\"},{\"@type\":\"ListItem\",\"position\":4,\"name\":\"Plastic Medicine Spoons\"}]},{\"@type\":\"WebSite\",\"@id\":\"https:\\\/\\\/originltd.com\\\/#website\",\"url\":\"https:\\\/\\\/originltd.com\\\/\",\"name\":\"Origin Pharma Packaging\",\"description\":\"\",\"publisher\":{\"@id\":\"https:\\\/\\\/originltd.com\\\/#organization\"},\"alternateName\":\"Origin Ltd.\",\"potentialAction\":[{\"@type\":\"SearchAction\",\"target\":{\"@type\":\"EntryPoint\",\"urlTemplate\":\"https:\\\/\\\/originltd.com\\\/?s={search_term_string}\"},\"query-input\":{\"@type\":\"PropertyValueSpecification\",\"valueRequired\":true,\"valueName\":\"search_term_string\"}}],\"inLanguage\":\"de\"},{\"@type\":\"Organization\",\"@id\":\"https:\\\/\\\/originltd.com\\\/#organization\",\"name\":\"Origin Pharma Packaging\",\"url\":\"https:\\\/\\\/originltd.com\\\/\",\"logo\":{\"@type\":\"ImageObject\",\"inLanguage\":\"de\",\"@id\":\"https:\\\/\\\/originltd.com\\\/#\\\/schema\\\/logo\\\/image\\\/\",\"url\":\"https:\\\/\\\/originltd.com\\\/wp-content\\\/uploads\\\/2024\\\/06\\\/cropped-Origin-logo-For-Health-For-Life-RGB@10x.png\",\"contentUrl\":\"https:\\\/\\\/originltd.com\\\/wp-content\\\/uploads\\\/2024\\\/06\\\/cropped-Origin-logo-For-Health-For-Life-RGB@10x.png\",\"width\":227,\"height\":65,\"caption\":\"Origin Pharma Packaging\"},\"image\":{\"@id\":\"https:\\\/\\\/originltd.com\\\/#\\\/schema\\\/logo\\\/image\\\/\"},\"sameAs\":[\"https:\\\/\\\/www.facebook.com\\\/originpharmapackaging\",\"https:\\\/\\\/x.com\\\/originpharma\",\"https:\\\/\\\/www.linkedin.com\\\/company\\\/origin-packaging-ltd\\\/\",\"https:\\\/\\\/www.youtube.com\\\/channel\\\/UCOOJl3eFOiO7lJT6f5qHygA\"]}]}<\/script>\n<!-- \/ Yoast SEO plugin. -->","yoast_head_json":{"title":"Plastik-Medikamentenl\u00f6ffel | Origin Pharma Packaging","description":"Erfahren Sie mehr \u00fcber Plastik-Medikamentenl\u00f6ffel von Origin, einem Gro\u00dflieferanten von Verpackungen f\u00fcr die pharmazeutische Industrie. Fordern Sie ein Muster an oder kontaktieren Sie uns f\u00fcr weitere Informationen.","robots":{"index":"index","follow":"follow","max-snippet":"max-snippet:-1","max-image-preview":"max-image-preview:large","max-video-preview":"max-video-preview:-1"},"canonical":"https:\/\/originltd.com\/de\/produkt\/spoons\/","og_locale":"de_DE","og_type":"article","og_title":"Plastic Medicine Spoons | Origin Pharma Packaging","og_description":"Find out about plastic medical spoons available from Origin, bulk supplier of packaging for use in the pharmaceutical industry. Order a sample or get in touch for more details.","og_url":"https:\/\/originltd.com\/de\/produkt\/spoons\/","og_site_name":"Origin Pharma Packaging","article_publisher":"https:\/\/www.facebook.com\/originpharmapackaging","article_modified_time":"2025-09-25T14:07:17+00:00","og_image":[{"width":1707,"height":2560,"url":"https:\/\/originltd.com\/wp-content\/uploads\/2018\/02\/2I6J67Sk-scaled.jpeg","type":"image\/jpeg"}],"twitter_card":"summary_large_image","twitter_site":"@originpharma","twitter_misc":{"Gesch\u00e4tzte Lesezeit":"1\u00a0Minute"},"schema":{"@context":"https:\/\/schema.org","@graph":[{"@type":"WebPage","@id":"https:\/\/originltd.com\/product\/spoons\/","url":"https:\/\/originltd.com\/product\/spoons\/","name":"Plastik-Medikamentenl\u00f6ffel | Origin Pharma Packaging","isPartOf":{"@id":"https:\/\/originltd.com\/#website"},"primaryImageOfPage":{"@id":"https:\/\/originltd.com\/product\/spoons\/#primaryimage"},"image":{"@id":"https:\/\/originltd.com\/product\/spoons\/#primaryimage"},"thumbnailUrl":"https:\/\/originltd.com\/wp-content\/uploads\/2018\/02\/2I6J67Sk-scaled.jpeg","datePublished":"2018-02-07T16:48:50+00:00","dateModified":"2025-09-25T14:07:17+00:00","description":"Erfahren Sie mehr \u00fcber Plastik-Medikamentenl\u00f6ffel von Origin, einem Gro\u00dflieferanten von Verpackungen f\u00fcr die pharmazeutische Industrie. Fordern Sie ein Muster an oder kontaktieren Sie uns f\u00fcr weitere Informationen.","breadcrumb":{"@id":"https:\/\/originltd.com\/product\/spoons\/#breadcrumb"},"inLanguage":"de","potentialAction":[{"@type":"ReadAction","target":["https:\/\/originltd.com\/product\/spoons\/"]}]},{"@type":"ImageObject","inLanguage":"de","@id":"https:\/\/originltd.com\/product\/spoons\/#primaryimage","url":"https:\/\/originltd.com\/wp-content\/uploads\/2018\/02\/2I6J67Sk-scaled.jpeg","contentUrl":"https:\/\/originltd.com\/wp-content\/uploads\/2018\/02\/2I6J67Sk-scaled.jpeg","width":1707,"height":2560,"caption":"Medicine spoons"},{"@type":"BreadcrumbList","@id":"https:\/\/originltd.com\/product\/spoons\/#breadcrumb","itemListElement":[{"@type":"ListItem","position":1,"name":"Home","item":"https:\/\/originltd.com\/"},{"@type":"ListItem","position":2,"name":"Pharmaceutical Packaging Products","item":"https:\/\/originltd.com\/pharmaceutical-packaging\/"},{"@type":"ListItem","position":3,"name":"Plastic Packaging","item":"https:\/\/originltd.com\/packaging\/plastic\/"},{"@type":"ListItem","position":4,"name":"Plastic Medicine Spoons"}]},{"@type":"WebSite","@id":"https:\/\/originltd.com\/#website","url":"https:\/\/originltd.com\/","name":"Origin Pharma Packaging","description":"","publisher":{"@id":"https:\/\/originltd.com\/#organization"},"alternateName":"Origin Ltd.","potentialAction":[{"@type":"SearchAction","target":{"@type":"EntryPoint","urlTemplate":"https:\/\/originltd.com\/?s={search_term_string}"},"query-input":{"@type":"PropertyValueSpecification","valueRequired":true,"valueName":"search_term_string"}}],"inLanguage":"de"},{"@type":"Organization","@id":"https:\/\/originltd.com\/#organization","name":"Origin Pharma Packaging","url":"https:\/\/originltd.com\/","logo":{"@type":"ImageObject","inLanguage":"de","@id":"https:\/\/originltd.com\/#\/schema\/logo\/image\/","url":"https:\/\/originltd.com\/wp-content\/uploads\/2024\/06\/cropped-Origin-logo-For-Health-For-Life-RGB@10x.png","contentUrl":"https:\/\/originltd.com\/wp-content\/uploads\/2024\/06\/cropped-Origin-logo-For-Health-For-Life-RGB@10x.png","width":227,"height":65,"caption":"Origin Pharma Packaging"},"image":{"@id":"https:\/\/originltd.com\/#\/schema\/logo\/image\/"},"sameAs":["https:\/\/www.facebook.com\/originpharmapackaging","https:\/\/x.com\/originpharma","https:\/\/www.linkedin.com\/company\/origin-packaging-ltd\/","https:\/\/www.youtube.com\/channel\/UCOOJl3eFOiO7lJT6f5qHygA"]}]}},"_links":{"self":[{"href":"https:\/\/originltd.com\/de\/wp-json\/wp\/v2\/product\/1268","targetHints":{"allow":["GET"]}}],"collection":[{"href":"https:\/\/originltd.com\/de\/wp-json\/wp\/v2\/product"}],"about":[{"href":"https:\/\/originltd.com\/de\/wp-json\/wp\/v2\/types\/product"}],"replies":[{"embeddable":true,"href":"https:\/\/originltd.com\/de\/wp-json\/wp\/v2\/comments?post=1268"}],"wp:featuredmedia":[{"embeddable":true,"href":"https:\/\/originltd.com\/de\/wp-json\/wp\/v2\/media\/4091"}],"wp:attachment":[{"href":"https:\/\/originltd.com\/de\/wp-json\/wp\/v2\/media?parent=1268"}],"wp:term":[{"taxonomy":"product_brand","embeddable":true,"href":"https:\/\/originltd.com\/de\/wp-json\/wp\/v2\/product_brand?post=1268"},{"taxonomy":"product_cat","embeddable":true,"href":"https:\/\/originltd.com\/de\/wp-json\/wp\/v2\/product_cat?post=1268"},{"taxonomy":"product_tag","embeddable":true,"href":"https:\/\/originltd.com\/de\/wp-json\/wp\/v2\/product_tag?post=1268"}],"curies":[{"name":"wp","href":"https:\/\/api.w.org\/{rel}","templated":true}]}}