
{"id":1262,"date":"2018-02-07T16:48:48","date_gmt":"2018-02-07T16:48:48","guid":{"rendered":"https:\/\/dev.originltd.com\/product\/plastic-nhs-counter-bags\/"},"modified":"2025-08-07T12:57:44","modified_gmt":"2025-08-07T11:57:44","slug":"plastic-nhs-carrier-bags","status":"publish","type":"product","link":"https:\/\/originltd.com\/de\/product\/plastic-nhs-carrier-bags\/","title":{"rendered":"Kunststofftragetaschen f\u00fcr Apotheken (NHS)"},"content":{"rendered":"<p><span style=\"font-weight: 400;\">Unsere NHS-Rezepttaschen sind in den Gr\u00f6\u00dfen 300 x 200 mm f\u00fcr Taschen mit gestanzten Griffen oder wahlweise in den Gr\u00f6\u00dfen 400 x 220 + 120 mm oder 550 x 300 + 150 mm f\u00fcr Westen mit Seitenfalten erh\u00e4ltlich.<\/span><\/p>","protected":false},"excerpt":{"rendered":"<p><span style=\"font-weight: 400;\">Als Teil unserer <\/span><a href=\"https:\/\/originltd.com\/de\/packaging\/pharmacy-packaging\/\"><span style=\"font-weight: 400;\">Apothekenverpackung<\/span><\/a><span style=\"font-weight: 400;\"> sind diese NHS-Rezepttaschen \u00e4u\u00dferst strapazierf\u00e4hig und daher ideal f\u00fcr die<\/span><span style=\"font-weight: 400;\"> Produkt f\u00fcr den Transport einer gro\u00dfen Anzahl von Rezepten<\/span><span style=\"font-weight: 400;\">. Diese <\/span><a href=\"https:\/\/originltd.com\/de\/packaging\/cartons-bags\/\"><span style=\"font-weight: 400;\">verschreibungspflichtige Beutel<\/span><\/a><span style=\"font-weight: 400;\"> das Logo der NHS-Apotheke tragen und<\/span><span style=\"font-weight: 400;\"> sind entweder mit gestanztem Griff oder in Westenform und -design mit Seitenfalten erh\u00e4ltlich, um ein maximales F\u00fcllvolumen zu gew\u00e4hrleisten.\u00a0<\/span><\/p>\n<p><span style=\"font-weight: 400;\">Diese Apotheken-Plastikbeutel sind 100% recycelbar. Jedoch f\u00fcr zus\u00e4tzliche <\/span><a href=\"https:\/\/originltd.com\/de\/sustainability\/\"><span style=\"font-weight: 400;\">nachhaltige pharmazeutische Verpackungen<\/span><\/a><span style=\"font-weight: 400;\"> Wir bieten auch Papier und kompostierbare Alternativen an, um die Umweltstrategie Ihrer Organisation zu unterst\u00fctzen.<\/span><\/p>\n<h3><span style=\"font-weight: 400;\">Wesentliche Merkmale:<\/span><\/h3>\n<ul>\n<li style=\"font-weight: 400;\" aria-level=\"1\"><span style=\"font-weight: 400;\">NHS Apotheke <\/span><span style=\"font-weight: 400;\">Logo<\/span><span style=\"font-weight: 400;\"> f\u00fcr alle <\/span><span style=\"font-weight: 400;\">Gr\u00f6\u00dfen<\/span><\/li>\n<li style=\"font-weight: 400;\" aria-level=\"1\"><span style=\"font-weight: 400;\">Erh\u00e4ltlich mit gestanztem Griff oder als Weste<\/span><\/li>\n<li style=\"font-weight: 400;\" aria-level=\"1\"><span style=\"font-weight: 400;\">Wertorientiert<\/span><span style=\"font-weight: 400;\"> leichter HD-Kunststoff<\/span><\/li>\n<li style=\"font-weight: 400;\" aria-level=\"1\"><span style=\"font-weight: 400;\">Ideal f\u00fcr den OTC-Verkauf<\/span><\/li>\n<li style=\"font-weight: 400;\" aria-level=\"1\"><span style=\"font-weight: 400;\">100% recyclingf\u00e4hig<\/span><\/li>\n<\/ul>\n<h3><span style=\"font-weight: 400;\">Geeignete Verwendungszwecke:<\/span><\/h3>\n<ul>\n<li style=\"font-weight: 400;\" aria-level=\"1\"><span style=\"font-weight: 400;\">Transport von verschreibungspflichtigen Artikeln<\/span><\/li>\n<li style=\"font-weight: 400;\" aria-level=\"1\"><span style=\"font-weight: 400;\">Geeignet f\u00fcr den Transport einer gro\u00dfen Anzahl von Rezepten<\/span><\/li>\n<\/ul>","protected":false},"featured_media":3479,"comment_status":"open","ping_status":"closed","template":"","meta":{"_acf_changed":false},"product_brand":[],"product_cat":[2169,99],"product_tag":[],"class_list":{"0":"post-1262","1":"product","2":"type-product","3":"status-publish","4":"has-post-thumbnail","6":"product_cat-pharmacy-packaging","7":"product_cat-cartons-bags","9":"first","10":"instock","11":"sold-individually","12":"shipping-taxable","13":"purchasable","14":"product-type-simple"},"acf":[],"yoast_head":"<!-- This site is optimized with the Yoast SEO plugin v27.3 - https:\/\/yoast.com\/product\/yoast-seo-wordpress\/ -->\n<title>Plastic Pharmacy Carrier Bags (NHS) | Origin Pharma Packaging<\/title>\n<meta name=\"description\" content=\"Our NHS pharmacy plastic bags can transport a large number of prescriptions, featuring NHS branding. Order quality prescription bags from Origin today.\" \/>\n<meta name=\"robots\" content=\"index, follow, max-snippet:-1, max-image-preview:large, max-video-preview:-1\" \/>\n<link rel=\"canonical\" href=\"https:\/\/originltd.com\/de\/produkt\/plastic-nhs-carrier-bags\/\" \/>\n<meta property=\"og:locale\" content=\"de_DE\" \/>\n<meta property=\"og:type\" content=\"article\" \/>\n<meta property=\"og:title\" content=\"Plastic Pharmacy Carrier Bags (NHS) | Origin Pharma Packaging\" \/>\n<meta property=\"og:description\" content=\"Our NHS pharmacy plastic bags can transport a large number of prescriptions, featuring NHS branding. Order quality prescription bags from Origin today.\" \/>\n<meta property=\"og:url\" content=\"https:\/\/originltd.com\/de\/produkt\/plastic-nhs-carrier-bags\/\" \/>\n<meta property=\"og:site_name\" content=\"Origin Pharma Packaging\" \/>\n<meta property=\"article:publisher\" content=\"https:\/\/www.facebook.com\/originpharmapackaging\" \/>\n<meta property=\"article:modified_time\" content=\"2025-08-07T11:57:44+00:00\" \/>\n<meta property=\"og:image\" content=\"https:\/\/originltd.com\/wp-content\/uploads\/2018\/03\/lb101-plastic-bag-scaled.jpg\" \/>\n\t<meta property=\"og:image:width\" content=\"1707\" \/>\n\t<meta property=\"og:image:height\" content=\"2560\" \/>\n\t<meta property=\"og:image:type\" content=\"image\/jpeg\" \/>\n<meta name=\"twitter:card\" content=\"summary_large_image\" \/>\n<meta name=\"twitter:site\" content=\"@originpharma\" \/>\n<meta name=\"twitter:label1\" content=\"Gesch\u00e4tzte Lesezeit\" \/>\n\t<meta name=\"twitter:data1\" content=\"1\u00a0Minute\" \/>\n<script type=\"application\/ld+json\" class=\"yoast-schema-graph\">{\"@context\":\"https:\\\/\\\/schema.org\",\"@graph\":[{\"@type\":\"WebPage\",\"@id\":\"https:\\\/\\\/originltd.com\\\/product\\\/plastic-nhs-carrier-bags\\\/\",\"url\":\"https:\\\/\\\/originltd.com\\\/product\\\/plastic-nhs-carrier-bags\\\/\",\"name\":\"Plastic Pharmacy Carrier Bags (NHS) | Origin Pharma Packaging\",\"isPartOf\":{\"@id\":\"https:\\\/\\\/originltd.com\\\/#website\"},\"primaryImageOfPage\":{\"@id\":\"https:\\\/\\\/originltd.com\\\/product\\\/plastic-nhs-carrier-bags\\\/#primaryimage\"},\"image\":{\"@id\":\"https:\\\/\\\/originltd.com\\\/product\\\/plastic-nhs-carrier-bags\\\/#primaryimage\"},\"thumbnailUrl\":\"https:\\\/\\\/originltd.com\\\/wp-content\\\/uploads\\\/2018\\\/03\\\/lb101-plastic-bag-scaled.jpg\",\"datePublished\":\"2018-02-07T16:48:48+00:00\",\"dateModified\":\"2025-08-07T11:57:44+00:00\",\"description\":\"Our NHS pharmacy plastic bags can transport a large number of prescriptions, featuring NHS branding. Order quality prescription bags from Origin today.\",\"breadcrumb\":{\"@id\":\"https:\\\/\\\/originltd.com\\\/product\\\/plastic-nhs-carrier-bags\\\/#breadcrumb\"},\"inLanguage\":\"de\",\"potentialAction\":[{\"@type\":\"ReadAction\",\"target\":[\"https:\\\/\\\/originltd.com\\\/product\\\/plastic-nhs-carrier-bags\\\/\"]}]},{\"@type\":\"ImageObject\",\"inLanguage\":\"de\",\"@id\":\"https:\\\/\\\/originltd.com\\\/product\\\/plastic-nhs-carrier-bags\\\/#primaryimage\",\"url\":\"https:\\\/\\\/originltd.com\\\/wp-content\\\/uploads\\\/2018\\\/03\\\/lb101-plastic-bag-scaled.jpg\",\"contentUrl\":\"https:\\\/\\\/originltd.com\\\/wp-content\\\/uploads\\\/2018\\\/03\\\/lb101-plastic-bag-scaled.jpg\",\"width\":1707,\"height\":2560,\"caption\":\"lb101-plastic-bag\"},{\"@type\":\"BreadcrumbList\",\"@id\":\"https:\\\/\\\/originltd.com\\\/product\\\/plastic-nhs-carrier-bags\\\/#breadcrumb\",\"itemListElement\":[{\"@type\":\"ListItem\",\"position\":1,\"name\":\"Home\",\"item\":\"https:\\\/\\\/originltd.com\\\/\"},{\"@type\":\"ListItem\",\"position\":2,\"name\":\"Pharmaceutical Packaging Products\",\"item\":\"https:\\\/\\\/originltd.com\\\/pharmaceutical-packaging\\\/\"},{\"@type\":\"ListItem\",\"position\":3,\"name\":\"Pharmacy Packaging\",\"item\":\"https:\\\/\\\/originltd.com\\\/packaging\\\/pharmacy-packaging\\\/\"},{\"@type\":\"ListItem\",\"position\":4,\"name\":\"Plastic Pharmacy Carrier Bags (NHS)\"}]},{\"@type\":\"WebSite\",\"@id\":\"https:\\\/\\\/originltd.com\\\/#website\",\"url\":\"https:\\\/\\\/originltd.com\\\/\",\"name\":\"Origin Pharma Packaging\",\"description\":\"\",\"publisher\":{\"@id\":\"https:\\\/\\\/originltd.com\\\/#organization\"},\"alternateName\":\"Origin Ltd.\",\"potentialAction\":[{\"@type\":\"SearchAction\",\"target\":{\"@type\":\"EntryPoint\",\"urlTemplate\":\"https:\\\/\\\/originltd.com\\\/?s={search_term_string}\"},\"query-input\":{\"@type\":\"PropertyValueSpecification\",\"valueRequired\":true,\"valueName\":\"search_term_string\"}}],\"inLanguage\":\"de\"},{\"@type\":\"Organization\",\"@id\":\"https:\\\/\\\/originltd.com\\\/#organization\",\"name\":\"Origin Pharma Packaging\",\"url\":\"https:\\\/\\\/originltd.com\\\/\",\"logo\":{\"@type\":\"ImageObject\",\"inLanguage\":\"de\",\"@id\":\"https:\\\/\\\/originltd.com\\\/#\\\/schema\\\/logo\\\/image\\\/\",\"url\":\"https:\\\/\\\/originltd.com\\\/wp-content\\\/uploads\\\/2024\\\/06\\\/cropped-Origin-logo-For-Health-For-Life-RGB@10x.png\",\"contentUrl\":\"https:\\\/\\\/originltd.com\\\/wp-content\\\/uploads\\\/2024\\\/06\\\/cropped-Origin-logo-For-Health-For-Life-RGB@10x.png\",\"width\":227,\"height\":65,\"caption\":\"Origin Pharma Packaging\"},\"image\":{\"@id\":\"https:\\\/\\\/originltd.com\\\/#\\\/schema\\\/logo\\\/image\\\/\"},\"sameAs\":[\"https:\\\/\\\/www.facebook.com\\\/originpharmapackaging\",\"https:\\\/\\\/x.com\\\/originpharma\",\"https:\\\/\\\/www.linkedin.com\\\/company\\\/origin-packaging-ltd\\\/\",\"https:\\\/\\\/www.youtube.com\\\/channel\\\/UCOOJl3eFOiO7lJT6f5qHygA\"]}]}<\/script>\n<!-- \/ Yoast SEO plugin. -->","yoast_head_json":{"title":"Kunststofftragetaschen f\u00fcr Apotheken (NHS) | Origin Pharma Packaging","description":"Unsere NHS-Apotheken-Plastiktaschen k\u00f6nnen eine gro\u00dfe Anzahl von Rezepten transportieren und sind mit dem NHS-Branding versehen. Bestellen Sie noch heute Qualit\u00e4ts-Rezepttaschen bei Origin.","robots":{"index":"index","follow":"follow","max-snippet":"max-snippet:-1","max-image-preview":"max-image-preview:large","max-video-preview":"max-video-preview:-1"},"canonical":"https:\/\/originltd.com\/de\/produkt\/plastic-nhs-carrier-bags\/","og_locale":"de_DE","og_type":"article","og_title":"Plastic Pharmacy Carrier Bags (NHS) | Origin Pharma Packaging","og_description":"Our NHS pharmacy plastic bags can transport a large number of prescriptions, featuring NHS branding. Order quality prescription bags from Origin today.","og_url":"https:\/\/originltd.com\/de\/produkt\/plastic-nhs-carrier-bags\/","og_site_name":"Origin Pharma Packaging","article_publisher":"https:\/\/www.facebook.com\/originpharmapackaging","article_modified_time":"2025-08-07T11:57:44+00:00","og_image":[{"width":1707,"height":2560,"url":"https:\/\/originltd.com\/wp-content\/uploads\/2018\/03\/lb101-plastic-bag-scaled.jpg","type":"image\/jpeg"}],"twitter_card":"summary_large_image","twitter_site":"@originpharma","twitter_misc":{"Gesch\u00e4tzte Lesezeit":"1\u00a0Minute"},"schema":{"@context":"https:\/\/schema.org","@graph":[{"@type":"WebPage","@id":"https:\/\/originltd.com\/product\/plastic-nhs-carrier-bags\/","url":"https:\/\/originltd.com\/product\/plastic-nhs-carrier-bags\/","name":"Kunststofftragetaschen f\u00fcr Apotheken (NHS) | Origin Pharma Packaging","isPartOf":{"@id":"https:\/\/originltd.com\/#website"},"primaryImageOfPage":{"@id":"https:\/\/originltd.com\/product\/plastic-nhs-carrier-bags\/#primaryimage"},"image":{"@id":"https:\/\/originltd.com\/product\/plastic-nhs-carrier-bags\/#primaryimage"},"thumbnailUrl":"https:\/\/originltd.com\/wp-content\/uploads\/2018\/03\/lb101-plastic-bag-scaled.jpg","datePublished":"2018-02-07T16:48:48+00:00","dateModified":"2025-08-07T11:57:44+00:00","description":"Unsere NHS-Apotheken-Plastiktaschen k\u00f6nnen eine gro\u00dfe Anzahl von Rezepten transportieren und sind mit dem NHS-Branding versehen. Bestellen Sie noch heute Qualit\u00e4ts-Rezepttaschen bei Origin.","breadcrumb":{"@id":"https:\/\/originltd.com\/product\/plastic-nhs-carrier-bags\/#breadcrumb"},"inLanguage":"de","potentialAction":[{"@type":"ReadAction","target":["https:\/\/originltd.com\/product\/plastic-nhs-carrier-bags\/"]}]},{"@type":"ImageObject","inLanguage":"de","@id":"https:\/\/originltd.com\/product\/plastic-nhs-carrier-bags\/#primaryimage","url":"https:\/\/originltd.com\/wp-content\/uploads\/2018\/03\/lb101-plastic-bag-scaled.jpg","contentUrl":"https:\/\/originltd.com\/wp-content\/uploads\/2018\/03\/lb101-plastic-bag-scaled.jpg","width":1707,"height":2560,"caption":"lb101-plastic-bag"},{"@type":"BreadcrumbList","@id":"https:\/\/originltd.com\/product\/plastic-nhs-carrier-bags\/#breadcrumb","itemListElement":[{"@type":"ListItem","position":1,"name":"Home","item":"https:\/\/originltd.com\/"},{"@type":"ListItem","position":2,"name":"Pharmaceutical Packaging Products","item":"https:\/\/originltd.com\/pharmaceutical-packaging\/"},{"@type":"ListItem","position":3,"name":"Pharmacy Packaging","item":"https:\/\/originltd.com\/packaging\/pharmacy-packaging\/"},{"@type":"ListItem","position":4,"name":"Plastic Pharmacy Carrier Bags (NHS)"}]},{"@type":"WebSite","@id":"https:\/\/originltd.com\/#website","url":"https:\/\/originltd.com\/","name":"Origin Pharma Packaging","description":"","publisher":{"@id":"https:\/\/originltd.com\/#organization"},"alternateName":"Origin Ltd.","potentialAction":[{"@type":"SearchAction","target":{"@type":"EntryPoint","urlTemplate":"https:\/\/originltd.com\/?s={search_term_string}"},"query-input":{"@type":"PropertyValueSpecification","valueRequired":true,"valueName":"search_term_string"}}],"inLanguage":"de"},{"@type":"Organization","@id":"https:\/\/originltd.com\/#organization","name":"Origin Pharma Packaging","url":"https:\/\/originltd.com\/","logo":{"@type":"ImageObject","inLanguage":"de","@id":"https:\/\/originltd.com\/#\/schema\/logo\/image\/","url":"https:\/\/originltd.com\/wp-content\/uploads\/2024\/06\/cropped-Origin-logo-For-Health-For-Life-RGB@10x.png","contentUrl":"https:\/\/originltd.com\/wp-content\/uploads\/2024\/06\/cropped-Origin-logo-For-Health-For-Life-RGB@10x.png","width":227,"height":65,"caption":"Origin Pharma Packaging"},"image":{"@id":"https:\/\/originltd.com\/#\/schema\/logo\/image\/"},"sameAs":["https:\/\/www.facebook.com\/originpharmapackaging","https:\/\/x.com\/originpharma","https:\/\/www.linkedin.com\/company\/origin-packaging-ltd\/","https:\/\/www.youtube.com\/channel\/UCOOJl3eFOiO7lJT6f5qHygA"]}]}},"_links":{"self":[{"href":"https:\/\/originltd.com\/de\/wp-json\/wp\/v2\/product\/1262","targetHints":{"allow":["GET"]}}],"collection":[{"href":"https:\/\/originltd.com\/de\/wp-json\/wp\/v2\/product"}],"about":[{"href":"https:\/\/originltd.com\/de\/wp-json\/wp\/v2\/types\/product"}],"replies":[{"embeddable":true,"href":"https:\/\/originltd.com\/de\/wp-json\/wp\/v2\/comments?post=1262"}],"wp:featuredmedia":[{"embeddable":true,"href":"https:\/\/originltd.com\/de\/wp-json\/wp\/v2\/media\/3479"}],"wp:attachment":[{"href":"https:\/\/originltd.com\/de\/wp-json\/wp\/v2\/media?parent=1262"}],"wp:term":[{"taxonomy":"product_brand","embeddable":true,"href":"https:\/\/originltd.com\/de\/wp-json\/wp\/v2\/product_brand?post=1262"},{"taxonomy":"product_cat","embeddable":true,"href":"https:\/\/originltd.com\/de\/wp-json\/wp\/v2\/product_cat?post=1262"},{"taxonomy":"product_tag","embeddable":true,"href":"https:\/\/originltd.com\/de\/wp-json\/wp\/v2\/product_tag?post=1262"}],"curies":[{"name":"wp","href":"https:\/\/api.w.org\/{rel}","templated":true}]}}