
{"id":1248,"date":"2018-02-07T16:48:45","date_gmt":"2018-02-07T16:48:45","guid":{"rendered":"https:\/\/dev.originltd.com\/product\/cubopac\/"},"modified":"2025-05-19T09:42:51","modified_gmt":"2025-05-19T08:42:51","slug":"cubopac","status":"publish","type":"product","link":"https:\/\/originltd.com\/de\/product\/cubopac\/","title":{"rendered":"CuboPac\u2122 Bernstein Rechteckige Tablettenflasche"},"content":{"rendered":"<p><span style=\"font-weight: 400;\">Diese bernsteinfarbenen, rechteckigen Tablettenflaschen sind in vielen Gr\u00f6\u00dfen erh\u00e4ltlich, von 16 ml bis 200 ml Inhalt.<\/span><\/p>","protected":false},"excerpt":{"rendered":"<p><span style=\"font-weight: 400;\">Die <\/span><span style=\"font-weight: 400;\">CuboPac\u2122 bernsteinfarbene rechteckige Tablettenflasche<\/span><span style=\"font-weight: 400;\"> konserviert <\/span><span style=\"font-weight: 400;\">eine traditionelle Form<\/span><span style=\"font-weight: 400;\"> und gleichzeitig die moderne Polymertechnologie von heute zu ber\u00fccksichtigen. <\/span><span style=\"font-weight: 400;\">Ihr Design bietet zuverl\u00e4ssigen Schutz und ein praktisches Design als Qualit\u00e4t <\/span><a href=\"https:\/\/originltd.com\/de\/packaging\/pharmacy-packaging\/\"><span style=\"font-weight: 400;\">Apothekenverpackung<\/span><\/a><span style=\"font-weight: 400;\">. Dar\u00fcber hinaus ist die Bernsteinfarbe dieses <\/span><a href=\"https:\/\/originltd.com\/de\/packaging\/plastic\/\"><span style=\"font-weight: 400;\">Plastikflaschen-Verpackung<\/span><\/a><span style=\"font-weight: 400;\"> bietet Schutz vor UV-Zerst\u00f6rung.<\/span><\/p>\n<p><span style=\"font-weight: 400;\">Die Serie ist in neun Gr\u00f6\u00dfen erh\u00e4ltlich, die <\/span><span style=\"font-weight: 400;\">Kosteng\u00fcnstig<\/span><span style=\"font-weight: 400;\"> und <\/span><span style=\"font-weight: 400;\">vollst\u00e4ndig<\/span><span style=\"font-weight: 400;\"> konform <\/span><span style=\"font-weight: 400;\">mit strengen Industrienormen, einschlie\u00dflich ISO8317: 20014.<\/span><\/p>\n<h3><span style=\"font-weight: 400;\">Wesentliche Merkmale:<\/span><\/h3>\n<ul>\n<li style=\"font-weight: 400;\" aria-level=\"1\"><span style=\"font-weight: 400;\">Bernsteinfarbene rechteckige Tablettenflasche mit Clic-Loc-Verschluss<\/span><\/li>\n<li style=\"font-weight: 400;\" aria-level=\"1\"><span style=\"font-weight: 400;\">Traditionelle Tablettenflaschenform<\/span><\/li>\n<li style=\"font-weight: 400;\" aria-level=\"1\"><span style=\"font-weight: 400;\">Spritzgegossene M\u00fcndung und nahtloser (daher auslaufsicherer) Boden<\/span><\/li>\n<li style=\"font-weight: 400;\" aria-level=\"1\"><span style=\"font-weight: 400;\">Clic-Loc-Verschluss - korrekte Menge an konformem Material <\/span><span style=\"font-weight: 400;\">kindersicher<\/span><span style=\"font-weight: 400;\"> Inklusive Verschluss<\/span><\/li>\n<li style=\"font-weight: 400;\" aria-level=\"1\"><span style=\"font-weight: 400;\">Ausgezeichnete Klarheit von <\/span><span style=\"font-weight: 400;\">Hochglanz<\/span><span style=\"font-weight: 400;\"> Polymer<\/span><\/li>\n<li style=\"font-weight: 400;\" aria-level=\"1\"><span style=\"font-weight: 400;\">100% recyclingf\u00e4hig<\/span><\/li>\n<\/ul>\n<h3><span style=\"font-weight: 400;\">Geeignete Verwendungszwecke:<\/span><\/h3>\n<ul>\n<li style=\"font-weight: 400;\" aria-level=\"1\"><span style=\"font-weight: 400;\">Geeignet f\u00fcr die Aufbewahrung von Tabletten und Kapseln<\/span><\/li>\n<li style=\"font-weight: 400;\" aria-level=\"1\"><span style=\"font-weight: 400;\">Bernsteinfarbene Flaschen eignen sich zum Schutz von lichtempfindlichen Medikamenten<\/span><\/li>\n<\/ul>","protected":false},"featured_media":3405,"comment_status":"open","ping_status":"closed","template":"","meta":{"_acf_changed":false},"product_brand":[],"product_cat":[2160,2162,2158,107,2169,2184,96,2189],"product_tag":[],"class_list":{"0":"post-1248","1":"product","2":"type-product","3":"status-publish","4":"has-post-thumbnail","6":"product_cat-closures","7":"product_cat-containers","8":"product_cat-child-resistant-packaging","9":"product_cat-pet-bottles","10":"product_cat-pharmacy-packaging","11":"product_cat-bottles","12":"product_cat-plastic","13":"product_cat-square-bottles","15":"first","16":"instock","17":"sold-individually","18":"shipping-taxable","19":"purchasable","20":"product-type-simple"},"acf":[],"yoast_head":"<!-- This site is optimized with the Yoast SEO plugin v27.4 - https:\/\/yoast.com\/product\/yoast-seo-wordpress\/ -->\n<title>CuboPac\u2122 Rectangular Tablet Bottles | Origin Pharma Packaging<\/title>\n<meta name=\"description\" content=\"Order CuboPac\u2122 rectangular tablet bottles from Origin. Available in an amber design, these bottles offer dependable protection and are fully compliant.\" \/>\n<meta name=\"robots\" content=\"index, follow, max-snippet:-1, max-image-preview:large, max-video-preview:-1\" \/>\n<link rel=\"canonical\" href=\"https:\/\/originltd.com\/de\/produkt\/cubopac\/\" \/>\n<meta property=\"og:locale\" content=\"de_DE\" \/>\n<meta property=\"og:type\" content=\"article\" \/>\n<meta property=\"og:title\" content=\"CuboPac\u2122 Rectangular Tablet Bottles | Origin Pharma Packaging\" \/>\n<meta property=\"og:description\" content=\"Order CuboPac\u2122 rectangular tablet bottles from Origin. Available in an amber design, these bottles offer dependable protection and are fully compliant.\" \/>\n<meta property=\"og:url\" content=\"https:\/\/originltd.com\/de\/produkt\/cubopac\/\" \/>\n<meta property=\"og:site_name\" content=\"Origin Pharma Packaging\" \/>\n<meta property=\"article:publisher\" content=\"https:\/\/www.facebook.com\/originpharmapackaging\" \/>\n<meta property=\"article:modified_time\" content=\"2025-05-19T08:42:51+00:00\" \/>\n<meta property=\"og:image\" content=\"https:\/\/originltd.com\/wp-content\/uploads\/2018\/03\/cubo-pac-group1-scaled.jpg\" \/>\n\t<meta property=\"og:image:width\" content=\"1707\" \/>\n\t<meta property=\"og:image:height\" content=\"2560\" \/>\n\t<meta property=\"og:image:type\" content=\"image\/jpeg\" \/>\n<meta name=\"twitter:card\" content=\"summary_large_image\" \/>\n<meta name=\"twitter:site\" content=\"@originpharma\" \/>\n<meta name=\"twitter:label1\" content=\"Gesch\u00e4tzte Lesezeit\" \/>\n\t<meta name=\"twitter:data1\" content=\"1\u00a0Minute\" \/>\n<script type=\"application\/ld+json\" class=\"yoast-schema-graph\">{\"@context\":\"https:\\\/\\\/schema.org\",\"@graph\":[{\"@type\":\"WebPage\",\"@id\":\"https:\\\/\\\/originltd.com\\\/product\\\/cubopac\\\/\",\"url\":\"https:\\\/\\\/originltd.com\\\/product\\\/cubopac\\\/\",\"name\":\"CuboPac\u2122 Rectangular Tablet Bottles | Origin Pharma Packaging\",\"isPartOf\":{\"@id\":\"https:\\\/\\\/originltd.com\\\/#website\"},\"primaryImageOfPage\":{\"@id\":\"https:\\\/\\\/originltd.com\\\/product\\\/cubopac\\\/#primaryimage\"},\"image\":{\"@id\":\"https:\\\/\\\/originltd.com\\\/product\\\/cubopac\\\/#primaryimage\"},\"thumbnailUrl\":\"https:\\\/\\\/originltd.com\\\/wp-content\\\/uploads\\\/2018\\\/03\\\/cubo-pac-group1-scaled.jpg\",\"datePublished\":\"2018-02-07T16:48:45+00:00\",\"dateModified\":\"2025-05-19T08:42:51+00:00\",\"description\":\"Order CuboPac\u2122 rectangular tablet bottles from Origin. Available in an amber design, these bottles offer dependable protection and are fully compliant.\",\"breadcrumb\":{\"@id\":\"https:\\\/\\\/originltd.com\\\/product\\\/cubopac\\\/#breadcrumb\"},\"inLanguage\":\"de\",\"potentialAction\":[{\"@type\":\"ReadAction\",\"target\":[\"https:\\\/\\\/originltd.com\\\/product\\\/cubopac\\\/\"]}]},{\"@type\":\"ImageObject\",\"inLanguage\":\"de\",\"@id\":\"https:\\\/\\\/originltd.com\\\/product\\\/cubopac\\\/#primaryimage\",\"url\":\"https:\\\/\\\/originltd.com\\\/wp-content\\\/uploads\\\/2018\\\/03\\\/cubo-pac-group1-scaled.jpg\",\"contentUrl\":\"https:\\\/\\\/originltd.com\\\/wp-content\\\/uploads\\\/2018\\\/03\\\/cubo-pac-group1-scaled.jpg\",\"width\":1707,\"height\":2560,\"caption\":\"Cubopac\"},{\"@type\":\"BreadcrumbList\",\"@id\":\"https:\\\/\\\/originltd.com\\\/product\\\/cubopac\\\/#breadcrumb\",\"itemListElement\":[{\"@type\":\"ListItem\",\"position\":1,\"name\":\"Home\",\"item\":\"https:\\\/\\\/originltd.com\\\/\"},{\"@type\":\"ListItem\",\"position\":2,\"name\":\"Pharmaceutical Packaging Products\",\"item\":\"https:\\\/\\\/originltd.com\\\/pharmaceutical-packaging\\\/\"},{\"@type\":\"ListItem\",\"position\":3,\"name\":\"Plastic Packaging\",\"item\":\"https:\\\/\\\/originltd.com\\\/packaging\\\/plastic\\\/\"},{\"@type\":\"ListItem\",\"position\":4,\"name\":\"Plastic Bottle Packaging\",\"item\":\"https:\\\/\\\/originltd.com\\\/packaging\\\/plastic\\\/bottles\\\/\"},{\"@type\":\"ListItem\",\"position\":5,\"name\":\"CuboPac\u2122 Amber Rectangular Tablet Bottle\"}]},{\"@type\":\"WebSite\",\"@id\":\"https:\\\/\\\/originltd.com\\\/#website\",\"url\":\"https:\\\/\\\/originltd.com\\\/\",\"name\":\"Origin Pharma Packaging\",\"description\":\"\",\"publisher\":{\"@id\":\"https:\\\/\\\/originltd.com\\\/#organization\"},\"alternateName\":\"Origin Ltd.\",\"potentialAction\":[{\"@type\":\"SearchAction\",\"target\":{\"@type\":\"EntryPoint\",\"urlTemplate\":\"https:\\\/\\\/originltd.com\\\/?s={search_term_string}\"},\"query-input\":{\"@type\":\"PropertyValueSpecification\",\"valueRequired\":true,\"valueName\":\"search_term_string\"}}],\"inLanguage\":\"de\"},{\"@type\":\"Organization\",\"@id\":\"https:\\\/\\\/originltd.com\\\/#organization\",\"name\":\"Origin Pharma Packaging\",\"url\":\"https:\\\/\\\/originltd.com\\\/\",\"logo\":{\"@type\":\"ImageObject\",\"inLanguage\":\"de\",\"@id\":\"https:\\\/\\\/originltd.com\\\/#\\\/schema\\\/logo\\\/image\\\/\",\"url\":\"https:\\\/\\\/originltd.com\\\/wp-content\\\/uploads\\\/2024\\\/06\\\/cropped-Origin-logo-For-Health-For-Life-RGB@10x.png\",\"contentUrl\":\"https:\\\/\\\/originltd.com\\\/wp-content\\\/uploads\\\/2024\\\/06\\\/cropped-Origin-logo-For-Health-For-Life-RGB@10x.png\",\"width\":227,\"height\":65,\"caption\":\"Origin Pharma Packaging\"},\"image\":{\"@id\":\"https:\\\/\\\/originltd.com\\\/#\\\/schema\\\/logo\\\/image\\\/\"},\"sameAs\":[\"https:\\\/\\\/www.facebook.com\\\/originpharmapackaging\",\"https:\\\/\\\/x.com\\\/originpharma\",\"https:\\\/\\\/www.linkedin.com\\\/company\\\/origin-packaging-ltd\\\/\",\"https:\\\/\\\/www.youtube.com\\\/channel\\\/UCOOJl3eFOiO7lJT6f5qHygA\"]}]}<\/script>\n<!-- \/ Yoast SEO plugin. -->","yoast_head_json":{"title":"CuboPac\u2122 Rechteckige Tablettenflaschen | Origin Pharma Packaging","description":"Bestellen Sie CuboPac\u2122 rechteckige Tablettenflaschen bei Origin. Diese bernsteinfarbenen Flaschen bieten zuverl\u00e4ssigen Schutz und sind vollst\u00e4ndig konform.","robots":{"index":"index","follow":"follow","max-snippet":"max-snippet:-1","max-image-preview":"max-image-preview:large","max-video-preview":"max-video-preview:-1"},"canonical":"https:\/\/originltd.com\/de\/produkt\/cubopac\/","og_locale":"de_DE","og_type":"article","og_title":"CuboPac\u2122 Rectangular Tablet Bottles | Origin Pharma Packaging","og_description":"Order CuboPac\u2122 rectangular tablet bottles from Origin. Available in an amber design, these bottles offer dependable protection and are fully compliant.","og_url":"https:\/\/originltd.com\/de\/produkt\/cubopac\/","og_site_name":"Origin Pharma Packaging","article_publisher":"https:\/\/www.facebook.com\/originpharmapackaging","article_modified_time":"2025-05-19T08:42:51+00:00","og_image":[{"width":1707,"height":2560,"url":"https:\/\/originltd.com\/wp-content\/uploads\/2018\/03\/cubo-pac-group1-scaled.jpg","type":"image\/jpeg"}],"twitter_card":"summary_large_image","twitter_site":"@originpharma","twitter_misc":{"Gesch\u00e4tzte Lesezeit":"1\u00a0Minute"},"schema":{"@context":"https:\/\/schema.org","@graph":[{"@type":"WebPage","@id":"https:\/\/originltd.com\/product\/cubopac\/","url":"https:\/\/originltd.com\/product\/cubopac\/","name":"CuboPac\u2122 Rechteckige Tablettenflaschen | Origin Pharma Packaging","isPartOf":{"@id":"https:\/\/originltd.com\/#website"},"primaryImageOfPage":{"@id":"https:\/\/originltd.com\/product\/cubopac\/#primaryimage"},"image":{"@id":"https:\/\/originltd.com\/product\/cubopac\/#primaryimage"},"thumbnailUrl":"https:\/\/originltd.com\/wp-content\/uploads\/2018\/03\/cubo-pac-group1-scaled.jpg","datePublished":"2018-02-07T16:48:45+00:00","dateModified":"2025-05-19T08:42:51+00:00","description":"Bestellen Sie CuboPac\u2122 rechteckige Tablettenflaschen bei Origin. Diese bernsteinfarbenen Flaschen bieten zuverl\u00e4ssigen Schutz und sind vollst\u00e4ndig konform.","breadcrumb":{"@id":"https:\/\/originltd.com\/product\/cubopac\/#breadcrumb"},"inLanguage":"de","potentialAction":[{"@type":"ReadAction","target":["https:\/\/originltd.com\/product\/cubopac\/"]}]},{"@type":"ImageObject","inLanguage":"de","@id":"https:\/\/originltd.com\/product\/cubopac\/#primaryimage","url":"https:\/\/originltd.com\/wp-content\/uploads\/2018\/03\/cubo-pac-group1-scaled.jpg","contentUrl":"https:\/\/originltd.com\/wp-content\/uploads\/2018\/03\/cubo-pac-group1-scaled.jpg","width":1707,"height":2560,"caption":"Cubopac"},{"@type":"BreadcrumbList","@id":"https:\/\/originltd.com\/product\/cubopac\/#breadcrumb","itemListElement":[{"@type":"ListItem","position":1,"name":"Home","item":"https:\/\/originltd.com\/"},{"@type":"ListItem","position":2,"name":"Pharmaceutical Packaging Products","item":"https:\/\/originltd.com\/pharmaceutical-packaging\/"},{"@type":"ListItem","position":3,"name":"Plastic Packaging","item":"https:\/\/originltd.com\/packaging\/plastic\/"},{"@type":"ListItem","position":4,"name":"Plastic Bottle Packaging","item":"https:\/\/originltd.com\/packaging\/plastic\/bottles\/"},{"@type":"ListItem","position":5,"name":"CuboPac\u2122 Amber Rectangular Tablet Bottle"}]},{"@type":"WebSite","@id":"https:\/\/originltd.com\/#website","url":"https:\/\/originltd.com\/","name":"Origin Pharma Packaging","description":"","publisher":{"@id":"https:\/\/originltd.com\/#organization"},"alternateName":"Origin Ltd.","potentialAction":[{"@type":"SearchAction","target":{"@type":"EntryPoint","urlTemplate":"https:\/\/originltd.com\/?s={search_term_string}"},"query-input":{"@type":"PropertyValueSpecification","valueRequired":true,"valueName":"search_term_string"}}],"inLanguage":"de"},{"@type":"Organization","@id":"https:\/\/originltd.com\/#organization","name":"Origin Pharma Packaging","url":"https:\/\/originltd.com\/","logo":{"@type":"ImageObject","inLanguage":"de","@id":"https:\/\/originltd.com\/#\/schema\/logo\/image\/","url":"https:\/\/originltd.com\/wp-content\/uploads\/2024\/06\/cropped-Origin-logo-For-Health-For-Life-RGB@10x.png","contentUrl":"https:\/\/originltd.com\/wp-content\/uploads\/2024\/06\/cropped-Origin-logo-For-Health-For-Life-RGB@10x.png","width":227,"height":65,"caption":"Origin Pharma Packaging"},"image":{"@id":"https:\/\/originltd.com\/#\/schema\/logo\/image\/"},"sameAs":["https:\/\/www.facebook.com\/originpharmapackaging","https:\/\/x.com\/originpharma","https:\/\/www.linkedin.com\/company\/origin-packaging-ltd\/","https:\/\/www.youtube.com\/channel\/UCOOJl3eFOiO7lJT6f5qHygA"]}]}},"_links":{"self":[{"href":"https:\/\/originltd.com\/de\/wp-json\/wp\/v2\/product\/1248","targetHints":{"allow":["GET"]}}],"collection":[{"href":"https:\/\/originltd.com\/de\/wp-json\/wp\/v2\/product"}],"about":[{"href":"https:\/\/originltd.com\/de\/wp-json\/wp\/v2\/types\/product"}],"replies":[{"embeddable":true,"href":"https:\/\/originltd.com\/de\/wp-json\/wp\/v2\/comments?post=1248"}],"wp:featuredmedia":[{"embeddable":true,"href":"https:\/\/originltd.com\/de\/wp-json\/wp\/v2\/media\/3405"}],"wp:attachment":[{"href":"https:\/\/originltd.com\/de\/wp-json\/wp\/v2\/media?parent=1248"}],"wp:term":[{"taxonomy":"product_brand","embeddable":true,"href":"https:\/\/originltd.com\/de\/wp-json\/wp\/v2\/product_brand?post=1248"},{"taxonomy":"product_cat","embeddable":true,"href":"https:\/\/originltd.com\/de\/wp-json\/wp\/v2\/product_cat?post=1248"},{"taxonomy":"product_tag","embeddable":true,"href":"https:\/\/originltd.com\/de\/wp-json\/wp\/v2\/product_tag?post=1248"}],"curies":[{"name":"wp","href":"https:\/\/api.w.org\/{rel}","templated":true}]}}