
{"id":1239,"date":"2018-02-07T16:48:43","date_gmt":"2018-02-07T16:48:43","guid":{"rendered":"https:\/\/dev.originltd.com\/product\/white-marlow\/"},"modified":"2025-11-07T09:49:09","modified_gmt":"2025-11-07T09:49:09","slug":"white-marlow","status":"publish","type":"product","link":"https:\/\/originltd.com\/de\/product\/white-marlow\/","title":{"rendered":"5 ml - 100 ml Marlow-Wei\u00dfglasflaschen"},"content":{"rendered":"<p><span style=\"font-weight: 400;\">Diese Flaschen sind in verschiedenen Gr\u00f6\u00dfen erh\u00e4ltlich, darunter auch 5-ml-Tropfflaschen aus Wei\u00dfglas, <\/span><a href=\"https:\/\/originltd.com\/de\/produkt\/15ml-white-marlow-glass-bottle\/\"><span style=\"font-weight: 400;\">15ml-Tropfflaschen aus Wei\u00dfglas<\/span><\/a><span style=\"font-weight: 400;\">, und 100-ml-Tropfflaschen aus Wei\u00dfglas.<\/span><\/p>","protected":false},"excerpt":{"rendered":"<p><span style=\"font-weight: 400;\">Unser Sortiment an wei\u00dfen Marlow-Flaschen ist eine stilvolle und praktische Serie von <\/span><a href=\"https:\/\/originltd.com\/de\/packaging\/glass\/glass-dropper-bottles\/\"><span style=\"font-weight: 400;\">Glas-Tropfflaschen<\/span><\/a><span style=\"font-weight: 400;\">geeignet zur Verwendung als <\/span><a href=\"https:\/\/originltd.com\/de\/packaging\/pharmaceutical-packaging\/\"><span style=\"font-weight: 400;\">pharmazeutische Verpackungen<\/span><\/a><span style=\"font-weight: 400;\"> und <\/span><a href=\"https:\/\/originltd.com\/de\/packaging\/lifestyle\/\"><span style=\"font-weight: 400;\">Lifestyle-Produktverpackungen<\/span><\/a><span style=\"font-weight: 400;\">. Diese wei\u00dfen Glastropfflaschen k\u00f6nnen insbesondere f\u00fcr alternative Medizin und Anwendungen auf \u00d6lbasis verwendet werden. Ihr wei\u00dfes Design macht sie zu einer \u00e4sthetisch ansprechenden Wahl, um das Aussehen Ihres Produkts zu verbessern, und bietet gleichzeitig Haltbarkeit, da sie aus USP Typ III Glas hergestellt werden.<\/span><\/p>\n<h3><span style=\"font-weight: 400;\">Wesentliche Merkmale:<\/span><\/h3>\n<ul>\n<li style=\"font-weight: 400;\" aria-level=\"1\"><span style=\"font-weight: 400;\">Mehrere <\/span><span style=\"font-weight: 400;\">Tropfer<\/span><span style=\"font-weight: 400;\"> Optionen <\/span><span style=\"font-weight: 400;\">verf\u00fcgbar<\/span><\/li>\n<li style=\"font-weight: 400;\" aria-level=\"1\"><span style=\"font-weight: 400;\">Gro\u00dfe Vielfalt an <\/span><a href=\"https:\/\/originltd.com\/de\/packaging\/closures-dispensers\/\"><span style=\"font-weight: 400;\">Pharmazeutischer Verschluss<\/span><\/a><span style=\"font-weight: 400;\"> Optionen, einschlie\u00dflich <\/span><a href=\"https:\/\/originltd.com\/de\/packaging\/tamper-proof\/\"><span style=\"font-weight: 400;\">f\u00e4lschungssichere Verpackung<\/span><\/a><span style=\"font-weight: 400;\"> Varianten<\/span><\/li>\n<li style=\"font-weight: 400;\" aria-level=\"1\"><span style=\"font-weight: 400;\">Klar USP Typ III <\/span><span style=\"font-weight: 400;\">Glas,<\/span><span style=\"font-weight: 400;\"> matt wei\u00df lackiert<\/span><\/li>\n<li style=\"font-weight: 400;\" aria-level=\"1\"><span style=\"font-weight: 400;\">MOQ ist 15k Flaschen<\/span><\/li>\n<\/ul>\n<h3><span style=\"font-weight: 400;\">Geeignete Verwendungszwecke:<\/span><\/h3>\n<ul>\n<li style=\"font-weight: 400;\" aria-level=\"1\"><span style=\"font-weight: 400;\">Geeignet f\u00fcr alternative Anwendungen und Anwendungen auf \u00d6lbasis<\/span><\/li>\n<li style=\"font-weight: 400;\" aria-level=\"1\"><span style=\"font-weight: 400;\">Zur Verwendung als <\/span><a href=\"https:\/\/originltd.com\/de\/packaging\/health-wellbeing-packaging\/\"><span style=\"font-weight: 400;\">Produktverpackung zum Wohlbefinden<\/span><\/a><\/li>\n<li style=\"font-weight: 400;\" aria-level=\"1\"><span style=\"font-weight: 400;\">Zur Verwendung als <\/span><a href=\"https:\/\/originltd.com\/de\/packaging\/cosmetic-containers\/\"><span style=\"font-weight: 400;\">Kosmetik-Verpackung<\/span><\/a><\/li>\n<\/ul>","protected":false},"featured_media":3458,"comment_status":"open","ping_status":"closed","template":"","meta":{"_acf_changed":false},"product_brand":[],"product_cat":[2224,2185,102,119,2225,2227,2228,2226,2223,103,95],"product_tag":[],"class_list":{"0":"post-1239","1":"product","2":"type-product","3":"status-publish","4":"has-post-thumbnail","6":"product_cat-cbd","7":"product_cat-cosmetic-containers","8":"product_cat-glass-bottles","9":"product_cat-cosmetic-bottles","10":"product_cat-home-fragrance","11":"product_cat-lifestyle","12":"product_cat-perfume","13":"product_cat-personal-fragrance","14":"product_cat-skincare-bodycare","15":"product_cat-glass-dropper-bottles","16":"product_cat-glass","18":"first","19":"instock","20":"sold-individually","21":"shipping-taxable","22":"purchasable","23":"product-type-simple"},"acf":[],"yoast_head":"<!-- This site is optimized with the Yoast SEO plugin v27.3 - https:\/\/yoast.com\/product\/yoast-seo-wordpress\/ -->\n<title>5ml-100ml White Marlow Glass Dropper Bottles | Origin<\/title>\n<meta name=\"description\" content=\"Order from our range of 5ml-100ml white Marlow glass dropper bottles at Origin. This line of versatile products offers sleek &amp; durable packaging solutions.\" \/>\n<meta name=\"robots\" content=\"index, follow, max-snippet:-1, max-image-preview:large, max-video-preview:-1\" \/>\n<link rel=\"canonical\" href=\"https:\/\/originltd.com\/de\/produkt\/white-marlow\/\" \/>\n<meta property=\"og:locale\" content=\"de_DE\" \/>\n<meta property=\"og:type\" content=\"article\" \/>\n<meta property=\"og:title\" content=\"5ml-100ml White Marlow Glass Dropper Bottles | Origin\" \/>\n<meta property=\"og:description\" content=\"Order from our range of 5ml-100ml white Marlow glass dropper bottles at Origin. This line of versatile products offers sleek &amp; durable packaging solutions.\" \/>\n<meta property=\"og:url\" content=\"https:\/\/originltd.com\/de\/produkt\/white-marlow\/\" \/>\n<meta property=\"og:site_name\" content=\"Origin Pharma Packaging\" \/>\n<meta property=\"article:publisher\" content=\"https:\/\/www.facebook.com\/originpharmapackaging\" \/>\n<meta property=\"article:modified_time\" content=\"2025-11-07T09:49:09+00:00\" \/>\n<meta property=\"og:image\" content=\"https:\/\/originltd.com\/wp-content\/uploads\/2018\/03\/white-glass-marlow-scaled.jpg\" \/>\n\t<meta property=\"og:image:width\" content=\"1707\" \/>\n\t<meta property=\"og:image:height\" content=\"2560\" \/>\n\t<meta property=\"og:image:type\" content=\"image\/jpeg\" \/>\n<meta name=\"twitter:card\" content=\"summary_large_image\" \/>\n<meta name=\"twitter:site\" content=\"@originpharma\" \/>\n<meta name=\"twitter:label1\" content=\"Gesch\u00e4tzte Lesezeit\" \/>\n\t<meta name=\"twitter:data1\" content=\"1\u00a0Minute\" \/>\n<script type=\"application\/ld+json\" class=\"yoast-schema-graph\">{\"@context\":\"https:\\\/\\\/schema.org\",\"@graph\":[{\"@type\":\"WebPage\",\"@id\":\"https:\\\/\\\/originltd.com\\\/product\\\/white-marlow\\\/\",\"url\":\"https:\\\/\\\/originltd.com\\\/product\\\/white-marlow\\\/\",\"name\":\"5ml-100ml White Marlow Glass Dropper Bottles | Origin\",\"isPartOf\":{\"@id\":\"https:\\\/\\\/originltd.com\\\/#website\"},\"primaryImageOfPage\":{\"@id\":\"https:\\\/\\\/originltd.com\\\/product\\\/white-marlow\\\/#primaryimage\"},\"image\":{\"@id\":\"https:\\\/\\\/originltd.com\\\/product\\\/white-marlow\\\/#primaryimage\"},\"thumbnailUrl\":\"https:\\\/\\\/originltd.com\\\/wp-content\\\/uploads\\\/2018\\\/03\\\/white-glass-marlow-scaled.jpg\",\"datePublished\":\"2018-02-07T16:48:43+00:00\",\"dateModified\":\"2025-11-07T09:49:09+00:00\",\"description\":\"Order from our range of 5ml-100ml white Marlow glass dropper bottles at Origin. This line of versatile products offers sleek & durable packaging solutions.\",\"breadcrumb\":{\"@id\":\"https:\\\/\\\/originltd.com\\\/product\\\/white-marlow\\\/#breadcrumb\"},\"inLanguage\":\"de\",\"potentialAction\":[{\"@type\":\"ReadAction\",\"target\":[\"https:\\\/\\\/originltd.com\\\/product\\\/white-marlow\\\/\"]}]},{\"@type\":\"ImageObject\",\"inLanguage\":\"de\",\"@id\":\"https:\\\/\\\/originltd.com\\\/product\\\/white-marlow\\\/#primaryimage\",\"url\":\"https:\\\/\\\/originltd.com\\\/wp-content\\\/uploads\\\/2018\\\/03\\\/white-glass-marlow-scaled.jpg\",\"contentUrl\":\"https:\\\/\\\/originltd.com\\\/wp-content\\\/uploads\\\/2018\\\/03\\\/white-glass-marlow-scaled.jpg\",\"width\":1707,\"height\":2560,\"caption\":\"A close up photo of Origin's White Glass Marlow Bottle\"},{\"@type\":\"BreadcrumbList\",\"@id\":\"https:\\\/\\\/originltd.com\\\/product\\\/white-marlow\\\/#breadcrumb\",\"itemListElement\":[{\"@type\":\"ListItem\",\"position\":1,\"name\":\"Home\",\"item\":\"https:\\\/\\\/originltd.com\\\/\"},{\"@type\":\"ListItem\",\"position\":2,\"name\":\"Pharmaceutical Packaging Products\",\"item\":\"https:\\\/\\\/originltd.com\\\/pharmaceutical-packaging\\\/\"},{\"@type\":\"ListItem\",\"position\":3,\"name\":\"Cosmetic Packaging\",\"item\":\"https:\\\/\\\/originltd.com\\\/packaging\\\/cosmetic-containers\\\/\"},{\"@type\":\"ListItem\",\"position\":4,\"name\":\"5ml-100ml White Marlow Glass Bottles\"}]},{\"@type\":\"WebSite\",\"@id\":\"https:\\\/\\\/originltd.com\\\/#website\",\"url\":\"https:\\\/\\\/originltd.com\\\/\",\"name\":\"Origin Pharma Packaging\",\"description\":\"\",\"publisher\":{\"@id\":\"https:\\\/\\\/originltd.com\\\/#organization\"},\"alternateName\":\"Origin Ltd.\",\"potentialAction\":[{\"@type\":\"SearchAction\",\"target\":{\"@type\":\"EntryPoint\",\"urlTemplate\":\"https:\\\/\\\/originltd.com\\\/?s={search_term_string}\"},\"query-input\":{\"@type\":\"PropertyValueSpecification\",\"valueRequired\":true,\"valueName\":\"search_term_string\"}}],\"inLanguage\":\"de\"},{\"@type\":\"Organization\",\"@id\":\"https:\\\/\\\/originltd.com\\\/#organization\",\"name\":\"Origin Pharma Packaging\",\"url\":\"https:\\\/\\\/originltd.com\\\/\",\"logo\":{\"@type\":\"ImageObject\",\"inLanguage\":\"de\",\"@id\":\"https:\\\/\\\/originltd.com\\\/#\\\/schema\\\/logo\\\/image\\\/\",\"url\":\"https:\\\/\\\/originltd.com\\\/wp-content\\\/uploads\\\/2024\\\/06\\\/cropped-Origin-logo-For-Health-For-Life-RGB@10x.png\",\"contentUrl\":\"https:\\\/\\\/originltd.com\\\/wp-content\\\/uploads\\\/2024\\\/06\\\/cropped-Origin-logo-For-Health-For-Life-RGB@10x.png\",\"width\":227,\"height\":65,\"caption\":\"Origin Pharma Packaging\"},\"image\":{\"@id\":\"https:\\\/\\\/originltd.com\\\/#\\\/schema\\\/logo\\\/image\\\/\"},\"sameAs\":[\"https:\\\/\\\/www.facebook.com\\\/originpharmapackaging\",\"https:\\\/\\\/x.com\\\/originpharma\",\"https:\\\/\\\/www.linkedin.com\\\/company\\\/origin-packaging-ltd\\\/\",\"https:\\\/\\\/www.youtube.com\\\/channel\\\/UCOOJl3eFOiO7lJT6f5qHygA\"]}]}<\/script>\n<!-- \/ Yoast SEO plugin. -->","yoast_head_json":{"title":"5ml-100ml Wei\u00dfe Marlow Glas Tropfflaschen | Herkunft","description":"Bestellen Sie bei Origin aus unserem Angebot an wei\u00dfen Marlow-Glastropfflaschen von 5 ml bis 100 ml. Diese Reihe vielseitiger Produkte bietet elegante und haltbare Verpackungsl\u00f6sungen.","robots":{"index":"index","follow":"follow","max-snippet":"max-snippet:-1","max-image-preview":"max-image-preview:large","max-video-preview":"max-video-preview:-1"},"canonical":"https:\/\/originltd.com\/de\/produkt\/white-marlow\/","og_locale":"de_DE","og_type":"article","og_title":"5ml-100ml White Marlow Glass Dropper Bottles | Origin","og_description":"Order from our range of 5ml-100ml white Marlow glass dropper bottles at Origin. This line of versatile products offers sleek & durable packaging solutions.","og_url":"https:\/\/originltd.com\/de\/produkt\/white-marlow\/","og_site_name":"Origin Pharma Packaging","article_publisher":"https:\/\/www.facebook.com\/originpharmapackaging","article_modified_time":"2025-11-07T09:49:09+00:00","og_image":[{"width":1707,"height":2560,"url":"https:\/\/originltd.com\/wp-content\/uploads\/2018\/03\/white-glass-marlow-scaled.jpg","type":"image\/jpeg"}],"twitter_card":"summary_large_image","twitter_site":"@originpharma","twitter_misc":{"Gesch\u00e4tzte Lesezeit":"1\u00a0Minute"},"schema":{"@context":"https:\/\/schema.org","@graph":[{"@type":"WebPage","@id":"https:\/\/originltd.com\/product\/white-marlow\/","url":"https:\/\/originltd.com\/product\/white-marlow\/","name":"5ml-100ml Wei\u00dfe Marlow Glas Tropfflaschen | Herkunft","isPartOf":{"@id":"https:\/\/originltd.com\/#website"},"primaryImageOfPage":{"@id":"https:\/\/originltd.com\/product\/white-marlow\/#primaryimage"},"image":{"@id":"https:\/\/originltd.com\/product\/white-marlow\/#primaryimage"},"thumbnailUrl":"https:\/\/originltd.com\/wp-content\/uploads\/2018\/03\/white-glass-marlow-scaled.jpg","datePublished":"2018-02-07T16:48:43+00:00","dateModified":"2025-11-07T09:49:09+00:00","description":"Bestellen Sie bei Origin aus unserem Angebot an wei\u00dfen Marlow-Glastropfflaschen von 5 ml bis 100 ml. Diese Reihe vielseitiger Produkte bietet elegante und haltbare Verpackungsl\u00f6sungen.","breadcrumb":{"@id":"https:\/\/originltd.com\/product\/white-marlow\/#breadcrumb"},"inLanguage":"de","potentialAction":[{"@type":"ReadAction","target":["https:\/\/originltd.com\/product\/white-marlow\/"]}]},{"@type":"ImageObject","inLanguage":"de","@id":"https:\/\/originltd.com\/product\/white-marlow\/#primaryimage","url":"https:\/\/originltd.com\/wp-content\/uploads\/2018\/03\/white-glass-marlow-scaled.jpg","contentUrl":"https:\/\/originltd.com\/wp-content\/uploads\/2018\/03\/white-glass-marlow-scaled.jpg","width":1707,"height":2560,"caption":"A close up photo of Origin's White Glass Marlow Bottle"},{"@type":"BreadcrumbList","@id":"https:\/\/originltd.com\/product\/white-marlow\/#breadcrumb","itemListElement":[{"@type":"ListItem","position":1,"name":"Home","item":"https:\/\/originltd.com\/"},{"@type":"ListItem","position":2,"name":"Pharmaceutical Packaging Products","item":"https:\/\/originltd.com\/pharmaceutical-packaging\/"},{"@type":"ListItem","position":3,"name":"Cosmetic Packaging","item":"https:\/\/originltd.com\/packaging\/cosmetic-containers\/"},{"@type":"ListItem","position":4,"name":"5ml-100ml White Marlow Glass Bottles"}]},{"@type":"WebSite","@id":"https:\/\/originltd.com\/#website","url":"https:\/\/originltd.com\/","name":"Origin Pharma Packaging","description":"","publisher":{"@id":"https:\/\/originltd.com\/#organization"},"alternateName":"Origin Ltd.","potentialAction":[{"@type":"SearchAction","target":{"@type":"EntryPoint","urlTemplate":"https:\/\/originltd.com\/?s={search_term_string}"},"query-input":{"@type":"PropertyValueSpecification","valueRequired":true,"valueName":"search_term_string"}}],"inLanguage":"de"},{"@type":"Organization","@id":"https:\/\/originltd.com\/#organization","name":"Origin Pharma Packaging","url":"https:\/\/originltd.com\/","logo":{"@type":"ImageObject","inLanguage":"de","@id":"https:\/\/originltd.com\/#\/schema\/logo\/image\/","url":"https:\/\/originltd.com\/wp-content\/uploads\/2024\/06\/cropped-Origin-logo-For-Health-For-Life-RGB@10x.png","contentUrl":"https:\/\/originltd.com\/wp-content\/uploads\/2024\/06\/cropped-Origin-logo-For-Health-For-Life-RGB@10x.png","width":227,"height":65,"caption":"Origin Pharma Packaging"},"image":{"@id":"https:\/\/originltd.com\/#\/schema\/logo\/image\/"},"sameAs":["https:\/\/www.facebook.com\/originpharmapackaging","https:\/\/x.com\/originpharma","https:\/\/www.linkedin.com\/company\/origin-packaging-ltd\/","https:\/\/www.youtube.com\/channel\/UCOOJl3eFOiO7lJT6f5qHygA"]}]}},"_links":{"self":[{"href":"https:\/\/originltd.com\/de\/wp-json\/wp\/v2\/product\/1239","targetHints":{"allow":["GET"]}}],"collection":[{"href":"https:\/\/originltd.com\/de\/wp-json\/wp\/v2\/product"}],"about":[{"href":"https:\/\/originltd.com\/de\/wp-json\/wp\/v2\/types\/product"}],"replies":[{"embeddable":true,"href":"https:\/\/originltd.com\/de\/wp-json\/wp\/v2\/comments?post=1239"}],"wp:featuredmedia":[{"embeddable":true,"href":"https:\/\/originltd.com\/de\/wp-json\/wp\/v2\/media\/3458"}],"wp:attachment":[{"href":"https:\/\/originltd.com\/de\/wp-json\/wp\/v2\/media?parent=1239"}],"wp:term":[{"taxonomy":"product_brand","embeddable":true,"href":"https:\/\/originltd.com\/de\/wp-json\/wp\/v2\/product_brand?post=1239"},{"taxonomy":"product_cat","embeddable":true,"href":"https:\/\/originltd.com\/de\/wp-json\/wp\/v2\/product_cat?post=1239"},{"taxonomy":"product_tag","embeddable":true,"href":"https:\/\/originltd.com\/de\/wp-json\/wp\/v2\/product_tag?post=1239"}],"curies":[{"name":"wp","href":"https:\/\/api.w.org\/{rel}","templated":true}]}}