
{"id":1231,"date":"2018-02-07T16:48:42","date_gmt":"2018-02-07T16:48:42","guid":{"rendered":"https:\/\/dev.originltd.com\/product\/medical-balls\/"},"modified":"2025-05-16T12:00:40","modified_gmt":"2025-05-16T11:00:40","slug":"medical-balls","status":"publish","type":"product","link":"https:\/\/originltd.com\/de\/product\/medical-balls\/","title":{"rendered":"Medizinische Watteb\u00e4llchen"},"content":{"rendered":"<p><span style=\"font-weight: 400;\">Unsere medizinischen Watteb\u00e4llchen sind wahlweise aus 100% Baumwolle oder Zellwolle erh\u00e4ltlich. Eine gr\u00f6\u00dfere Gr\u00f6\u00dfe dieser B\u00e4lle ist auf Anfrage erh\u00e4ltlich.<\/span><\/p>","protected":false},"excerpt":{"rendered":"<p><span style=\"font-weight: 400;\">Unsere medizinischen B\u00e4lle bieten Schutz f\u00fcr Tabletten oder Kapseln in <\/span><a href=\"https:\/\/originltd.com\/de\/packaging\/pharmacy-packaging\/\"><span style=\"font-weight: 400;\">Apothekenverpackung<\/span><\/a><span style=\"font-weight: 400;\">. Dieses Arzneimittel <\/span><a href=\"https:\/\/originltd.com\/de\/packaging\/pharmaceutical-coil\/\"><span style=\"font-weight: 400;\">Baumwollspule<\/span><\/a><span style=\"font-weight: 400;\"> ist<\/span><span style=\"font-weight: 400;\"> vorgestanzt f\u00fcr effizientes Verpacken und <\/span><span style=\"font-weight: 400;\">reduziert<\/span> <span style=\"font-weight: 400;\">die<\/span><span style=\"font-weight: 400;\"> zweiter Prozess des Schneidens der Spule in eine Kugelform. Die Verwendung von Rayonfasern f\u00fchrt zu einer gr\u00f6\u00dferen Aufnahme von Feuchtigkeit<\/span><span style=\"font-weight: 400;\">Sie bieten einen zuverl\u00e4ssigen Schutz vor Feuchtigkeit und Kondenswasser f\u00fcr den Inhalt des Beh\u00e4lters.<\/span><\/p>\n<h3><span style=\"font-weight: 400;\">Wesentliche Merkmale:<\/span><\/h3>\n<ul>\n<li style=\"font-weight: 400;\" aria-level=\"1\"><span style=\"font-weight: 400;\">Medizinische B\u00e4lle sind in 100% Baumwolle oder Viskose erh\u00e4ltlich<\/span><\/li>\n<li style=\"font-weight: 400;\" aria-level=\"1\"><span style=\"font-weight: 400;\">Trifft US <\/span><span style=\"font-weight: 400;\">Pharmakop\u00f6e<\/span><span style=\"font-weight: 400;\"> Spezifikationen<\/span><\/li>\n<li style=\"font-weight: 400;\" aria-level=\"1\"><span style=\"font-weight: 400;\">Steril, medizinische Qualit\u00e4t<\/span><\/li>\n<li style=\"font-weight: 400;\" aria-level=\"1\"><span style=\"font-weight: 400;\">Gro\u00dfformat verf\u00fcgbar<\/span><\/li>\n<\/ul>\n<h3><span style=\"font-weight: 400;\">Geeignete Verwendungszwecke:<\/span><\/h3>\n<ul>\n<li style=\"font-weight: 400;\" aria-level=\"1\"><span style=\"font-weight: 400;\">Entwickelt f\u00fcr den Schutz von Tabletten in Flaschen<\/span><\/li>\n<li style=\"font-weight: 400;\" aria-level=\"1\"><span style=\"font-weight: 400;\">Geeignet zum Schutz vor St\u00f6\u00dfen, Feuchtigkeit und Kondenswasser<\/span><\/li>\n<\/ul>","protected":false},"featured_media":3480,"comment_status":"open","ping_status":"closed","template":"","meta":{"_acf_changed":false},"product_brand":[],"product_cat":[98,2206,2169],"product_tag":[],"class_list":{"0":"post-1231","1":"product","2":"type-product","3":"status-publish","4":"has-post-thumbnail","6":"product_cat-pharmaceutical-coil","7":"product_cat-pharmaceutical-packaging","8":"product_cat-pharmacy-packaging","10":"first","11":"instock","12":"featured","13":"sold-individually","14":"shipping-taxable","15":"purchasable","16":"product-type-simple"},"acf":[],"yoast_head":"<!-- This site is optimized with the Yoast SEO plugin v27.3 - https:\/\/yoast.com\/product\/yoast-seo-wordpress\/ -->\n<title>Medical Cotton Balls | Origin Pharma Packaging<\/title>\n<meta name=\"description\" content=\"Order medical cotton balls in wholesale from Origin. These offer protection for the contents of tablet bottles from impact, humidity and condensation.\" \/>\n<meta name=\"robots\" content=\"index, follow, max-snippet:-1, max-image-preview:large, max-video-preview:-1\" \/>\n<link rel=\"canonical\" href=\"https:\/\/originltd.com\/de\/produkt\/medical-balls\/\" \/>\n<meta property=\"og:locale\" content=\"de_DE\" \/>\n<meta property=\"og:type\" content=\"article\" \/>\n<meta property=\"og:title\" content=\"Medical Cotton Balls | Origin Pharma Packaging\" \/>\n<meta property=\"og:description\" content=\"Order medical cotton balls in wholesale from Origin. These offer protection for the contents of tablet bottles from impact, humidity and condensation.\" \/>\n<meta property=\"og:url\" content=\"https:\/\/originltd.com\/de\/produkt\/medical-balls\/\" \/>\n<meta property=\"og:site_name\" content=\"Origin Pharma Packaging\" \/>\n<meta property=\"article:publisher\" content=\"https:\/\/www.facebook.com\/originpharmapackaging\" \/>\n<meta property=\"article:modified_time\" content=\"2025-05-16T11:00:40+00:00\" \/>\n<meta property=\"og:image\" content=\"https:\/\/originltd.com\/wp-content\/uploads\/2018\/03\/medical-balls-scaled.jpg\" \/>\n\t<meta property=\"og:image:width\" content=\"1707\" \/>\n\t<meta property=\"og:image:height\" content=\"2560\" \/>\n\t<meta property=\"og:image:type\" content=\"image\/jpeg\" \/>\n<meta name=\"twitter:card\" content=\"summary_large_image\" \/>\n<meta name=\"twitter:site\" content=\"@originpharma\" \/>\n<meta name=\"twitter:label1\" content=\"Gesch\u00e4tzte Lesezeit\" \/>\n\t<meta name=\"twitter:data1\" content=\"1\u00a0Minute\" \/>\n<script type=\"application\/ld+json\" class=\"yoast-schema-graph\">{\"@context\":\"https:\\\/\\\/schema.org\",\"@graph\":[{\"@type\":\"WebPage\",\"@id\":\"https:\\\/\\\/originltd.com\\\/product\\\/medical-balls\\\/\",\"url\":\"https:\\\/\\\/originltd.com\\\/product\\\/medical-balls\\\/\",\"name\":\"Medical Cotton Balls | Origin Pharma Packaging\",\"isPartOf\":{\"@id\":\"https:\\\/\\\/originltd.com\\\/#website\"},\"primaryImageOfPage\":{\"@id\":\"https:\\\/\\\/originltd.com\\\/product\\\/medical-balls\\\/#primaryimage\"},\"image\":{\"@id\":\"https:\\\/\\\/originltd.com\\\/product\\\/medical-balls\\\/#primaryimage\"},\"thumbnailUrl\":\"https:\\\/\\\/originltd.com\\\/wp-content\\\/uploads\\\/2018\\\/03\\\/medical-balls-scaled.jpg\",\"datePublished\":\"2018-02-07T16:48:42+00:00\",\"dateModified\":\"2025-05-16T11:00:40+00:00\",\"description\":\"Order medical cotton balls in wholesale from Origin. These offer protection for the contents of tablet bottles from impact, humidity and condensation.\",\"breadcrumb\":{\"@id\":\"https:\\\/\\\/originltd.com\\\/product\\\/medical-balls\\\/#breadcrumb\"},\"inLanguage\":\"de\",\"potentialAction\":[{\"@type\":\"ReadAction\",\"target\":[\"https:\\\/\\\/originltd.com\\\/product\\\/medical-balls\\\/\"]}]},{\"@type\":\"ImageObject\",\"inLanguage\":\"de\",\"@id\":\"https:\\\/\\\/originltd.com\\\/product\\\/medical-balls\\\/#primaryimage\",\"url\":\"https:\\\/\\\/originltd.com\\\/wp-content\\\/uploads\\\/2018\\\/03\\\/medical-balls-scaled.jpg\",\"contentUrl\":\"https:\\\/\\\/originltd.com\\\/wp-content\\\/uploads\\\/2018\\\/03\\\/medical-balls-scaled.jpg\",\"width\":1707,\"height\":2560,\"caption\":\"Medical balls\"},{\"@type\":\"BreadcrumbList\",\"@id\":\"https:\\\/\\\/originltd.com\\\/product\\\/medical-balls\\\/#breadcrumb\",\"itemListElement\":[{\"@type\":\"ListItem\",\"position\":1,\"name\":\"Home\",\"item\":\"https:\\\/\\\/originltd.com\\\/\"},{\"@type\":\"ListItem\",\"position\":2,\"name\":\"Pharmaceutical Packaging Products\",\"item\":\"https:\\\/\\\/originltd.com\\\/pharmaceutical-packaging\\\/\"},{\"@type\":\"ListItem\",\"position\":3,\"name\":\"Pharmaceutical Packaging\",\"item\":\"https:\\\/\\\/originltd.com\\\/packaging\\\/pharmaceutical-packaging\\\/\"},{\"@type\":\"ListItem\",\"position\":4,\"name\":\"Medical Cotton Balls\"}]},{\"@type\":\"WebSite\",\"@id\":\"https:\\\/\\\/originltd.com\\\/#website\",\"url\":\"https:\\\/\\\/originltd.com\\\/\",\"name\":\"Origin Pharma Packaging\",\"description\":\"\",\"publisher\":{\"@id\":\"https:\\\/\\\/originltd.com\\\/#organization\"},\"alternateName\":\"Origin Ltd.\",\"potentialAction\":[{\"@type\":\"SearchAction\",\"target\":{\"@type\":\"EntryPoint\",\"urlTemplate\":\"https:\\\/\\\/originltd.com\\\/?s={search_term_string}\"},\"query-input\":{\"@type\":\"PropertyValueSpecification\",\"valueRequired\":true,\"valueName\":\"search_term_string\"}}],\"inLanguage\":\"de\"},{\"@type\":\"Organization\",\"@id\":\"https:\\\/\\\/originltd.com\\\/#organization\",\"name\":\"Origin Pharma Packaging\",\"url\":\"https:\\\/\\\/originltd.com\\\/\",\"logo\":{\"@type\":\"ImageObject\",\"inLanguage\":\"de\",\"@id\":\"https:\\\/\\\/originltd.com\\\/#\\\/schema\\\/logo\\\/image\\\/\",\"url\":\"https:\\\/\\\/originltd.com\\\/wp-content\\\/uploads\\\/2024\\\/06\\\/cropped-Origin-logo-For-Health-For-Life-RGB@10x.png\",\"contentUrl\":\"https:\\\/\\\/originltd.com\\\/wp-content\\\/uploads\\\/2024\\\/06\\\/cropped-Origin-logo-For-Health-For-Life-RGB@10x.png\",\"width\":227,\"height\":65,\"caption\":\"Origin Pharma Packaging\"},\"image\":{\"@id\":\"https:\\\/\\\/originltd.com\\\/#\\\/schema\\\/logo\\\/image\\\/\"},\"sameAs\":[\"https:\\\/\\\/www.facebook.com\\\/originpharmapackaging\",\"https:\\\/\\\/x.com\\\/originpharma\",\"https:\\\/\\\/www.linkedin.com\\\/company\\\/origin-packaging-ltd\\\/\",\"https:\\\/\\\/www.youtube.com\\\/channel\\\/UCOOJl3eFOiO7lJT6f5qHygA\"]}]}<\/script>\n<!-- \/ Yoast SEO plugin. -->","yoast_head_json":{"title":"Medizinische Watteb\u00e4llchen | Origin Pharma Packaging","description":"Bestellen Sie medizinische Watteb\u00e4llchen im Gro\u00dfhandel bei Origin. Sie sch\u00fctzen den Inhalt von Tablettenflaschen vor St\u00f6\u00dfen, Feuchtigkeit und Kondenswasser.","robots":{"index":"index","follow":"follow","max-snippet":"max-snippet:-1","max-image-preview":"max-image-preview:large","max-video-preview":"max-video-preview:-1"},"canonical":"https:\/\/originltd.com\/de\/produkt\/medical-balls\/","og_locale":"de_DE","og_type":"article","og_title":"Medical Cotton Balls | Origin Pharma Packaging","og_description":"Order medical cotton balls in wholesale from Origin. These offer protection for the contents of tablet bottles from impact, humidity and condensation.","og_url":"https:\/\/originltd.com\/de\/produkt\/medical-balls\/","og_site_name":"Origin Pharma Packaging","article_publisher":"https:\/\/www.facebook.com\/originpharmapackaging","article_modified_time":"2025-05-16T11:00:40+00:00","og_image":[{"width":1707,"height":2560,"url":"https:\/\/originltd.com\/wp-content\/uploads\/2018\/03\/medical-balls-scaled.jpg","type":"image\/jpeg"}],"twitter_card":"summary_large_image","twitter_site":"@originpharma","twitter_misc":{"Gesch\u00e4tzte Lesezeit":"1\u00a0Minute"},"schema":{"@context":"https:\/\/schema.org","@graph":[{"@type":"WebPage","@id":"https:\/\/originltd.com\/product\/medical-balls\/","url":"https:\/\/originltd.com\/product\/medical-balls\/","name":"Medizinische Watteb\u00e4llchen | Origin Pharma Packaging","isPartOf":{"@id":"https:\/\/originltd.com\/#website"},"primaryImageOfPage":{"@id":"https:\/\/originltd.com\/product\/medical-balls\/#primaryimage"},"image":{"@id":"https:\/\/originltd.com\/product\/medical-balls\/#primaryimage"},"thumbnailUrl":"https:\/\/originltd.com\/wp-content\/uploads\/2018\/03\/medical-balls-scaled.jpg","datePublished":"2018-02-07T16:48:42+00:00","dateModified":"2025-05-16T11:00:40+00:00","description":"Bestellen Sie medizinische Watteb\u00e4llchen im Gro\u00dfhandel bei Origin. Sie sch\u00fctzen den Inhalt von Tablettenflaschen vor St\u00f6\u00dfen, Feuchtigkeit und Kondenswasser.","breadcrumb":{"@id":"https:\/\/originltd.com\/product\/medical-balls\/#breadcrumb"},"inLanguage":"de","potentialAction":[{"@type":"ReadAction","target":["https:\/\/originltd.com\/product\/medical-balls\/"]}]},{"@type":"ImageObject","inLanguage":"de","@id":"https:\/\/originltd.com\/product\/medical-balls\/#primaryimage","url":"https:\/\/originltd.com\/wp-content\/uploads\/2018\/03\/medical-balls-scaled.jpg","contentUrl":"https:\/\/originltd.com\/wp-content\/uploads\/2018\/03\/medical-balls-scaled.jpg","width":1707,"height":2560,"caption":"Medical balls"},{"@type":"BreadcrumbList","@id":"https:\/\/originltd.com\/product\/medical-balls\/#breadcrumb","itemListElement":[{"@type":"ListItem","position":1,"name":"Home","item":"https:\/\/originltd.com\/"},{"@type":"ListItem","position":2,"name":"Pharmaceutical Packaging Products","item":"https:\/\/originltd.com\/pharmaceutical-packaging\/"},{"@type":"ListItem","position":3,"name":"Pharmaceutical Packaging","item":"https:\/\/originltd.com\/packaging\/pharmaceutical-packaging\/"},{"@type":"ListItem","position":4,"name":"Medical Cotton Balls"}]},{"@type":"WebSite","@id":"https:\/\/originltd.com\/#website","url":"https:\/\/originltd.com\/","name":"Origin Pharma Packaging","description":"","publisher":{"@id":"https:\/\/originltd.com\/#organization"},"alternateName":"Origin Ltd.","potentialAction":[{"@type":"SearchAction","target":{"@type":"EntryPoint","urlTemplate":"https:\/\/originltd.com\/?s={search_term_string}"},"query-input":{"@type":"PropertyValueSpecification","valueRequired":true,"valueName":"search_term_string"}}],"inLanguage":"de"},{"@type":"Organization","@id":"https:\/\/originltd.com\/#organization","name":"Origin Pharma Packaging","url":"https:\/\/originltd.com\/","logo":{"@type":"ImageObject","inLanguage":"de","@id":"https:\/\/originltd.com\/#\/schema\/logo\/image\/","url":"https:\/\/originltd.com\/wp-content\/uploads\/2024\/06\/cropped-Origin-logo-For-Health-For-Life-RGB@10x.png","contentUrl":"https:\/\/originltd.com\/wp-content\/uploads\/2024\/06\/cropped-Origin-logo-For-Health-For-Life-RGB@10x.png","width":227,"height":65,"caption":"Origin Pharma Packaging"},"image":{"@id":"https:\/\/originltd.com\/#\/schema\/logo\/image\/"},"sameAs":["https:\/\/www.facebook.com\/originpharmapackaging","https:\/\/x.com\/originpharma","https:\/\/www.linkedin.com\/company\/origin-packaging-ltd\/","https:\/\/www.youtube.com\/channel\/UCOOJl3eFOiO7lJT6f5qHygA"]}]}},"_links":{"self":[{"href":"https:\/\/originltd.com\/de\/wp-json\/wp\/v2\/product\/1231","targetHints":{"allow":["GET"]}}],"collection":[{"href":"https:\/\/originltd.com\/de\/wp-json\/wp\/v2\/product"}],"about":[{"href":"https:\/\/originltd.com\/de\/wp-json\/wp\/v2\/types\/product"}],"replies":[{"embeddable":true,"href":"https:\/\/originltd.com\/de\/wp-json\/wp\/v2\/comments?post=1231"}],"wp:featuredmedia":[{"embeddable":true,"href":"https:\/\/originltd.com\/de\/wp-json\/wp\/v2\/media\/3480"}],"wp:attachment":[{"href":"https:\/\/originltd.com\/de\/wp-json\/wp\/v2\/media?parent=1231"}],"wp:term":[{"taxonomy":"product_brand","embeddable":true,"href":"https:\/\/originltd.com\/de\/wp-json\/wp\/v2\/product_brand?post=1231"},{"taxonomy":"product_cat","embeddable":true,"href":"https:\/\/originltd.com\/de\/wp-json\/wp\/v2\/product_cat?post=1231"},{"taxonomy":"product_tag","embeddable":true,"href":"https:\/\/originltd.com\/de\/wp-json\/wp\/v2\/product_tag?post=1231"}],"curies":[{"name":"wp","href":"https:\/\/api.w.org\/{rel}","templated":true}]}}