
{"id":1225,"date":"2018-02-07T16:48:41","date_gmt":"2018-02-07T16:48:41","guid":{"rendered":"https:\/\/dev.originltd.com\/product\/polycone-lined-closure-urea-and-polypropylene\/"},"modified":"2025-09-25T15:13:28","modified_gmt":"2025-09-25T14:13:28","slug":"polycone-lined-closure-urea-and-polypropylene","status":"publish","type":"product","link":"https:\/\/originltd.com\/de\/product\/polycone-lined-closure-urea-and-polypropylene\/","title":{"rendered":"Verschluss mit Polycone-Beschichtung - Urea &amp; Polypropylen"},"content":{"rendered":"","protected":false},"excerpt":{"rendered":"<p>Die Polycone-Beschichtung passt ihre Form beim Aufschrauben des Deckels an den Glasrand an und erzeugt dadurch einen dichten Verschluss und eine gute chemische Barriere. Der extra fester Schraubverschluss sorgt f\u00fcr eine sichere Abdichtung beim Verpacken von \u00d6len.<\/p>\n<ul>\n<li>Erh\u00e4ltlich in Materialien Urea oder Polypropylen<\/li>\n<li>Erh\u00e4ltlich in Schwarz oder Wei\u00df<\/li>\n<li>Erh\u00e4ltlich f\u00fcr eine Reihe von Halsgr\u00f6\u00dfen (siehe Eigenschaftentabelle)<\/li>\n<\/ul>","protected":false},"featured_media":3532,"comment_status":"open","ping_status":"closed","template":"","meta":{"_acf_changed":false},"product_brand":[],"product_cat":[97,96],"product_tag":[],"class_list":{"0":"post-1225","1":"product","2":"type-product","3":"status-publish","4":"has-post-thumbnail","6":"product_cat-closures-dispensers","7":"product_cat-plastic","9":"first","10":"instock","11":"sold-individually","12":"shipping-taxable","13":"purchasable","14":"product-type-simple"},"acf":[],"yoast_head":"<!-- This site is optimized with the Yoast SEO plugin v27.3 - https:\/\/yoast.com\/product\/yoast-seo-wordpress\/ -->\n<title>Polycone Lined Closure | Origin Pharma Packaging<\/title>\n<meta name=\"description\" content=\"Find out about polycone lined closures available from Origin, bulk supplier of packaging for use in the pharmaceutical industry. Order a sample or get in touch for more details.\" \/>\n<meta name=\"robots\" content=\"index, follow, max-snippet:-1, max-image-preview:large, max-video-preview:-1\" \/>\n<link rel=\"canonical\" href=\"https:\/\/originltd.com\/de\/produkt\/polycone-lined-closure-urea-and-polypropylene\/\" \/>\n<meta property=\"og:locale\" content=\"de_DE\" \/>\n<meta property=\"og:type\" content=\"article\" \/>\n<meta property=\"og:title\" content=\"Polycone Lined Closure | Origin Pharma Packaging\" \/>\n<meta property=\"og:description\" content=\"Find out about polycone lined closures available from Origin, bulk supplier of packaging for use in the pharmaceutical industry. Order a sample or get in touch for more details.\" \/>\n<meta property=\"og:url\" content=\"https:\/\/originltd.com\/de\/produkt\/polycone-lined-closure-urea-and-polypropylene\/\" \/>\n<meta property=\"og:site_name\" content=\"Origin Pharma Packaging\" \/>\n<meta property=\"article:publisher\" content=\"https:\/\/www.facebook.com\/originpharmapackaging\" \/>\n<meta property=\"article:modified_time\" content=\"2025-09-25T14:13:28+00:00\" \/>\n<meta property=\"og:image\" content=\"https:\/\/originltd.com\/wp-content\/uploads\/2018\/03\/polycone-lined-closure-scaled.jpg\" \/>\n\t<meta property=\"og:image:width\" content=\"1707\" \/>\n\t<meta property=\"og:image:height\" content=\"2560\" \/>\n\t<meta property=\"og:image:type\" content=\"image\/jpeg\" \/>\n<meta name=\"twitter:card\" content=\"summary_large_image\" \/>\n<meta name=\"twitter:site\" content=\"@originpharma\" \/>\n<meta name=\"twitter:label1\" content=\"Gesch\u00e4tzte Lesezeit\" \/>\n\t<meta name=\"twitter:data1\" content=\"1\u00a0Minute\" \/>\n<script type=\"application\/ld+json\" class=\"yoast-schema-graph\">{\"@context\":\"https:\\\/\\\/schema.org\",\"@graph\":[{\"@type\":\"WebPage\",\"@id\":\"https:\\\/\\\/originltd.com\\\/de\\\/produkt\\\/polycone-lined-closure-urea-and-polypropylene\\\/\",\"url\":\"https:\\\/\\\/originltd.com\\\/de\\\/produkt\\\/polycone-lined-closure-urea-and-polypropylene\\\/\",\"name\":\"Polycone Lined Closure | Origin Pharma Packaging\",\"isPartOf\":{\"@id\":\"https:\\\/\\\/originltd.com\\\/#website\"},\"primaryImageOfPage\":{\"@id\":\"https:\\\/\\\/originltd.com\\\/de\\\/produkt\\\/polycone-lined-closure-urea-and-polypropylene\\\/#primaryimage\"},\"image\":{\"@id\":\"https:\\\/\\\/originltd.com\\\/de\\\/produkt\\\/polycone-lined-closure-urea-and-polypropylene\\\/#primaryimage\"},\"thumbnailUrl\":\"https:\\\/\\\/originltd.com\\\/wp-content\\\/uploads\\\/2018\\\/03\\\/polycone-lined-closure-scaled.jpg\",\"datePublished\":\"2018-02-07T16:48:41+00:00\",\"dateModified\":\"2025-09-25T14:13:28+00:00\",\"description\":\"Find out about polycone lined closures available from Origin, bulk supplier of packaging for use in the pharmaceutical industry. Order a sample or get in touch for more details.\",\"breadcrumb\":{\"@id\":\"https:\\\/\\\/originltd.com\\\/de\\\/produkt\\\/polycone-lined-closure-urea-and-polypropylene\\\/#breadcrumb\"},\"inLanguage\":\"de\",\"potentialAction\":[{\"@type\":\"ReadAction\",\"target\":[\"https:\\\/\\\/originltd.com\\\/de\\\/produkt\\\/polycone-lined-closure-urea-and-polypropylene\\\/\"]}]},{\"@type\":\"ImageObject\",\"inLanguage\":\"de\",\"@id\":\"https:\\\/\\\/originltd.com\\\/de\\\/produkt\\\/polycone-lined-closure-urea-and-polypropylene\\\/#primaryimage\",\"url\":\"https:\\\/\\\/originltd.com\\\/wp-content\\\/uploads\\\/2018\\\/03\\\/polycone-lined-closure-scaled.jpg\",\"contentUrl\":\"https:\\\/\\\/originltd.com\\\/wp-content\\\/uploads\\\/2018\\\/03\\\/polycone-lined-closure-scaled.jpg\",\"width\":1707,\"height\":2560,\"caption\":\"Polycone lines closure\"},{\"@type\":\"BreadcrumbList\",\"@id\":\"https:\\\/\\\/originltd.com\\\/de\\\/produkt\\\/polycone-lined-closure-urea-and-polypropylene\\\/#breadcrumb\",\"itemListElement\":[{\"@type\":\"ListItem\",\"position\":1,\"name\":\"Home\",\"item\":\"https:\\\/\\\/originltd.com\\\/\"},{\"@type\":\"ListItem\",\"position\":2,\"name\":\"Pharmaceutical Packaging Products\",\"item\":\"https:\\\/\\\/originltd.com\\\/pharmaceutical-packaging\\\/\"},{\"@type\":\"ListItem\",\"position\":3,\"name\":\"Pharmaceutical Closures &amp; Dispensers\",\"item\":\"https:\\\/\\\/originltd.com\\\/packaging\\\/closures-dispensers\\\/\"},{\"@type\":\"ListItem\",\"position\":4,\"name\":\"Polycone Lined Closure &ndash; Urea &amp; Polypropylene\"}]},{\"@type\":\"WebSite\",\"@id\":\"https:\\\/\\\/originltd.com\\\/#website\",\"url\":\"https:\\\/\\\/originltd.com\\\/\",\"name\":\"Origin Pharma Packaging\",\"description\":\"\",\"publisher\":{\"@id\":\"https:\\\/\\\/originltd.com\\\/#organization\"},\"alternateName\":\"Origin Ltd.\",\"potentialAction\":[{\"@type\":\"SearchAction\",\"target\":{\"@type\":\"EntryPoint\",\"urlTemplate\":\"https:\\\/\\\/originltd.com\\\/?s={search_term_string}\"},\"query-input\":{\"@type\":\"PropertyValueSpecification\",\"valueRequired\":true,\"valueName\":\"search_term_string\"}}],\"inLanguage\":\"de\"},{\"@type\":\"Organization\",\"@id\":\"https:\\\/\\\/originltd.com\\\/#organization\",\"name\":\"Origin Pharma Packaging\",\"url\":\"https:\\\/\\\/originltd.com\\\/\",\"logo\":{\"@type\":\"ImageObject\",\"inLanguage\":\"de\",\"@id\":\"https:\\\/\\\/originltd.com\\\/#\\\/schema\\\/logo\\\/image\\\/\",\"url\":\"https:\\\/\\\/originltd.com\\\/wp-content\\\/uploads\\\/2024\\\/06\\\/cropped-Origin-logo-For-Health-For-Life-RGB@10x.png\",\"contentUrl\":\"https:\\\/\\\/originltd.com\\\/wp-content\\\/uploads\\\/2024\\\/06\\\/cropped-Origin-logo-For-Health-For-Life-RGB@10x.png\",\"width\":227,\"height\":65,\"caption\":\"Origin Pharma Packaging\"},\"image\":{\"@id\":\"https:\\\/\\\/originltd.com\\\/#\\\/schema\\\/logo\\\/image\\\/\"},\"sameAs\":[\"https:\\\/\\\/www.facebook.com\\\/originpharmapackaging\",\"https:\\\/\\\/x.com\\\/originpharma\",\"https:\\\/\\\/www.linkedin.com\\\/company\\\/origin-packaging-ltd\\\/\",\"https:\\\/\\\/www.youtube.com\\\/channel\\\/UCOOJl3eFOiO7lJT6f5qHygA\"]}]}<\/script>\n<!-- \/ Yoast SEO plugin. -->","yoast_head_json":{"title":"Verschluss mit Polycone-Beschichtung | Origin Pharma Packaging","description":"Erfahren Sie mehr \u00fcber Verschl\u00fcsse mit Polycone-Beschichtung von Origin, einem Gro\u00dflieferanten von Verpackungen f\u00fcr die pharmazeutische Industrie. Fordern Sie ein Muster an oder kontaktieren Sie uns f\u00fcr weitere Informationen.","robots":{"index":"index","follow":"follow","max-snippet":"max-snippet:-1","max-image-preview":"max-image-preview:large","max-video-preview":"max-video-preview:-1"},"canonical":"https:\/\/originltd.com\/de\/produkt\/polycone-lined-closure-urea-and-polypropylene\/","og_locale":"de_DE","og_type":"article","og_title":"Polycone Lined Closure | Origin Pharma Packaging","og_description":"Find out about polycone lined closures available from Origin, bulk supplier of packaging for use in the pharmaceutical industry. Order a sample or get in touch for more details.","og_url":"https:\/\/originltd.com\/de\/produkt\/polycone-lined-closure-urea-and-polypropylene\/","og_site_name":"Origin Pharma Packaging","article_publisher":"https:\/\/www.facebook.com\/originpharmapackaging","article_modified_time":"2025-09-25T14:13:28+00:00","og_image":[{"width":1707,"height":2560,"url":"https:\/\/originltd.com\/wp-content\/uploads\/2018\/03\/polycone-lined-closure-scaled.jpg","type":"image\/jpeg"}],"twitter_card":"summary_large_image","twitter_site":"@originpharma","twitter_misc":{"Gesch\u00e4tzte Lesezeit":"1\u00a0Minute"},"schema":{"@context":"https:\/\/schema.org","@graph":[{"@type":"WebPage","@id":"https:\/\/originltd.com\/de\/produkt\/polycone-lined-closure-urea-and-polypropylene\/","url":"https:\/\/originltd.com\/de\/produkt\/polycone-lined-closure-urea-and-polypropylene\/","name":"Verschluss mit Polycone-Beschichtung | Origin Pharma Packaging","isPartOf":{"@id":"https:\/\/originltd.com\/#website"},"primaryImageOfPage":{"@id":"https:\/\/originltd.com\/de\/produkt\/polycone-lined-closure-urea-and-polypropylene\/#primaryimage"},"image":{"@id":"https:\/\/originltd.com\/de\/produkt\/polycone-lined-closure-urea-and-polypropylene\/#primaryimage"},"thumbnailUrl":"https:\/\/originltd.com\/wp-content\/uploads\/2018\/03\/polycone-lined-closure-scaled.jpg","datePublished":"2018-02-07T16:48:41+00:00","dateModified":"2025-09-25T14:13:28+00:00","description":"Erfahren Sie mehr \u00fcber Verschl\u00fcsse mit Polycone-Beschichtung von Origin, einem Gro\u00dflieferanten von Verpackungen f\u00fcr die pharmazeutische Industrie. Fordern Sie ein Muster an oder kontaktieren Sie uns f\u00fcr weitere Informationen.","breadcrumb":{"@id":"https:\/\/originltd.com\/de\/produkt\/polycone-lined-closure-urea-and-polypropylene\/#breadcrumb"},"inLanguage":"de","potentialAction":[{"@type":"ReadAction","target":["https:\/\/originltd.com\/de\/produkt\/polycone-lined-closure-urea-and-polypropylene\/"]}]},{"@type":"ImageObject","inLanguage":"de","@id":"https:\/\/originltd.com\/de\/produkt\/polycone-lined-closure-urea-and-polypropylene\/#primaryimage","url":"https:\/\/originltd.com\/wp-content\/uploads\/2018\/03\/polycone-lined-closure-scaled.jpg","contentUrl":"https:\/\/originltd.com\/wp-content\/uploads\/2018\/03\/polycone-lined-closure-scaled.jpg","width":1707,"height":2560,"caption":"Polycone lines closure"},{"@type":"BreadcrumbList","@id":"https:\/\/originltd.com\/de\/produkt\/polycone-lined-closure-urea-and-polypropylene\/#breadcrumb","itemListElement":[{"@type":"ListItem","position":1,"name":"Home","item":"https:\/\/originltd.com\/"},{"@type":"ListItem","position":2,"name":"Pharmaceutical Packaging Products","item":"https:\/\/originltd.com\/pharmaceutical-packaging\/"},{"@type":"ListItem","position":3,"name":"Pharmaceutical Closures &amp; Dispensers","item":"https:\/\/originltd.com\/packaging\/closures-dispensers\/"},{"@type":"ListItem","position":4,"name":"Polycone Lined Closure &ndash; Urea &amp; Polypropylene"}]},{"@type":"WebSite","@id":"https:\/\/originltd.com\/#website","url":"https:\/\/originltd.com\/","name":"Origin Pharma Packaging","description":"","publisher":{"@id":"https:\/\/originltd.com\/#organization"},"alternateName":"Origin Ltd.","potentialAction":[{"@type":"SearchAction","target":{"@type":"EntryPoint","urlTemplate":"https:\/\/originltd.com\/?s={search_term_string}"},"query-input":{"@type":"PropertyValueSpecification","valueRequired":true,"valueName":"search_term_string"}}],"inLanguage":"de"},{"@type":"Organization","@id":"https:\/\/originltd.com\/#organization","name":"Origin Pharma Packaging","url":"https:\/\/originltd.com\/","logo":{"@type":"ImageObject","inLanguage":"de","@id":"https:\/\/originltd.com\/#\/schema\/logo\/image\/","url":"https:\/\/originltd.com\/wp-content\/uploads\/2024\/06\/cropped-Origin-logo-For-Health-For-Life-RGB@10x.png","contentUrl":"https:\/\/originltd.com\/wp-content\/uploads\/2024\/06\/cropped-Origin-logo-For-Health-For-Life-RGB@10x.png","width":227,"height":65,"caption":"Origin Pharma Packaging"},"image":{"@id":"https:\/\/originltd.com\/#\/schema\/logo\/image\/"},"sameAs":["https:\/\/www.facebook.com\/originpharmapackaging","https:\/\/x.com\/originpharma","https:\/\/www.linkedin.com\/company\/origin-packaging-ltd\/","https:\/\/www.youtube.com\/channel\/UCOOJl3eFOiO7lJT6f5qHygA"]}]}},"_links":{"self":[{"href":"https:\/\/originltd.com\/de\/wp-json\/wp\/v2\/product\/1225","targetHints":{"allow":["GET"]}}],"collection":[{"href":"https:\/\/originltd.com\/de\/wp-json\/wp\/v2\/product"}],"about":[{"href":"https:\/\/originltd.com\/de\/wp-json\/wp\/v2\/types\/product"}],"replies":[{"embeddable":true,"href":"https:\/\/originltd.com\/de\/wp-json\/wp\/v2\/comments?post=1225"}],"wp:featuredmedia":[{"embeddable":true,"href":"https:\/\/originltd.com\/de\/wp-json\/wp\/v2\/media\/3532"}],"wp:attachment":[{"href":"https:\/\/originltd.com\/de\/wp-json\/wp\/v2\/media?parent=1225"}],"wp:term":[{"taxonomy":"product_brand","embeddable":true,"href":"https:\/\/originltd.com\/de\/wp-json\/wp\/v2\/product_brand?post=1225"},{"taxonomy":"product_cat","embeddable":true,"href":"https:\/\/originltd.com\/de\/wp-json\/wp\/v2\/product_cat?post=1225"},{"taxonomy":"product_tag","embeddable":true,"href":"https:\/\/originltd.com\/de\/wp-json\/wp\/v2\/product_tag?post=1225"}],"curies":[{"name":"wp","href":"https:\/\/api.w.org\/{rel}","templated":true}]}}