{"id":1189,"date":"2018-02-07T16:48:33","date_gmt":"2018-02-07T16:48:33","guid":{"rendered":"https:\/\/dev.originltd.com\/product\/epa-vials-clear-amber\/"},"modified":"2025-02-04T08:48:37","modified_gmt":"2025-02-04T08:48:37","slug":"epa-vials-clear-amber","status":"publish","type":"product","link":"https:\/\/originltd.com\/de\/product\/epa-vials-clear-amber\/","title":{"rendered":"40ml EPA-Fl\u00e4schchen - Klar\/Bernstein"},"content":{"rendered":"","protected":false},"excerpt":{"rendered":"<p>EPA-Fl\u00e4schchen entsprechen den Anforderungen der US-Umweltschutzbeh\u00f6rde (EPA). Geliefert mit Open-Top-Schraubverschluss, ausgekleidet mit teflonbeschichteter Silikon-SepTA-Dichtung. Borosilikatglas vom Typ 1 in klar und bernsteinfarben, einheitliche Seitenwandst\u00e4rke des Glases sorgt f\u00fcr Klarheit und hervorragende Ma\u00dfhaltigkeit von Fl\u00e4schchen zu Fl\u00e4schchen. Au\u00dferdem reduziert es das Gesamtgewicht und erm\u00f6glicht eine hohe Temperaturwechselbest\u00e4ndigkeit. Braunglas sch\u00fctzt den Inhalt vor UV-Lichtdurchl\u00e4ssigkeit und ist in einem eingeschwei\u00dften Kartontray verpackt, um die Sauberkeit der Verpackung w\u00e4hrend der Lagerung zu gew\u00e4hrleisten.<\/p>\n<ul>\n<li>Der Inhalt kann mit einer Spritze durch die Einlage erreicht oder nach Entfernung vom Schraubverschluss umgef\u00fcllt werden<\/li>\n<li>Schraubgewinde f\u00fcr die Wiederverschlie\u00dfbarkeit bei Bedarf, dadurch entf\u00e4llt auch die Notwendigkeit von Crimp- und Entcrimpvorrichtungen<\/li>\n<\/ul>","protected":false},"featured_media":3410,"comment_status":"open","ping_status":"closed","template":"","meta":{"_acf_changed":false},"product_brand":[],"product_cat":[2213,2214,106,95],"product_tag":[],"class_list":{"0":"post-1189","1":"product","2":"type-product","3":"status-publish","4":"has-post-thumbnail","6":"product_cat-amber-glass-bottles","7":"product_cat-clear-glass-bottles","8":"product_cat-glass-vials","9":"product_cat-glass","11":"first","12":"instock","13":"sold-individually","14":"shipping-taxable","15":"purchasable","16":"product-type-simple"},"acf":[],"yoast_head":"<!-- This site is optimized with the Yoast SEO plugin v27.5 - https:\/\/yoast.com\/product\/yoast-seo-wordpress\/ -->\n<title>EPA Vials \u2013 Clear\/Amber | Origin Pharma Packaging<\/title>\n<meta name=\"description\" content=\"Find out about EPA vials (clear\/amber) available from Origin, a bulk supplier of packaging for use in the pharmaceutical industry. Order a sample today!\" \/>\n<meta name=\"robots\" content=\"index, follow, max-snippet:-1, max-image-preview:large, max-video-preview:-1\" \/>\n<link rel=\"canonical\" href=\"https:\/\/originltd.com\/de\/produkt\/epa-vials-clear-amber\/\" \/>\n<meta property=\"og:locale\" content=\"de_DE\" \/>\n<meta property=\"og:type\" content=\"article\" \/>\n<meta property=\"og:title\" content=\"EPA Vials \u2013 Clear\/Amber | Origin Pharma Packaging\" \/>\n<meta property=\"og:description\" content=\"Find out about EPA vials (clear\/amber) available from Origin, a bulk supplier of packaging for use in the pharmaceutical industry. Order a sample today!\" \/>\n<meta property=\"og:url\" content=\"https:\/\/originltd.com\/de\/produkt\/epa-vials-clear-amber\/\" \/>\n<meta property=\"og:site_name\" content=\"Origin Pharma Packaging\" \/>\n<meta property=\"article:publisher\" content=\"https:\/\/www.facebook.com\/originpharmapackaging\" \/>\n<meta property=\"article:modified_time\" content=\"2025-02-04T08:48:37+00:00\" \/>\n<meta property=\"og:image\" content=\"https:\/\/originltd.com\/wp-content\/uploads\/2018\/03\/epa-vial-clear-scaled.jpg\" \/>\n\t<meta property=\"og:image:width\" content=\"1707\" \/>\n\t<meta property=\"og:image:height\" content=\"2560\" \/>\n\t<meta property=\"og:image:type\" content=\"image\/jpeg\" \/>\n<meta name=\"twitter:card\" content=\"summary_large_image\" \/>\n<meta name=\"twitter:site\" content=\"@originpharma\" \/>\n<meta name=\"twitter:label1\" content=\"Gesch\u00e4tzte Lesezeit\" \/>\n\t<meta name=\"twitter:data1\" content=\"1\u00a0Minute\" \/>\n<script type=\"application\/ld+json\" class=\"yoast-schema-graph\">{\"@context\":\"https:\\\/\\\/schema.org\",\"@graph\":[{\"@type\":\"WebPage\",\"@id\":\"https:\\\/\\\/originltd.com\\\/product\\\/epa-vials-clear-amber\\\/\",\"url\":\"https:\\\/\\\/originltd.com\\\/product\\\/epa-vials-clear-amber\\\/\",\"name\":\"EPA Vials \u2013 Clear\\\/Amber | Origin Pharma Packaging\",\"isPartOf\":{\"@id\":\"https:\\\/\\\/originltd.com\\\/#website\"},\"primaryImageOfPage\":{\"@id\":\"https:\\\/\\\/originltd.com\\\/product\\\/epa-vials-clear-amber\\\/#primaryimage\"},\"image\":{\"@id\":\"https:\\\/\\\/originltd.com\\\/product\\\/epa-vials-clear-amber\\\/#primaryimage\"},\"thumbnailUrl\":\"https:\\\/\\\/originltd.com\\\/wp-content\\\/uploads\\\/2018\\\/03\\\/epa-vial-clear-scaled.jpg\",\"datePublished\":\"2018-02-07T16:48:33+00:00\",\"dateModified\":\"2025-02-04T08:48:37+00:00\",\"description\":\"Find out about EPA vials (clear\\\/amber) available from Origin, a bulk supplier of packaging for use in the pharmaceutical industry. Order a sample today!\",\"breadcrumb\":{\"@id\":\"https:\\\/\\\/originltd.com\\\/product\\\/epa-vials-clear-amber\\\/#breadcrumb\"},\"inLanguage\":\"de\",\"potentialAction\":[{\"@type\":\"ReadAction\",\"target\":[\"https:\\\/\\\/originltd.com\\\/product\\\/epa-vials-clear-amber\\\/\"]}]},{\"@type\":\"ImageObject\",\"inLanguage\":\"de\",\"@id\":\"https:\\\/\\\/originltd.com\\\/product\\\/epa-vials-clear-amber\\\/#primaryimage\",\"url\":\"https:\\\/\\\/originltd.com\\\/wp-content\\\/uploads\\\/2018\\\/03\\\/epa-vial-clear-scaled.jpg\",\"contentUrl\":\"https:\\\/\\\/originltd.com\\\/wp-content\\\/uploads\\\/2018\\\/03\\\/epa-vial-clear-scaled.jpg\",\"width\":1707,\"height\":2560,\"caption\":\"Glass EPA Vials\"},{\"@type\":\"BreadcrumbList\",\"@id\":\"https:\\\/\\\/originltd.com\\\/product\\\/epa-vials-clear-amber\\\/#breadcrumb\",\"itemListElement\":[{\"@type\":\"ListItem\",\"position\":1,\"name\":\"Home\",\"item\":\"https:\\\/\\\/originltd.com\\\/\"},{\"@type\":\"ListItem\",\"position\":2,\"name\":\"Pharmaceutical Packaging Products\",\"item\":\"https:\\\/\\\/originltd.com\\\/pharmaceutical-packaging\\\/\"},{\"@type\":\"ListItem\",\"position\":3,\"name\":\"Wholesale Glass Packaging\",\"item\":\"https:\\\/\\\/originltd.com\\\/packaging\\\/glass\\\/\"},{\"@type\":\"ListItem\",\"position\":4,\"name\":\"40ml EPA Vial &#8211; Clear\\\/Amber\"}]},{\"@type\":\"WebSite\",\"@id\":\"https:\\\/\\\/originltd.com\\\/#website\",\"url\":\"https:\\\/\\\/originltd.com\\\/\",\"name\":\"Origin Pharma Packaging\",\"description\":\"\",\"publisher\":{\"@id\":\"https:\\\/\\\/originltd.com\\\/#organization\"},\"alternateName\":\"Origin Ltd.\",\"potentialAction\":[{\"@type\":\"SearchAction\",\"target\":{\"@type\":\"EntryPoint\",\"urlTemplate\":\"https:\\\/\\\/originltd.com\\\/?s={search_term_string}\"},\"query-input\":{\"@type\":\"PropertyValueSpecification\",\"valueRequired\":true,\"valueName\":\"search_term_string\"}}],\"inLanguage\":\"de\"},{\"@type\":\"Organization\",\"@id\":\"https:\\\/\\\/originltd.com\\\/#organization\",\"name\":\"Origin Pharma Packaging\",\"url\":\"https:\\\/\\\/originltd.com\\\/\",\"logo\":{\"@type\":\"ImageObject\",\"inLanguage\":\"de\",\"@id\":\"https:\\\/\\\/originltd.com\\\/#\\\/schema\\\/logo\\\/image\\\/\",\"url\":\"https:\\\/\\\/originltd.com\\\/wp-content\\\/uploads\\\/2024\\\/06\\\/cropped-Origin-logo-For-Health-For-Life-RGB@10x.png\",\"contentUrl\":\"https:\\\/\\\/originltd.com\\\/wp-content\\\/uploads\\\/2024\\\/06\\\/cropped-Origin-logo-For-Health-For-Life-RGB@10x.png\",\"width\":227,\"height\":65,\"caption\":\"Origin Pharma Packaging\"},\"image\":{\"@id\":\"https:\\\/\\\/originltd.com\\\/#\\\/schema\\\/logo\\\/image\\\/\"},\"sameAs\":[\"https:\\\/\\\/www.facebook.com\\\/originpharmapackaging\",\"https:\\\/\\\/x.com\\\/originpharma\",\"https:\\\/\\\/www.linkedin.com\\\/company\\\/origin-packaging-ltd\\\/\",\"https:\\\/\\\/www.youtube.com\\\/channel\\\/UCOOJl3eFOiO7lJT6f5qHygA\"]}]}<\/script>\n<!-- \/ Yoast SEO plugin. -->","yoast_head_json":{"title":"EPA-Fl\u00e4schchen \u2013 klar und braun | Origin Pharma Packaging","description":"Informieren Sie sich \u00fcber die EPA-Fl\u00e4schchen (klar\/bernsteinfarben), die bei Origin, einem Gro\u00dfh\u00e4ndler f\u00fcr Verpackungen f\u00fcr die Pharmaindustrie, erh\u00e4ltlich sind. Bestellen Sie noch heute ein Muster!","robots":{"index":"index","follow":"follow","max-snippet":"max-snippet:-1","max-image-preview":"max-image-preview:large","max-video-preview":"max-video-preview:-1"},"canonical":"https:\/\/originltd.com\/de\/produkt\/epa-vials-clear-amber\/","og_locale":"de_DE","og_type":"article","og_title":"EPA Vials \u2013 Clear\/Amber | Origin Pharma Packaging","og_description":"Find out about EPA vials (clear\/amber) available from Origin, a bulk supplier of packaging for use in the pharmaceutical industry. Order a sample today!","og_url":"https:\/\/originltd.com\/de\/produkt\/epa-vials-clear-amber\/","og_site_name":"Origin Pharma Packaging","article_publisher":"https:\/\/www.facebook.com\/originpharmapackaging","article_modified_time":"2025-02-04T08:48:37+00:00","og_image":[{"width":1707,"height":2560,"url":"https:\/\/originltd.com\/wp-content\/uploads\/2018\/03\/epa-vial-clear-scaled.jpg","type":"image\/jpeg"}],"twitter_card":"summary_large_image","twitter_site":"@originpharma","twitter_misc":{"Gesch\u00e4tzte Lesezeit":"1\u00a0Minute"},"schema":{"@context":"https:\/\/schema.org","@graph":[{"@type":"WebPage","@id":"https:\/\/originltd.com\/product\/epa-vials-clear-amber\/","url":"https:\/\/originltd.com\/product\/epa-vials-clear-amber\/","name":"EPA-Fl\u00e4schchen \u2013 klar und braun | Origin Pharma Packaging","isPartOf":{"@id":"https:\/\/originltd.com\/#website"},"primaryImageOfPage":{"@id":"https:\/\/originltd.com\/product\/epa-vials-clear-amber\/#primaryimage"},"image":{"@id":"https:\/\/originltd.com\/product\/epa-vials-clear-amber\/#primaryimage"},"thumbnailUrl":"https:\/\/originltd.com\/wp-content\/uploads\/2018\/03\/epa-vial-clear-scaled.jpg","datePublished":"2018-02-07T16:48:33+00:00","dateModified":"2025-02-04T08:48:37+00:00","description":"Informieren Sie sich \u00fcber die EPA-Fl\u00e4schchen (klar\/bernsteinfarben), die bei Origin, einem Gro\u00dfh\u00e4ndler f\u00fcr Verpackungen f\u00fcr die Pharmaindustrie, erh\u00e4ltlich sind. Bestellen Sie noch heute ein Muster!","breadcrumb":{"@id":"https:\/\/originltd.com\/product\/epa-vials-clear-amber\/#breadcrumb"},"inLanguage":"de","potentialAction":[{"@type":"ReadAction","target":["https:\/\/originltd.com\/product\/epa-vials-clear-amber\/"]}]},{"@type":"ImageObject","inLanguage":"de","@id":"https:\/\/originltd.com\/product\/epa-vials-clear-amber\/#primaryimage","url":"https:\/\/originltd.com\/wp-content\/uploads\/2018\/03\/epa-vial-clear-scaled.jpg","contentUrl":"https:\/\/originltd.com\/wp-content\/uploads\/2018\/03\/epa-vial-clear-scaled.jpg","width":1707,"height":2560,"caption":"Glass EPA Vials"},{"@type":"BreadcrumbList","@id":"https:\/\/originltd.com\/product\/epa-vials-clear-amber\/#breadcrumb","itemListElement":[{"@type":"ListItem","position":1,"name":"Home","item":"https:\/\/originltd.com\/"},{"@type":"ListItem","position":2,"name":"Pharmaceutical Packaging Products","item":"https:\/\/originltd.com\/pharmaceutical-packaging\/"},{"@type":"ListItem","position":3,"name":"Wholesale Glass Packaging","item":"https:\/\/originltd.com\/packaging\/glass\/"},{"@type":"ListItem","position":4,"name":"40ml EPA Vial &#8211; Clear\/Amber"}]},{"@type":"WebSite","@id":"https:\/\/originltd.com\/#website","url":"https:\/\/originltd.com\/","name":"Origin Pharma Packaging","description":"","publisher":{"@id":"https:\/\/originltd.com\/#organization"},"alternateName":"Origin Ltd.","potentialAction":[{"@type":"SearchAction","target":{"@type":"EntryPoint","urlTemplate":"https:\/\/originltd.com\/?s={search_term_string}"},"query-input":{"@type":"PropertyValueSpecification","valueRequired":true,"valueName":"search_term_string"}}],"inLanguage":"de"},{"@type":"Organization","@id":"https:\/\/originltd.com\/#organization","name":"Origin Pharma Packaging","url":"https:\/\/originltd.com\/","logo":{"@type":"ImageObject","inLanguage":"de","@id":"https:\/\/originltd.com\/#\/schema\/logo\/image\/","url":"https:\/\/originltd.com\/wp-content\/uploads\/2024\/06\/cropped-Origin-logo-For-Health-For-Life-RGB@10x.png","contentUrl":"https:\/\/originltd.com\/wp-content\/uploads\/2024\/06\/cropped-Origin-logo-For-Health-For-Life-RGB@10x.png","width":227,"height":65,"caption":"Origin Pharma Packaging"},"image":{"@id":"https:\/\/originltd.com\/#\/schema\/logo\/image\/"},"sameAs":["https:\/\/www.facebook.com\/originpharmapackaging","https:\/\/x.com\/originpharma","https:\/\/www.linkedin.com\/company\/origin-packaging-ltd\/","https:\/\/www.youtube.com\/channel\/UCOOJl3eFOiO7lJT6f5qHygA"]}]}},"_links":{"self":[{"href":"https:\/\/originltd.com\/de\/wp-json\/wp\/v2\/product\/1189","targetHints":{"allow":["GET"]}}],"collection":[{"href":"https:\/\/originltd.com\/de\/wp-json\/wp\/v2\/product"}],"about":[{"href":"https:\/\/originltd.com\/de\/wp-json\/wp\/v2\/types\/product"}],"replies":[{"embeddable":true,"href":"https:\/\/originltd.com\/de\/wp-json\/wp\/v2\/comments?post=1189"}],"wp:featuredmedia":[{"embeddable":true,"href":"https:\/\/originltd.com\/de\/wp-json\/wp\/v2\/media\/3410"}],"wp:attachment":[{"href":"https:\/\/originltd.com\/de\/wp-json\/wp\/v2\/media?parent=1189"}],"wp:term":[{"taxonomy":"product_brand","embeddable":true,"href":"https:\/\/originltd.com\/de\/wp-json\/wp\/v2\/product_brand?post=1189"},{"taxonomy":"product_cat","embeddable":true,"href":"https:\/\/originltd.com\/de\/wp-json\/wp\/v2\/product_cat?post=1189"},{"taxonomy":"product_tag","embeddable":true,"href":"https:\/\/originltd.com\/de\/wp-json\/wp\/v2\/product_tag?post=1189"}],"curies":[{"name":"wp","href":"https:\/\/api.w.org\/{rel}","templated":true}]}}