
{"id":11888,"date":"2024-08-13T09:52:23","date_gmt":"2024-08-13T08:52:23","guid":{"rendered":"https:\/\/originltd.in-beta.dev\/?post_type=product&#038;p=11888"},"modified":"2025-10-07T15:14:53","modified_gmt":"2025-10-07T14:14:53","slug":"ready-to-use-sterile-type-1-vials","status":"publish","type":"product","link":"https:\/\/originltd.com\/de\/product\/ready-to-use-sterile-type-1-vials\/","title":{"rendered":"Gebrauchsfertige, sterile Typ-1-Fl\u00e4schchen"},"content":{"rendered":"","protected":false},"excerpt":{"rendered":"<p>Origin erf\u00fcllt die wesentlichen Aufgaben der Glasaufbereitung vor der sterilen oder aseptischen Abf\u00fcllung, erleichtert dynamischere Abf\u00fcllvorg\u00e4nge und reduziert die Gesamtbetriebskosten.<\/p>\n<p>Ideal f\u00fcr mittelgro\u00dfe Anlagen mit F\u00fcllmengen- oder anderen Produktions\u00e4nderungen, die die Kosten und Risiken von Inline-WFI- und Depyro-Aktivit\u00e4ten reduzieren.<\/p>\n<ul>\n<li>Geformt oder r\u00f6hrenf\u00f6rmig<\/li>\n<li>WFI (Water For Injection) Gewaschen<\/li>\n<li>Entpyrogenisiert \/ Endotoxin-kontrolliert<\/li>\n<li>Validiert Steril<\/li>\n<li>Verschachteltes Wannen- oder Tray-Verpackungsformat<\/li>\n<\/ul>","protected":false},"featured_media":11890,"comment_status":"closed","ping_status":"closed","template":"","meta":{"_acf_changed":false},"product_brand":[],"product_cat":[2185,2225,2227,95],"product_tag":[],"class_list":{"0":"post-11888","1":"product","2":"type-product","3":"status-publish","4":"has-post-thumbnail","6":"product_cat-cosmetic-containers","7":"product_cat-home-fragrance","8":"product_cat-lifestyle","9":"product_cat-glass","11":"first","12":"instock","13":"sold-individually","14":"shipping-taxable","15":"product-type-simple"},"acf":[],"yoast_head":"<!-- This site is optimized with the Yoast SEO plugin v27.4 - https:\/\/yoast.com\/product\/yoast-seo-wordpress\/ -->\n<title>Ready To Use, Sterile Type 1 Vials | Origin Pharma Packaging<\/title>\n<meta name=\"description\" content=\"Find out about injection vials available from Origin, bulk supplier of packaging for use in the pharmaceutical industry. Order a sample today.\" \/>\n<meta name=\"robots\" content=\"index, follow, max-snippet:-1, max-image-preview:large, max-video-preview:-1\" \/>\n<link rel=\"canonical\" href=\"https:\/\/originltd.com\/de\/produkt\/ready-to-use-sterile-type-1-vials\/\" \/>\n<meta property=\"og:locale\" content=\"de_DE\" \/>\n<meta property=\"og:type\" content=\"article\" \/>\n<meta property=\"og:title\" content=\"Ready To Use, Sterile Type 1 Vials | Origin Pharma Packaging\" \/>\n<meta property=\"og:description\" content=\"Find out about injection vials available from Origin, bulk supplier of packaging for use in the pharmaceutical industry. Order a sample today.\" \/>\n<meta property=\"og:url\" content=\"https:\/\/originltd.com\/de\/produkt\/ready-to-use-sterile-type-1-vials\/\" \/>\n<meta property=\"og:site_name\" content=\"Origin Pharma Packaging\" \/>\n<meta property=\"article:publisher\" content=\"https:\/\/www.facebook.com\/originpharmapackaging\" \/>\n<meta property=\"article:modified_time\" content=\"2025-10-07T14:14:53+00:00\" \/>\n<meta property=\"og:image\" content=\"https:\/\/originltd.com\/wp-content\/uploads\/2024\/08\/type-1-moulded-and-rubber-scaled.jpg\" \/>\n\t<meta property=\"og:image:width\" content=\"1908\" \/>\n\t<meta property=\"og:image:height\" content=\"2560\" \/>\n\t<meta property=\"og:image:type\" content=\"image\/jpeg\" \/>\n<meta name=\"twitter:card\" content=\"summary_large_image\" \/>\n<meta name=\"twitter:site\" content=\"@originpharma\" \/>\n<meta name=\"twitter:label1\" content=\"Gesch\u00e4tzte Lesezeit\" \/>\n\t<meta name=\"twitter:data1\" content=\"1\u00a0Minute\" \/>\n<script type=\"application\/ld+json\" class=\"yoast-schema-graph\">{\"@context\":\"https:\\\/\\\/schema.org\",\"@graph\":[{\"@type\":\"WebPage\",\"@id\":\"https:\\\/\\\/originltd.com\\\/product\\\/ready-to-use-sterile-type-1-vials\\\/\",\"url\":\"https:\\\/\\\/originltd.com\\\/product\\\/ready-to-use-sterile-type-1-vials\\\/\",\"name\":\"Ready To Use, Sterile Type 1 Vials | Origin Pharma Packaging\",\"isPartOf\":{\"@id\":\"https:\\\/\\\/originltd.com\\\/#website\"},\"primaryImageOfPage\":{\"@id\":\"https:\\\/\\\/originltd.com\\\/product\\\/ready-to-use-sterile-type-1-vials\\\/#primaryimage\"},\"image\":{\"@id\":\"https:\\\/\\\/originltd.com\\\/product\\\/ready-to-use-sterile-type-1-vials\\\/#primaryimage\"},\"thumbnailUrl\":\"https:\\\/\\\/originltd.com\\\/wp-content\\\/uploads\\\/2024\\\/08\\\/type-1-moulded-and-rubber-scaled.jpg\",\"datePublished\":\"2024-08-13T08:52:23+00:00\",\"dateModified\":\"2025-10-07T14:14:53+00:00\",\"description\":\"Find out about injection vials available from Origin, bulk supplier of packaging for use in the pharmaceutical industry. Order a sample today.\",\"breadcrumb\":{\"@id\":\"https:\\\/\\\/originltd.com\\\/product\\\/ready-to-use-sterile-type-1-vials\\\/#breadcrumb\"},\"inLanguage\":\"de\",\"potentialAction\":[{\"@type\":\"ReadAction\",\"target\":[\"https:\\\/\\\/originltd.com\\\/product\\\/ready-to-use-sterile-type-1-vials\\\/\"]}]},{\"@type\":\"ImageObject\",\"inLanguage\":\"de\",\"@id\":\"https:\\\/\\\/originltd.com\\\/product\\\/ready-to-use-sterile-type-1-vials\\\/#primaryimage\",\"url\":\"https:\\\/\\\/originltd.com\\\/wp-content\\\/uploads\\\/2024\\\/08\\\/type-1-moulded-and-rubber-scaled.jpg\",\"contentUrl\":\"https:\\\/\\\/originltd.com\\\/wp-content\\\/uploads\\\/2024\\\/08\\\/type-1-moulded-and-rubber-scaled.jpg\",\"width\":1908,\"height\":2560,\"caption\":\"Ready To Use, Sterile Type 1 Vials\"},{\"@type\":\"BreadcrumbList\",\"@id\":\"https:\\\/\\\/originltd.com\\\/product\\\/ready-to-use-sterile-type-1-vials\\\/#breadcrumb\",\"itemListElement\":[{\"@type\":\"ListItem\",\"position\":1,\"name\":\"Home\",\"item\":\"https:\\\/\\\/originltd.com\\\/\"},{\"@type\":\"ListItem\",\"position\":2,\"name\":\"Pharmaceutical Packaging Products\",\"item\":\"https:\\\/\\\/originltd.com\\\/pharmaceutical-packaging\\\/\"},{\"@type\":\"ListItem\",\"position\":3,\"name\":\"Cosmetic Packaging\",\"item\":\"https:\\\/\\\/originltd.com\\\/packaging\\\/cosmetic-containers\\\/\"},{\"@type\":\"ListItem\",\"position\":4,\"name\":\"Ready To Use, Sterile Type 1 Vials\"}]},{\"@type\":\"WebSite\",\"@id\":\"https:\\\/\\\/originltd.com\\\/#website\",\"url\":\"https:\\\/\\\/originltd.com\\\/\",\"name\":\"Origin Pharma Packaging\",\"description\":\"\",\"publisher\":{\"@id\":\"https:\\\/\\\/originltd.com\\\/#organization\"},\"alternateName\":\"Origin Ltd.\",\"potentialAction\":[{\"@type\":\"SearchAction\",\"target\":{\"@type\":\"EntryPoint\",\"urlTemplate\":\"https:\\\/\\\/originltd.com\\\/?s={search_term_string}\"},\"query-input\":{\"@type\":\"PropertyValueSpecification\",\"valueRequired\":true,\"valueName\":\"search_term_string\"}}],\"inLanguage\":\"de\"},{\"@type\":\"Organization\",\"@id\":\"https:\\\/\\\/originltd.com\\\/#organization\",\"name\":\"Origin Pharma Packaging\",\"url\":\"https:\\\/\\\/originltd.com\\\/\",\"logo\":{\"@type\":\"ImageObject\",\"inLanguage\":\"de\",\"@id\":\"https:\\\/\\\/originltd.com\\\/#\\\/schema\\\/logo\\\/image\\\/\",\"url\":\"https:\\\/\\\/originltd.com\\\/wp-content\\\/uploads\\\/2024\\\/06\\\/cropped-Origin-logo-For-Health-For-Life-RGB@10x.png\",\"contentUrl\":\"https:\\\/\\\/originltd.com\\\/wp-content\\\/uploads\\\/2024\\\/06\\\/cropped-Origin-logo-For-Health-For-Life-RGB@10x.png\",\"width\":227,\"height\":65,\"caption\":\"Origin Pharma Packaging\"},\"image\":{\"@id\":\"https:\\\/\\\/originltd.com\\\/#\\\/schema\\\/logo\\\/image\\\/\"},\"sameAs\":[\"https:\\\/\\\/www.facebook.com\\\/originpharmapackaging\",\"https:\\\/\\\/x.com\\\/originpharma\",\"https:\\\/\\\/www.linkedin.com\\\/company\\\/origin-packaging-ltd\\\/\",\"https:\\\/\\\/www.youtube.com\\\/channel\\\/UCOOJl3eFOiO7lJT6f5qHygA\"]}]}<\/script>\n<!-- \/ Yoast SEO plugin. -->","yoast_head_json":{"title":"Gebrauchsfertige, sterile Typ-1-Fl\u00e4schchen | Origin Pharma Packaging","description":"Informieren Sie sich \u00fcber die Injektionsfl\u00e4schchen von Origin, dem Gro\u00dflieferanten von Verpackungen f\u00fcr die Pharmaindustrie. Bestellen Sie noch heute ein Muster.","robots":{"index":"index","follow":"follow","max-snippet":"max-snippet:-1","max-image-preview":"max-image-preview:large","max-video-preview":"max-video-preview:-1"},"canonical":"https:\/\/originltd.com\/de\/produkt\/ready-to-use-sterile-type-1-vials\/","og_locale":"de_DE","og_type":"article","og_title":"Ready To Use, Sterile Type 1 Vials | Origin Pharma Packaging","og_description":"Find out about injection vials available from Origin, bulk supplier of packaging for use in the pharmaceutical industry. Order a sample today.","og_url":"https:\/\/originltd.com\/de\/produkt\/ready-to-use-sterile-type-1-vials\/","og_site_name":"Origin Pharma Packaging","article_publisher":"https:\/\/www.facebook.com\/originpharmapackaging","article_modified_time":"2025-10-07T14:14:53+00:00","og_image":[{"width":1908,"height":2560,"url":"https:\/\/originltd.com\/wp-content\/uploads\/2024\/08\/type-1-moulded-and-rubber-scaled.jpg","type":"image\/jpeg"}],"twitter_card":"summary_large_image","twitter_site":"@originpharma","twitter_misc":{"Gesch\u00e4tzte Lesezeit":"1\u00a0Minute"},"schema":{"@context":"https:\/\/schema.org","@graph":[{"@type":"WebPage","@id":"https:\/\/originltd.com\/product\/ready-to-use-sterile-type-1-vials\/","url":"https:\/\/originltd.com\/product\/ready-to-use-sterile-type-1-vials\/","name":"Gebrauchsfertige, sterile Typ-1-Fl\u00e4schchen | Origin Pharma Packaging","isPartOf":{"@id":"https:\/\/originltd.com\/#website"},"primaryImageOfPage":{"@id":"https:\/\/originltd.com\/product\/ready-to-use-sterile-type-1-vials\/#primaryimage"},"image":{"@id":"https:\/\/originltd.com\/product\/ready-to-use-sterile-type-1-vials\/#primaryimage"},"thumbnailUrl":"https:\/\/originltd.com\/wp-content\/uploads\/2024\/08\/type-1-moulded-and-rubber-scaled.jpg","datePublished":"2024-08-13T08:52:23+00:00","dateModified":"2025-10-07T14:14:53+00:00","description":"Informieren Sie sich \u00fcber die Injektionsfl\u00e4schchen von Origin, dem Gro\u00dflieferanten von Verpackungen f\u00fcr die Pharmaindustrie. Bestellen Sie noch heute ein Muster.","breadcrumb":{"@id":"https:\/\/originltd.com\/product\/ready-to-use-sterile-type-1-vials\/#breadcrumb"},"inLanguage":"de","potentialAction":[{"@type":"ReadAction","target":["https:\/\/originltd.com\/product\/ready-to-use-sterile-type-1-vials\/"]}]},{"@type":"ImageObject","inLanguage":"de","@id":"https:\/\/originltd.com\/product\/ready-to-use-sterile-type-1-vials\/#primaryimage","url":"https:\/\/originltd.com\/wp-content\/uploads\/2024\/08\/type-1-moulded-and-rubber-scaled.jpg","contentUrl":"https:\/\/originltd.com\/wp-content\/uploads\/2024\/08\/type-1-moulded-and-rubber-scaled.jpg","width":1908,"height":2560,"caption":"Ready To Use, Sterile Type 1 Vials"},{"@type":"BreadcrumbList","@id":"https:\/\/originltd.com\/product\/ready-to-use-sterile-type-1-vials\/#breadcrumb","itemListElement":[{"@type":"ListItem","position":1,"name":"Home","item":"https:\/\/originltd.com\/"},{"@type":"ListItem","position":2,"name":"Pharmaceutical Packaging Products","item":"https:\/\/originltd.com\/pharmaceutical-packaging\/"},{"@type":"ListItem","position":3,"name":"Cosmetic Packaging","item":"https:\/\/originltd.com\/packaging\/cosmetic-containers\/"},{"@type":"ListItem","position":4,"name":"Ready To Use, Sterile Type 1 Vials"}]},{"@type":"WebSite","@id":"https:\/\/originltd.com\/#website","url":"https:\/\/originltd.com\/","name":"Origin Pharma Packaging","description":"","publisher":{"@id":"https:\/\/originltd.com\/#organization"},"alternateName":"Origin Ltd.","potentialAction":[{"@type":"SearchAction","target":{"@type":"EntryPoint","urlTemplate":"https:\/\/originltd.com\/?s={search_term_string}"},"query-input":{"@type":"PropertyValueSpecification","valueRequired":true,"valueName":"search_term_string"}}],"inLanguage":"de"},{"@type":"Organization","@id":"https:\/\/originltd.com\/#organization","name":"Origin Pharma Packaging","url":"https:\/\/originltd.com\/","logo":{"@type":"ImageObject","inLanguage":"de","@id":"https:\/\/originltd.com\/#\/schema\/logo\/image\/","url":"https:\/\/originltd.com\/wp-content\/uploads\/2024\/06\/cropped-Origin-logo-For-Health-For-Life-RGB@10x.png","contentUrl":"https:\/\/originltd.com\/wp-content\/uploads\/2024\/06\/cropped-Origin-logo-For-Health-For-Life-RGB@10x.png","width":227,"height":65,"caption":"Origin Pharma Packaging"},"image":{"@id":"https:\/\/originltd.com\/#\/schema\/logo\/image\/"},"sameAs":["https:\/\/www.facebook.com\/originpharmapackaging","https:\/\/x.com\/originpharma","https:\/\/www.linkedin.com\/company\/origin-packaging-ltd\/","https:\/\/www.youtube.com\/channel\/UCOOJl3eFOiO7lJT6f5qHygA"]}]}},"_links":{"self":[{"href":"https:\/\/originltd.com\/de\/wp-json\/wp\/v2\/product\/11888","targetHints":{"allow":["GET"]}}],"collection":[{"href":"https:\/\/originltd.com\/de\/wp-json\/wp\/v2\/product"}],"about":[{"href":"https:\/\/originltd.com\/de\/wp-json\/wp\/v2\/types\/product"}],"replies":[{"embeddable":true,"href":"https:\/\/originltd.com\/de\/wp-json\/wp\/v2\/comments?post=11888"}],"wp:featuredmedia":[{"embeddable":true,"href":"https:\/\/originltd.com\/de\/wp-json\/wp\/v2\/media\/11890"}],"wp:attachment":[{"href":"https:\/\/originltd.com\/de\/wp-json\/wp\/v2\/media?parent=11888"}],"wp:term":[{"taxonomy":"product_brand","embeddable":true,"href":"https:\/\/originltd.com\/de\/wp-json\/wp\/v2\/product_brand?post=11888"},{"taxonomy":"product_cat","embeddable":true,"href":"https:\/\/originltd.com\/de\/wp-json\/wp\/v2\/product_cat?post=11888"},{"taxonomy":"product_tag","embeddable":true,"href":"https:\/\/originltd.com\/de\/wp-json\/wp\/v2\/product_tag?post=11888"}],"curies":[{"name":"wp","href":"https:\/\/api.w.org\/{rel}","templated":true}]}}