
{"id":1116,"date":"2018-02-07T16:47:47","date_gmt":"2018-02-07T16:47:47","guid":{"rendered":"https:\/\/dev.originltd.com\/?post_type=product&#038;p=1116"},"modified":"2025-10-07T16:17:42","modified_gmt":"2025-10-07T15:17:42","slug":"powder-jar","status":"publish","type":"product","link":"https:\/\/originltd.com\/de\/product\/powder-jar\/","title":{"rendered":"15 ml - 500 ml Glas-Pulverdosen"},"content":{"rendered":"<p><span style=\"font-weight: 400;\">Unsere Puderdosen aus Glas von 15 ml bis 500 ml sind entweder in bernsteinfarbener oder klarer Ausf\u00fchrung und in vielen verschiedenen Gr\u00f6\u00dfen erh\u00e4ltlich, darunter auch Puderdosen aus medizinischem Glas mit 100 ml Inhalt.<\/span><\/p>","protected":false},"excerpt":{"rendered":"<p><span style=\"font-weight: 400;\">Wir f\u00fchren eine Reihe von Glas <\/span><span style=\"font-weight: 400;\">Pulver<\/span><span style=\"font-weight: 400;\"> Gl\u00e4ser f\u00fcr viele <\/span><span style=\"font-weight: 400;\">Produkte,<\/span><span style=\"font-weight: 400;\"> einschlie\u00dflich Pharmazeutika und Chemikalien. Diese<\/span> <a href=\"https:\/\/originltd.com\/de\/packaging\/glass\/glass-jars\/\"><span style=\"font-weight: 400;\">Gro\u00dfhandel Glasgef\u00e4\u00dfe<\/span><\/a><span style=\"font-weight: 400;\"> sind in Klarglas oder Braunglas erh\u00e4ltlich<\/span><span style=\"font-weight: 400;\">die die Vorteile der Sichtbarkeit des Inhalts bzw. des UV-Schutzes bieten. Unsere Auswahl an diesen <\/span><a href=\"https:\/\/originltd.com\/de\/packaging\/amber-glass-bottles\/\"><span style=\"font-weight: 400;\">Braunglasgef\u00e4\u00dfe<\/span><\/a><span style=\"font-weight: 400;\"> und <\/span><a href=\"https:\/\/originltd.com\/de\/packaging\/clear-glass-bottles\/\"><span style=\"font-weight: 400;\">Klarsichtgl\u00e4ser<\/span><\/a><span style=\"font-weight: 400;\"> beginnt bei 15ml und reicht bis <\/span><span style=\"font-weight: 400;\">500ml,<\/span><span style=\"font-weight: 400;\"> und alle <\/span><span style=\"font-weight: 400;\">kommen<\/span><span style=\"font-weight: 400;\"> mit einem Schraubverschluss.<\/span><\/p>\n<h3><span style=\"font-weight: 400;\">Wesentliche Merkmale:<\/span><\/h3>\n<ul>\n<li style=\"font-weight: 400;\" aria-level=\"1\"><span style=\"font-weight: 400;\">Inert und nicht reaktiv gegen\u00fcber Chemikalien<\/span><\/li>\n<li style=\"font-weight: 400;\" aria-level=\"1\"><span style=\"font-weight: 400;\">Verf\u00fcgbar in Typ III <\/span><span style=\"font-weight: 400;\">bernsteinfarben und klar<\/span><span style=\"font-weight: 400;\"> Glas<\/span><\/li>\n<li style=\"font-weight: 400;\" aria-level=\"1\"><span style=\"font-weight: 400;\">Eine Reihe von Kunststoff- und Metalldeckeln erg\u00e4nzen die Auswahl an verschiedenen Formen und Gr\u00f6\u00dfen<\/span><\/li>\n<li style=\"font-weight: 400;\" aria-level=\"1\"><span style=\"font-weight: 400;\">V<\/span><span style=\"font-weight: 400;\"> Gr\u00f6\u00dfenangebot <\/span><span style=\"font-weight: 400;\">ist<\/span><span style=\"font-weight: 400;\"> verf\u00fcgbar<\/span><\/li>\n<\/ul>\n<h3><span style=\"font-weight: 400;\">Geeignete Verwendungszwecke:<\/span><\/h3>\n<ul>\n<li style=\"font-weight: 400;\" aria-level=\"1\"><span style=\"font-weight: 400;\">Geeignet f\u00fcr die Lagerung von Arzneimitteln und verschiedenen Chemikalien<\/span><\/li>\n<\/ul>","protected":false},"featured_media":4171,"comment_status":"open","ping_status":"closed","template":"","meta":{"_acf_changed":false},"product_brand":[],"product_cat":[2185,2194,2227,2223,95],"product_tag":[],"class_list":{"0":"post-1116","1":"product","2":"type-product","3":"status-publish","4":"has-post-thumbnail","6":"product_cat-cosmetic-containers","7":"product_cat-cosmetic-jars","8":"product_cat-lifestyle","9":"product_cat-skincare-bodycare","10":"product_cat-glass","12":"first","13":"instock","14":"sold-individually","15":"shipping-taxable","16":"purchasable","17":"product-type-simple"},"acf":[],"yoast_head":"<!-- This site is optimized with the Yoast SEO plugin v27.4 - https:\/\/yoast.com\/product\/yoast-seo-wordpress\/ -->\n<title>15ml-500ml Glass Powder Jars | Origin Pharma Packaging<\/title>\n<meta name=\"description\" content=\"Order 15ml-500ml glass powder jars from Origin. These are available in clear and amber glass designs, suited for the protection of pharmaceuticals and chemicals.\" \/>\n<meta name=\"robots\" content=\"index, follow, max-snippet:-1, max-image-preview:large, max-video-preview:-1\" \/>\n<link rel=\"canonical\" href=\"https:\/\/originltd.com\/de\/produkt\/powder-jar\/\" \/>\n<meta property=\"og:locale\" content=\"de_DE\" \/>\n<meta property=\"og:type\" content=\"article\" \/>\n<meta property=\"og:title\" content=\"15ml-500ml Glass Powder Jars | Origin Pharma Packaging\" \/>\n<meta property=\"og:description\" content=\"Order 15ml-500ml glass powder jars from Origin. These are available in clear and amber glass designs, suited for the protection of pharmaceuticals and chemicals.\" \/>\n<meta property=\"og:url\" content=\"https:\/\/originltd.com\/de\/produkt\/powder-jar\/\" \/>\n<meta property=\"og:site_name\" content=\"Origin Pharma Packaging\" \/>\n<meta property=\"article:publisher\" content=\"https:\/\/www.facebook.com\/originpharmapackaging\" \/>\n<meta property=\"article:modified_time\" content=\"2025-10-07T15:17:42+00:00\" \/>\n<meta property=\"og:image\" content=\"https:\/\/originltd.com\/wp-content\/uploads\/2018\/02\/3CPdk9TQ-scaled.jpeg\" \/>\n\t<meta property=\"og:image:width\" content=\"1707\" \/>\n\t<meta property=\"og:image:height\" content=\"2560\" \/>\n\t<meta property=\"og:image:type\" content=\"image\/jpeg\" \/>\n<meta name=\"twitter:card\" content=\"summary_large_image\" \/>\n<meta name=\"twitter:site\" content=\"@originpharma\" \/>\n<meta name=\"twitter:label1\" content=\"Gesch\u00e4tzte Lesezeit\" \/>\n\t<meta name=\"twitter:data1\" content=\"1\u00a0Minute\" \/>\n<script type=\"application\/ld+json\" class=\"yoast-schema-graph\">{\"@context\":\"https:\\\/\\\/schema.org\",\"@graph\":[{\"@type\":\"WebPage\",\"@id\":\"https:\\\/\\\/originltd.com\\\/fr\\\/produit\\\/powder-jar\\\/\",\"url\":\"https:\\\/\\\/originltd.com\\\/fr\\\/produit\\\/powder-jar\\\/\",\"name\":\"15ml-500ml Glass Powder Jars | Origin Pharma Packaging\",\"isPartOf\":{\"@id\":\"https:\\\/\\\/originltd.com\\\/#website\"},\"primaryImageOfPage\":{\"@id\":\"https:\\\/\\\/originltd.com\\\/fr\\\/produit\\\/powder-jar\\\/#primaryimage\"},\"image\":{\"@id\":\"https:\\\/\\\/originltd.com\\\/fr\\\/produit\\\/powder-jar\\\/#primaryimage\"},\"thumbnailUrl\":\"https:\\\/\\\/originltd.com\\\/wp-content\\\/uploads\\\/2018\\\/02\\\/3CPdk9TQ-scaled.jpeg\",\"datePublished\":\"2018-02-07T16:47:47+00:00\",\"dateModified\":\"2025-10-07T15:17:42+00:00\",\"description\":\"Order 15ml-500ml glass powder jars from Origin. These are available in clear and amber glass designs, suited for the protection of pharmaceuticals and chemicals.\",\"breadcrumb\":{\"@id\":\"https:\\\/\\\/originltd.com\\\/fr\\\/produit\\\/powder-jar\\\/#breadcrumb\"},\"inLanguage\":\"de\",\"potentialAction\":[{\"@type\":\"ReadAction\",\"target\":[\"https:\\\/\\\/originltd.com\\\/fr\\\/produit\\\/powder-jar\\\/\"]}]},{\"@type\":\"ImageObject\",\"inLanguage\":\"de\",\"@id\":\"https:\\\/\\\/originltd.com\\\/fr\\\/produit\\\/powder-jar\\\/#primaryimage\",\"url\":\"https:\\\/\\\/originltd.com\\\/wp-content\\\/uploads\\\/2018\\\/02\\\/3CPdk9TQ-scaled.jpeg\",\"contentUrl\":\"https:\\\/\\\/originltd.com\\\/wp-content\\\/uploads\\\/2018\\\/02\\\/3CPdk9TQ-scaled.jpeg\",\"width\":1707,\"height\":2560,\"caption\":\"15ml-500ml Glass Powder Jars\"},{\"@type\":\"BreadcrumbList\",\"@id\":\"https:\\\/\\\/originltd.com\\\/fr\\\/produit\\\/powder-jar\\\/#breadcrumb\",\"itemListElement\":[{\"@type\":\"ListItem\",\"position\":1,\"name\":\"Home\",\"item\":\"https:\\\/\\\/originltd.com\\\/\"},{\"@type\":\"ListItem\",\"position\":2,\"name\":\"Pharmaceutical Packaging Products\",\"item\":\"https:\\\/\\\/originltd.com\\\/pharmaceutical-packaging\\\/\"},{\"@type\":\"ListItem\",\"position\":3,\"name\":\"Wholesale Glass Packaging\",\"item\":\"https:\\\/\\\/originltd.com\\\/packaging\\\/glass\\\/\"},{\"@type\":\"ListItem\",\"position\":4,\"name\":\"15ml-500ml Glass Powder Jars\"}]},{\"@type\":\"WebSite\",\"@id\":\"https:\\\/\\\/originltd.com\\\/#website\",\"url\":\"https:\\\/\\\/originltd.com\\\/\",\"name\":\"Origin Pharma Packaging\",\"description\":\"\",\"publisher\":{\"@id\":\"https:\\\/\\\/originltd.com\\\/#organization\"},\"alternateName\":\"Origin Ltd.\",\"potentialAction\":[{\"@type\":\"SearchAction\",\"target\":{\"@type\":\"EntryPoint\",\"urlTemplate\":\"https:\\\/\\\/originltd.com\\\/?s={search_term_string}\"},\"query-input\":{\"@type\":\"PropertyValueSpecification\",\"valueRequired\":true,\"valueName\":\"search_term_string\"}}],\"inLanguage\":\"de\"},{\"@type\":\"Organization\",\"@id\":\"https:\\\/\\\/originltd.com\\\/#organization\",\"name\":\"Origin Pharma Packaging\",\"url\":\"https:\\\/\\\/originltd.com\\\/\",\"logo\":{\"@type\":\"ImageObject\",\"inLanguage\":\"de\",\"@id\":\"https:\\\/\\\/originltd.com\\\/#\\\/schema\\\/logo\\\/image\\\/\",\"url\":\"https:\\\/\\\/originltd.com\\\/wp-content\\\/uploads\\\/2024\\\/06\\\/cropped-Origin-logo-For-Health-For-Life-RGB@10x.png\",\"contentUrl\":\"https:\\\/\\\/originltd.com\\\/wp-content\\\/uploads\\\/2024\\\/06\\\/cropped-Origin-logo-For-Health-For-Life-RGB@10x.png\",\"width\":227,\"height\":65,\"caption\":\"Origin Pharma Packaging\"},\"image\":{\"@id\":\"https:\\\/\\\/originltd.com\\\/#\\\/schema\\\/logo\\\/image\\\/\"},\"sameAs\":[\"https:\\\/\\\/www.facebook.com\\\/originpharmapackaging\",\"https:\\\/\\\/x.com\\\/originpharma\",\"https:\\\/\\\/www.linkedin.com\\\/company\\\/origin-packaging-ltd\\\/\",\"https:\\\/\\\/www.youtube.com\\\/channel\\\/UCOOJl3eFOiO7lJT6f5qHygA\"]}]}<\/script>\n<!-- \/ Yoast SEO plugin. -->","yoast_head_json":{"title":"15ml-500ml Glaspulverbeh\u00e4lter | Origin Pharma Packaging","description":"Bestellen Sie 15ml-500ml-Pulverdosen aus Glas bei Origin. Diese sind in Klar- und Braunglas erh\u00e4ltlich und eignen sich f\u00fcr den Schutz von Arzneimitteln und Chemikalien.","robots":{"index":"index","follow":"follow","max-snippet":"max-snippet:-1","max-image-preview":"max-image-preview:large","max-video-preview":"max-video-preview:-1"},"canonical":"https:\/\/originltd.com\/de\/produkt\/powder-jar\/","og_locale":"de_DE","og_type":"article","og_title":"15ml-500ml Glass Powder Jars | Origin Pharma Packaging","og_description":"Order 15ml-500ml glass powder jars from Origin. These are available in clear and amber glass designs, suited for the protection of pharmaceuticals and chemicals.","og_url":"https:\/\/originltd.com\/de\/produkt\/powder-jar\/","og_site_name":"Origin Pharma Packaging","article_publisher":"https:\/\/www.facebook.com\/originpharmapackaging","article_modified_time":"2025-10-07T15:17:42+00:00","og_image":[{"width":1707,"height":2560,"url":"https:\/\/originltd.com\/wp-content\/uploads\/2018\/02\/3CPdk9TQ-scaled.jpeg","type":"image\/jpeg"}],"twitter_card":"summary_large_image","twitter_site":"@originpharma","twitter_misc":{"Gesch\u00e4tzte Lesezeit":"1\u00a0Minute"},"schema":{"@context":"https:\/\/schema.org","@graph":[{"@type":"WebPage","@id":"https:\/\/originltd.com\/fr\/produit\/powder-jar\/","url":"https:\/\/originltd.com\/fr\/produit\/powder-jar\/","name":"15ml-500ml Glaspulverbeh\u00e4lter | Origin Pharma Packaging","isPartOf":{"@id":"https:\/\/originltd.com\/#website"},"primaryImageOfPage":{"@id":"https:\/\/originltd.com\/fr\/produit\/powder-jar\/#primaryimage"},"image":{"@id":"https:\/\/originltd.com\/fr\/produit\/powder-jar\/#primaryimage"},"thumbnailUrl":"https:\/\/originltd.com\/wp-content\/uploads\/2018\/02\/3CPdk9TQ-scaled.jpeg","datePublished":"2018-02-07T16:47:47+00:00","dateModified":"2025-10-07T15:17:42+00:00","description":"Bestellen Sie 15ml-500ml-Pulverdosen aus Glas bei Origin. Diese sind in Klar- und Braunglas erh\u00e4ltlich und eignen sich f\u00fcr den Schutz von Arzneimitteln und Chemikalien.","breadcrumb":{"@id":"https:\/\/originltd.com\/fr\/produit\/powder-jar\/#breadcrumb"},"inLanguage":"de","potentialAction":[{"@type":"ReadAction","target":["https:\/\/originltd.com\/fr\/produit\/powder-jar\/"]}]},{"@type":"ImageObject","inLanguage":"de","@id":"https:\/\/originltd.com\/fr\/produit\/powder-jar\/#primaryimage","url":"https:\/\/originltd.com\/wp-content\/uploads\/2018\/02\/3CPdk9TQ-scaled.jpeg","contentUrl":"https:\/\/originltd.com\/wp-content\/uploads\/2018\/02\/3CPdk9TQ-scaled.jpeg","width":1707,"height":2560,"caption":"15ml-500ml Glass Powder Jars"},{"@type":"BreadcrumbList","@id":"https:\/\/originltd.com\/fr\/produit\/powder-jar\/#breadcrumb","itemListElement":[{"@type":"ListItem","position":1,"name":"Home","item":"https:\/\/originltd.com\/"},{"@type":"ListItem","position":2,"name":"Pharmaceutical Packaging Products","item":"https:\/\/originltd.com\/pharmaceutical-packaging\/"},{"@type":"ListItem","position":3,"name":"Wholesale Glass Packaging","item":"https:\/\/originltd.com\/packaging\/glass\/"},{"@type":"ListItem","position":4,"name":"15ml-500ml Glass Powder Jars"}]},{"@type":"WebSite","@id":"https:\/\/originltd.com\/#website","url":"https:\/\/originltd.com\/","name":"Origin Pharma Packaging","description":"","publisher":{"@id":"https:\/\/originltd.com\/#organization"},"alternateName":"Origin Ltd.","potentialAction":[{"@type":"SearchAction","target":{"@type":"EntryPoint","urlTemplate":"https:\/\/originltd.com\/?s={search_term_string}"},"query-input":{"@type":"PropertyValueSpecification","valueRequired":true,"valueName":"search_term_string"}}],"inLanguage":"de"},{"@type":"Organization","@id":"https:\/\/originltd.com\/#organization","name":"Origin Pharma Packaging","url":"https:\/\/originltd.com\/","logo":{"@type":"ImageObject","inLanguage":"de","@id":"https:\/\/originltd.com\/#\/schema\/logo\/image\/","url":"https:\/\/originltd.com\/wp-content\/uploads\/2024\/06\/cropped-Origin-logo-For-Health-For-Life-RGB@10x.png","contentUrl":"https:\/\/originltd.com\/wp-content\/uploads\/2024\/06\/cropped-Origin-logo-For-Health-For-Life-RGB@10x.png","width":227,"height":65,"caption":"Origin Pharma Packaging"},"image":{"@id":"https:\/\/originltd.com\/#\/schema\/logo\/image\/"},"sameAs":["https:\/\/www.facebook.com\/originpharmapackaging","https:\/\/x.com\/originpharma","https:\/\/www.linkedin.com\/company\/origin-packaging-ltd\/","https:\/\/www.youtube.com\/channel\/UCOOJl3eFOiO7lJT6f5qHygA"]}]}},"_links":{"self":[{"href":"https:\/\/originltd.com\/de\/wp-json\/wp\/v2\/product\/1116","targetHints":{"allow":["GET"]}}],"collection":[{"href":"https:\/\/originltd.com\/de\/wp-json\/wp\/v2\/product"}],"about":[{"href":"https:\/\/originltd.com\/de\/wp-json\/wp\/v2\/types\/product"}],"replies":[{"embeddable":true,"href":"https:\/\/originltd.com\/de\/wp-json\/wp\/v2\/comments?post=1116"}],"wp:featuredmedia":[{"embeddable":true,"href":"https:\/\/originltd.com\/de\/wp-json\/wp\/v2\/media\/4171"}],"wp:attachment":[{"href":"https:\/\/originltd.com\/de\/wp-json\/wp\/v2\/media?parent=1116"}],"wp:term":[{"taxonomy":"product_brand","embeddable":true,"href":"https:\/\/originltd.com\/de\/wp-json\/wp\/v2\/product_brand?post=1116"},{"taxonomy":"product_cat","embeddable":true,"href":"https:\/\/originltd.com\/de\/wp-json\/wp\/v2\/product_cat?post=1116"},{"taxonomy":"product_tag","embeddable":true,"href":"https:\/\/originltd.com\/de\/wp-json\/wp\/v2\/product_tag?post=1116"}],"curies":[{"name":"wp","href":"https:\/\/api.w.org\/{rel}","templated":true}]}}