{"id":10877,"date":"2024-02-13T12:45:50","date_gmt":"2024-02-13T12:45:50","guid":{"rendered":"https:\/\/originltd.in-beta.dev\/?post_type=product&#038;p=10877"},"modified":"2025-12-23T15:35:35","modified_gmt":"2025-12-23T15:35:35","slug":"child-resistant-bags","status":"publish","type":"product","link":"https:\/\/originltd.com\/de\/product\/child-resistant-bags\/","title":{"rendered":"Kindersichere Taschen"},"content":{"rendered":"<p><span style=\"font-weight: 400;\">Unsere kindersicheren Cannabisbeutel sind in verschiedenen Gr\u00f6\u00dfen erh\u00e4ltlich, von 3,00\u2033 x 7,20\u2033 bis 6,02\u2033 x 9,80\u2033, um allen Anforderungen gerecht zu werden.<\/span><\/p>","protected":false},"excerpt":{"rendered":"<p><span style=\"font-weight: 400;\">Urspr\u00fcnge <\/span><span style=\"font-weight: 400;\">kindersichere Taschen<\/span><span style=\"font-weight: 400;\"> bieten eine robuste M\u00f6glichkeit, Ihr Produkt zu verpacken und zu transportieren und gleichzeitig die Sicherheit der Patienten zu gew\u00e4hrleisten. <\/span><span style=\"font-weight: 400;\">Diese <\/span><a href=\"https:\/\/originltd.com\/de\/packaging\/child-resistant-packaging\/\"><span style=\"font-weight: 400;\">kindersichere Verpackung<\/span><\/a><span style=\"font-weight: 400;\"> und <\/span><a href=\"https:\/\/originltd.com\/de\/packaging\/tamper-proof\/\"><span style=\"font-weight: 400;\">f\u00e4lschungssichere Verpackung<\/span><\/a><span style=\"font-weight: 400;\"> Produkte<\/span><span style=\"font-weight: 400;\"> sind ideal f\u00fcr traditionelle und Online-Apotheken, OTC <\/span><span style=\"font-weight: 400;\">Drogen,<\/span><span style=\"font-weight: 400;\"> und medizinischem Cannabis.<\/span><\/p>\n<p><span style=\"font-weight: 400;\">Ma\u00dfgeschneiderter Druck unserer <\/span><span style=\"font-weight: 400;\">kindersichere Cannabisbeutel<\/span><span style=\"font-weight: 400;\"> erm\u00f6glicht es Ihnen, Ihre Markenbotschaften direkt an Ihre Kunden zu \u00fcbermitteln. Alternativ sind auch wei\u00dfe oder schwarze Glanz- oder Kraftausf\u00fchrungen erh\u00e4ltlich.<\/span><\/p>\n<h3><span style=\"font-weight: 400;\">Wesentliche Merkmale:<\/span><\/h3>\n<ul>\n<li style=\"font-weight: 400;\" aria-level=\"1\"><span style=\"font-weight: 400;\">Nicht sperriger kindersicherer Verschluss<\/span><\/li>\n<li style=\"font-weight: 400;\" aria-level=\"1\"><span style=\"font-weight: 400;\">F\u00e4lschungssichere Lasche f\u00fcr zus\u00e4tzlichen Schutz<\/span><\/li>\n<li style=\"font-weight: 400;\" aria-level=\"1\"><span style=\"font-weight: 400;\">Offen vorgesehen f\u00fcr schnelles Bef\u00fcllen<\/span><\/li>\n<li style=\"font-weight: 400;\" aria-level=\"1\"><span style=\"font-weight: 400;\">Ideal f\u00fcr den Versand von Produkten per Post oder Kurier an Ihre Kunden<\/span><\/li>\n<li style=\"font-weight: 400;\" aria-level=\"1\"><span style=\"font-weight: 400;\">100% undurchsichtig, h\u00e4lt den Inhalt diskret und sch\u00fctzt ihn vor Lichtsch\u00e4den<\/span><\/li>\n<li style=\"font-weight: 400;\" aria-level=\"1\"><span style=\"font-weight: 400;\">Tragbares und diskretes Design<\/span><\/li>\n<li style=\"font-weight: 400;\" aria-level=\"1\"><span style=\"font-weight: 400;\">Hergestellt aus dickem lebensmittelechtem Kunststoff<\/span><\/li>\n<\/ul>\n<h3><span style=\"font-weight: 400;\">Geeignete Verwendungszwecke:<\/span><\/h3>\n<ul>\n<li style=\"font-weight: 400;\" aria-level=\"1\"><span style=\"font-weight: 400;\">Zur Verwendung als <\/span><a href=\"https:\/\/originltd.com\/de\/packaging\/pharmacy-packaging\/\"><span style=\"font-weight: 400;\">Apothekenverpackung<\/span><\/a><\/li>\n<li style=\"font-weight: 400;\" aria-level=\"1\"><span style=\"font-weight: 400;\">Zur Verwendung als <\/span><a href=\"https:\/\/originltd.com\/de\/packaging\/controlled-substances-packaging\/\"><span style=\"font-weight: 400;\">Verpackungen f\u00fcr geregelte Stoffe<\/span><\/a><\/li>\n<li style=\"font-weight: 400;\" aria-level=\"1\">Zur Verwendung als <a href=\"https:\/\/originltd.com\/de\/packaging\/medicinal-cannabis-packaging\/\">medizinische Cannabis-Verpackungen<\/a><\/li>\n<\/ul>","protected":false},"featured_media":11953,"comment_status":"closed","ping_status":"closed","template":"","meta":{"_acf_changed":false},"product_brand":[],"product_cat":[2162,2158,2207,665,2169,96,2190],"product_tag":[2212],"class_list":{"0":"post-10877","1":"product","2":"type-product","3":"status-publish","4":"has-post-thumbnail","6":"product_cat-containers","7":"product_cat-child-resistant-packaging","8":"product_cat-health-wellbeing-packaging","9":"product_cat-medicinal-cannabis-packaging","10":"product_cat-pharmacy-packaging","11":"product_cat-plastic","12":"product_cat-tamper-proof","13":"product_tag-new","15":"first","16":"instock","17":"sold-individually","18":"shipping-taxable","19":"product-type-simple"},"acf":[],"yoast_head":"<!-- This site is optimized with the Yoast SEO plugin v27.5 - https:\/\/yoast.com\/product\/yoast-seo-wordpress\/ -->\n<title>Child Resistant Bags | Origin Pharma Packaging<\/title>\n<meta name=\"description\" content=\"Origin Child Resistant Bags are ideal for sending products to your customers by post or courier. Talk to our packaging team today or click to discover more.\" \/>\n<meta name=\"robots\" content=\"index, follow, max-snippet:-1, max-image-preview:large, max-video-preview:-1\" \/>\n<link rel=\"canonical\" href=\"https:\/\/originltd.com\/de\/produkt\/child-resistant-bags\/\" \/>\n<meta property=\"og:locale\" content=\"de_DE\" \/>\n<meta property=\"og:type\" content=\"article\" \/>\n<meta property=\"og:title\" content=\"Child Resistant Bags | Origin Pharma Packaging\" \/>\n<meta property=\"og:description\" content=\"Origin Child Resistant Bags are ideal for sending products to your customers by post or courier. Talk to our packaging team today or click to discover more.\" \/>\n<meta property=\"og:url\" content=\"https:\/\/originltd.com\/de\/produkt\/child-resistant-bags\/\" \/>\n<meta property=\"og:site_name\" content=\"Origin Pharma Packaging\" \/>\n<meta property=\"article:publisher\" content=\"https:\/\/www.facebook.com\/originpharmapackaging\" \/>\n<meta property=\"article:modified_time\" content=\"2025-12-23T15:35:35+00:00\" \/>\n<meta property=\"og:image\" content=\"https:\/\/originltd.com\/wp-content\/uploads\/2024\/02\/CR-Bag-pair-scaled.jpg\" \/>\n\t<meta property=\"og:image:width\" content=\"2163\" \/>\n\t<meta property=\"og:image:height\" content=\"2560\" \/>\n\t<meta property=\"og:image:type\" content=\"image\/jpeg\" \/>\n<meta name=\"twitter:card\" content=\"summary_large_image\" \/>\n<meta name=\"twitter:site\" content=\"@originpharma\" \/>\n<meta name=\"twitter:label1\" content=\"Gesch\u00e4tzte Lesezeit\" \/>\n\t<meta name=\"twitter:data1\" content=\"1\u00a0Minute\" \/>\n<script type=\"application\/ld+json\" class=\"yoast-schema-graph\">{\"@context\":\"https:\\\/\\\/schema.org\",\"@graph\":[{\"@type\":\"WebPage\",\"@id\":\"https:\\\/\\\/originltd.com\\\/product\\\/child-resistant-bags\\\/\",\"url\":\"https:\\\/\\\/originltd.com\\\/product\\\/child-resistant-bags\\\/\",\"name\":\"Child Resistant Bags | Origin Pharma Packaging\",\"isPartOf\":{\"@id\":\"https:\\\/\\\/originltd.com\\\/#website\"},\"primaryImageOfPage\":{\"@id\":\"https:\\\/\\\/originltd.com\\\/product\\\/child-resistant-bags\\\/#primaryimage\"},\"image\":{\"@id\":\"https:\\\/\\\/originltd.com\\\/product\\\/child-resistant-bags\\\/#primaryimage\"},\"thumbnailUrl\":\"https:\\\/\\\/originltd.com\\\/wp-content\\\/uploads\\\/2024\\\/02\\\/CR-Bag-pair-scaled.jpg\",\"datePublished\":\"2024-02-13T12:45:50+00:00\",\"dateModified\":\"2025-12-23T15:35:35+00:00\",\"description\":\"Origin Child Resistant Bags are ideal for sending products to your customers by post or courier. Talk to our packaging team today or click to discover more.\",\"breadcrumb\":{\"@id\":\"https:\\\/\\\/originltd.com\\\/product\\\/child-resistant-bags\\\/#breadcrumb\"},\"inLanguage\":\"de\",\"potentialAction\":[{\"@type\":\"ReadAction\",\"target\":[\"https:\\\/\\\/originltd.com\\\/product\\\/child-resistant-bags\\\/\"]}]},{\"@type\":\"ImageObject\",\"inLanguage\":\"de\",\"@id\":\"https:\\\/\\\/originltd.com\\\/product\\\/child-resistant-bags\\\/#primaryimage\",\"url\":\"https:\\\/\\\/originltd.com\\\/wp-content\\\/uploads\\\/2024\\\/02\\\/CR-Bag-pair-scaled.jpg\",\"contentUrl\":\"https:\\\/\\\/originltd.com\\\/wp-content\\\/uploads\\\/2024\\\/02\\\/CR-Bag-pair-scaled.jpg\",\"width\":2163,\"height\":2560,\"caption\":\"Child Resistant Bags\"},{\"@type\":\"BreadcrumbList\",\"@id\":\"https:\\\/\\\/originltd.com\\\/product\\\/child-resistant-bags\\\/#breadcrumb\",\"itemListElement\":[{\"@type\":\"ListItem\",\"position\":1,\"name\":\"Home\",\"item\":\"https:\\\/\\\/originltd.com\\\/\"},{\"@type\":\"ListItem\",\"position\":2,\"name\":\"Pharmaceutical Packaging Products\",\"item\":\"https:\\\/\\\/originltd.com\\\/pharmaceutical-packaging\\\/\"},{\"@type\":\"ListItem\",\"position\":3,\"name\":\"Child-Resistant Packaging\",\"item\":\"https:\\\/\\\/originltd.com\\\/packaging\\\/child-resistant-packaging\\\/\"},{\"@type\":\"ListItem\",\"position\":4,\"name\":\"Child-Resistant Bags\"}]},{\"@type\":\"WebSite\",\"@id\":\"https:\\\/\\\/originltd.com\\\/#website\",\"url\":\"https:\\\/\\\/originltd.com\\\/\",\"name\":\"Origin Pharma Packaging\",\"description\":\"\",\"publisher\":{\"@id\":\"https:\\\/\\\/originltd.com\\\/#organization\"},\"alternateName\":\"Origin Ltd.\",\"potentialAction\":[{\"@type\":\"SearchAction\",\"target\":{\"@type\":\"EntryPoint\",\"urlTemplate\":\"https:\\\/\\\/originltd.com\\\/?s={search_term_string}\"},\"query-input\":{\"@type\":\"PropertyValueSpecification\",\"valueRequired\":true,\"valueName\":\"search_term_string\"}}],\"inLanguage\":\"de\"},{\"@type\":\"Organization\",\"@id\":\"https:\\\/\\\/originltd.com\\\/#organization\",\"name\":\"Origin Pharma Packaging\",\"url\":\"https:\\\/\\\/originltd.com\\\/\",\"logo\":{\"@type\":\"ImageObject\",\"inLanguage\":\"de\",\"@id\":\"https:\\\/\\\/originltd.com\\\/#\\\/schema\\\/logo\\\/image\\\/\",\"url\":\"https:\\\/\\\/originltd.com\\\/wp-content\\\/uploads\\\/2024\\\/06\\\/cropped-Origin-logo-For-Health-For-Life-RGB@10x.png\",\"contentUrl\":\"https:\\\/\\\/originltd.com\\\/wp-content\\\/uploads\\\/2024\\\/06\\\/cropped-Origin-logo-For-Health-For-Life-RGB@10x.png\",\"width\":227,\"height\":65,\"caption\":\"Origin Pharma Packaging\"},\"image\":{\"@id\":\"https:\\\/\\\/originltd.com\\\/#\\\/schema\\\/logo\\\/image\\\/\"},\"sameAs\":[\"https:\\\/\\\/www.facebook.com\\\/originpharmapackaging\",\"https:\\\/\\\/x.com\\\/originpharma\",\"https:\\\/\\\/www.linkedin.com\\\/company\\\/origin-packaging-ltd\\\/\",\"https:\\\/\\\/www.youtube.com\\\/channel\\\/UCOOJl3eFOiO7lJT6f5qHygA\"]}]}<\/script>\n<!-- \/ Yoast SEO plugin. -->","yoast_head_json":{"title":"Kindersichere Beutel | Origin Pharma Packaging","description":"Origin Child Resistant Bags sind ideal f\u00fcr den Versand von Produkten an Ihre Kunden per Post oder Kurier. Sprechen Sie noch heute mit unserem Verpackungsteam oder klicken Sie, um mehr zu erfahren.","robots":{"index":"index","follow":"follow","max-snippet":"max-snippet:-1","max-image-preview":"max-image-preview:large","max-video-preview":"max-video-preview:-1"},"canonical":"https:\/\/originltd.com\/de\/produkt\/child-resistant-bags\/","og_locale":"de_DE","og_type":"article","og_title":"Child Resistant Bags | Origin Pharma Packaging","og_description":"Origin Child Resistant Bags are ideal for sending products to your customers by post or courier. Talk to our packaging team today or click to discover more.","og_url":"https:\/\/originltd.com\/de\/produkt\/child-resistant-bags\/","og_site_name":"Origin Pharma Packaging","article_publisher":"https:\/\/www.facebook.com\/originpharmapackaging","article_modified_time":"2025-12-23T15:35:35+00:00","og_image":[{"width":2163,"height":2560,"url":"https:\/\/originltd.com\/wp-content\/uploads\/2024\/02\/CR-Bag-pair-scaled.jpg","type":"image\/jpeg"}],"twitter_card":"summary_large_image","twitter_site":"@originpharma","twitter_misc":{"Gesch\u00e4tzte Lesezeit":"1\u00a0Minute"},"schema":{"@context":"https:\/\/schema.org","@graph":[{"@type":"WebPage","@id":"https:\/\/originltd.com\/product\/child-resistant-bags\/","url":"https:\/\/originltd.com\/product\/child-resistant-bags\/","name":"Kindersichere Beutel | Origin Pharma Packaging","isPartOf":{"@id":"https:\/\/originltd.com\/#website"},"primaryImageOfPage":{"@id":"https:\/\/originltd.com\/product\/child-resistant-bags\/#primaryimage"},"image":{"@id":"https:\/\/originltd.com\/product\/child-resistant-bags\/#primaryimage"},"thumbnailUrl":"https:\/\/originltd.com\/wp-content\/uploads\/2024\/02\/CR-Bag-pair-scaled.jpg","datePublished":"2024-02-13T12:45:50+00:00","dateModified":"2025-12-23T15:35:35+00:00","description":"Origin Child Resistant Bags sind ideal f\u00fcr den Versand von Produkten an Ihre Kunden per Post oder Kurier. Sprechen Sie noch heute mit unserem Verpackungsteam oder klicken Sie, um mehr zu erfahren.","breadcrumb":{"@id":"https:\/\/originltd.com\/product\/child-resistant-bags\/#breadcrumb"},"inLanguage":"de","potentialAction":[{"@type":"ReadAction","target":["https:\/\/originltd.com\/product\/child-resistant-bags\/"]}]},{"@type":"ImageObject","inLanguage":"de","@id":"https:\/\/originltd.com\/product\/child-resistant-bags\/#primaryimage","url":"https:\/\/originltd.com\/wp-content\/uploads\/2024\/02\/CR-Bag-pair-scaled.jpg","contentUrl":"https:\/\/originltd.com\/wp-content\/uploads\/2024\/02\/CR-Bag-pair-scaled.jpg","width":2163,"height":2560,"caption":"Child Resistant Bags"},{"@type":"BreadcrumbList","@id":"https:\/\/originltd.com\/product\/child-resistant-bags\/#breadcrumb","itemListElement":[{"@type":"ListItem","position":1,"name":"Home","item":"https:\/\/originltd.com\/"},{"@type":"ListItem","position":2,"name":"Pharmaceutical Packaging Products","item":"https:\/\/originltd.com\/pharmaceutical-packaging\/"},{"@type":"ListItem","position":3,"name":"Child-Resistant Packaging","item":"https:\/\/originltd.com\/packaging\/child-resistant-packaging\/"},{"@type":"ListItem","position":4,"name":"Child-Resistant Bags"}]},{"@type":"WebSite","@id":"https:\/\/originltd.com\/#website","url":"https:\/\/originltd.com\/","name":"Origin Pharma Packaging","description":"","publisher":{"@id":"https:\/\/originltd.com\/#organization"},"alternateName":"Origin Ltd.","potentialAction":[{"@type":"SearchAction","target":{"@type":"EntryPoint","urlTemplate":"https:\/\/originltd.com\/?s={search_term_string}"},"query-input":{"@type":"PropertyValueSpecification","valueRequired":true,"valueName":"search_term_string"}}],"inLanguage":"de"},{"@type":"Organization","@id":"https:\/\/originltd.com\/#organization","name":"Origin Pharma Packaging","url":"https:\/\/originltd.com\/","logo":{"@type":"ImageObject","inLanguage":"de","@id":"https:\/\/originltd.com\/#\/schema\/logo\/image\/","url":"https:\/\/originltd.com\/wp-content\/uploads\/2024\/06\/cropped-Origin-logo-For-Health-For-Life-RGB@10x.png","contentUrl":"https:\/\/originltd.com\/wp-content\/uploads\/2024\/06\/cropped-Origin-logo-For-Health-For-Life-RGB@10x.png","width":227,"height":65,"caption":"Origin Pharma Packaging"},"image":{"@id":"https:\/\/originltd.com\/#\/schema\/logo\/image\/"},"sameAs":["https:\/\/www.facebook.com\/originpharmapackaging","https:\/\/x.com\/originpharma","https:\/\/www.linkedin.com\/company\/origin-packaging-ltd\/","https:\/\/www.youtube.com\/channel\/UCOOJl3eFOiO7lJT6f5qHygA"]}]}},"_links":{"self":[{"href":"https:\/\/originltd.com\/de\/wp-json\/wp\/v2\/product\/10877","targetHints":{"allow":["GET"]}}],"collection":[{"href":"https:\/\/originltd.com\/de\/wp-json\/wp\/v2\/product"}],"about":[{"href":"https:\/\/originltd.com\/de\/wp-json\/wp\/v2\/types\/product"}],"replies":[{"embeddable":true,"href":"https:\/\/originltd.com\/de\/wp-json\/wp\/v2\/comments?post=10877"}],"wp:featuredmedia":[{"embeddable":true,"href":"https:\/\/originltd.com\/de\/wp-json\/wp\/v2\/media\/11953"}],"wp:attachment":[{"href":"https:\/\/originltd.com\/de\/wp-json\/wp\/v2\/media?parent=10877"}],"wp:term":[{"taxonomy":"product_brand","embeddable":true,"href":"https:\/\/originltd.com\/de\/wp-json\/wp\/v2\/product_brand?post=10877"},{"taxonomy":"product_cat","embeddable":true,"href":"https:\/\/originltd.com\/de\/wp-json\/wp\/v2\/product_cat?post=10877"},{"taxonomy":"product_tag","embeddable":true,"href":"https:\/\/originltd.com\/de\/wp-json\/wp\/v2\/product_tag?post=10877"}],"curies":[{"name":"wp","href":"https:\/\/api.w.org\/{rel}","templated":true}]}}