
{"id":10498,"date":"2023-11-14T14:34:20","date_gmt":"2023-11-14T14:34:20","guid":{"rendered":"https:\/\/originltd.in-beta.dev\/?post_type=product&#038;p=10498"},"modified":"2024-12-17T11:14:56","modified_gmt":"2024-12-17T11:14:56","slug":"125ml-the-origin-jar-white-child-resistant","status":"publish","type":"product","link":"https:\/\/originltd.com\/de\/product\/125ml-the-origin-jar-white-child-resistant\/","title":{"rendered":"125ml The Origin Jar Wei\u00df Kindersicheres Glas"},"content":{"rendered":"","protected":false},"excerpt":{"rendered":"<p>Der Origin Jar, der weltweit beliebteste Beh\u00e4lter f\u00fcr Trockenblumen, ist ein HDPE-Beh\u00e4lter in pharmazeutischer Qualit\u00e4t mit kindersicherem Verschluss. Er ist die perfekte L\u00f6sung f\u00fcr die Verpackung und Lagerung von Trockenblumen. Die kindersicheren Gl\u00e4ser sind in opakem Wei\u00df und Schwarz erh\u00e4ltlich, k\u00f6nnen aber auf Bestellung in jeder beliebigen Farbe hergestellt werden.<\/p>\n<p>Der Origin Jar hat einen Halsdurchmesser von 70 mm, wodurch das Produkt beim \u00d6ffnen leicht zug\u00e4nglich ist.  Dieser Durchmesser ist auch optimal f\u00fcr die Verwendung durch Erwachsene und erh\u00f6ht gleichzeitig die Kindersicherheit der Packung.<\/p>\n<p><strong>Nach ISO8317 und 16CFR zertifiziert<\/strong><\/p>\n<p>Der Origin Jar zeichnet sich durch folgende Eigenschaften aus:<\/p>\n<ul>\n<li>Es wird in unserer speziellen Reinraumanlage hergestellt.<\/li>\n<li>Er fasst bis zu 7 Gramm getrocknete Cannabisbl\u00fcten<\/li>\n<li>Hat einen weiten Hals f\u00fcr einfache Dosierung<\/li>\n<\/ul>","protected":false},"featured_media":10501,"comment_status":"closed","ping_status":"closed","template":"","meta":{"_acf_changed":false},"product_brand":[],"product_cat":[2162,2158,665,96],"product_tag":[],"class_list":{"0":"post-10498","1":"product","2":"type-product","3":"status-publish","4":"has-post-thumbnail","6":"product_cat-containers","7":"product_cat-child-resistant-packaging","8":"product_cat-medicinal-cannabis-packaging","9":"product_cat-plastic","11":"first","12":"instock","13":"sold-individually","14":"shipping-taxable","15":"product-type-simple"},"acf":[],"yoast_head":"<!-- This site is optimized with the Yoast SEO plugin v27.3 - https:\/\/yoast.com\/product\/yoast-seo-wordpress\/ -->\n<title>125ml The Origin Jar White Child Resistant | Origin Pharma Packaging<\/title>\n<meta name=\"description\" content=\"The Origin Jar is the world&#039;s favourite dried flower jar. Origin work with global medicinal cannabis companies. Order your free sample today.\" \/>\n<meta name=\"robots\" content=\"index, follow, max-snippet:-1, max-image-preview:large, max-video-preview:-1\" \/>\n<link rel=\"canonical\" href=\"https:\/\/originltd.com\/de\/produkt\/125ml-the-origin-jar-white-child-resistant\/\" \/>\n<meta property=\"og:locale\" content=\"de_DE\" \/>\n<meta property=\"og:type\" content=\"article\" \/>\n<meta property=\"og:title\" content=\"125ml The Origin Jar White Child Resistant | Origin Pharma Packaging\" \/>\n<meta property=\"og:description\" content=\"The Origin Jar is the world&#039;s favourite dried flower jar. Origin work with global medicinal cannabis companies. Order your free sample today.\" \/>\n<meta property=\"og:url\" content=\"https:\/\/originltd.com\/de\/produkt\/125ml-the-origin-jar-white-child-resistant\/\" \/>\n<meta property=\"og:site_name\" content=\"Origin Pharma Packaging\" \/>\n<meta property=\"article:publisher\" content=\"https:\/\/www.facebook.com\/originpharmapackaging\" \/>\n<meta property=\"article:modified_time\" content=\"2024-12-17T11:14:56+00:00\" \/>\n<meta property=\"og:image\" content=\"https:\/\/originltd.com\/wp-content\/uploads\/2023\/11\/CR-Jar-125ml-Origin-scaled.jpg\" \/>\n\t<meta property=\"og:image:width\" content=\"2560\" \/>\n\t<meta property=\"og:image:height\" content=\"2048\" \/>\n\t<meta property=\"og:image:type\" content=\"image\/jpeg\" \/>\n<meta name=\"twitter:card\" content=\"summary_large_image\" \/>\n<meta name=\"twitter:site\" content=\"@originpharma\" \/>\n<meta name=\"twitter:label1\" content=\"Gesch\u00e4tzte Lesezeit\" \/>\n\t<meta name=\"twitter:data1\" content=\"1\u00a0Minute\" \/>\n<script type=\"application\/ld+json\" class=\"yoast-schema-graph\">{\"@context\":\"https:\\\/\\\/schema.org\",\"@graph\":[{\"@type\":\"WebPage\",\"@id\":\"https:\\\/\\\/originltd.com\\\/product\\\/125ml-the-origin-jar-white-child-resistant\\\/\",\"url\":\"https:\\\/\\\/originltd.com\\\/product\\\/125ml-the-origin-jar-white-child-resistant\\\/\",\"name\":\"125ml The Origin Jar White Child Resistant | Origin Pharma Packaging\",\"isPartOf\":{\"@id\":\"https:\\\/\\\/originltd.com\\\/#website\"},\"primaryImageOfPage\":{\"@id\":\"https:\\\/\\\/originltd.com\\\/product\\\/125ml-the-origin-jar-white-child-resistant\\\/#primaryimage\"},\"image\":{\"@id\":\"https:\\\/\\\/originltd.com\\\/product\\\/125ml-the-origin-jar-white-child-resistant\\\/#primaryimage\"},\"thumbnailUrl\":\"https:\\\/\\\/originltd.com\\\/wp-content\\\/uploads\\\/2023\\\/11\\\/CR-Jar-125ml-Origin-scaled.jpg\",\"datePublished\":\"2023-11-14T14:34:20+00:00\",\"dateModified\":\"2024-12-17T11:14:56+00:00\",\"description\":\"The Origin Jar is the world's favourite dried flower jar. Origin work with global medicinal cannabis companies. Order your free sample today.\",\"breadcrumb\":{\"@id\":\"https:\\\/\\\/originltd.com\\\/product\\\/125ml-the-origin-jar-white-child-resistant\\\/#breadcrumb\"},\"inLanguage\":\"de\",\"potentialAction\":[{\"@type\":\"ReadAction\",\"target\":[\"https:\\\/\\\/originltd.com\\\/product\\\/125ml-the-origin-jar-white-child-resistant\\\/\"]}]},{\"@type\":\"ImageObject\",\"inLanguage\":\"de\",\"@id\":\"https:\\\/\\\/originltd.com\\\/product\\\/125ml-the-origin-jar-white-child-resistant\\\/#primaryimage\",\"url\":\"https:\\\/\\\/originltd.com\\\/wp-content\\\/uploads\\\/2023\\\/11\\\/CR-Jar-125ml-Origin-scaled.jpg\",\"contentUrl\":\"https:\\\/\\\/originltd.com\\\/wp-content\\\/uploads\\\/2023\\\/11\\\/CR-Jar-125ml-Origin-scaled.jpg\",\"width\":2560,\"height\":2048,\"caption\":\"125ml The Origin Jar White Child Resistant\"},{\"@type\":\"BreadcrumbList\",\"@id\":\"https:\\\/\\\/originltd.com\\\/product\\\/125ml-the-origin-jar-white-child-resistant\\\/#breadcrumb\",\"itemListElement\":[{\"@type\":\"ListItem\",\"position\":1,\"name\":\"Home\",\"item\":\"https:\\\/\\\/originltd.com\\\/\"},{\"@type\":\"ListItem\",\"position\":2,\"name\":\"Pharmaceutical Packaging Products\",\"item\":\"https:\\\/\\\/originltd.com\\\/pharmaceutical-packaging\\\/\"},{\"@type\":\"ListItem\",\"position\":3,\"name\":\"Medicinal Cannabis Packaging\",\"item\":\"https:\\\/\\\/originltd.com\\\/packaging\\\/medicinal-cannabis-packaging\\\/\"},{\"@type\":\"ListItem\",\"position\":4,\"name\":\"125ml The Origin Jar White Child Resistant\"}]},{\"@type\":\"WebSite\",\"@id\":\"https:\\\/\\\/originltd.com\\\/#website\",\"url\":\"https:\\\/\\\/originltd.com\\\/\",\"name\":\"Origin Pharma Packaging\",\"description\":\"\",\"publisher\":{\"@id\":\"https:\\\/\\\/originltd.com\\\/#organization\"},\"alternateName\":\"Origin Ltd.\",\"potentialAction\":[{\"@type\":\"SearchAction\",\"target\":{\"@type\":\"EntryPoint\",\"urlTemplate\":\"https:\\\/\\\/originltd.com\\\/?s={search_term_string}\"},\"query-input\":{\"@type\":\"PropertyValueSpecification\",\"valueRequired\":true,\"valueName\":\"search_term_string\"}}],\"inLanguage\":\"de\"},{\"@type\":\"Organization\",\"@id\":\"https:\\\/\\\/originltd.com\\\/#organization\",\"name\":\"Origin Pharma Packaging\",\"url\":\"https:\\\/\\\/originltd.com\\\/\",\"logo\":{\"@type\":\"ImageObject\",\"inLanguage\":\"de\",\"@id\":\"https:\\\/\\\/originltd.com\\\/#\\\/schema\\\/logo\\\/image\\\/\",\"url\":\"https:\\\/\\\/originltd.com\\\/wp-content\\\/uploads\\\/2024\\\/06\\\/cropped-Origin-logo-For-Health-For-Life-RGB@10x.png\",\"contentUrl\":\"https:\\\/\\\/originltd.com\\\/wp-content\\\/uploads\\\/2024\\\/06\\\/cropped-Origin-logo-For-Health-For-Life-RGB@10x.png\",\"width\":227,\"height\":65,\"caption\":\"Origin Pharma Packaging\"},\"image\":{\"@id\":\"https:\\\/\\\/originltd.com\\\/#\\\/schema\\\/logo\\\/image\\\/\"},\"sameAs\":[\"https:\\\/\\\/www.facebook.com\\\/originpharmapackaging\",\"https:\\\/\\\/x.com\\\/originpharma\",\"https:\\\/\\\/www.linkedin.com\\\/company\\\/origin-packaging-ltd\\\/\",\"https:\\\/\\\/www.youtube.com\\\/channel\\\/UCOOJl3eFOiO7lJT6f5qHygA\"]}]}<\/script>\n<!-- \/ Yoast SEO plugin. -->","yoast_head_json":{"title":"125ml The Origin Jar Wei\u00df Kindersicher | Origin Pharma Verpackung","description":"Der Origin Jar ist das weltweit beliebteste Gef\u00e4\u00df f\u00fcr getrocknete Bl\u00fcten. Origin arbeitet mit globalen medizinischen Cannabisunternehmen zusammen. Bestellen Sie noch heute Ihr kostenloses Muster.","robots":{"index":"index","follow":"follow","max-snippet":"max-snippet:-1","max-image-preview":"max-image-preview:large","max-video-preview":"max-video-preview:-1"},"canonical":"https:\/\/originltd.com\/de\/produkt\/125ml-the-origin-jar-white-child-resistant\/","og_locale":"de_DE","og_type":"article","og_title":"125ml The Origin Jar White Child Resistant | Origin Pharma Packaging","og_description":"The Origin Jar is the world's favourite dried flower jar. Origin work with global medicinal cannabis companies. Order your free sample today.","og_url":"https:\/\/originltd.com\/de\/produkt\/125ml-the-origin-jar-white-child-resistant\/","og_site_name":"Origin Pharma Packaging","article_publisher":"https:\/\/www.facebook.com\/originpharmapackaging","article_modified_time":"2024-12-17T11:14:56+00:00","og_image":[{"width":2560,"height":2048,"url":"https:\/\/originltd.com\/wp-content\/uploads\/2023\/11\/CR-Jar-125ml-Origin-scaled.jpg","type":"image\/jpeg"}],"twitter_card":"summary_large_image","twitter_site":"@originpharma","twitter_misc":{"Gesch\u00e4tzte Lesezeit":"1\u00a0Minute"},"schema":{"@context":"https:\/\/schema.org","@graph":[{"@type":"WebPage","@id":"https:\/\/originltd.com\/product\/125ml-the-origin-jar-white-child-resistant\/","url":"https:\/\/originltd.com\/product\/125ml-the-origin-jar-white-child-resistant\/","name":"125ml The Origin Jar Wei\u00df Kindersicher | Origin Pharma Verpackung","isPartOf":{"@id":"https:\/\/originltd.com\/#website"},"primaryImageOfPage":{"@id":"https:\/\/originltd.com\/product\/125ml-the-origin-jar-white-child-resistant\/#primaryimage"},"image":{"@id":"https:\/\/originltd.com\/product\/125ml-the-origin-jar-white-child-resistant\/#primaryimage"},"thumbnailUrl":"https:\/\/originltd.com\/wp-content\/uploads\/2023\/11\/CR-Jar-125ml-Origin-scaled.jpg","datePublished":"2023-11-14T14:34:20+00:00","dateModified":"2024-12-17T11:14:56+00:00","description":"Der Origin Jar ist das weltweit beliebteste Gef\u00e4\u00df f\u00fcr getrocknete Bl\u00fcten. Origin arbeitet mit globalen medizinischen Cannabisunternehmen zusammen. Bestellen Sie noch heute Ihr kostenloses Muster.","breadcrumb":{"@id":"https:\/\/originltd.com\/product\/125ml-the-origin-jar-white-child-resistant\/#breadcrumb"},"inLanguage":"de","potentialAction":[{"@type":"ReadAction","target":["https:\/\/originltd.com\/product\/125ml-the-origin-jar-white-child-resistant\/"]}]},{"@type":"ImageObject","inLanguage":"de","@id":"https:\/\/originltd.com\/product\/125ml-the-origin-jar-white-child-resistant\/#primaryimage","url":"https:\/\/originltd.com\/wp-content\/uploads\/2023\/11\/CR-Jar-125ml-Origin-scaled.jpg","contentUrl":"https:\/\/originltd.com\/wp-content\/uploads\/2023\/11\/CR-Jar-125ml-Origin-scaled.jpg","width":2560,"height":2048,"caption":"125ml The Origin Jar White Child Resistant"},{"@type":"BreadcrumbList","@id":"https:\/\/originltd.com\/product\/125ml-the-origin-jar-white-child-resistant\/#breadcrumb","itemListElement":[{"@type":"ListItem","position":1,"name":"Home","item":"https:\/\/originltd.com\/"},{"@type":"ListItem","position":2,"name":"Pharmaceutical Packaging Products","item":"https:\/\/originltd.com\/pharmaceutical-packaging\/"},{"@type":"ListItem","position":3,"name":"Medicinal Cannabis Packaging","item":"https:\/\/originltd.com\/packaging\/medicinal-cannabis-packaging\/"},{"@type":"ListItem","position":4,"name":"125ml The Origin Jar White Child Resistant"}]},{"@type":"WebSite","@id":"https:\/\/originltd.com\/#website","url":"https:\/\/originltd.com\/","name":"Origin Pharma Packaging","description":"","publisher":{"@id":"https:\/\/originltd.com\/#organization"},"alternateName":"Origin Ltd.","potentialAction":[{"@type":"SearchAction","target":{"@type":"EntryPoint","urlTemplate":"https:\/\/originltd.com\/?s={search_term_string}"},"query-input":{"@type":"PropertyValueSpecification","valueRequired":true,"valueName":"search_term_string"}}],"inLanguage":"de"},{"@type":"Organization","@id":"https:\/\/originltd.com\/#organization","name":"Origin Pharma Packaging","url":"https:\/\/originltd.com\/","logo":{"@type":"ImageObject","inLanguage":"de","@id":"https:\/\/originltd.com\/#\/schema\/logo\/image\/","url":"https:\/\/originltd.com\/wp-content\/uploads\/2024\/06\/cropped-Origin-logo-For-Health-For-Life-RGB@10x.png","contentUrl":"https:\/\/originltd.com\/wp-content\/uploads\/2024\/06\/cropped-Origin-logo-For-Health-For-Life-RGB@10x.png","width":227,"height":65,"caption":"Origin Pharma Packaging"},"image":{"@id":"https:\/\/originltd.com\/#\/schema\/logo\/image\/"},"sameAs":["https:\/\/www.facebook.com\/originpharmapackaging","https:\/\/x.com\/originpharma","https:\/\/www.linkedin.com\/company\/origin-packaging-ltd\/","https:\/\/www.youtube.com\/channel\/UCOOJl3eFOiO7lJT6f5qHygA"]}]}},"_links":{"self":[{"href":"https:\/\/originltd.com\/de\/wp-json\/wp\/v2\/product\/10498","targetHints":{"allow":["GET"]}}],"collection":[{"href":"https:\/\/originltd.com\/de\/wp-json\/wp\/v2\/product"}],"about":[{"href":"https:\/\/originltd.com\/de\/wp-json\/wp\/v2\/types\/product"}],"replies":[{"embeddable":true,"href":"https:\/\/originltd.com\/de\/wp-json\/wp\/v2\/comments?post=10498"}],"wp:featuredmedia":[{"embeddable":true,"href":"https:\/\/originltd.com\/de\/wp-json\/wp\/v2\/media\/10501"}],"wp:attachment":[{"href":"https:\/\/originltd.com\/de\/wp-json\/wp\/v2\/media?parent=10498"}],"wp:term":[{"taxonomy":"product_brand","embeddable":true,"href":"https:\/\/originltd.com\/de\/wp-json\/wp\/v2\/product_brand?post=10498"},{"taxonomy":"product_cat","embeddable":true,"href":"https:\/\/originltd.com\/de\/wp-json\/wp\/v2\/product_cat?post=10498"},{"taxonomy":"product_tag","embeddable":true,"href":"https:\/\/originltd.com\/de\/wp-json\/wp\/v2\/product_tag?post=10498"}],"curies":[{"name":"wp","href":"https:\/\/api.w.org\/{rel}","templated":true}]}}