
{"id":11938,"date":"2024-08-20T14:18:19","date_gmt":"2024-08-20T13:18:19","guid":{"rendered":"https:\/\/originltd.in-beta.dev\/?page_id=11938"},"modified":"2024-10-24T07:23:33","modified_gmt":"2024-10-24T06:23:33","slug":"onshoring-nearshoring-policy","status":"publish","type":"page","link":"https:\/\/originltd.com\/de\/about-us\/onshoring-nearshoring-policy\/","title":{"rendered":"Onshoring und Nearshoring: Unser Standpunkt"},"content":{"rendered":"<div class=\"wpb-content-wrapper\"><div class=\"vc_row wpb_row vc_row-fluid\"><div class=\"wpb_column vc_column_container vc_col-sm-12\"><div class=\"vc_column-inner\"><div class=\"wpb_wrapper\">\n\t<div class=\"wpb_text_column wpb_content_element wpb_animate_when_almost_visible wpb_fadeInUp fadeInUp\" >\n\t\t<div class=\"wpb_wrapper\">\n\t\t\t<p><strong>Onshoring- und Nearshoring-\u00dcberlegungen sind sowohl f\u00fcr Origin als auch f\u00fcr seine Kunden von wesentlicher Bedeutung.<\/strong><\/p>\n<p>Mit \u00fcber 60 Jahren Erfahrung erf\u00fcllt Origin die einzigartigen Anforderungen der Gesundheits- und Lifestyle-Branche. Unser Leistungsspektrum reicht von Design und Produktentwicklung bis hin zur Einhaltung von Vorschriften, Tests, Produktion und Liefermanagement.<\/p>\n<p>Unser komplettes Angebot umfasst Design und Produktentwicklung, beh\u00f6rdliche Zulassung, Pr\u00fcfung und Produktion der hergestellten Verpackungen und Komponenten sowie die Verwaltung der Lieferung.<\/p>\n<p>Daher m\u00fcssen wir wichtige Entscheidungen in Bezug auf jedes Element der Lieferkette treffen - einschlie\u00dflich unserer Partner und Lieferanten, der Qualit\u00e4tskontrollverfahren und der Lager- und Bestandsl\u00f6sungen.<\/p>\n<p>Wir begr\u00fc\u00dfen diese Herausforderungen und Chancen und bem\u00fchen uns um ein Gleichgewicht <a href=\"https:\/\/originltd.com\/de\/sustainability\/\">Nachhaltigkeit<\/a>Zuverl\u00e4ssigkeit und Qualit\u00e4t in allem, was wir tun. Origin ist bestrebt, das Richtige zu tun - und nicht den Anschein zu erwecken, das Richtige zu tun.<\/p>\n<p>Neben unserem <a href=\"https:\/\/originltd.com\/de\/about-us\/environmental-position\/\">Umweltpolitik<\/a>Unsere On- und Nearshoring-Politik spiegelt unser Engagement wider, Produkte und Dienstleistungen von h\u00f6chster Qualit\u00e4t zu liefern, ohne unsere Verantwortung gegen\u00fcber unseren Kunden oder der Umwelt zu vernachl\u00e4ssigen.<\/p>\n<p>Unsere Brosch\u00fcre, Onshoring und Nearshoring: Unsere Position\" beschreibt die Vorteile von Onshoring und Nearshoring und wie Origin sie in seine T\u00e4tigkeit einbezieht.<\/p>\n<p>Klicken Sie unten, um es herunterzuladen.<\/p>\n\n\t\t<\/div>\n\t<\/div>\n\r\n<div class=\"vc_btn3-container  btn-child-resistant-landing vc_btn3-center vc_do_btn\" ><a class=\"vc_general vc_btn3 vc_btn3-size-md vc_btn3-shape-rounded vc_btn3-style-flat vc_btn3-icon-right vc_btn3-color-turquoise\" href=\"https:\/\/originltd.in-beta.dev\/wp-content\/uploads\/2024\/08\/Origin-Onshoring-Policy-Booklet-Digital.pdf\" title=\"\" target=\"_blank\">Herunterladen <i class=\"vc_btn3-icon fas fa-arrow-alt-circle-down\"><\/i><\/a><\/div>\r\n<\/div><\/div><\/div>\r\n<\/div>\r\n\n<\/div>","protected":false},"excerpt":{"rendered":"Onshoring- und Nearshoring-\u00dcberlegungen sind sowohl f\u00fcr Origin als auch f\u00fcr seine Kunden von wesentlicher Bedeutung. Mit mehr als 60 Jahren Erfahrung ist Origin auf die besonderen Anforderungen der Gesundheits- und Lifestyle-Branche ausgerichtet. Unser Leistungsspektrum reicht von Design und Produktentwicklung \u00fcber die Einhaltung gesetzlicher Vorschriften bis hin zu Tests, Produktion und Liefermanagement. Unser komplettes Angebot umfasst Design und Produkt...","protected":false},"author":29,"featured_media":11992,"parent":1764,"menu_order":0,"comment_status":"closed","ping_status":"closed","template":"","meta":{"_acf_changed":false,"footnotes":""},"class_list":["post-11938","page","type-page","status-publish","has-post-thumbnail","hentry"],"acf":[],"yoast_head":"<!-- This site is optimized with the Yoast SEO plugin v27.3 - https:\/\/yoast.com\/product\/yoast-seo-wordpress\/ -->\n<title>Onshoring and Nearshoring: Our Position | Origin<\/title>\n<meta name=\"description\" content=\"Onshoring and nearshoring are more sustainable supply chain strategies that Origin works to utilise for our clients. Find out more.\" \/>\n<meta name=\"robots\" content=\"index, follow, max-snippet:-1, max-image-preview:large, max-video-preview:-1\" \/>\n<link rel=\"canonical\" href=\"https:\/\/originltd.com\/de\/about-us\/onshoring-nearshoring-policy\/\" \/>\n<meta property=\"og:locale\" content=\"de_DE\" \/>\n<meta property=\"og:type\" content=\"article\" \/>\n<meta property=\"og:title\" content=\"Onshoring and Nearshoring: Our Position | Origin\" \/>\n<meta property=\"og:description\" content=\"Onshoring and nearshoring are more sustainable supply chain strategies that Origin works to utilise for our clients. Find out more.\" \/>\n<meta property=\"og:url\" content=\"https:\/\/originltd.com\/de\/about-us\/onshoring-nearshoring-policy\/\" \/>\n<meta property=\"og:site_name\" content=\"Origin Pharma Packaging\" \/>\n<meta property=\"article:publisher\" content=\"https:\/\/www.facebook.com\/originpharmapackaging\" \/>\n<meta property=\"article:modified_time\" content=\"2024-10-24T06:23:33+00:00\" \/>\n<meta property=\"og:image\" content=\"https:\/\/originltd.com\/wp-content\/uploads\/2024\/08\/Onshoring-web-picture2-1024x576.png\" \/>\n\t<meta property=\"og:image:width\" content=\"1024\" \/>\n\t<meta property=\"og:image:height\" content=\"576\" \/>\n\t<meta property=\"og:image:type\" content=\"image\/png\" \/>\n<meta name=\"twitter:card\" content=\"summary_large_image\" \/>\n<meta name=\"twitter:site\" content=\"@originpharma\" \/>\n<meta name=\"twitter:label1\" content=\"Gesch\u00e4tzte Lesezeit\" \/>\n\t<meta name=\"twitter:data1\" content=\"2\u00a0Minuten\" \/>\n<script type=\"application\/ld+json\" class=\"yoast-schema-graph\">{\"@context\":\"https:\\\/\\\/schema.org\",\"@graph\":[{\"@type\":\"WebPage\",\"@id\":\"https:\\\/\\\/originltd.com\\\/about-us\\\/onshoring-nearshoring-policy\\\/\",\"url\":\"https:\\\/\\\/originltd.com\\\/about-us\\\/onshoring-nearshoring-policy\\\/\",\"name\":\"Onshoring and Nearshoring: Our Position | Origin\",\"isPartOf\":{\"@id\":\"https:\\\/\\\/originltd.com\\\/#website\"},\"primaryImageOfPage\":{\"@id\":\"https:\\\/\\\/originltd.com\\\/about-us\\\/onshoring-nearshoring-policy\\\/#primaryimage\"},\"image\":{\"@id\":\"https:\\\/\\\/originltd.com\\\/about-us\\\/onshoring-nearshoring-policy\\\/#primaryimage\"},\"thumbnailUrl\":\"https:\\\/\\\/originltd.com\\\/wp-content\\\/uploads\\\/2024\\\/08\\\/Onshoring-web-picture2.png\",\"datePublished\":\"2024-08-20T13:18:19+00:00\",\"dateModified\":\"2024-10-24T06:23:33+00:00\",\"description\":\"Onshoring and nearshoring are more sustainable supply chain strategies that Origin works to utilise for our clients. Find out more.\",\"breadcrumb\":{\"@id\":\"https:\\\/\\\/originltd.com\\\/about-us\\\/onshoring-nearshoring-policy\\\/#breadcrumb\"},\"inLanguage\":\"de\",\"potentialAction\":[{\"@type\":\"ReadAction\",\"target\":[\"https:\\\/\\\/originltd.com\\\/about-us\\\/onshoring-nearshoring-policy\\\/\"]}]},{\"@type\":\"ImageObject\",\"inLanguage\":\"de\",\"@id\":\"https:\\\/\\\/originltd.com\\\/about-us\\\/onshoring-nearshoring-policy\\\/#primaryimage\",\"url\":\"https:\\\/\\\/originltd.com\\\/wp-content\\\/uploads\\\/2024\\\/08\\\/Onshoring-web-picture2.png\",\"contentUrl\":\"https:\\\/\\\/originltd.com\\\/wp-content\\\/uploads\\\/2024\\\/08\\\/Onshoring-web-picture2.png\",\"width\":1920,\"height\":1080,\"caption\":\"Onshoring and Nearshoring: Our Position\"},{\"@type\":\"BreadcrumbList\",\"@id\":\"https:\\\/\\\/originltd.com\\\/about-us\\\/onshoring-nearshoring-policy\\\/#breadcrumb\",\"itemListElement\":[{\"@type\":\"ListItem\",\"position\":1,\"name\":\"Home\",\"item\":\"https:\\\/\\\/originltd.com\\\/\"},{\"@type\":\"ListItem\",\"position\":2,\"name\":\"About Us\",\"item\":\"https:\\\/\\\/originltd.com\\\/about-us\\\/\"},{\"@type\":\"ListItem\",\"position\":3,\"name\":\"Onshoring and Nearshoring: Our Position\"}]},{\"@type\":\"WebSite\",\"@id\":\"https:\\\/\\\/originltd.com\\\/#website\",\"url\":\"https:\\\/\\\/originltd.com\\\/\",\"name\":\"Origin Pharma Packaging\",\"description\":\"\",\"publisher\":{\"@id\":\"https:\\\/\\\/originltd.com\\\/#organization\"},\"alternateName\":\"Origin Ltd.\",\"potentialAction\":[{\"@type\":\"SearchAction\",\"target\":{\"@type\":\"EntryPoint\",\"urlTemplate\":\"https:\\\/\\\/originltd.com\\\/?s={search_term_string}\"},\"query-input\":{\"@type\":\"PropertyValueSpecification\",\"valueRequired\":true,\"valueName\":\"search_term_string\"}}],\"inLanguage\":\"de\"},{\"@type\":\"Organization\",\"@id\":\"https:\\\/\\\/originltd.com\\\/#organization\",\"name\":\"Origin Pharma Packaging\",\"url\":\"https:\\\/\\\/originltd.com\\\/\",\"logo\":{\"@type\":\"ImageObject\",\"inLanguage\":\"de\",\"@id\":\"https:\\\/\\\/originltd.com\\\/#\\\/schema\\\/logo\\\/image\\\/\",\"url\":\"https:\\\/\\\/originltd.com\\\/wp-content\\\/uploads\\\/2024\\\/06\\\/cropped-Origin-logo-For-Health-For-Life-RGB@10x.png\",\"contentUrl\":\"https:\\\/\\\/originltd.com\\\/wp-content\\\/uploads\\\/2024\\\/06\\\/cropped-Origin-logo-For-Health-For-Life-RGB@10x.png\",\"width\":227,\"height\":65,\"caption\":\"Origin Pharma Packaging\"},\"image\":{\"@id\":\"https:\\\/\\\/originltd.com\\\/#\\\/schema\\\/logo\\\/image\\\/\"},\"sameAs\":[\"https:\\\/\\\/www.facebook.com\\\/originpharmapackaging\",\"https:\\\/\\\/x.com\\\/originpharma\",\"https:\\\/\\\/www.linkedin.com\\\/company\\\/origin-packaging-ltd\\\/\",\"https:\\\/\\\/www.youtube.com\\\/channel\\\/UCOOJl3eFOiO7lJT6f5qHygA\"]}]}<\/script>\n<!-- \/ Yoast SEO plugin. -->","yoast_head_json":{"title":"Onshoring und Nearshoring: Unser Standpunkt | Ursprung","description":"Onshoring und Nearshoring sind nachhaltigere Lieferkettenstrategien, die Origin f\u00fcr seine Kunden einsetzt. Erfahren Sie mehr.","robots":{"index":"index","follow":"follow","max-snippet":"max-snippet:-1","max-image-preview":"max-image-preview:large","max-video-preview":"max-video-preview:-1"},"canonical":"https:\/\/originltd.com\/de\/about-us\/onshoring-nearshoring-policy\/","og_locale":"de_DE","og_type":"article","og_title":"Onshoring and Nearshoring: Our Position | Origin","og_description":"Onshoring and nearshoring are more sustainable supply chain strategies that Origin works to utilise for our clients. Find out more.","og_url":"https:\/\/originltd.com\/de\/about-us\/onshoring-nearshoring-policy\/","og_site_name":"Origin Pharma Packaging","article_publisher":"https:\/\/www.facebook.com\/originpharmapackaging","article_modified_time":"2024-10-24T06:23:33+00:00","og_image":[{"width":1024,"height":576,"url":"https:\/\/originltd.com\/wp-content\/uploads\/2024\/08\/Onshoring-web-picture2-1024x576.png","type":"image\/png"}],"twitter_card":"summary_large_image","twitter_site":"@originpharma","twitter_misc":{"Gesch\u00e4tzte Lesezeit":"2\u00a0Minuten"},"schema":{"@context":"https:\/\/schema.org","@graph":[{"@type":"WebPage","@id":"https:\/\/originltd.com\/about-us\/onshoring-nearshoring-policy\/","url":"https:\/\/originltd.com\/about-us\/onshoring-nearshoring-policy\/","name":"Onshoring und Nearshoring: Unser Standpunkt | Ursprung","isPartOf":{"@id":"https:\/\/originltd.com\/#website"},"primaryImageOfPage":{"@id":"https:\/\/originltd.com\/about-us\/onshoring-nearshoring-policy\/#primaryimage"},"image":{"@id":"https:\/\/originltd.com\/about-us\/onshoring-nearshoring-policy\/#primaryimage"},"thumbnailUrl":"https:\/\/originltd.com\/wp-content\/uploads\/2024\/08\/Onshoring-web-picture2.png","datePublished":"2024-08-20T13:18:19+00:00","dateModified":"2024-10-24T06:23:33+00:00","description":"Onshoring und Nearshoring sind nachhaltigere Lieferkettenstrategien, die Origin f\u00fcr seine Kunden einsetzt. Erfahren Sie mehr.","breadcrumb":{"@id":"https:\/\/originltd.com\/about-us\/onshoring-nearshoring-policy\/#breadcrumb"},"inLanguage":"de","potentialAction":[{"@type":"ReadAction","target":["https:\/\/originltd.com\/about-us\/onshoring-nearshoring-policy\/"]}]},{"@type":"ImageObject","inLanguage":"de","@id":"https:\/\/originltd.com\/about-us\/onshoring-nearshoring-policy\/#primaryimage","url":"https:\/\/originltd.com\/wp-content\/uploads\/2024\/08\/Onshoring-web-picture2.png","contentUrl":"https:\/\/originltd.com\/wp-content\/uploads\/2024\/08\/Onshoring-web-picture2.png","width":1920,"height":1080,"caption":"Onshoring and Nearshoring: Our Position"},{"@type":"BreadcrumbList","@id":"https:\/\/originltd.com\/about-us\/onshoring-nearshoring-policy\/#breadcrumb","itemListElement":[{"@type":"ListItem","position":1,"name":"Home","item":"https:\/\/originltd.com\/"},{"@type":"ListItem","position":2,"name":"About Us","item":"https:\/\/originltd.com\/about-us\/"},{"@type":"ListItem","position":3,"name":"Onshoring and Nearshoring: Our Position"}]},{"@type":"WebSite","@id":"https:\/\/originltd.com\/#website","url":"https:\/\/originltd.com\/","name":"Origin Pharma Packaging","description":"","publisher":{"@id":"https:\/\/originltd.com\/#organization"},"alternateName":"Origin Ltd.","potentialAction":[{"@type":"SearchAction","target":{"@type":"EntryPoint","urlTemplate":"https:\/\/originltd.com\/?s={search_term_string}"},"query-input":{"@type":"PropertyValueSpecification","valueRequired":true,"valueName":"search_term_string"}}],"inLanguage":"de"},{"@type":"Organization","@id":"https:\/\/originltd.com\/#organization","name":"Origin Pharma Packaging","url":"https:\/\/originltd.com\/","logo":{"@type":"ImageObject","inLanguage":"de","@id":"https:\/\/originltd.com\/#\/schema\/logo\/image\/","url":"https:\/\/originltd.com\/wp-content\/uploads\/2024\/06\/cropped-Origin-logo-For-Health-For-Life-RGB@10x.png","contentUrl":"https:\/\/originltd.com\/wp-content\/uploads\/2024\/06\/cropped-Origin-logo-For-Health-For-Life-RGB@10x.png","width":227,"height":65,"caption":"Origin Pharma Packaging"},"image":{"@id":"https:\/\/originltd.com\/#\/schema\/logo\/image\/"},"sameAs":["https:\/\/www.facebook.com\/originpharmapackaging","https:\/\/x.com\/originpharma","https:\/\/www.linkedin.com\/company\/origin-packaging-ltd\/","https:\/\/www.youtube.com\/channel\/UCOOJl3eFOiO7lJT6f5qHygA"]}]}},"_links":{"self":[{"href":"https:\/\/originltd.com\/de\/wp-json\/wp\/v2\/pages\/11938","targetHints":{"allow":["GET"]}}],"collection":[{"href":"https:\/\/originltd.com\/de\/wp-json\/wp\/v2\/pages"}],"about":[{"href":"https:\/\/originltd.com\/de\/wp-json\/wp\/v2\/types\/page"}],"author":[{"embeddable":true,"href":"https:\/\/originltd.com\/de\/wp-json\/wp\/v2\/users\/29"}],"replies":[{"embeddable":true,"href":"https:\/\/originltd.com\/de\/wp-json\/wp\/v2\/comments?post=11938"}],"version-history":[{"count":3,"href":"https:\/\/originltd.com\/de\/wp-json\/wp\/v2\/pages\/11938\/revisions"}],"predecessor-version":[{"id":12139,"href":"https:\/\/originltd.com\/de\/wp-json\/wp\/v2\/pages\/11938\/revisions\/12139"}],"up":[{"embeddable":true,"href":"https:\/\/originltd.com\/de\/wp-json\/wp\/v2\/pages\/1764"}],"wp:featuredmedia":[{"embeddable":true,"href":"https:\/\/originltd.com\/de\/wp-json\/wp\/v2\/media\/11992"}],"wp:attachment":[{"href":"https:\/\/originltd.com\/de\/wp-json\/wp\/v2\/media?parent=11938"}],"curies":[{"name":"wp","href":"https:\/\/api.w.org\/{rel}","templated":true}]}}