
{"id":10704,"date":"2024-01-19T08:47:37","date_gmt":"2024-01-19T08:47:37","guid":{"rendered":"https:\/\/originltd.in-beta.dev\/?page_id=10704"},"modified":"2024-10-24T07:22:51","modified_gmt":"2024-10-24T06:22:51","slug":"environmental-position","status":"publish","type":"page","link":"https:\/\/originltd.com\/de\/about-us\/environmental-position\/","title":{"rendered":"Herkunft und Umwelt: Unser Standpunkt"},"content":{"rendered":"<div class=\"wpb-content-wrapper\"><div class=\"vc_row wpb_row vc_row-fluid\"><div class=\"wpb_column vc_column_container vc_col-sm-12\"><div class=\"vc_column-inner\"><div class=\"wpb_wrapper\">\n\t<div class=\"wpb_text_column wpb_content_element wpb_animate_when_almost_visible wpb_fadeInUp fadeInUp\" >\n\t\t<div class=\"wpb_wrapper\">\n\t\t\t<p><strong>Unser Ziel ist es, die Auswirkungen der Aktivit\u00e4ten unseres Unternehmens und unserer Kunden auf die Umwelt zu minimieren.<\/strong><\/p>\n<p>Mit \u00fcber 60 Jahren Erfahrung erf\u00fcllt Origin die einzigartigen Anforderungen der Gesundheits- und Lifestyle-Branche. Unser Leistungsspektrum reicht von Design und Produktentwicklung bis hin zur Einhaltung von Vorschriften, Tests, Produktion und Liefermanagement.<\/p>\n<p>Das bedeutet, dass wir uns den Herausforderungen der Nachhaltigkeit auf Schritt und Tritt stellen, in der Forschung, der Entwicklung, der Optimierung, dem Design und der Herstellung neuer Produkte, und<br \/>\nentlang ihrer globalen Lieferkette bis hin zum Endverbraucher. Wir sind der festen \u00dcberzeugung, dass unsere Arbeit nie \"fertig\" ist - weder bei unseren bestehenden Produkten und Verfahren noch bei k\u00fcnftigen Entwicklungen.<\/p>\n<p>Wir sind bestrebt, Innovationen im Verpackungsdesign und in der Lieferkette voranzutreiben, die die Umweltbelastung reduzieren, ohne die Produktqualit\u00e4t oder -integrit\u00e4t zu beeintr\u00e4chtigen.<\/p>\n<p>Wir werden auch in Zukunft eine <a href=\"https:\/\/originltd.com\/de\/sustainability\/\">Ganzheitlicher Ansatz f\u00fcr Nachhaltigkeit<\/a>Wir sind fest davon \u00fcberzeugt, dass eine durchdachte Politik, die sich auf die Gestaltung umweltfreundlicher<br \/>\nPrinzipien in unsere Prozesse einflie\u00dfen zu lassen und der langfristigen Nachhaltigkeit Vorrang vor kurzfristigen Gewinnen einzur\u00e4umen - wird sich f\u00fcr unsere Mitarbeiter, Kunden und die Umwelt am meisten auszahlen. Wir haben uns verpflichtet, das Richtige zu tun - und nicht den Anschein zu erwecken, das Richtige zu tun.<\/p>\n<p>Unsere Brosch\u00fcre Origin and the Environment: Unser Standpunkt\" enth\u00e4lt weitere Einzelheiten dar\u00fcber, wie wir uns daf\u00fcr einsetzen, dass Nachhaltigkeit bei Prim\u00e4rverpackungen in Zukunft eine zentrale Rolle spielt. Klicken Sie unten, um sie herunterzuladen.<\/p>\n\n\t\t<\/div>\n\t<\/div>\n\r\n<div class=\"vc_btn3-container  btn-child-resistant-landing vc_btn3-center vc_do_btn\" ><a class=\"vc_general vc_btn3 vc_btn3-size-md vc_btn3-shape-rounded vc_btn3-style-flat vc_btn3-icon-right vc_btn3-color-turquoise\" href=\"https:\/\/originltd.in-beta.dev\/wp-content\/uploads\/2024\/01\/Origin-and-the-Environment-Our-Position-Digital.pdf\" title=\"\" target=\"_blank\">Herunterladen <i class=\"vc_btn3-icon fas fa-arrow-alt-circle-down\"><\/i><\/a><\/div>\r\n<\/div><\/div><\/div>\r\n<\/div>\r\n\n<\/div>","protected":false},"excerpt":{"rendered":"Unser Ziel ist es, die Auswirkungen der Aktivit\u00e4ten unseres Unternehmens und unserer Kunden auf die Umwelt zu minimieren. Mit \u00fcber 60 Jahren Erfahrung ist Origin auf die besonderen Anforderungen der Gesundheits- und Lifestyle-Branche eingestellt. Unser Leistungsspektrum reicht von Design und Produktentwicklung bis hin zur Einhaltung von Vorschriften, Tests, Produktion und Liefermanagement. Diese...","protected":false},"author":2,"featured_media":10709,"parent":1764,"menu_order":0,"comment_status":"closed","ping_status":"closed","template":"","meta":{"_acf_changed":false,"footnotes":""},"class_list":["post-10704","page","type-page","status-publish","has-post-thumbnail","hentry"],"acf":[],"yoast_head":"<!-- This site is optimized with the Yoast SEO plugin v27.3 - https:\/\/yoast.com\/product\/yoast-seo-wordpress\/ -->\n<title>Origin and the Environment: Our Position | Origin<\/title>\n<meta name=\"description\" content=\"Find our more about the environmental and sustainability challenges in the pharmaceutical primary packaging sector and how we are facing them\" \/>\n<meta name=\"robots\" content=\"index, follow, max-snippet:-1, max-image-preview:large, max-video-preview:-1\" \/>\n<link rel=\"canonical\" href=\"https:\/\/originltd.com\/de\/about-us\/environmental-position\/\" \/>\n<meta property=\"og:locale\" content=\"de_DE\" \/>\n<meta property=\"og:type\" content=\"article\" \/>\n<meta property=\"og:title\" content=\"Origin and the Environment: Our Position | Origin\" \/>\n<meta property=\"og:description\" content=\"Find our more about the environmental and sustainability challenges in the pharmaceutical primary packaging sector and how we are facing them\" \/>\n<meta property=\"og:url\" content=\"https:\/\/originltd.com\/de\/about-us\/environmental-position\/\" \/>\n<meta property=\"og:site_name\" content=\"Origin Pharma Packaging\" \/>\n<meta property=\"article:publisher\" content=\"https:\/\/www.facebook.com\/originpharmapackaging\" \/>\n<meta property=\"article:modified_time\" content=\"2024-10-24T06:22:51+00:00\" \/>\n<meta property=\"og:image\" content=\"https:\/\/originltd.com\/wp-content\/uploads\/2024\/01\/Environmental-Policy-Web-Banner-1024x683.png\" \/>\n\t<meta property=\"og:image:width\" content=\"1024\" \/>\n\t<meta property=\"og:image:height\" content=\"683\" \/>\n\t<meta property=\"og:image:type\" content=\"image\/png\" \/>\n<meta name=\"twitter:card\" content=\"summary_large_image\" \/>\n<meta name=\"twitter:site\" content=\"@originpharma\" \/>\n<meta name=\"twitter:label1\" content=\"Gesch\u00e4tzte Lesezeit\" \/>\n\t<meta name=\"twitter:data1\" content=\"2\u00a0Minuten\" \/>\n<script type=\"application\/ld+json\" class=\"yoast-schema-graph\">{\"@context\":\"https:\\\/\\\/schema.org\",\"@graph\":[{\"@type\":\"WebPage\",\"@id\":\"https:\\\/\\\/originltd.com\\\/about-us\\\/environmental-position\\\/\",\"url\":\"https:\\\/\\\/originltd.com\\\/about-us\\\/environmental-position\\\/\",\"name\":\"Origin and the Environment: Our Position | Origin\",\"isPartOf\":{\"@id\":\"https:\\\/\\\/originltd.com\\\/#website\"},\"primaryImageOfPage\":{\"@id\":\"https:\\\/\\\/originltd.com\\\/about-us\\\/environmental-position\\\/#primaryimage\"},\"image\":{\"@id\":\"https:\\\/\\\/originltd.com\\\/about-us\\\/environmental-position\\\/#primaryimage\"},\"thumbnailUrl\":\"https:\\\/\\\/originltd.com\\\/wp-content\\\/uploads\\\/2024\\\/01\\\/Environmental-Policy-Web-Banner.png\",\"datePublished\":\"2024-01-19T08:47:37+00:00\",\"dateModified\":\"2024-10-24T06:22:51+00:00\",\"description\":\"Find our more about the environmental and sustainability challenges in the pharmaceutical primary packaging sector and how we are facing them\",\"breadcrumb\":{\"@id\":\"https:\\\/\\\/originltd.com\\\/about-us\\\/environmental-position\\\/#breadcrumb\"},\"inLanguage\":\"de\",\"potentialAction\":[{\"@type\":\"ReadAction\",\"target\":[\"https:\\\/\\\/originltd.com\\\/about-us\\\/environmental-position\\\/\"]}]},{\"@type\":\"ImageObject\",\"inLanguage\":\"de\",\"@id\":\"https:\\\/\\\/originltd.com\\\/about-us\\\/environmental-position\\\/#primaryimage\",\"url\":\"https:\\\/\\\/originltd.com\\\/wp-content\\\/uploads\\\/2024\\\/01\\\/Environmental-Policy-Web-Banner.png\",\"contentUrl\":\"https:\\\/\\\/originltd.com\\\/wp-content\\\/uploads\\\/2024\\\/01\\\/Environmental-Policy-Web-Banner.png\",\"width\":5333,\"height\":3556,\"caption\":\"Environmental Policy\"},{\"@type\":\"BreadcrumbList\",\"@id\":\"https:\\\/\\\/originltd.com\\\/about-us\\\/environmental-position\\\/#breadcrumb\",\"itemListElement\":[{\"@type\":\"ListItem\",\"position\":1,\"name\":\"Home\",\"item\":\"https:\\\/\\\/originltd.com\\\/\"},{\"@type\":\"ListItem\",\"position\":2,\"name\":\"About Us\",\"item\":\"https:\\\/\\\/originltd.com\\\/about-us\\\/\"},{\"@type\":\"ListItem\",\"position\":3,\"name\":\"Origin and the Environment: Our Position\"}]},{\"@type\":\"WebSite\",\"@id\":\"https:\\\/\\\/originltd.com\\\/#website\",\"url\":\"https:\\\/\\\/originltd.com\\\/\",\"name\":\"Origin Pharma Packaging\",\"description\":\"\",\"publisher\":{\"@id\":\"https:\\\/\\\/originltd.com\\\/#organization\"},\"alternateName\":\"Origin Ltd.\",\"potentialAction\":[{\"@type\":\"SearchAction\",\"target\":{\"@type\":\"EntryPoint\",\"urlTemplate\":\"https:\\\/\\\/originltd.com\\\/?s={search_term_string}\"},\"query-input\":{\"@type\":\"PropertyValueSpecification\",\"valueRequired\":true,\"valueName\":\"search_term_string\"}}],\"inLanguage\":\"de\"},{\"@type\":\"Organization\",\"@id\":\"https:\\\/\\\/originltd.com\\\/#organization\",\"name\":\"Origin Pharma Packaging\",\"url\":\"https:\\\/\\\/originltd.com\\\/\",\"logo\":{\"@type\":\"ImageObject\",\"inLanguage\":\"de\",\"@id\":\"https:\\\/\\\/originltd.com\\\/#\\\/schema\\\/logo\\\/image\\\/\",\"url\":\"https:\\\/\\\/originltd.com\\\/wp-content\\\/uploads\\\/2024\\\/06\\\/cropped-Origin-logo-For-Health-For-Life-RGB@10x.png\",\"contentUrl\":\"https:\\\/\\\/originltd.com\\\/wp-content\\\/uploads\\\/2024\\\/06\\\/cropped-Origin-logo-For-Health-For-Life-RGB@10x.png\",\"width\":227,\"height\":65,\"caption\":\"Origin Pharma Packaging\"},\"image\":{\"@id\":\"https:\\\/\\\/originltd.com\\\/#\\\/schema\\\/logo\\\/image\\\/\"},\"sameAs\":[\"https:\\\/\\\/www.facebook.com\\\/originpharmapackaging\",\"https:\\\/\\\/x.com\\\/originpharma\",\"https:\\\/\\\/www.linkedin.com\\\/company\\\/origin-packaging-ltd\\\/\",\"https:\\\/\\\/www.youtube.com\\\/channel\\\/UCOOJl3eFOiO7lJT6f5qHygA\"]}]}<\/script>\n<!-- \/ Yoast SEO plugin. -->","yoast_head_json":{"title":"Herkunft und Umwelt: Unser Standpunkt | Herkunft","description":"Erfahren Sie mehr \u00fcber die Umwelt- und Nachhaltigkeitsherausforderungen im pharmazeutischen Prim\u00e4rverpackungssektor und wie wir sie angehen","robots":{"index":"index","follow":"follow","max-snippet":"max-snippet:-1","max-image-preview":"max-image-preview:large","max-video-preview":"max-video-preview:-1"},"canonical":"https:\/\/originltd.com\/de\/about-us\/environmental-position\/","og_locale":"de_DE","og_type":"article","og_title":"Origin and the Environment: Our Position | Origin","og_description":"Find our more about the environmental and sustainability challenges in the pharmaceutical primary packaging sector and how we are facing them","og_url":"https:\/\/originltd.com\/de\/about-us\/environmental-position\/","og_site_name":"Origin Pharma Packaging","article_publisher":"https:\/\/www.facebook.com\/originpharmapackaging","article_modified_time":"2024-10-24T06:22:51+00:00","og_image":[{"width":1024,"height":683,"url":"https:\/\/originltd.com\/wp-content\/uploads\/2024\/01\/Environmental-Policy-Web-Banner-1024x683.png","type":"image\/png"}],"twitter_card":"summary_large_image","twitter_site":"@originpharma","twitter_misc":{"Gesch\u00e4tzte Lesezeit":"2\u00a0Minuten"},"schema":{"@context":"https:\/\/schema.org","@graph":[{"@type":"WebPage","@id":"https:\/\/originltd.com\/about-us\/environmental-position\/","url":"https:\/\/originltd.com\/about-us\/environmental-position\/","name":"Herkunft und Umwelt: Unser Standpunkt | Herkunft","isPartOf":{"@id":"https:\/\/originltd.com\/#website"},"primaryImageOfPage":{"@id":"https:\/\/originltd.com\/about-us\/environmental-position\/#primaryimage"},"image":{"@id":"https:\/\/originltd.com\/about-us\/environmental-position\/#primaryimage"},"thumbnailUrl":"https:\/\/originltd.com\/wp-content\/uploads\/2024\/01\/Environmental-Policy-Web-Banner.png","datePublished":"2024-01-19T08:47:37+00:00","dateModified":"2024-10-24T06:22:51+00:00","description":"Erfahren Sie mehr \u00fcber die Umwelt- und Nachhaltigkeitsherausforderungen im pharmazeutischen Prim\u00e4rverpackungssektor und wie wir sie angehen","breadcrumb":{"@id":"https:\/\/originltd.com\/about-us\/environmental-position\/#breadcrumb"},"inLanguage":"de","potentialAction":[{"@type":"ReadAction","target":["https:\/\/originltd.com\/about-us\/environmental-position\/"]}]},{"@type":"ImageObject","inLanguage":"de","@id":"https:\/\/originltd.com\/about-us\/environmental-position\/#primaryimage","url":"https:\/\/originltd.com\/wp-content\/uploads\/2024\/01\/Environmental-Policy-Web-Banner.png","contentUrl":"https:\/\/originltd.com\/wp-content\/uploads\/2024\/01\/Environmental-Policy-Web-Banner.png","width":5333,"height":3556,"caption":"Environmental Policy"},{"@type":"BreadcrumbList","@id":"https:\/\/originltd.com\/about-us\/environmental-position\/#breadcrumb","itemListElement":[{"@type":"ListItem","position":1,"name":"Home","item":"https:\/\/originltd.com\/"},{"@type":"ListItem","position":2,"name":"About Us","item":"https:\/\/originltd.com\/about-us\/"},{"@type":"ListItem","position":3,"name":"Origin and the Environment: Our Position"}]},{"@type":"WebSite","@id":"https:\/\/originltd.com\/#website","url":"https:\/\/originltd.com\/","name":"Origin Pharma Packaging","description":"","publisher":{"@id":"https:\/\/originltd.com\/#organization"},"alternateName":"Origin Ltd.","potentialAction":[{"@type":"SearchAction","target":{"@type":"EntryPoint","urlTemplate":"https:\/\/originltd.com\/?s={search_term_string}"},"query-input":{"@type":"PropertyValueSpecification","valueRequired":true,"valueName":"search_term_string"}}],"inLanguage":"de"},{"@type":"Organization","@id":"https:\/\/originltd.com\/#organization","name":"Origin Pharma Packaging","url":"https:\/\/originltd.com\/","logo":{"@type":"ImageObject","inLanguage":"de","@id":"https:\/\/originltd.com\/#\/schema\/logo\/image\/","url":"https:\/\/originltd.com\/wp-content\/uploads\/2024\/06\/cropped-Origin-logo-For-Health-For-Life-RGB@10x.png","contentUrl":"https:\/\/originltd.com\/wp-content\/uploads\/2024\/06\/cropped-Origin-logo-For-Health-For-Life-RGB@10x.png","width":227,"height":65,"caption":"Origin Pharma Packaging"},"image":{"@id":"https:\/\/originltd.com\/#\/schema\/logo\/image\/"},"sameAs":["https:\/\/www.facebook.com\/originpharmapackaging","https:\/\/x.com\/originpharma","https:\/\/www.linkedin.com\/company\/origin-packaging-ltd\/","https:\/\/www.youtube.com\/channel\/UCOOJl3eFOiO7lJT6f5qHygA"]}]}},"_links":{"self":[{"href":"https:\/\/originltd.com\/de\/wp-json\/wp\/v2\/pages\/10704","targetHints":{"allow":["GET"]}}],"collection":[{"href":"https:\/\/originltd.com\/de\/wp-json\/wp\/v2\/pages"}],"about":[{"href":"https:\/\/originltd.com\/de\/wp-json\/wp\/v2\/types\/page"}],"author":[{"embeddable":true,"href":"https:\/\/originltd.com\/de\/wp-json\/wp\/v2\/users\/2"}],"replies":[{"embeddable":true,"href":"https:\/\/originltd.com\/de\/wp-json\/wp\/v2\/comments?post=10704"}],"version-history":[{"count":1,"href":"https:\/\/originltd.com\/de\/wp-json\/wp\/v2\/pages\/10704\/revisions"}],"predecessor-version":[{"id":12250,"href":"https:\/\/originltd.com\/de\/wp-json\/wp\/v2\/pages\/10704\/revisions\/12250"}],"up":[{"embeddable":true,"href":"https:\/\/originltd.com\/de\/wp-json\/wp\/v2\/pages\/1764"}],"wp:featuredmedia":[{"embeddable":true,"href":"https:\/\/originltd.com\/de\/wp-json\/wp\/v2\/media\/10709"}],"wp:attachment":[{"href":"https:\/\/originltd.com\/de\/wp-json\/wp\/v2\/media?parent=10704"}],"curies":[{"name":"wp","href":"https:\/\/api.w.org\/{rel}","templated":true}]}}